{"id":338,"date":"2024-06-28T08:41:45","date_gmt":"2024-06-28T08:41:45","guid":{"rendered":"https:\/\/rfid-laundry-tag.com\/?post_type=product&#038;p=338"},"modified":"2024-07-16T16:20:17","modified_gmt":"2024-07-16T16:20:17","slug":"nxp-mifare-1k-rfid-nfc-inlay-sticker","status":"publish","type":"product","link":"https:\/\/rfid-laundry-tag.com\/it\/nxp-mifare-1k-rfid-nfc-inlay-sticker\/","title":{"rendered":"Adesivo NXP Mifare 1k RFID NFC Inlay"},"content":{"rendered":"<table class=\"has-title all magic-13\">\n<tbody>\n<tr>\n<td colspan=\"1\" rowspan=\"1\">\n<div class=\"magic-14\" data-spm-anchor-id=\"a2700.details.0.i37.2ec61361oDo4aX\">Nome del prodotto<\/div>\n<\/td>\n<td colspan=\"1\" rowspan=\"1\">\n<div class=\"magic-15\">Adesivo NXP Mifare 1k RFID NFC Inlay<\/div>\n<\/td>\n<\/tr>\n<tr>\n<td colspan=\"1\" rowspan=\"1\">\n<div class=\"magic-14\">Chip<\/div>\n<\/td>\n<td colspan=\"1\" rowspan=\"1\">\n<div class=\"magic-15\">MIFARE Classico\u00ae 1K<\/div>\n<\/td>\n<\/tr>\n<tr>\n<td colspan=\"1\" rowspan=\"1\">\n<div class=\"magic-14\">Frequenza<\/div>\n<\/td>\n<td colspan=\"1\" rowspan=\"1\">\n<div class=\"magic-15\">13,56 MHz<\/div>\n<\/td>\n<\/tr>\n<tr>\n<td colspan=\"1\" rowspan=\"1\">\n<div class=\"magic-14\">Distanza di lettura<\/div>\n<\/td>\n<td colspan=\"1\" rowspan=\"1\">\n<div class=\"magic-15\">1-5 CENTIMETRI<\/div>\n<\/td>\n<\/tr>\n<tr>\n<td colspan=\"1\" rowspan=\"1\">\n<div class=\"magic-14\">Materiale<\/div>\n<\/td>\n<td colspan=\"1\" rowspan=\"1\">\n<div class=\"magic-15\">Carta patinata<\/div>\n<\/td>\n<\/tr>\n<tr>\n<td colspan=\"1\" rowspan=\"1\">\n<div class=\"magic-14\">Substrato<\/div>\n<\/td>\n<td colspan=\"1\" rowspan=\"1\">\n<div class=\"magic-15\">ANIMALE DOMESTICO<\/div>\n<\/td>\n<\/tr>\n<tr>\n<td colspan=\"1\" rowspan=\"1\">\n<div class=\"magic-14\">Diametro 50 mmDimensioni<\/div>\n<\/td>\n<td colspan=\"1\" rowspan=\"1\">\n<div class=\"magic-15\">Diametro 25mm o personalizzazione<\/div>\n<\/td>\n<\/tr>\n<tr>\n<td colspan=\"1\" rowspan=\"1\">\n<div class=\"magic-14\">Modalit\u00e0 di lavoro<\/div>\n<\/td>\n<td colspan=\"1\" rowspan=\"1\">\n<div class=\"magic-15\">Passivo<\/div>\n<\/td>\n<\/tr>\n<tr>\n<td colspan=\"1\" rowspan=\"1\">\n<div class=\"magic-14\">Cicli di scrittura<\/div>\n<\/td>\n<td colspan=\"1\" rowspan=\"1\">\n<div class=\"magic-15\">100000<\/div>\n<\/td>\n<\/tr>\n<tr>\n<td colspan=\"1\" rowspan=\"1\">\n<div class=\"magic-14\">Temperatura\/umidit\u00e0 di esercizio<\/div>\n<\/td>\n<td colspan=\"1\" rowspan=\"1\">\n<div class=\"magic-15\">-40~70\u2103\/20%~90% UR<\/div>\n<\/td>\n<\/tr>\n<tr>\n<td colspan=\"1\" rowspan=\"1\">\n<div class=\"magic-14\">Temperatura\/umidit\u00e0 di stoccaggio<\/div>\n<\/td>\n<td colspan=\"1\" rowspan=\"1\">\n<div class=\"magic-15\">-20~50\u2103 \/ 20%~90% RH (senza condensa).<\/div>\n<\/td>\n<\/tr>\n<tr>\n<td colspan=\"1\" rowspan=\"1\">\n<div class=\"magic-14\">Disponibilit\u00e0 del campione<\/div>\n<\/td>\n<td colspan=\"1\" rowspan=\"1\">\n<div class=\"magic-15\">Campioni gratuiti disponibili su richiesta<\/div>\n<\/td>\n<\/tr>\n<tr>\n<td colspan=\"1\" rowspan=\"1\">\n<div class=\"magic-14\">Confezione<\/div>\n<\/td>\n<td colspan=\"1\" rowspan=\"1\">\n<div class=\"magic-15\">1000-5000 pezzi\/rotolo, 4 rotoli\/cartone<\/div>\n<\/td>\n<\/tr>\n<tr>\n<td colspan=\"1\" rowspan=\"1\">\n<div class=\"magic-14\">\n<p>Applicazione<\/p>\n<div><\/div>\n<\/div>\n<\/td>\n<td colspan=\"1\" rowspan=\"1\">\n<div class=\"magic-15\" data-spm-anchor-id=\"a2700.details.0.i47.2ec61361oDo4aX\">Controllo di ammissione sicuro\/pagamento senza contanti Programmi di appartenenza e fedelt\u00e0 Accesso agli eventi e branding\/social media\/vendita al dettaglio<br \/>\nAmbiente\/Giochi e giocattoli Posizione\/Elettronica\/Fiere\/Eventi\/Richiesta di chiamata\/Biglietti da visita<\/div>\n<\/td>\n<\/tr>\n<\/tbody>\n<\/table>\n<p>&nbsp;<\/p>\n<p><strong>NXP<sup>\u00ae<\/sup>\u00a0ha sviluppato il MIFARE<sup>\u00ae<\/sup>\u00a0MF1ICS50 da utilizzare in una smart card contactless conforme allo standard ISO\/IEC 14443 Tipo A.<\/strong><\/p>\n<p>Il circuito integrato MIFARE MF1ICS50 viene utilizzato in applicazioni quali la biglietteria del trasporto pubblico, dove le principali citt\u00e0 hanno adottato MIFARE come soluzione di biglietteria elettronica preferita.<\/p>\n<p>Una funzione anti-collisione intelligente consente di utilizzare pi\u00f9 di una carta sul campo contemporaneamente. L&#039;algoritmo anti-collisione seleziona ogni carta individualmente e garantisce che l&#039;esecuzione di una transazione con una carta selezionata venga eseguita correttamente senza corruzione dei dati risultante da altre carte sul campo.<\/p>\n<p>MF1ICS50 \u00e8 progettato per una semplice integrazione e per la comodit\u00e0 dell&#039;utente. Ci\u00f2 potrebbe consentire la gestione di transazioni di biglietteria complete in meno di 100 ms. Pertanto, l&#039;utente della carta MF1ICS50 non \u00e8 costretto a fermarsi al lettore, il che porta a un&#039;elevata produttivit\u00e0 ai gate e a tempi di imbarco ridotti sugli autobus. La carta basata sul prodotto MIFARE pu\u00f2 anche rimanere nel portafoglio durante la transazione, anche se contiene monete.<\/p>\n<p>Alcune domande frequenti comuni relative agli adesivi con inserto RFID NFC Mifare 1k NXP:<\/p>\n<ol>\n<li>Che cos&#039;\u00e8 un adesivo con inserto RFID NFC NXP Mifare 1k?<\/li>\n<\/ol>\n<ul>\n<li>Un adesivo inlay \u00e8 solitamente costituito da un piccolo chip RFID\/NFC e da un&#039;antenna incorporati in uno strato sottile e adesivo. NXP Mifare 1k si riferisce al tipo specifico di chip utilizzato nell&#039;inlay.<\/li>\n<\/ul>\n<ol start=\"2\">\n<li>Quali sono le caratteristiche degli adesivi NXP Mifare 1k RFID NFC?<\/li>\n<\/ol>\n<ul>\n<li>Il chip NXP Mifare 1k \u00e8 comunemente utilizzato in applicazioni quali controllo accessi, trasporti e programmi fedelt\u00e0. Offre 1 kilobyte di memoria e supporta pi\u00f9 metodi di autenticazione per l&#039;archiviazione sicura dei dati.<\/li>\n<\/ul>\n<ol start=\"3\">\n<li>Come si possono programmare gli adesivi con inserto RFID NFC NXP Mifare 1k?<\/li>\n<\/ol>\n<ul>\n<li>Questi adesivi intarsiati possono essere programmati tramite dispositivi abilitati NFC come smartphone o lettori RFID\/NFC dedicati. Ci\u00f2 consente la personalizzazione dei dati memorizzati sul chip, come identificatori univoci o chiavi di sicurezza.<\/li>\n<\/ul>\n<ol start=\"4\">\n<li>Quali sono i casi d&#039;uso tipici per gli adesivi con inserto RFID NFC NXP Mifare 1k?<\/li>\n<\/ol>\n<ul>\n<li>Questi adesivi intarsiati sono comunemente usati per sistemi di pagamento contactless, tessere di controllo accessi, soluzioni di biglietteria e monitoraggio inventario. Sono versatili e possono essere integrati in varie applicazioni che richiedono la tecnologia RFID\/NFC.<\/li>\n<\/ul>\n<ol start=\"5\">\n<li>Gli adesivi con inserto RFID NFC Mifare 1k di NXP sono sicuri?<\/li>\n<\/ol>\n<ul>\n<li>Il chip NXP Mifare 1k offre funzionalit\u00e0 di sicurezza integrate come protocolli di crittografia e autenticazione per impedire l&#039;accesso non autorizzato ai dati memorizzati sul chip. Tuttavia, la corretta implementazione delle misure di sicurezza \u00e8 importante per garantire la sicurezza complessiva del sistema.<\/li>\n<\/ul>","protected":false},"excerpt":{"rendered":"<p>Inserto NFC con un chip NFC MIFARE Classic EV1 1K (MF1S503yX). Questi inserti sono progettati per essere sottili e poco costosi, con il chip e l&#039;antenna posizionati a faccia in gi\u00f9 sull&#039;adesivo. L&#039;inserto ha un NUID a 4 byte e l&#039;antenna \u00e8 in genere rilevabile quando si passa un dito sulla superficie.<\/p>","protected":false},"featured_media":339,"template":"","meta":{"_kad_post_transparent":"default","_kad_post_title":"","_kad_post_layout":"default","_kad_post_sidebar_id":"","_kad_post_content_style":"default","_kad_post_vertical_padding":"default","_kad_post_feature":"","_kad_post_feature_position":"","_kad_post_header":false,"_kad_post_footer":false,"_kad_post_classname":""},"product_brand":[],"product_cat":[54,189],"product_tag":[112,147],"class_list":{"0":"post-338","1":"product","2":"type-product","3":"status-publish","4":"has-post-thumbnail","6":"product_cat-hot-selling-rfid-tags","7":"product_cat-rfid-inlay","8":"product_tag-13-56mhz-rfid-inlay","9":"product_tag-nxp-mifare-1k-rfid-nfc-inlay-sticker","11":"first","12":"instock","13":"shipping-taxable","14":"product-type-simple","15":"entry","16":"content-bg","17":"loop-entry"},"_links":{"self":[{"href":"https:\/\/rfid-laundry-tag.com\/it\/wp-json\/wp\/v2\/product\/338","targetHints":{"allow":["GET"]}}],"collection":[{"href":"https:\/\/rfid-laundry-tag.com\/it\/wp-json\/wp\/v2\/product"}],"about":[{"href":"https:\/\/rfid-laundry-tag.com\/it\/wp-json\/wp\/v2\/types\/product"}],"version-history":[{"count":1,"href":"https:\/\/rfid-laundry-tag.com\/it\/wp-json\/wp\/v2\/product\/338\/revisions"}],"predecessor-version":[{"id":717,"href":"https:\/\/rfid-laundry-tag.com\/it\/wp-json\/wp\/v2\/product\/338\/revisions\/717"}],"wp:featuredmedia":[{"embeddable":true,"href":"https:\/\/rfid-laundry-tag.com\/it\/wp-json\/wp\/v2\/media\/339"}],"wp:attachment":[{"href":"https:\/\/rfid-laundry-tag.com\/it\/wp-json\/wp\/v2\/media?parent=338"}],"wp:term":[{"taxonomy":"product_brand","embeddable":true,"href":"https:\/\/rfid-laundry-tag.com\/it\/wp-json\/wp\/v2\/product_brand?post=338"},{"taxonomy":"product_cat","embeddable":true,"href":"https:\/\/rfid-laundry-tag.com\/it\/wp-json\/wp\/v2\/product_cat?post=338"},{"taxonomy":"product_tag","embeddable":true,"href":"https:\/\/rfid-laundry-tag.com\/it\/wp-json\/wp\/v2\/product_tag?post=338"}],"curies":[{"name":"parola chiave","href":"https:\/\/api.w.org\/{rel}","templated":true}]}}