{"id":334,"date":"2024-06-28T08:07:22","date_gmt":"2024-06-28T08:07:22","guid":{"rendered":"https:\/\/rfid-laundry-tag.com\/?post_type=product&#038;p=334"},"modified":"2024-06-28T08:17:53","modified_gmt":"2024-06-28T08:17:53","slug":"rfid-ntag213-nfc-coin-tag","status":"publish","type":"product","link":"https:\/\/rfid-laundry-tag.com\/it\/rfid-ntag213-nfc-coin-tag\/","title":{"rendered":"Tag moneta NFC RFID Ntag213"},"content":{"rendered":"<p><strong>Tag moneta NFC RFID Ntag213<\/strong><\/p>\n<p style=\"text-align: left;\">Informazioni principali: resistente e a prova di wafer.<\/p>\n<p style=\"text-align: left;\">Sono accettabili personalizzazioni di dimensioni e logo.<\/p>\n<p style=\"text-align: left;\">Stampa: colore bianco o logo personalizzato<\/p>\n<p style=\"text-align: left;\">Dimensioni: Diametro 25 mm, 30 mm<\/p>\n<p style=\"text-align: left;\">Quantit\u00e0 minima: 1000 pezzi<\/p>\n<p style=\"text-align: left;\">Chip: Ntag213, Ntag215, Ntag216 ecc.<\/p>\n<p style=\"text-align: left;\">Caratteristiche aggiuntive: logo, numero di serie di stampa, codice QR, codici a barre, dati variabili, serializzazione, ecc.<\/p>\n<table border=\"1\" cellspacing=\"0\" cellpadding=\"0\">\n<tbody>\n<tr>\n<td colspan=\"2\">\n<p align=\"left\">Specifiche<\/p>\n<\/td>\n<\/tr>\n<tr>\n<td>\n<p align=\"left\">Tipo di etichetta\/chip<\/p>\n<\/td>\n<td>\n<p align=\"left\">Modello NXP Ntag213<\/p>\n<\/td>\n<\/tr>\n<tr>\n<td>\n<p align=\"left\">Frequenza operativa<\/p>\n<\/td>\n<td>\n<p align=\"left\">13,56 MHz<\/p>\n<\/td>\n<\/tr>\n<tr>\n<td>\n<p align=\"left\">Intervallo di lettura testato<\/p>\n<\/td>\n<td>\n<p align=\"left\">0 \u2013 100 mm a seconda della potenza fornita dal lettore<\/p>\n<\/td>\n<\/tr>\n<tr>\n<td>\n<p align=\"left\">Rilevamento multiplo<\/p>\n<\/td>\n<td>\n<p align=\"left\">S\u00cc<\/p>\n<\/td>\n<\/tr>\n<tr>\n<td>\n<p align=\"left\">Misurare<\/p>\n<\/td>\n<td>Diametro 25mm<\/td>\n<\/tr>\n<tr>\n<td>\n<p align=\"left\">Materiale<\/p>\n<\/td>\n<td>\n<p align=\"left\">PVC \/ PET \/ Antenna ecc.<\/p>\n<\/td>\n<\/tr>\n<tr>\n<td>\n<p align=\"left\">Protocollo:<\/p>\n<\/td>\n<td>\n<p align=\"left\">ISO14443A<\/p>\n<\/td>\n<\/tr>\n<tr>\n<td>\n<p align=\"left\">Specifiche ambientali<\/p>\n<\/td>\n<td>\n<p align=\"left\">Durata di conservazione 5 anni<\/p>\n<p align=\"left\">Consigliato: da -25C a +50C<\/p>\n<p align=\"left\">Condizioni di conservazione: da 20% a 90%RH<\/p>\n<p align=\"left\">Temperatura di esercizio: da -40 \u00b0C a +65 \u00b0C<\/p>\n<\/td>\n<\/tr>\n<tr>\n<td>\n<p align=\"left\">Tempi di lettura\/scrittura:<\/p>\n<\/td>\n<td>\n<p align=\"left\">100000 volte<\/p>\n<\/td>\n<\/tr>\n<tr>\n<td>\n<p align=\"left\">Applicazione:<\/p>\n<\/td>\n<td>\n<p align=\"left\" data-spm-anchor-id=\"a2700.wholesale.0.i54.a0d8206fLph15n\">Trasporto pubblico, Gestione degli accessi, Biglietti elettronici, Gestione della logistica e delle forniture, Produzione, fabbricazione e assemblaggio, Etichettatura parabrezza, Monitoraggio dei documenti, Gestione della lavanderia, Gestione delle biblioteche, Identit\u00e0 degli animali e cos\u00ec via<\/p>\n<\/td>\n<\/tr>\n<\/tbody>\n<\/table>\n<p>&nbsp;<\/p>\n<p>Questo tag moneta RFID NFC con adesivo sembra un prodotto robusto e affidabile, soprattutto con le caratteristiche che hai menzionato. L&#039;incorporazione di materiali anti-metallo, adesivo 3M e saldatura a ultrasuoni ne migliora le prestazioni sulle superfici metalliche e garantisce capacit\u00e0 impermeabili e anti-lancio. L&#039;uso di una bobina di filo di rame puro per la stabilit\u00e0 della frequenza \u00e8 un&#039;ottima scelta in quanto consente distanze di lettura delle carte costanti anche in ambienti difficili. Nel complesso, questa tecnologia dovrebbe fornire prestazioni affidabili e costanti, rendendola adatta a condizioni difficili.<\/p>\n<p>Il tag moneta RFID Ntag213 NFC \u00e8 una scelta popolare per varie applicazioni, tra cui il monitoraggio delle risorse, il controllo degli accessi e i pagamenti contactless. Combina i vantaggi della tecnologia RFID con le capacit\u00e0 di Near Field Communication (NFC), consentendo una comunicazione fluida con dispositivi compatibili a distanza ravvicinata.<\/p>\n<p>Il chip Ntag213 incorporato nel tag moneta offre funzionalit\u00e0 quali funzionalit\u00e0 anti-collisione, velocit\u00e0 di trasferimento dati elevate e compatibilit\u00e0 con un&#039;ampia gamma di dispositivi abilitati NFC. Le piccole dimensioni del tag moneta, solitamente realizzate in PVC o PVC trasparente, ne facilitano l&#039;installazione su beni e garantiscono durevolezza per uso interno ed esterno. Inoltre, la sua costruzione impermeabile assicura prestazioni affidabili in varie condizioni ambientali.<\/p>\n<p>Nel complesso, il tag moneta NFC RFID Ntag213 \u00e8 una soluzione versatile e affidabile per implementare la tecnologia RFID e NFC nel monitoraggio delle risorse e in altre applicazioni che richiedono uno scambio di dati sicuro ed efficiente.<\/p>","protected":false},"excerpt":{"rendered":"<p>Il tag moneta NFC Ntag213 \u00e8 una scelta solida per il tracciamento delle risorse grazie alle sue dimensioni ridotte, alla facilit\u00e0 di installazione e alla durevolezza. Con materiale PVC o PET, la memoria del chip \u00e8 di 144 Byte.<\/p>","protected":false},"featured_media":335,"template":"","meta":{"_kad_post_transparent":"default","_kad_post_title":"","_kad_post_layout":"default","_kad_post_sidebar_id":"","_kad_post_content_style":"default","_kad_post_vertical_padding":"default","_kad_post_feature":"","_kad_post_feature_position":"","_kad_post_header":false,"_kad_post_footer":false,"_kad_post_classname":""},"product_brand":[],"product_cat":[54],"product_tag":[145,144],"class_list":{"0":"post-334","1":"product","2":"type-product","3":"status-publish","4":"has-post-thumbnail","6":"product_cat-hot-selling-rfid-tags","7":"product_tag-anti-metal-nfc-tag","8":"product_tag-anti-metal-rfid-nfc-sticker","10":"first","11":"instock","12":"shipping-taxable","13":"product-type-simple","14":"entry","15":"content-bg","16":"loop-entry"},"_links":{"self":[{"href":"https:\/\/rfid-laundry-tag.com\/it\/wp-json\/wp\/v2\/product\/334","targetHints":{"allow":["GET"]}}],"collection":[{"href":"https:\/\/rfid-laundry-tag.com\/it\/wp-json\/wp\/v2\/product"}],"about":[{"href":"https:\/\/rfid-laundry-tag.com\/it\/wp-json\/wp\/v2\/types\/product"}],"version-history":[{"count":0,"href":"https:\/\/rfid-laundry-tag.com\/it\/wp-json\/wp\/v2\/product\/334\/revisions"}],"wp:featuredmedia":[{"embeddable":true,"href":"https:\/\/rfid-laundry-tag.com\/it\/wp-json\/wp\/v2\/media\/335"}],"wp:attachment":[{"href":"https:\/\/rfid-laundry-tag.com\/it\/wp-json\/wp\/v2\/media?parent=334"}],"wp:term":[{"taxonomy":"product_brand","embeddable":true,"href":"https:\/\/rfid-laundry-tag.com\/it\/wp-json\/wp\/v2\/product_brand?post=334"},{"taxonomy":"product_cat","embeddable":true,"href":"https:\/\/rfid-laundry-tag.com\/it\/wp-json\/wp\/v2\/product_cat?post=334"},{"taxonomy":"product_tag","embeddable":true,"href":"https:\/\/rfid-laundry-tag.com\/it\/wp-json\/wp\/v2\/product_tag?post=334"}],"curies":[{"name":"parola chiave","href":"https:\/\/api.w.org\/{rel}","templated":true}]}}