{"id":327,"date":"2024-06-28T07:06:49","date_gmt":"2024-06-28T07:06:49","guid":{"rendered":"https:\/\/rfid-laundry-tag.com\/?post_type=product&#038;p=327"},"modified":"2024-07-16T16:21:25","modified_gmt":"2024-07-16T16:21:25","slug":"rfid-1k-f08-inlay-sticker","status":"publish","type":"product","link":"https:\/\/rfid-laundry-tag.com\/it\/rfid-1k-f08-inlay-sticker\/","title":{"rendered":"Adesivo RFID 1K F08"},"content":{"rendered":"<div><strong>Inserti RFID NFC<\/strong> sono di due tipi, wet e dry. Un inserto RFID NFC wet \u00e8 dotato di un supporto adesivo, mentre uno dry no. Offrono un&#039;opzione tag che opera a 13,56 MHz specificamente progettata per i produttori di apparecchiature originali (OEM). Per questi inserti sono disponibili sia chip di memoria NFC ISO 15693 che 14443.<\/div>\n<div><\/div>\n<div class=\"text-title\"><strong><span class=\"magic-26\" style=\"font-family: Arial;\" data-spm-anchor-id=\"a2700.details.0.i47.6f4d7d7dnursE7\">Intarsio a secco<\/span><\/strong><\/div>\n<div class=\"text-content\">\n<p><span class=\"magic-6\" style=\"font-family: Arial;\">In parole povere, l&#039;intarsio RFID a secco \u00e8 una combinazione di chip RFID e antenna. Pu\u00f2 essere utilizzato per realizzare adesivi NFC, etichette RFID, biglietti RFID e vari tag RFID. <\/span><\/p>\n<div data-spm-anchor-id=\"a2700.details.0.i46.6f4d7d7dnursE7\">\n<p><span class=\"magic-6\" style=\"font-family: Arial;\"> L&#039;antenna dell&#039;intarsio a secco \u00e8 un&#039;incisione in alluminio, che \u00e8 pi\u00f9 sottile rispetto alla bobina di rame. La forma dell&#039;antenna potrebbe essere personalizzata e riprogettata su richiesta.<\/span><\/p>\n<p>&nbsp;<\/p>\n<\/div>\n<\/div>\n<div>\n<div class=\"text-title\"><strong><span class=\"magic-26\" style=\"font-family: Arial;\">Intarsio bagnato<\/span><\/strong><\/div>\n<div class=\"text-content\">\n<p><span class=\"magic-6\" style=\"font-family: Arial;\" data-spm-anchor-id=\"a2700.details.0.i49.6f4d7d7dnursE7\">L&#039;intarsio secco RFID aggiunto con un adesivo \u00e8 chiamato intarsio umido. Pu\u00f2 essere utilizzato come etichetta RFID o adesivo NFC direttamente se non \u00e8 necessaria alcuna stampa sulla superficie. Essere incollato sugli oggetti pu\u00f2 far risparmiare sui costi e raggiungere lo stesso scopo. \u00c8 anche ampiamente applicato nella realizzazione di tag RFID. L&#039;antenna dell&#039;intarsio umido \u00e8 un&#039;incisione in alluminio, che \u00e8 pi\u00f9 sottile rispetto alla bobina di rame. La forma dell&#039;antenna pu\u00f2 essere personalizzata e riprogettata su richiesta.<\/span><\/p>\n<div><\/div>\n<div data-spm-anchor-id=\"a2700.details.0.i48.6f4d7d7dnursE7\">\n<table class=\"hight-light-first-column all magic-14\">\n<tbody>\n<tr>\n<td colspan=\"1\" rowspan=\"1\">\n<div class=\"magic-15\"><b>Materiale<\/b><\/div>\n<\/td>\n<td colspan=\"1\" rowspan=\"1\">\n<div class=\"magic-16\" data-spm-anchor-id=\"a2700.details.0.i34.21f6414cWQ4Zrf\">Carta\/Carta termica\/Tessuto\/PVC\/PET<\/div>\n<\/td>\n<\/tr>\n<tr>\n<td colspan=\"1\" rowspan=\"1\">\n<div class=\"magic-15\"><b>Misurare<\/b><\/div>\n<\/td>\n<td colspan=\"1\" rowspan=\"1\">\n<div class=\"magic-16\">Dia18mm, Dia20mm, Dia22mm, Dia25mm, 18*56mm, 25*25mm, 30*30mm, 40*40mm o dimensioni personalizzate.<\/div>\n<\/td>\n<\/tr>\n<tr>\n<td colspan=\"1\" rowspan=\"1\">\n<div class=\"magic-15\"><b>Stampa<\/b><\/div>\n<\/td>\n<td colspan=\"1\" rowspan=\"1\">\n<div class=\"magic-16\">Non c&#039;\u00e8 bisogno di stampare<\/div>\n<\/td>\n<\/tr>\n<tr>\n<td colspan=\"1\" rowspan=\"1\">\n<div class=\"magic-15\"><b>Chip disponibile<\/b><\/div>\n<\/td>\n<td colspan=\"1\" rowspan=\"1\">\n<div class=\"magic-16\">\n<p>Lettore RFID 1K F08<\/p>\n<\/div>\n<\/td>\n<\/tr>\n<tr>\n<td colspan=\"1\" rowspan=\"1\">\n<div class=\"magic-21\"><b>Protocollo:<\/b><\/div>\n<\/td>\n<td colspan=\"4\" rowspan=\"1\">\n<div class=\"magic-22\">ISO\/IEC 14443 Tipo A<\/div>\n<\/td>\n<\/tr>\n<tr>\n<td colspan=\"1\" rowspan=\"1\">\n<div class=\"magic-26\"><b>Artigianato:<\/b><\/div>\n<\/td>\n<td colspan=\"4\" rowspan=\"1\">\n<div class=\"magic-22\" data-spm-anchor-id=\"a2700.details.0.i33.21f6414cWQ4Zrf\">Stampa, codice a barre, codice QR, ecc.<\/div>\n<\/td>\n<\/tr>\n<\/tbody>\n<\/table>\n<\/div>\n<\/div>\n<\/div>","protected":false},"excerpt":{"rendered":"<p>L&#039;adesivo RFID 1K F08 Inlay o Transponder, un tipo di componente non finito, pu\u00f2 essere trasformato in vari articoli come biglietti, badge, etichette o tessere. Allo stesso tempo, questi inlay RFID HF NFC possono essere prodotti in una serie di dimensioni, personalizzate per soddisfare le tue esigenze specifiche.<\/p>","protected":false},"featured_media":328,"template":"","meta":{"_kad_post_transparent":"default","_kad_post_title":"","_kad_post_layout":"default","_kad_post_sidebar_id":"","_kad_post_content_style":"default","_kad_post_vertical_padding":"default","_kad_post_feature":"","_kad_post_feature_position":"","_kad_post_header":false,"_kad_post_footer":false,"_kad_post_classname":""},"product_brand":[],"product_cat":[54,189],"product_tag":[112,141],"class_list":{"0":"post-327","1":"product","2":"type-product","3":"status-publish","4":"has-post-thumbnail","6":"product_cat-hot-selling-rfid-tags","7":"product_cat-rfid-inlay","8":"product_tag-13-56mhz-rfid-inlay","9":"product_tag-rfid-1k-f08-inlay-sticker","11":"first","12":"instock","13":"shipping-taxable","14":"product-type-simple","15":"entry","16":"content-bg","17":"loop-entry"},"_links":{"self":[{"href":"https:\/\/rfid-laundry-tag.com\/it\/wp-json\/wp\/v2\/product\/327","targetHints":{"allow":["GET"]}}],"collection":[{"href":"https:\/\/rfid-laundry-tag.com\/it\/wp-json\/wp\/v2\/product"}],"about":[{"href":"https:\/\/rfid-laundry-tag.com\/it\/wp-json\/wp\/v2\/types\/product"}],"version-history":[{"count":1,"href":"https:\/\/rfid-laundry-tag.com\/it\/wp-json\/wp\/v2\/product\/327\/revisions"}],"predecessor-version":[{"id":718,"href":"https:\/\/rfid-laundry-tag.com\/it\/wp-json\/wp\/v2\/product\/327\/revisions\/718"}],"wp:featuredmedia":[{"embeddable":true,"href":"https:\/\/rfid-laundry-tag.com\/it\/wp-json\/wp\/v2\/media\/328"}],"wp:attachment":[{"href":"https:\/\/rfid-laundry-tag.com\/it\/wp-json\/wp\/v2\/media?parent=327"}],"wp:term":[{"taxonomy":"product_brand","embeddable":true,"href":"https:\/\/rfid-laundry-tag.com\/it\/wp-json\/wp\/v2\/product_brand?post=327"},{"taxonomy":"product_cat","embeddable":true,"href":"https:\/\/rfid-laundry-tag.com\/it\/wp-json\/wp\/v2\/product_cat?post=327"},{"taxonomy":"product_tag","embeddable":true,"href":"https:\/\/rfid-laundry-tag.com\/it\/wp-json\/wp\/v2\/product_tag?post=327"}],"curies":[{"name":"parola chiave","href":"https:\/\/api.w.org\/{rel}","templated":true}]}}