{"id":3242,"date":"2026-01-13T13:41:34","date_gmt":"2026-01-13T13:41:34","guid":{"rendered":"https:\/\/rfid-laundry-tag.com\/?post_type=product&#038;p=3242"},"modified":"2026-03-12T10:03:35","modified_gmt":"2026-03-12T10:03:35","slug":"mifare-s50-rfid-inlay","status":"publish","type":"product","link":"https:\/\/rfid-laundry-tag.com\/it\/mifare-s50-rfid-inlay\/","title":{"rendered":"Inserto RFID MIFARE S50"},"content":{"rendered":"<h2>Inserto RFID MIFARE S50<\/h2>\n<p><span class=\"ng-star-inserted\">IL <a href=\"https:\/\/rfid-laundry-tag.com\/it\/rfid-inlay\/\">MIFARE S50\u00a0<\/a><\/span><strong class=\"ng-star-inserted\"><span class=\"ng-star-inserted\">Inserto RFID<\/span><\/strong><span class=\"ng-star-inserted\">\u00a0\u00e8 una soluzione all&#039;avanguardia progettata per semplificare le operazioni, migliorare la sicurezza e migliorare l&#039;esperienza utente in una moltitudine di applicazioni. Questa tecnologia potente ma discreta consente di gestire senza sforzo gli accessi, elaborare i pagamenti, tracciare le risorse e coinvolgere i clienti in modi innovativi. Vale la pena acquistare questo prodotto perch\u00e9 offre affidabilit\u00e0, compatibilit\u00e0 e facilit\u00e0 di integrazione senza pari, rendendolo la scelta ideale per le aziende che desiderano sfruttare la potenza della tecnologia RFID. Che si desideri implementare un controllo accessi sicuro, creare un sistema di pagamento senza contanti senza interruzioni o rivoluzionare la gestione dell&#039;inventario, <a href=\"https:\/\/rfid-laundry-tag.com\/it\/rfid-inlay\/\">MIFARE S50\u00a0<\/a><\/span><strong class=\"ng-star-inserted\"><span class=\"ng-star-inserted\">Inserto RFID<\/span><\/strong><span class=\"ng-star-inserted\">\u00a0Offre le prestazioni e la versatilit\u00e0 necessarie per avere successo. In parole povere, questo prodotto \u00e8 un must.<\/span><\/p>\n<table class=\"has-title all magic-13\">\n<tbody>\n<tr>\n<td colspan=\"1\" rowspan=\"1\">\n<div class=\"magic-14\" data-spm-anchor-id=\"a2700.details.0.i37.2ec61361oDo4aX\">Nome del prodotto<\/div>\n<\/td>\n<td colspan=\"1\" rowspan=\"1\">\n<div class=\"magic-15\">Inserto RFID MIFARE S50<\/div>\n<\/td>\n<\/tr>\n<tr>\n<td colspan=\"1\" rowspan=\"1\">\n<div class=\"magic-14\">Chip<\/div>\n<\/td>\n<td colspan=\"1\" rowspan=\"1\">\n<div class=\"magic-15\">MIFARE Classico\u00ae 1K<\/div>\n<\/td>\n<\/tr>\n<tr>\n<td colspan=\"1\" rowspan=\"1\">\n<div class=\"magic-14\">Frequenza<\/div>\n<\/td>\n<td colspan=\"1\" rowspan=\"1\">\n<div class=\"magic-15\">13,56 MHz<\/div>\n<\/td>\n<\/tr>\n<tr>\n<td colspan=\"1\" rowspan=\"1\">\n<div class=\"magic-14\">Distanza di lettura<\/div>\n<\/td>\n<td colspan=\"1\" rowspan=\"1\">\n<div class=\"magic-15\">1-5 CENTIMETRI<\/div>\n<\/td>\n<\/tr>\n<tr>\n<td colspan=\"1\" rowspan=\"1\">\n<div class=\"magic-14\">Materiale<\/div>\n<\/td>\n<td colspan=\"1\" rowspan=\"1\">\n<div class=\"magic-15\">Carta patinata<\/div>\n<\/td>\n<\/tr>\n<tr>\n<td colspan=\"1\" rowspan=\"1\">\n<div class=\"magic-14\">Substrato<\/div>\n<\/td>\n<td colspan=\"1\" rowspan=\"1\">\n<div class=\"magic-15\">ANIMALE DOMESTICO<\/div>\n<\/td>\n<\/tr>\n<tr>\n<td colspan=\"1\" rowspan=\"1\">\n<div class=\"magic-14\">Diametro 50 mmDimensioni<\/div>\n<\/td>\n<td colspan=\"1\" rowspan=\"1\">\n<div class=\"magic-15\">Diametro 25mm o personalizzazione<\/div>\n<\/td>\n<\/tr>\n<tr>\n<td colspan=\"1\" rowspan=\"1\">\n<div class=\"magic-14\">Modalit\u00e0 di lavoro<\/div>\n<\/td>\n<td colspan=\"1\" rowspan=\"1\">\n<div class=\"magic-15\">Passivo<\/div>\n<\/td>\n<\/tr>\n<tr>\n<td colspan=\"1\" rowspan=\"1\">\n<div class=\"magic-14\">Cicli di scrittura<\/div>\n<\/td>\n<td colspan=\"1\" rowspan=\"1\">\n<div class=\"magic-15\">100000<\/div>\n<\/td>\n<\/tr>\n<tr>\n<td colspan=\"1\" rowspan=\"1\">\n<div class=\"magic-14\">Temperatura\/umidit\u00e0 di esercizio<\/div>\n<\/td>\n<td colspan=\"1\" rowspan=\"1\">\n<div class=\"magic-15\">-40~70\u2103\/20%~90% UR<\/div>\n<\/td>\n<\/tr>\n<tr>\n<td colspan=\"1\" rowspan=\"1\">\n<div class=\"magic-14\">Temperatura\/umidit\u00e0 di stoccaggio<\/div>\n<\/td>\n<td colspan=\"1\" rowspan=\"1\">\n<div class=\"magic-15\">-20~50\u2103 \/ 20%~90% RH (senza condensa).<\/div>\n<\/td>\n<\/tr>\n<tr>\n<td colspan=\"1\" rowspan=\"1\">\n<div class=\"magic-14\">Disponibilit\u00e0 del campione<\/div>\n<\/td>\n<td colspan=\"1\" rowspan=\"1\">\n<div class=\"magic-15\">Campioni gratuiti disponibili su richiesta<\/div>\n<\/td>\n<\/tr>\n<tr>\n<td colspan=\"1\" rowspan=\"1\">\n<div class=\"magic-14\">Confezione<\/div>\n<\/td>\n<td colspan=\"1\" rowspan=\"1\">\n<div class=\"magic-15\">1000-5000 pezzi\/rotolo, 4 rotoli\/cartone<\/div>\n<\/td>\n<\/tr>\n<tr>\n<td colspan=\"1\" rowspan=\"1\">\n<div class=\"magic-14\">\n<p>Applicazione<\/p>\n<div><\/div>\n<\/div>\n<\/td>\n<td colspan=\"1\" rowspan=\"1\">\n<div class=\"magic-15\" data-spm-anchor-id=\"a2700.details.0.i47.2ec61361oDo4aX\">Controllo di ammissione sicuro\/pagamento senza contanti Programmi di appartenenza e fedelt\u00e0 Accesso agli eventi e branding\/social media\/vendita al dettaglio<br \/>\nAmbiente\/Giochi e giocattoli Posizione\/Elettronica\/Fiere\/Eventi\/Richiesta di chiamata\/Biglietti da visita<\/div>\n<\/td>\n<\/tr>\n<\/tbody>\n<\/table>\n<p>&nbsp;<\/p>\n<p>Il MIFARE S50<a href=\"https:\/\/rfid-laundry-tag.com\/it\/rfid-inlay\/\"> Inserto RFID\u00a0<\/a>\u00e8 una soluzione versatile progettata per soddisfare le crescenti esigenze delle applicazioni moderne. Operando a una frequenza di 13,56 MHz, questo inserto abilitato NFC mantiene tutte le caratteristiche essenziali della tecnologia MIFARE Classic, offrendo al contempo funzionalit\u00e0 intuitive. Con le sue dimensioni compatte di 25 mm di diametro e 0,5 mm di spessore, \u00e8 disponibile in un comodo formato adesivo per tag moneta vuoto, che ne facilita l&#039;applicazione e l&#039;utilizzo in varie applicazioni. Sia che tu stia cercando soluzioni RFID per sistemi di pagamento, controllo accessi o identificazione, l&#039;inserto MIFARE Classic 1K offre affidabilit\u00e0 e prestazioni senza pari.<\/p>\n<h3>Perch\u00e9 scegliere l&#039;inserto RFID MIFARE S50?<\/h3>\n<ul>\n<li><strong>Facile integrazione<\/strong>: Ideale per una vasta gamma di applicazioni, dai sistemi di pagamento alla biglietteria per eventi, questo inserto si integra perfettamente nelle piattaforme esistenti.<\/li>\n<li><strong>Soluzione conveniente<\/strong>: Grazie al prezzo basso, all&#039;alta qualit\u00e0 e al design durevole, rappresenta un&#039;opzione economica senza compromettere le prestazioni.<\/li>\n<li><strong>Facile da usare<\/strong>: Il formato dell&#039;adesivo vuoto consente un&#039;etichettatura semplice e applicazioni personalizzate, migliorando l&#039;esperienza dell&#039;utente.<\/li>\n<\/ul>\n<h3>La tecnologia NFC spiegata<\/h3>\n<p>La tecnologia NFC (Near Field Communication) costituisce la spina dorsale del <strong>Inserto MIFARE Classic 1K<\/strong>. Utilizzando questa tecnologia, l&#039;inserto consente lo scambio di dati contactless tra dispositivi. Questa funzionalit\u00e0 non si limita solo all&#039;interazione tra carta e lettore, ma facilita anche i pagamenti tramite dispositivi mobili e il controllo sicuro degli accessi.<\/p>\n<h3>Principali vantaggi di MIFARE Classic 1K<\/h3>\n<ul>\n<li><strong>Sicurezza avanzata<\/strong>: Grazie al suo UID univoco a 4 byte, MIFARE Classic 1K Inlay aiuta a prevenire la duplicazione dei dati, aggiungendo un ulteriore livello di sicurezza alle tue applicazioni.<\/li>\n<li><strong>Versatilit\u00e0<\/strong>: Adatto a varie applicazioni contactless, dalla vendita al dettaglio ai trasporti, migliorando il coinvolgimento dell&#039;utente.<\/li>\n<li><strong>Compatibilit\u00e0<\/strong>: Completamente compatibile con il lettore\/scrittore ACR122U e con altri dispositivi MIFARE Classic, il che lo rende uno strumento universale nel tuo arsenale NFC.<\/li>\n<\/ul>\n<h3>Istruzioni per l&#039;uso<\/h3>\n<p>Per utilizzare l&#039;inserto RFID MIFARE S50, \u00e8 sufficiente fissarlo alla superficie desiderata utilizzando il supporto adesivo in dotazione. Assicurarsi che la superficie sia pulita e asciutta per un&#039;aderenza ottimale. Una volta applicato, l&#039;inserto pu\u00f2 essere letto e scritto utilizzando un dispositivo abilitato NFC o un lettore compatibile, come l&#039;ACR122U.<\/p>\n<h3>Impatto ambientale<\/h3>\n<p>L&#039;inserto RFID MIFARE S50 \u00e8 prodotto nel rispetto dell&#039;ambiente. L&#039;utilizzo di materiali durevoli e riciclabili garantisce che, oltre a contribuire alle vostre esigenze personali o aziendali, adottiate anche pratiche ecosostenibili.<\/p>\n<h2 class=\"ng-star-inserted\"><strong class=\"ng-star-inserted\"><span class=\"ng-star-inserted\">Tag e inserti RFID: possibilit\u00e0 applicative illimitate<\/span><\/strong><\/h2>\n<p class=\"ng-star-inserted\"><span class=\"ng-star-inserted\">L&#039;inserto RFID MIFARE S50<\/span><span class=\"ng-star-inserted\">\u00a0\u00e8 una soluzione versatile che pu\u00f2 essere utilizzata in un&#039;ampia gamma di applicazioni, tra cui:<\/span><\/p>\n<ul class=\"ng-star-inserted\">\n<li class=\"ng-star-inserted\">\n<p class=\"ng-star-inserted\"><strong class=\"ng-star-inserted\"><span class=\"ng-star-inserted\">Controllo di ammissione sicuro:<\/span><\/strong><span class=\"ng-star-inserted\">\u00a0Consenti l&#039;accesso al personale autorizzato e impedisci l&#039;ingresso non autorizzato. Perfetto per uffici, eventi e aree riservate.<\/span><\/p>\n<\/li>\n<li class=\"ng-star-inserted\">\n<p class=\"ng-star-inserted\"><strong class=\"ng-star-inserted\"><span class=\"ng-star-inserted\">Pagamento senza contanti:<\/span><\/strong><span class=\"ng-star-inserted\">\u00a0Consenti pagamenti fluidi e sicuri in ambienti a circuito chiuso come parchi a tema, resort e campus aziendali.<\/span><\/p>\n<\/li>\n<li class=\"ng-star-inserted\">\n<p class=\"ng-star-inserted\"><strong class=\"ng-star-inserted\"><span class=\"ng-star-inserted\">Programmi di adesione e fedelt\u00e0:<\/span><\/strong><span class=\"ng-star-inserted\">\u00a0Tieni traccia delle attivit\u00e0 dei membri, premia i clienti fedeli e personalizza le esperienze.<\/span><\/p>\n<\/li>\n<li class=\"ng-star-inserted\">\n<p class=\"ng-star-inserted\"><strong class=\"ng-star-inserted\"><span class=\"ng-star-inserted\">Accesso all&#039;evento e branding:<\/span><\/strong><span class=\"ng-star-inserted\">\u00a0Semplifica l&#039;ingresso, raccogli dati preziosi e migliora il coinvolgimento dei partecipanti.<\/span><\/p>\n<\/li>\n<li class=\"ng-star-inserted\">\n<p class=\"ng-star-inserted\"><strong class=\"ng-star-inserted\"><span class=\"ng-star-inserted\">Social media:<\/span><\/strong><span class=\"ng-star-inserted\">\u00a0Crea esperienze interattive inserendo inserti nei materiali promozionali, consentendo agli utenti di entrare in contatto con il tuo marchio online.<\/span><\/p>\n<\/li>\n<li class=\"ng-star-inserted\">\n<p class=\"ng-star-inserted\"><strong class=\"ng-star-inserted\"><span class=\"ng-star-inserted\">Ambiente di vendita al dettaglio:<\/span><\/strong><span class=\"ng-star-inserted\">\u00a0Gestisci l&#039;inventario, previeni i furti e ottieni informazioni preziose sul comportamento dei clienti.<\/span><\/p>\n<\/li>\n<li class=\"ng-star-inserted\">\n<p class=\"ng-star-inserted\"><strong class=\"ng-star-inserted\"><span class=\"ng-star-inserted\">Giochi e giocattoli:<\/span><\/strong><span class=\"ng-star-inserted\">\u00a0Aggiungi una nuova dimensione di interattivit\u00e0 e coinvolgimento a giocattoli e giochi.<\/span><\/p>\n<\/li>\n<li class=\"ng-star-inserted\">\n<p class=\"ng-star-inserted\"><strong class=\"ng-star-inserted\"><span class=\"ng-star-inserted\">Posizione:<\/span><\/strong><span class=\"ng-star-inserted\">\u00a0Tieni traccia delle risorse, monitora i movimenti e migliora l&#039;efficienza logistica.<\/span><\/p>\n<\/li>\n<li class=\"ng-star-inserted\">\n<p class=\"ng-star-inserted\"><strong class=\"ng-star-inserted\"><span class=\"ng-star-inserted\">Elettronica:<\/span><\/strong><span class=\"ng-star-inserted\">\u00a0Inserire inserti nei dispositivi elettronici per misure di autenticazione, tracciamento e anticontraffazione.<\/span><\/p>\n<\/li>\n<li class=\"ng-star-inserted\">\n<p class=\"ng-star-inserted\"><strong class=\"ng-star-inserted\"><span class=\"ng-star-inserted\">Fiere\/Eventi:<\/span><\/strong><span class=\"ng-star-inserted\">\u00a0Facilita la generazione di lead, monitora gli interessi dei partecipanti e offri esperienze interattive.<\/span><\/p>\n<\/li>\n<li class=\"ng-star-inserted\">\n<p class=\"ng-star-inserted\"><strong class=\"ng-star-inserted\"><span class=\"ng-star-inserted\">Richiesta di chiamata:<\/span><\/strong><span class=\"ng-star-inserted\">\u00a0Consenti agli utenti di richiedere informazioni o assistenza con un semplice tocco.<\/span><\/p>\n<\/li>\n<li class=\"ng-star-inserted\">\n<p class=\"ng-star-inserted\"><strong class=\"ng-star-inserted\"><span class=\"ng-star-inserted\">Biglietti da visita:<\/span><\/strong><span class=\"ng-star-inserted\">\u00a0Trasforma i tradizionali biglietti da visita in strumenti interattivi per il networking e la condivisione di informazioni.<\/span><\/p>\n<\/li>\n<\/ul>\n<h2>Domande frequenti<\/h2>\n<ul>\n<li><strong>Qual \u00e8 la portata dell&#039;inserto RFID MIFARE S50?<\/strong><br \/>\nLa portata effettiva \u00e8 in genere di circa 10 cm quando si utilizzano i tipici dispositivi di lettura NFC.<\/li>\n<li><strong>Posso personalizzare l&#039;inserto RFID MIFARE S50?<\/strong><br \/>\nS\u00ec, gli inserti possono essere stampati o codificati con dati personalizzati, rendendoli adatti a varie applicazioni.<\/li>\n<li><strong>L&#039;inserto RFID MIFARE S50 \u00e8 impermeabile?<\/strong><br \/>\nSebbene gli inserti siano progettati per resistere a condizioni ambientali moderate, si consiglia di evitare l&#039;esposizione prolungata all&#039;acqua per mantenerne la funzionalit\u00e0 ottimale.<\/li>\n<\/ul>","protected":false},"excerpt":{"rendered":"<p>MIFARE S50 RFID Inlay, una soluzione NFC versatile con memoria da 1K per applicazioni contactless sicure in vari ambienti.<\/p>","protected":false},"featured_media":3243,"template":"","meta":{"_kad_post_transparent":"default","_kad_post_title":"","_kad_post_layout":"default","_kad_post_sidebar_id":"","_kad_post_content_style":"default","_kad_post_vertical_padding":"default","_kad_post_feature":"","_kad_post_feature_position":"","_kad_post_header":false,"_kad_post_footer":false,"_kad_post_classname":""},"product_brand":[],"product_cat":[189],"product_tag":[398,111,194,393,108,399],"class_list":{"0":"post-3242","1":"product","2":"type-product","3":"status-publish","4":"has-post-thumbnail","6":"product_cat-rfid-inlay","7":"product_tag-mifare-s50-rfid-inlay","8":"product_tag-nfc-inlay","9":"product_tag-nfc-rfid-inlay","10":"product_tag-nfc-wet-inlay-sticker-tag-clear","11":"product_tag-rfid-inlay","12":"product_tag-rfid-inlay-factory","14":"first","15":"instock","16":"shipping-taxable","17":"product-type-simple","18":"entry","19":"content-bg","20":"loop-entry"},"_links":{"self":[{"href":"https:\/\/rfid-laundry-tag.com\/it\/wp-json\/wp\/v2\/product\/3242","targetHints":{"allow":["GET"]}}],"collection":[{"href":"https:\/\/rfid-laundry-tag.com\/it\/wp-json\/wp\/v2\/product"}],"about":[{"href":"https:\/\/rfid-laundry-tag.com\/it\/wp-json\/wp\/v2\/types\/product"}],"version-history":[{"count":1,"href":"https:\/\/rfid-laundry-tag.com\/it\/wp-json\/wp\/v2\/product\/3242\/revisions"}],"predecessor-version":[{"id":3247,"href":"https:\/\/rfid-laundry-tag.com\/it\/wp-json\/wp\/v2\/product\/3242\/revisions\/3247"}],"wp:featuredmedia":[{"embeddable":true,"href":"https:\/\/rfid-laundry-tag.com\/it\/wp-json\/wp\/v2\/media\/3243"}],"wp:attachment":[{"href":"https:\/\/rfid-laundry-tag.com\/it\/wp-json\/wp\/v2\/media?parent=3242"}],"wp:term":[{"taxonomy":"product_brand","embeddable":true,"href":"https:\/\/rfid-laundry-tag.com\/it\/wp-json\/wp\/v2\/product_brand?post=3242"},{"taxonomy":"product_cat","embeddable":true,"href":"https:\/\/rfid-laundry-tag.com\/it\/wp-json\/wp\/v2\/product_cat?post=3242"},{"taxonomy":"product_tag","embeddable":true,"href":"https:\/\/rfid-laundry-tag.com\/it\/wp-json\/wp\/v2\/product_tag?post=3242"}],"curies":[{"name":"parola chiave","href":"https:\/\/api.w.org\/{rel}","templated":true}]}}