{"id":319,"date":"2024-06-28T06:17:02","date_gmt":"2024-06-28T06:17:02","guid":{"rendered":"https:\/\/rfid-laundry-tag.com\/?post_type=product&#038;p=319"},"modified":"2024-09-23T10:21:27","modified_gmt":"2024-09-23T10:21:27","slug":"iso15693-i-code-slix-rfid-inlay","status":"publish","type":"product","link":"https:\/\/rfid-laundry-tag.com\/it\/iso15693-i-code-slix-rfid-inlay\/","title":{"rendered":"Inserto RFID ISO15693 ICODE SLIX"},"content":{"rendered":"<table class=\"hight-light-first-column all magic-1\">\n<tbody>\n<tr>\n<td colspan=\"1\" rowspan=\"1\">\n<div class=\"magic-2\">\n<div class=\"magic-3\" data-spm-anchor-id=\"a2700.pc-decorate.0.i24.7f543333WPG8F0\"><span class=\"magic-4\" data-spm-anchor-id=\"a2700.pc-decorate.0.i23.7f543333WPG8F0\"><span class=\"magic-5\" style=\"color: #000000; font-family: Roboto;\"><b class=\"magic-4\" data-spm-anchor-id=\"a2700.pc-decorate.0.i114.7f543333WPG8F0\">Articolo<\/b><\/span><\/span><\/div>\n<\/div>\n<\/td>\n<td colspan=\"4\" rowspan=\"1\">\n<div class=\"magic-6\"><strong>Inserto RFID ISO15693 ICODE SLIX<\/strong><\/div>\n<\/td>\n<\/tr>\n<tr>\n<td colspan=\"1\" rowspan=\"1\">\n<div class=\"magic-2\">\n<div class=\"magic-3\" data-spm-anchor-id=\"a2700.pc-decorate.0.i22.7f543333WPG8F0\"><span class=\"magic-4\" data-spm-anchor-id=\"a2700.pc-decorate.0.i10.7f543333WPG8F0\"><b class=\"magic-4\"><span class=\"magic-5\" style=\"color: #000000; font-family: Roboto;\">Materiale<\/span><\/b><\/span><\/div>\n<\/div>\n<\/td>\n<td colspan=\"4\" rowspan=\"1\">\n<div class=\"magic-9\"><span class=\"magic-5\" style=\"color: #000000;\">Carta \/ Pellicola PP \/ PET \/ Intarsio<\/span><\/div>\n<\/td>\n<\/tr>\n<tr>\n<td colspan=\"1\" rowspan=\"1\">\n<div class=\"magic-2\">\n<div class=\"magic-3\" data-spm-anchor-id=\"a2700.pc-decorate.0.i34.7f543333WPG8F0\"><b class=\"magic-13\" data-spm-anchor-id=\"a2700.pc-decorate.0.i111.7f543333WPG8F0\"><span class=\"magic-5\" style=\"color: #000000; font-family: Roboto;\">Frequenza<\/span><\/b><\/div>\n<\/div>\n<\/td>\n<td colspan=\"4\" rowspan=\"1\">\n<div class=\"magic-6\"><span class=\"magic-5\" style=\"color: #000000; font-family: Roboto;\" data-spm-anchor-id=\"a2700.details.0.i25.244e512bmtbZH7\">13,56 MHz<\/span><\/div>\n<\/td>\n<\/tr>\n<tr>\n<td colspan=\"1\" rowspan=\"1\">\n<div class=\"magic-2\">\n<div class=\"magic-3\" data-spm-anchor-id=\"a2700.pc-decorate.0.i33.7f543333WPG8F0\"><b class=\"magic-4\"><span class=\"magic-5\" style=\"color: #000000; font-family: Roboto;\">Misurare<\/span><\/b><\/div>\n<\/div>\n<\/td>\n<td colspan=\"4\" rowspan=\"1\">\n<div class=\"magic-9\"><span class=\"magic-5\" style=\"color: #000000;\">50*50\/45*45\/30*15\/40*25\/ Diametro 25\/30 o dimensioni personalizzate<\/span><\/div>\n<\/td>\n<\/tr>\n<tr>\n<td colspan=\"1\" rowspan=\"1\">\n<div class=\"magic-2\">\n<div class=\"magic-3\"><b class=\"magic-14\">Applicazioni<\/b><\/div>\n<\/div>\n<\/td>\n<td colspan=\"4\" rowspan=\"1\">\n<div class=\"magic-6\" data-spm-anchor-id=\"a2700.details.0.i24.244e512bmtbZH7\"><span class=\"magic-5\" style=\"color: #000000; font-family: Roboto;\">Ampiamente utilizzato nella gestione delle risorse, nella gestione dell&#039;abbigliamento, nell&#039;inventario, nelle biblioteche, nelle gioiellerie, nella logistica ecc.<\/span><\/div>\n<\/td>\n<\/tr>\n<\/tbody>\n<\/table>\n<p>&nbsp;<\/p>\n<p>L&#039;ICODE SLIX IC \u00e8 un chip dedicato per applicazioni di etichette intelligenti come librerie, autenticazione di prodotti in diversi settori come farmaceutico, dispositivi medici e alcolici, nonch\u00e9 gestione della produzione in diverse aree del settore. Questo IC \u00e8 la terza generazione di una famiglia di prodotti di IC per etichette intelligenti basati sugli standard ISO ISO\/IEC 15693 e ISO\/IEC 18000-3, che prolunga una storia di successo di NXP<sup>\u00ae<\/sup>\u00a0nel campo dei sistemi di identificazione di prossimit\u00e0.<\/p>\n<h3>Trasferimento dati ed energia senza contatto<\/h3>\n<p>Ogni volta che \u00e8 collegato a un tipo di antenna molto semplice e facile da produrre (come risultato della frequenza portante di 13,56 MHz) realizzata con pochi avvolgimenti stampati, avvolti, incisi o bobina punzonata, l&#039;ICODE SLIX IC pu\u00f2 essere utilizzato senza linea di vista fino a una distanza di 1,5 m (larghezza del gate). Non \u00e8 necessaria alcuna batteria. Quando l&#039;etichetta intelligente \u00e8 posizionata nel campo di un&#039;antenna interrogatrice, l&#039;interfaccia di comunicazione RF ad alta velocit\u00e0 consente la trasmissione di dati fino a 53 kbit\/s.<\/p>\n<h3>Anti-collisione<\/h3>\n<p>Una funzione anti-collisione intelligente consente a diversi tag di operare contemporaneamente sul campo. L&#039;algoritmo anti-collisione seleziona ogni tag individualmente e garantisce che l&#039;esecuzione di una transazione con un tag selezionato venga eseguita correttamente senza corruzione dei dati risultante da altri tag sul campo.<\/p>\n<h3>Caratteristiche del chip RFID ISO15693 ICODE SLIX<\/h3>\n<div id=\"featuresXsp\" class=\"features-list\">\n<div class=\"features-xsp\">\n<div class=\"collapse-mobile ste-list\">\n<h3>Interfaccia RF ICODE SLIX (ISO\/IEC 15693)<\/h3>\n<ul class=\"boxes\">\n<li>Trasmissione dati e fornitura di energia senza contatto (non necessita di batteria)<\/li>\n<li>Distanza operativa: fino a 1,5 m (a seconda della geometria dell&#039;antenna)<\/li>\n<li>Frequenza operativa: 13,56 MHz (ISM, licenza mondiale liberamente disponibile)<\/li>\n<li>Trasferimento dati veloce: fino a 53 kbit\/s<\/li>\n<li>Elevata integrit\u00e0 dei dati: CRC a 16 bit, framing<\/li>\n<li>Vero anticollisione<\/li>\n<li>Sorveglianza elettronica degli articoli (EAS) protetta da password<\/li>\n<li>Identificatore della famiglia di applicazioni (AFI) protetto da password<\/li>\n<li>Identificatore del formato di archiviazione dei dati (DSFID)<\/li>\n<li>Lettura anticollisione rapida aggiuntiva<\/li>\n<li>Scrivi la distanza uguale alla distanza di lettura<\/li>\n<\/ul>\n<\/div>\n<div class=\"collapse-mobile ste-list\">\n<h3>Memoria EEPROM<\/h3>\n<ul class=\"boxes\">\n<li>1024 bit, organizzati in 32 blocchi di 4 byte ciascuno<\/li>\n<li>Conservazione dei dati per 50 anni<\/li>\n<li>Scrivi la resistenza di 100000 cicli<\/li>\n<\/ul>\n<\/div>\n<div class=\"collapse-mobile ste-list\">\n<h3>Sicurezza<\/h3>\n<ul class=\"boxes\">\n<li>Identificatore univoco per ogni dispositivo<\/li>\n<li>Meccanismo di blocco per ogni blocco di memoria utente (protezione da scrittura)<\/li>\n<li>Meccanismo di blocco per DSFID, AFI, EAS<\/li>\n<li>Funzionalit\u00e0 EAS e AFI protette da password (32 bit)<\/li>\n<\/ul>\n<\/div>\n<\/div>\n<\/div>\n<div class=\"auto-hide-last-sibling-br paragraph_9dc5f paragraph-element\"><strong>Inserto RFID ISO15693 ICODE SLIX:<\/strong>\u00a0Un inserto RFID \u00e8 costituito da un&#039;antenna e da un microchip: il chip memorizza i dati, mentre l&#039;antenna \u00e8 responsabile della trasmissione di tali dati al lettore RFID.<\/div>\n<p>&nbsp;<\/p>\n<div class=\"auto-hide-last-sibling-br paragraph_9dc5f paragraph-element\"><strong>Intarsi bagnati:<\/strong>\u00a0Si tratta di intarsi RFID che vengono posizionati sopra uno strato adesivo e uno strato di PET (polietilene tereftalato) trasparente. Lo strato di PET viene utilizzato per la protezione contro i danni fisici. Con il lato adesivo rivolto lontano dall&#039;etichetta o dal materiale, possono essere comodamente utilizzati per costruire etichette RFID, da qui la loro ampia applicazione nella creazione di etichette per vari settori.<\/div>\n<div><\/div>\n<div>\n<div class=\"auto-hide-last-sibling-br paragraph_9dc5f paragraph-element\">\u00a0Il tag NFC ISO15693 ICODE SLIX, realizzato in vari materiali come carta, pellicola PP, PET o intarsio e in diverse dimensioni, \u00e8 ampiamente utilizzato. Spesso lo troverai in settori come:<\/div>\n<p>&nbsp;<\/p>\n<ul class=\"auto-hide-last-sibling-br\">\n<li><strong>Gestione delle risorse:<\/strong>\u00a0I tag vengono utilizzati per tracciare beni fisici in vari contesti, ad esempio per monitorare apparecchiature in ambito sanitario o informatico.<\/li>\n<li><strong>Gestione dell&#039;abbigliamento:<\/strong>\u00a0Nel commercio al dettaglio di moda, questi tag facilitano il monitoraggio dell&#039;inventario, le misure antifurto e migliorano l&#039;esperienza del cliente in negozio.<\/li>\n<li><strong>Gestione dell&#039;inventario:<\/strong>\u00a0Nei magazzini e nella vendita al dettaglio, i tag RFID vengono utilizzati per gestire in modo efficiente l&#039;inventario, ridurre il lavoro manuale e ridurre al minimo gli errori.<\/li>\n<li><strong>Gestione della biblioteca:<\/strong>\u00a0Vengono utilizzati per automatizzare i processi di prestito e restituzione, migliorare la gestione dell&#039;inventario e offrire sicurezza contro i furti.<\/li>\n<li><strong>Gestione dei gioielli:<\/strong>\u00a0Leggere e precise, queste etichette garantiscono un controllo sicuro ed efficace dell&#039;inventario nel settore della gioielleria.<\/li>\n<li><strong>Logistica:<\/strong> I tag RFID vengono utilizzati per tracciare le merci in transito, migliorando la precisione della spedizione e aumentando la visibilit\u00e0 nella catena di fornitura.<\/li>\n<\/ul>\n<div class=\"auto-hide-last-sibling-br paragraph_9dc5f paragraph-element\">Le dimensioni e la forma del tag possono essere personalizzate in base all&#039;applicazione specifica, aumentandone la flessibilit\u00e0 e l&#039;adattabilit\u00e0 in vari casi d&#039;uso.<\/div>\n<\/div>\n<div><\/div>\n<div>\n<h2 class=\"AnswerParser_AnswerParserH2__SIHnF\">Inizia subito con NXP ICODE SLIX RFID<\/h2>\n<p><span class=\"AnswerParser_TextContainer__z_Iiv\" data-testid=\"youchat-text\">Pronti a rivoluzionare i vostri processi di gestione e autenticazione delle risorse? Fate il primo passo verso un futuro pi\u00f9 efficiente:<\/span><\/p>\n<ol class=\"AnswerParser_AnswerParserOrderedList__kl_2Y\">\n<li class=\"AnswerParser_ListItem__XqLOV\" translate=\"yes\"><strong>Richiedi un campione gratuito<\/strong>: Prova in prima persona la qualit\u00e0 e le prestazioni<\/li>\n<li class=\"AnswerParser_ListItem__XqLOV\" translate=\"yes\"><strong>Consulta i nostri esperti<\/strong>: Ricevi una consulenza personalizzata sull&#039;implementazione della tecnologia RFID nella tua azienda<\/li>\n<li class=\"AnswerParser_ListItem__XqLOV\" translate=\"yes\"><strong>Preventivo personalizzato<\/strong>: Ricevi un piano tariffario personalizzato in base alle tue esigenze specifiche e ai requisiti di volume<\/li>\n<\/ol>\n<p><span class=\"AnswerParser_TextContainer__z_Iiv\" data-testid=\"youchat-text\">Non lasciare che i metodi di tracciamento obsoleti rallentino la tua attivit\u00e0. Sfrutta la potenza della tecnologia RFID NXP ICODE SLIX e resta un passo avanti alla concorrenza. Compila oggi stesso il nostro modulo di richiesta informazioni per iniziare il tuo percorso verso operazioni pi\u00f9 intelligenti ed efficienti.<\/span><\/div>","protected":false},"excerpt":{"rendered":"<p>Rivoluziona la gestione delle risorse con l&#039;inserto RFID NXP ICODE SLIX da 13,56 MHz, migliorando l&#039;efficienza dell&#039;inventario e l&#039;autenticazione dei prodotti in tutti i settori.<\/p>","protected":false},"featured_media":320,"template":"","meta":{"_kad_post_transparent":"default","_kad_post_title":"","_kad_post_layout":"default","_kad_post_sidebar_id":"","_kad_post_content_style":"default","_kad_post_vertical_padding":"default","_kad_post_feature":"","_kad_post_feature_position":"","_kad_post_header":false,"_kad_post_footer":false,"_kad_post_classname":""},"product_brand":[],"product_cat":[54,189],"product_tag":[306,111,108],"class_list":{"0":"post-319","1":"product","2":"type-product","3":"status-publish","4":"has-post-thumbnail","6":"product_cat-hot-selling-rfid-tags","7":"product_cat-rfid-inlay","8":"product_tag-icode-slix-rfid-inlay","9":"product_tag-nfc-inlay","10":"product_tag-rfid-inlay","12":"first","13":"instock","14":"shipping-taxable","15":"product-type-simple","16":"entry","17":"content-bg","18":"loop-entry"},"_links":{"self":[{"href":"https:\/\/rfid-laundry-tag.com\/it\/wp-json\/wp\/v2\/product\/319","targetHints":{"allow":["GET"]}}],"collection":[{"href":"https:\/\/rfid-laundry-tag.com\/it\/wp-json\/wp\/v2\/product"}],"about":[{"href":"https:\/\/rfid-laundry-tag.com\/it\/wp-json\/wp\/v2\/types\/product"}],"version-history":[{"count":3,"href":"https:\/\/rfid-laundry-tag.com\/it\/wp-json\/wp\/v2\/product\/319\/revisions"}],"predecessor-version":[{"id":2656,"href":"https:\/\/rfid-laundry-tag.com\/it\/wp-json\/wp\/v2\/product\/319\/revisions\/2656"}],"wp:featuredmedia":[{"embeddable":true,"href":"https:\/\/rfid-laundry-tag.com\/it\/wp-json\/wp\/v2\/media\/320"}],"wp:attachment":[{"href":"https:\/\/rfid-laundry-tag.com\/it\/wp-json\/wp\/v2\/media?parent=319"}],"wp:term":[{"taxonomy":"product_brand","embeddable":true,"href":"https:\/\/rfid-laundry-tag.com\/it\/wp-json\/wp\/v2\/product_brand?post=319"},{"taxonomy":"product_cat","embeddable":true,"href":"https:\/\/rfid-laundry-tag.com\/it\/wp-json\/wp\/v2\/product_cat?post=319"},{"taxonomy":"product_tag","embeddable":true,"href":"https:\/\/rfid-laundry-tag.com\/it\/wp-json\/wp\/v2\/product_tag?post=319"}],"curies":[{"name":"parola chiave","href":"https:\/\/api.w.org\/{rel}","templated":true}]}}