{"id":3180,"date":"2026-01-09T13:29:20","date_gmt":"2026-01-09T13:29:20","guid":{"rendered":"https:\/\/rfid-laundry-tag.com\/?post_type=product&#038;p=3180"},"modified":"2026-01-09T13:29:20","modified_gmt":"2026-01-09T13:29:20","slug":"rfid-garment-tag-for-apparel-and-fashion","status":"publish","type":"product","link":"https:\/\/rfid-laundry-tag.com\/it\/rfid-garment-tag-for-apparel-and-fashion\/","title":{"rendered":"Etichetta RFID per indumenti per abbigliamento e moda"},"content":{"rendered":"<h2 class=\"ng-star-inserted\"><strong class=\"ng-star-inserted\"><span class=\"ng-star-inserted\">Etichetta RFID per indumenti per abbigliamento e moda<\/span><\/strong><\/h2>\n<h2 class=\"ng-star-inserted\"><strong class=\"ng-star-inserted\"><span class=\"ng-star-inserted\">L&#039;ascesa dell&#039;RFID nell&#039;abbigliamento e nella moda<\/span><\/strong><\/h2>\n<p class=\"ng-star-inserted\"><span class=\"ng-star-inserted\">IL\u00a0<\/span><strong class=\"ng-star-inserted\"><span class=\"ng-star-inserted\">abbigliamento<\/span><\/strong><span class=\"ng-star-inserted\">\u00a0e l&#039;industria della moda sta rapidamente abbracciando\u00a0<\/span><strong class=\"ng-star-inserted\"><span class=\"ng-star-inserted\">RFID<\/span><\/strong><span class=\"ng-star-inserted\">\u00a0(<\/span><strong class=\"ng-star-inserted\"><span class=\"ng-star-inserted\">radiofrequenza<\/span><\/strong><span class=\"ng-star-inserted\">\u00a0identificazione)\u00a0<\/span><strong class=\"ng-star-inserted\"><span class=\"ng-star-inserted\">tecnologia<\/span><\/strong><span class=\"ng-star-inserted\">\u00a0per ottimizzare le operazioni e migliorare l&#039;esperienza del cliente.\u00a0<\/span><strong class=\"ng-star-inserted\"><span class=\"ng-star-inserted\">RFID<\/span><\/strong><span class=\"ng-star-inserted\">\u00a0<\/span><strong class=\"ng-star-inserted\"><span class=\"ng-star-inserted\">indumento<\/span><\/strong><span class=\"ng-star-inserted\">\u00a0<\/span><strong class=\"ng-star-inserted\"><span class=\"ng-star-inserted\">etichette<\/span><\/strong><span class=\"ng-star-inserted\">\u00a0offrono un modo efficace per monitorare gli articoli durante tutto il loro ciclo di vita, dalla produzione al punto vendita e oltre.\u00a0<\/span><strong class=\"ng-star-inserted\"><span class=\"ng-star-inserted\">RFID<\/span><\/strong><span class=\"ng-star-inserted\">\u00a0consente un\u00a0<\/span><strong class=\"ng-star-inserted\"><span class=\"ng-star-inserted\">nuovo<\/span><\/strong><span class=\"ng-star-inserted\">\u00a0era di efficienza, visibilit\u00e0 e processo decisionale basato sui dati.<\/span><\/p>\n<p class=\"ng-star-inserted\"><span class=\"ng-star-inserted\">A differenza del tradizionale\u00a0<\/span><strong class=\"ng-star-inserted\"><span class=\"ng-star-inserted\">codice a barre<\/span><\/strong><span class=\"ng-star-inserted\">S,\u00a0<\/span><strong class=\"ng-star-inserted\"><span class=\"ng-star-inserted\">RFID<\/span><\/strong><span class=\"ng-star-inserted\">\u00a0<\/span><strong class=\"ng-star-inserted\"><span class=\"ng-star-inserted\">etichetta<\/span><\/strong><span class=\"ng-star-inserted\">Non richiedono la scansione in linea di vista. Ci\u00f2 consente un&#039;acquisizione dei dati pi\u00f9 rapida ed efficiente, anche in ambienti difficili come magazzini affollati o negozi al dettaglio affollati. La capacit\u00e0 di leggere pi\u00f9\u00a0<\/span><strong class=\"ng-star-inserted\"><span class=\"ng-star-inserted\">etichette<\/span><\/strong><span class=\"ng-star-inserted\">\u00a0contemporaneamente \u00e8 un vantaggio chiave di\u00a0<\/span><strong class=\"ng-star-inserted\"><span class=\"ng-star-inserted\">RFID<\/span><\/strong><span class=\"ng-star-inserted\">, accelerando significativamente processi come i conteggi dell&#039;inventario e\u00a0<\/span><strong class=\"ng-star-inserted\"><span class=\"ng-star-inserted\">guardare<\/span><\/strong><span class=\"ng-star-inserted\">. Pu\u00f2 identificare gli oggetti in movimento ad alta velocit\u00e0 tramite pi\u00f9 sensori elettronici\u00a0<\/span><strong class=\"ng-star-inserted\"><span class=\"ng-star-inserted\">etichette<\/span><\/strong><span class=\"ng-star-inserted\">\u00a0allo stesso tempo\u00a0<\/span><strong class=\"ng-star-inserted\"><span class=\"ng-star-inserted\">tempo<\/span><\/strong><span class=\"ng-star-inserted\">\u00a0attraverso il\u00a0<\/span><strong class=\"ng-star-inserted\"><span class=\"ng-star-inserted\">RFID<\/span><\/strong><span class=\"ng-star-inserted\">\u00a0<\/span><strong class=\"ng-star-inserted\"><span class=\"ng-star-inserted\">tecnologia<\/span><\/strong><span class=\"ng-star-inserted\">.<\/span><\/p>\n<h2 class=\"ng-star-inserted\"><strong class=\"ng-star-inserted\"><span class=\"ng-star-inserted\">Etichette RFID: rivoluzionare il commercio al dettaglio<\/span><\/strong><\/h2>\n<p class=\"ng-star-inserted\"><strong class=\"ng-star-inserted\"><span class=\"ng-star-inserted\">Etichette RFID sospese<\/span><\/strong><span class=\"ng-star-inserted\">\u00a0stanno trasformando il panorama della vendita al dettaglio offrendo una visibilit\u00e0 senza pari sull&#039;inventario e migliorando la sicurezza. Questi\u00a0<\/span><strong class=\"ng-star-inserted\"><span class=\"ng-star-inserted\">etichette<\/span><\/strong><span class=\"ng-star-inserted\">, tipicamente attaccati a vestiti, cappelli, borse e scarpe, contengono un microchip che memorizza informazioni sul prodotto e un identificatore univoco. Incorporando\u00a0<\/span><strong class=\"ng-star-inserted\"><span class=\"ng-star-inserted\">RFID<\/span><\/strong><span class=\"ng-star-inserted\">\u00a0<\/span><strong class=\"ng-star-inserted\"><span class=\"ng-star-inserted\">tecnologia<\/span><\/strong><span class=\"ng-star-inserted\">\u00a0In\u00a0<\/span><strong class=\"ng-star-inserted\"><span class=\"ng-star-inserted\">appendere<\/span><\/strong><span class=\"ng-star-inserted\">\u00a0<\/span><strong class=\"ng-star-inserted\"><span class=\"ng-star-inserted\">etichetta<\/span><\/strong><span class=\"ng-star-inserted\">s, questo problema pu\u00f2 essere risolto efficacemente.<\/span><\/p>\n<p class=\"ng-star-inserted\"><strong class=\"ng-star-inserted\"><span class=\"ng-star-inserted\">Etichette RFID sospese<\/span><\/strong><span class=\"ng-star-inserted\">\u00a0offrono numerosi vantaggi, tra cui:<\/span><\/p>\n<ul class=\"ng-star-inserted\">\n<li class=\"ng-star-inserted\">\n<p class=\"ng-star-inserted\"><strong class=\"ng-star-inserted\"><span class=\"ng-star-inserted\">Precisione dell&#039;inventario migliorata:<\/span><\/strong><span class=\"ng-star-inserted\">\u00a0<\/span><strong class=\"ng-star-inserted\"><span class=\"ng-star-inserted\">In tempo reale<\/span><\/strong><span class=\"ng-star-inserted\">\u00a0monitoraggio dei livelli di inventario, riducendo le rotture di stock e le eccedenze di scorte.<\/span><\/p>\n<\/li>\n<li class=\"ng-star-inserted\">\n<p class=\"ng-star-inserted\"><strong class=\"ng-star-inserted\"><span class=\"ng-star-inserted\">Prevenzione delle perdite:<\/span><\/strong><span class=\"ng-star-inserted\">\u00a0<\/span><strong class=\"ng-star-inserted\"><span class=\"ng-star-inserted\">RFID<\/span><\/strong><span class=\"ng-star-inserted\">\u00a0<\/span><strong class=\"ng-star-inserted\"><span class=\"ng-star-inserted\">etichetta<\/span><\/strong><span class=\"ng-star-inserted\">Possono essere utilizzati come parte di un sistema di sorveglianza elettronica degli articoli (EAS) per scoraggiare i furti. Possono anche aiutare a prevenire la contraffazione\u00a0<\/span><strong class=\"ng-star-inserted\"><span class=\"ng-star-inserted\">indumento<\/span><\/strong><span class=\"ng-star-inserted\">S.<\/span><\/p>\n<\/li>\n<li class=\"ng-star-inserted\">\n<p class=\"ng-star-inserted\"><strong class=\"ng-star-inserted\"><span class=\"ng-star-inserted\">Autenticazione del marchio:<\/span><\/strong><span class=\"ng-star-inserted\">\u00a0<\/span><strong class=\"ng-star-inserted\"><span class=\"ng-star-inserted\">RFID<\/span><\/strong><span class=\"ng-star-inserted\">\u00a0aiuta a verificare l&#039;autenticit\u00e0 dei prodotti, proteggendo il tuo marchio e i tuoi clienti.<\/span><\/p>\n<\/li>\n<li class=\"ng-star-inserted\">\n<p class=\"ng-star-inserted\"><strong class=\"ng-star-inserted\"><span class=\"ng-star-inserted\">Esperienza cliente migliorata:<\/span><\/strong><span class=\"ng-star-inserted\">\u00a0Pi\u00f9 veloce\u00a0<\/span><strong class=\"ng-star-inserted\"><span class=\"ng-star-inserted\">guardare<\/span><\/strong><span class=\"ng-star-inserted\">\u00a0processi e consigli personalizzati attraverso scaffali intelligenti e camerini.<\/span><\/p>\n<\/li>\n<\/ul>\n<p class=\"ng-star-inserted\">\n<h2 class=\"ng-star-inserted\"><strong class=\"ng-star-inserted\"><span class=\"ng-star-inserted\">Tecnico\u00a0<\/span><\/strong><\/h2>\n<div class=\"table-container ng-star-inserted\">\n<table>\n<tbody>\n<tr class=\"table-header ng-star-inserted\">\n<td class=\"ng-star-inserted\"><span class=\"ng-star-inserted\">Caratteristica<\/span><\/td>\n<td class=\"ng-star-inserted\"><span class=\"ng-star-inserted\">Specificazione<\/span><\/td>\n<\/tr>\n<tr class=\"ng-star-inserted\">\n<td class=\"ng-star-inserted\"><strong class=\"ng-star-inserted\"><span class=\"ng-star-inserted\">Frequenza<\/span><\/strong><\/td>\n<td class=\"ng-star-inserted\"><strong class=\"ng-star-inserted\"><span class=\"ng-star-inserted\">RFID UHF<\/span><\/strong><span class=\"ng-star-inserted\">\u00a0(860-960 MHz),\u00a0<\/span><strong class=\"ng-star-inserted\"><span class=\"ng-star-inserted\">RFID RAIN<\/span><\/strong><\/td>\n<\/tr>\n<tr class=\"ng-star-inserted\">\n<td class=\"ng-star-inserted\"><strong class=\"ng-star-inserted\"><span class=\"ng-star-inserted\">Protocollo<\/span><\/strong><\/td>\n<td class=\"ng-star-inserted\"><strong class=\"ng-star-inserted\"><span class=\"ng-star-inserted\">Norma ISO 18000-6C<\/span><\/strong><span class=\"ng-star-inserted\">\u00a0(<\/span><strong class=\"ng-star-inserted\"><span class=\"ng-star-inserted\">EPC Classe 1 Gen2<\/span><\/strong><span class=\"ng-star-inserted\">)<\/span><\/td>\n<\/tr>\n<tr class=\"ng-star-inserted\">\n<td class=\"ng-star-inserted\"><strong class=\"ng-star-inserted\"><span class=\"ng-star-inserted\">Tipo di chip<\/span><\/strong><\/td>\n<td class=\"ng-star-inserted\"><span class=\"ng-star-inserted\">Impinj Monza, NXP UCODE, Alien Higgs<\/span><\/td>\n<\/tr>\n<tr class=\"ng-star-inserted\">\n<td class=\"ng-star-inserted\"><strong class=\"ng-star-inserted\"><span class=\"ng-star-inserted\">Memoria<\/span><\/strong><\/td>\n<td class=\"ng-star-inserted\"><strong class=\"ng-star-inserted\"><span class=\"ng-star-inserted\">EPC<\/span><\/strong><span class=\"ng-star-inserted\">\u00a096 bit,\u00a0<\/span><strong class=\"ng-star-inserted\"><span class=\"ng-star-inserted\">archiviazione dei dati<\/span><\/strong><span class=\"ng-star-inserted\">\u00a0Memoria utente 512 bit (varia in base al chip)<\/span><\/td>\n<\/tr>\n<tr class=\"ng-star-inserted\">\n<td class=\"ng-star-inserted\"><strong class=\"ng-star-inserted\"><span class=\"ng-star-inserted\">Campo di lettura<\/span><\/strong><\/td>\n<td class=\"ng-star-inserted\"><span class=\"ng-star-inserted\">Fino a 10 metri (varia in base al lettore e all&#039;ambiente)<\/span><\/td>\n<\/tr>\n<tr class=\"ng-star-inserted\">\n<td class=\"ng-star-inserted\"><strong class=\"ng-star-inserted\"><span class=\"ng-star-inserted\">Conservazione dei dati<\/span><\/strong><\/td>\n<td class=\"ng-star-inserted\"><span class=\"ng-star-inserted\">10 anni<\/span><\/td>\n<\/tr>\n<tr class=\"ng-star-inserted\">\n<td class=\"ng-star-inserted\"><strong class=\"ng-star-inserted\"><span class=\"ng-star-inserted\">Scrivi Resistenza<\/span><\/strong><\/td>\n<td class=\"ng-star-inserted\"><span class=\"ng-star-inserted\">100.000 cicli<\/span><\/td>\n<\/tr>\n<tr class=\"ng-star-inserted\">\n<td class=\"ng-star-inserted\"><strong class=\"ng-star-inserted\"><span class=\"ng-star-inserted\">Temperatura di esercizio<\/span><\/strong><\/td>\n<td class=\"ng-star-inserted\"><span class=\"ng-star-inserted\">-40\u00b0C a +85\u00b0C (varia a seconda\u00a0<\/span><strong class=\"ng-star-inserted\"><span class=\"ng-star-inserted\">etichetta<\/span><\/strong><span class=\"ng-star-inserted\">\u00a0tipo)<\/span><\/td>\n<\/tr>\n<tr class=\"ng-star-inserted\">\n<td class=\"ng-star-inserted\"><strong class=\"ng-star-inserted\"><span class=\"ng-star-inserted\">Materiale<\/span><\/strong><\/td>\n<td class=\"ng-star-inserted\"><span class=\"ng-star-inserted\">Carta, raso, nylon ecc.<\/span><\/td>\n<\/tr>\n<tr class=\"ng-star-inserted\">\n<td class=\"ng-star-inserted\"><strong class=\"ng-star-inserted\"><span class=\"ng-star-inserted\">Allegato<\/span><\/strong><\/td>\n<td class=\"ng-star-inserted\"><strong class=\"ng-star-inserted\"><span class=\"ng-star-inserted\">Adesivo<\/span><\/strong><span class=\"ng-star-inserted\">, Termosaldatura, Cucitura,\u00a0<\/span><strong class=\"ng-star-inserted\"><span class=\"ng-star-inserted\">Etichetta appesa<\/span><\/strong><\/td>\n<\/tr>\n<tr class=\"ng-star-inserted\">\n<td class=\"ng-star-inserted\"><strong class=\"ng-star-inserted\"><span class=\"ng-star-inserted\">Personalizzazione<\/span><\/strong><\/td>\n<td class=\"ng-star-inserted\"><span class=\"ng-star-inserted\">Stampa, codifica,\u00a0<\/span><strong class=\"ng-star-inserted\"><span class=\"ng-star-inserted\">Codice a barre<\/span><\/strong><span class=\"ng-star-inserted\">, Logo<\/span><\/td>\n<\/tr>\n<tr class=\"ng-star-inserted\">\n<td class=\"ng-star-inserted\"><strong class=\"ng-star-inserted\"><span class=\"ng-star-inserted\">Fattore di forma<\/span><\/strong><\/td>\n<td class=\"ng-star-inserted\"><strong class=\"ng-star-inserted\"><span class=\"ng-star-inserted\">Etichetta appesa<\/span><\/strong><span class=\"ng-star-inserted\">,\u00a0<\/span><strong class=\"ng-star-inserted\"><span class=\"ng-star-inserted\">Adesivo<\/span><\/strong><span class=\"ng-star-inserted\">,\u00a0<\/span><strong class=\"ng-star-inserted\"><span class=\"ng-star-inserted\">Etichetta tessuta<\/span><\/strong><span class=\"ng-star-inserted\">,\u00a0<\/span><strong class=\"ng-star-inserted\"><span class=\"ng-star-inserted\">Intarsio<\/span><\/strong><\/td>\n<\/tr>\n<tr class=\"ng-star-inserted\">\n<td class=\"ng-star-inserted\"><strong class=\"ng-star-inserted\"><span class=\"ng-star-inserted\">Ambientale<\/span><\/strong><\/td>\n<td class=\"ng-star-inserted\"><span class=\"ng-star-inserted\">Antenna ecologica in carta 100%\u00a0<\/span><strong class=\"ng-star-inserted\"><span class=\"ng-star-inserted\">opzione<\/span><\/strong><span class=\"ng-star-inserted\">\u00a0disponibile<\/span><\/td>\n<\/tr>\n<\/tbody>\n<\/table>\n<p>&nbsp;<\/p>\n<\/div>\n<p class=\"ng-star-inserted\"><strong class=\"ng-star-inserted\"><span class=\"ng-star-inserted\">Etichetta RFID per indumenti<\/span><\/strong><span class=\"ng-star-inserted\">\u00a0\u00e8 l&#039;applicazione pi\u00f9 eccezionale in cui\u00a0<\/span><strong class=\"ng-star-inserted\"><span class=\"ng-star-inserted\">RFID<\/span><\/strong><span class=\"ng-star-inserted\">\u00a0<\/span><strong class=\"ng-star-inserted\"><span class=\"ng-star-inserted\">tecnologia<\/span><\/strong><span class=\"ng-star-inserted\">\u00a0ha un impatto sull&#039;industria dell&#039;abbigliamento. Attraverso\u00a0<\/span><strong class=\"ng-star-inserted\"><span class=\"ng-star-inserted\">radiofrequenza<\/span><\/strong><span class=\"ng-star-inserted\">\u00a0segnali, il\u00a0<\/span><strong class=\"ng-star-inserted\"><span class=\"ng-star-inserted\">RFID<\/span><\/strong><span class=\"ng-star-inserted\">\u00a0<\/span><strong class=\"ng-star-inserted\"><span class=\"ng-star-inserted\">indumento<\/span><\/strong><span class=\"ng-star-inserted\">\u00a0<\/span><strong class=\"ng-star-inserted\"><span class=\"ng-star-inserted\">etichetta<\/span><\/strong><span class=\"ng-star-inserted\">\u00a0pu\u00f2 identificare automaticamente gli oggetti target e ottenere dati rilevanti e identificare il lavoro senza intervento manuale. Pu\u00f2 funzionare in tutti i tipi di ambienti difficili. Questi\u00a0<\/span><strong class=\"ng-star-inserted\"><span class=\"ng-star-inserted\">i tag sono progettati<\/span><\/strong><span class=\"ng-star-inserted\">\u00a0per soddisfare esigenze diverse.<\/span><\/p>\n<h2 class=\"ng-star-inserted\"><strong class=\"ng-star-inserted\"><span class=\"ng-star-inserted\">Personalizzazione e integrazione<\/span><\/strong><\/h2>\n<p class=\"ng-star-inserted\"><strong class=\"ng-star-inserted\"><span class=\"ng-star-inserted\">RFID<\/span><\/strong><span class=\"ng-star-inserted\">\u00a0<\/span><strong class=\"ng-star-inserted\"><span class=\"ng-star-inserted\">indumento<\/span><\/strong><span class=\"ng-star-inserted\">\u00a0<\/span><strong class=\"ng-star-inserted\"><span class=\"ng-star-inserted\">etichette<\/span><\/strong><span class=\"ng-star-inserted\">\u00a0pu\u00f2 essere personalizzato per soddisfare le esigenze specifiche del tuo marchio e delle tue attivit\u00e0.\u00a0<\/span><strong class=\"ng-star-inserted\"><span class=\"ng-star-inserted\">Etichetta da appendere<\/span><\/strong><span class=\"ng-star-inserted\">possono essere personalizzati con il tuo logo, i colori del marchio e le informazioni sul prodotto. Etichette di cura con\u00a0<\/span><strong class=\"ng-star-inserted\"><span class=\"ng-star-inserted\">RFID<\/span><\/strong><span class=\"ng-star-inserted\">\u00a0<\/span><strong class=\"ng-star-inserted\"><span class=\"ng-star-inserted\">intarsio<\/span><\/strong><span class=\"ng-star-inserted\">possono essere progettati per integrarsi perfettamente con il tuo esistente\u00a0<\/span><strong class=\"ng-star-inserted\"><span class=\"ng-star-inserted\">indumento<\/span><\/strong><span class=\"ng-star-inserted\">\u00a0processi di produzione.<\/span><\/p>\n<h2 class=\"ng-star-inserted\"><strong class=\"ng-star-inserted\"><span class=\"ng-star-inserted\">Contattaci per implementare la tua strategia RFID<\/span><\/strong><\/h2>\n<p class=\"ng-star-inserted\"><span class=\"ng-star-inserted\">Pronti a sfruttare la potenza di\u00a0<\/span><strong class=\"ng-star-inserted\"><span class=\"ng-star-inserted\">RFID<\/span><\/strong><span class=\"ng-star-inserted\">\u00a0<\/span><strong class=\"ng-star-inserted\"><span class=\"ng-star-inserted\">tecnologia<\/span><\/strong><span class=\"ng-star-inserted\">\u00a0per trasformare il tuo\u00a0<\/span><strong class=\"ng-star-inserted\"><span class=\"ng-star-inserted\">abbigliamento<\/span><\/strong><span class=\"ng-star-inserted\">\u00a0Attivit\u00e0 commerciale?\u00a0<\/span><strong class=\"ng-star-inserted\"><span class=\"ng-star-inserted\">Contattaci<\/span><\/strong><span class=\"ng-star-inserted\">\u00a0oggi per discutere le tue esigenze specifiche e saperne di pi\u00f9 sulla nostra completa\u00a0<\/span><strong class=\"ng-star-inserted\"><span class=\"ng-star-inserted\">RFID<\/span><\/strong><span class=\"ng-star-inserted\">\u00a0soluzioni, tra cui\u00a0<\/span><strong class=\"ng-star-inserted\"><span class=\"ng-star-inserted\">RFID<\/span><\/strong><span class=\"ng-star-inserted\">\u00a0<\/span><strong class=\"ng-star-inserted\"><span class=\"ng-star-inserted\">indumento<\/span><\/strong><span class=\"ng-star-inserted\">\u00a0<\/span><strong class=\"ng-star-inserted\"><span class=\"ng-star-inserted\">etichette<\/span><\/strong><span class=\"ng-star-inserted\">,\u00a0<\/span><strong class=\"ng-star-inserted\"><span class=\"ng-star-inserted\">RFID<\/span><\/strong><span class=\"ng-star-inserted\">\u00a0lettori e software.<\/span><\/p>","protected":false},"excerpt":{"rendered":"<p><span class=\"ng-star-inserted\">Offriamo\u00a0<\/span><strong class=\"ng-star-inserted\"><span class=\"ng-star-inserted\">campioni gratuiti<\/span><\/strong><span class=\"ng-star-inserted\"> Di\u00a0 <\/span><strong class=\"ng-star-inserted\"><span class=\"ng-star-inserted\">Indumento RFID<\/span><\/strong><span class=\"ng-star-inserted\">\u00a0<\/span><strong class=\"ng-star-inserted\"><span class=\"ng-star-inserted\">etichette<\/span><\/strong><span class=\"ng-star-inserted\">\u00a0in modo da poter valutare le loro prestazioni nel tuo ambiente. Il nostro stabilimento di produzione \u00e8 dotato di\u00a0<\/span><strong class=\"ng-star-inserted\"><span class=\"ng-star-inserted\">ultimo<\/span><\/strong><span class=\"ng-star-inserted\">\u00a0<\/span><strong class=\"ng-star-inserted\"><span class=\"ng-star-inserted\">tecnologia<\/span><\/strong><span class=\"ng-star-inserted\">\u00a0per garantire\u00a0<\/span><strong class=\"ng-star-inserted\"><span class=\"ng-star-inserted\">alta qualit\u00e0<\/span><\/strong><span class=\"ng-star-inserted\">\u00a0<\/span><strong class=\"ng-star-inserted\"><span class=\"ng-star-inserted\">etichetta<\/span><\/strong><span class=\"ng-star-inserted\">a prezzi competitivi.<\/span><\/p>","protected":false},"featured_media":3181,"template":"","meta":{"_kad_post_transparent":"default","_kad_post_title":"","_kad_post_layout":"default","_kad_post_sidebar_id":"","_kad_post_content_style":"default","_kad_post_vertical_padding":"default","_kad_post_feature":"","_kad_post_feature_position":"","_kad_post_header":false,"_kad_post_footer":false,"_kad_post_classname":""},"product_brand":[],"product_cat":[53],"product_tag":[385,383,384],"class_list":{"0":"post-3180","1":"product","2":"type-product","3":"status-publish","4":"has-post-thumbnail","6":"product_cat-rfid-clothes-tag","7":"product_tag-rfid-garment-paper-tag","8":"product_tag-rfid-garment-tag","9":"product_tag-rfid-hang-tag","11":"first","12":"instock","13":"shipping-taxable","14":"product-type-simple","15":"entry","16":"content-bg","17":"loop-entry"},"_links":{"self":[{"href":"https:\/\/rfid-laundry-tag.com\/it\/wp-json\/wp\/v2\/product\/3180","targetHints":{"allow":["GET"]}}],"collection":[{"href":"https:\/\/rfid-laundry-tag.com\/it\/wp-json\/wp\/v2\/product"}],"about":[{"href":"https:\/\/rfid-laundry-tag.com\/it\/wp-json\/wp\/v2\/types\/product"}],"version-history":[{"count":1,"href":"https:\/\/rfid-laundry-tag.com\/it\/wp-json\/wp\/v2\/product\/3180\/revisions"}],"predecessor-version":[{"id":3185,"href":"https:\/\/rfid-laundry-tag.com\/it\/wp-json\/wp\/v2\/product\/3180\/revisions\/3185"}],"wp:featuredmedia":[{"embeddable":true,"href":"https:\/\/rfid-laundry-tag.com\/it\/wp-json\/wp\/v2\/media\/3181"}],"wp:attachment":[{"href":"https:\/\/rfid-laundry-tag.com\/it\/wp-json\/wp\/v2\/media?parent=3180"}],"wp:term":[{"taxonomy":"product_brand","embeddable":true,"href":"https:\/\/rfid-laundry-tag.com\/it\/wp-json\/wp\/v2\/product_brand?post=3180"},{"taxonomy":"product_cat","embeddable":true,"href":"https:\/\/rfid-laundry-tag.com\/it\/wp-json\/wp\/v2\/product_cat?post=3180"},{"taxonomy":"product_tag","embeddable":true,"href":"https:\/\/rfid-laundry-tag.com\/it\/wp-json\/wp\/v2\/product_tag?post=3180"}],"curies":[{"name":"parola chiave","href":"https:\/\/api.w.org\/{rel}","templated":true}]}}