{"id":315,"date":"2024-06-28T01:50:42","date_gmt":"2024-06-28T01:50:42","guid":{"rendered":"https:\/\/rfid-laundry-tag.com\/?post_type=product&#038;p=315"},"modified":"2024-08-19T15:48:20","modified_gmt":"2024-08-19T15:48:20","slug":"tamper-proof-nfc-sticker-ntag424-dna-tt","status":"publish","type":"product","link":"https:\/\/rfid-laundry-tag.com\/it\/tamper-proof-nfc-sticker-ntag424-dna-tt\/","title":{"rendered":"Adesivo NFC antimanomissione NTAG424 DNA TT"},"content":{"rendered":"<h2>Adesivo NFC antimanomissione NTAG424 DNA TT<\/h2>\n<table class=\"all magic-15\">\n<tbody>\n<tr>\n<td colspan=\"1\" rowspan=\"1\">\n<div class=\"magic-16\" data-spm-anchor-id=\"a2700.details.0.i75.2d9c3353FQLlpS\">Materiale<\/div>\n<\/td>\n<td colspan=\"4\" rowspan=\"1\">\n<div class=\"magic-17\">Carta fragile + antenna fragile<\/div>\n<\/td>\n<\/tr>\n<tr>\n<td colspan=\"1\" rowspan=\"1\">\n<div class=\"magic-16\">Misurare<\/div>\n<\/td>\n<td colspan=\"4\" rowspan=\"1\">\n<div class=\"magic-17\">24*60mm, 20*70mm, 27*77mm, 35*66mm, 35mm*80mm ecc.<\/div>\n<\/td>\n<\/tr>\n<tr>\n<td colspan=\"1\" rowspan=\"1\">\n<div class=\"magic-16\">Stampa<\/div>\n<\/td>\n<td colspan=\"4\" rowspan=\"1\">\n<div class=\"magic-17\">Stampa a colori<\/div>\n<\/td>\n<\/tr>\n<tr>\n<td colspan=\"1\" rowspan=\"1\">\n<div class=\"magic-16\">Frequenza<\/div>\n<\/td>\n<td colspan=\"4\" rowspan=\"1\">\n<div class=\"magic-17\" data-spm-anchor-id=\"a2700.details.0.i74.2d9c3353FQLlpS\">13,56 MHz<\/div>\n<\/td>\n<\/tr>\n<tr>\n<td colspan=\"1\" rowspan=\"1\">\n<div class=\"magic-16\">Protocollo<\/div>\n<\/td>\n<td colspan=\"4\" rowspan=\"1\">\n<div class=\"magic-17\">ISO14443A<\/div>\n<\/td>\n<\/tr>\n<tr>\n<td colspan=\"1\" rowspan=\"2\">\n<div class=\"magic-16\">Chip<\/div>\n<\/td>\n<td colspan=\"4\" rowspan=\"1\">\n<div class=\"magic-17\">\n<p>NTAG213 TT<\/p>\n<p>* 184 byte organizzati in 46 pagine con 4 byte per pagina<br \/>\n* 144 byte di area di lettura\/scrittura utente liberamente disponibili (36 pagine)<\/p>\n<\/div>\n<\/td>\n<\/tr>\n<tr>\n<td colspan=\"4\" rowspan=\"1\">\n<div class=\"magic-17\">\n<p>Manomissione DNA TT NTAG424 (416 byte)<\/p>\n<p>416 byte di memoria organizzati in un file system ISO\/IEC 7816-4:<br \/>\n* Contenitore con capacit\u00e0 di 32 byte<br \/>\n* File NDEF da 256 byte<br \/>\n* File di dati protetti da 128 byte<\/p>\n<\/div>\n<\/td>\n<\/tr>\n<tr>\n<td colspan=\"1\" rowspan=\"1\">\n<div class=\"magic-16\">Distanza di lettura<\/div>\n<\/td>\n<td colspan=\"4\" rowspan=\"1\">\n<div class=\"magic-17\" data-spm-anchor-id=\"a2700.details.0.i76.2d9c3353FQLlpS\">1-10CM (in relazione alle prestazioni del lettore e all&#039;ambiente di lavoro)<\/div>\n<\/td>\n<\/tr>\n<tr>\n<td colspan=\"1\" rowspan=\"1\">\n<div class=\"magic-16\">Caratteristica<\/div>\n<\/td>\n<td colspan=\"4\" rowspan=\"1\">\n<div class=\"magic-17\">Anticontraffazione, antimanomissione, monouso<\/div>\n<\/td>\n<\/tr>\n<tr>\n<td colspan=\"1\" rowspan=\"1\">\n<div class=\"magic-16\">Supporto personalizzato<\/div>\n<\/td>\n<td colspan=\"4\" rowspan=\"1\">\n<div class=\"magic-17\">Materiale, dimensioni, chip, stampa, codifica, numero di serie, forma, confezione ecc.<\/div>\n<\/td>\n<\/tr>\n<tr>\n<td colspan=\"1\" rowspan=\"1\">\n<div class=\"magic-16\">Certificato<\/div>\n<\/td>\n<td colspan=\"4\" rowspan=\"1\">\n<div class=\"magic-17\">Certificazione CE RoHS ISO<\/div>\n<\/td>\n<\/tr>\n<\/tbody>\n<\/table>\n<h3>Come funziona TAG (NTAG213 TagTamper \/ 424 DNA TagTamper)<\/h3>\n<p><strong>Principio generale:<\/strong><\/p>\n<p>Il sistema TAG utilizza\u00a0<strong>Tecnologia RFID<\/strong>\u00a0con una specializzazione\u00a0<strong>Manomissione dell&#039;etichetta<\/strong>\u00a0funzionalit\u00e0 per rilevare l&#039;apertura non autorizzata del pacco. \u00c8 composta da due componenti principali:<\/p>\n<ol>\n<li><strong>Etichetta RFID:<\/strong>\n<ul>\n<li><strong>Anello dell&#039;antenna principale:<\/strong>\u00a0Trasmette onde radio tra il lettore RFID e il chip IC.<\/li>\n<li><strong>Circuito\/filo di rilevamento:<\/strong>\u00a0Un filo separato progettato per rompersi in caso di manomissione. Questa rottura viene registrata in modo permanente dal chip IC.<\/li>\n<\/ul>\n<\/li>\n<li><strong>Lettore RFID:<\/strong>\n<ul>\n<li><strong>Legge i dati dal tag RFID<\/strong>, compreso lo stato del cavo di rilevamento.<\/li>\n<li><strong>Trasmette i dati a un server<\/strong>, dove pu\u00f2 essere analizzato e utilizzato per varie applicazioni.<\/li>\n<\/ul>\n<\/li>\n<\/ol>\n<p><strong>Funzionalit\u00e0 antimanomissione dei tag:<\/strong><\/p>\n<ul>\n<li>Il filo di rilevamento \u00e8 collegato al chip IC.<\/li>\n<li>Quando il filo si rompe, il chip\u00a0<strong>memorizza una registrazione permanente dell&#039;evento di manomissione<\/strong>.<\/li>\n<li>Questa informazione pu\u00f2 essere\u00a0<strong>rispecchiato nel codice ASCII nella memoria utente<\/strong>\u00a0E\u00a0<strong>segnalato al cloud<\/strong>\u00a0per ulteriori analisi.<\/li>\n<\/ul>\n<p><strong>424 DNA TagTamper con crittografia AES-128:<\/strong><\/p>\n<ul>\n<li><strong>Messaggio di autenticazione NFC univoco (SUN):<\/strong>\u00a0Ogni volta che il 424 DNA TagTamper viene toccato con un cellulare o un lettore NFC, genera un SUN univoco.<\/li>\n<li><strong>Autenticazione sicura:<\/strong>\n<ul>\n<li>Il SUN viene inviato a un server host, insieme a un URL univoco.<\/li>\n<li>L&#039;host esegue l&#039;autenticazione utilizzando la crittografia AES-128.<\/li>\n<li><strong>Verifica<\/strong>\u00a0viene restituito al lettore\/dispositivo mobile.<\/li>\n<\/ul>\n<\/li>\n<\/ul>\n<p><strong>Applicazioni:<\/strong><\/p>\n<ul>\n<li><strong>Anticontraffazione avanzata (autenticazione del prodotto):<\/strong>\n<ul>\n<li>Verifica l&#039;autenticit\u00e0 dei beni fisici.<\/li>\n<li>Identifica le vendite al di fuori dei mercati autorizzati.<\/li>\n<\/ul>\n<\/li>\n<li><strong>Rilevamento e protezione antimanomissione (imballaggio intelligente):<\/strong>\n<ul>\n<li>Rileva l&#039;apertura non autorizzata del prodotto.<\/li>\n<li>Garantisce l&#039;integrit\u00e0 del prodotto.<\/li>\n<\/ul>\n<\/li>\n<li><strong>Esperienze utente esclusive garantite in base allo stato del prodotto:<\/strong>\n<ul>\n<li>Consente interazioni avanzate con l&#039;utente (pre e post vendita).<\/li>\n<li>Premia i clienti con contenuti, offerte e privilegi personalizzati.<\/li>\n<\/ul>\n<\/li>\n<li><strong>Applicazioni per dati sensibili protetti:<\/strong>\n<ul>\n<li>Protegge i dati sensibili dei prodotti e degli utenti.<\/li>\n<li>Avvia un&#039;azione in caso di incidenza verificata (ad esempio, pagamento).<\/li>\n<\/ul>\n<\/li>\n<li><strong>Autenticazione e configurazione sicure dei dispositivi a circuito chiuso:<\/strong>\n<ul>\n<li>Autentica materiali di consumo e parti.<\/li>\n<li>Abilita un controllo di integrit\u00e0.<\/li>\n<li>Trasferisce automaticamente le impostazioni del dispositivo.<\/li>\n<\/ul>\n<\/li>\n<\/ul>\n<p><strong>Vantaggi principali:<\/strong><\/p>\n<ul>\n<li><strong>Alta sicurezza:<\/strong>\u00a0La funzione di rilevamento delle manomissioni e la crittografia AES-128 garantiscono l&#039;integrit\u00e0 dei dati e impediscono l&#039;accesso non autorizzato.<\/li>\n<li><strong>Applicazioni versatili:<\/strong>\u00a0Il sistema pu\u00f2 essere utilizzato per vari scopi, dall&#039;autenticazione dei prodotti alla sicurezza dei dati.<\/li>\n<li><strong>Monitoraggio in tempo reale:<\/strong>\u00a0Le informazioni vengono inviate al cloud in tempo reale, consentendo azioni immediate e monitoraggio.<\/li>\n<\/ul>","protected":false},"excerpt":{"rendered":"<p>NTAG 424 DNA \u00e8 un adesivo NFC antimanomissione ad alta sicurezza e potente NTAG424 DNA TT fornito da NXP semiconductors. Il tag \u00e8 ideale per proteggere asset e informazioni in quanto presenta funzionalit\u00e0 avanzate, come la crittografia AES e l&#039;autenticazione dei messaggi SUN, e protegge l&#039;archiviazione di dati sensibili.<\/p>","protected":false},"featured_media":316,"template":"","meta":{"_kad_post_transparent":"default","_kad_post_title":"","_kad_post_layout":"default","_kad_post_sidebar_id":"","_kad_post_content_style":"default","_kad_post_vertical_padding":"default","_kad_post_feature":"","_kad_post_feature_position":"","_kad_post_header":false,"_kad_post_footer":false,"_kad_post_classname":""},"product_brand":[],"product_cat":[54],"product_tag":[135,134],"class_list":{"0":"post-315","1":"product","2":"type-product","3":"status-publish","4":"has-post-thumbnail","6":"product_cat-hot-selling-rfid-tags","7":"product_tag-tamper-proof-nfc-sticker","8":"product_tag-tamper-proof-nfc-sticker-ntag424-dna-tt","10":"first","11":"instock","12":"shipping-taxable","13":"product-type-simple","14":"entry","15":"content-bg","16":"loop-entry"},"_links":{"self":[{"href":"https:\/\/rfid-laundry-tag.com\/it\/wp-json\/wp\/v2\/product\/315","targetHints":{"allow":["GET"]}}],"collection":[{"href":"https:\/\/rfid-laundry-tag.com\/it\/wp-json\/wp\/v2\/product"}],"about":[{"href":"https:\/\/rfid-laundry-tag.com\/it\/wp-json\/wp\/v2\/types\/product"}],"version-history":[{"count":1,"href":"https:\/\/rfid-laundry-tag.com\/it\/wp-json\/wp\/v2\/product\/315\/revisions"}],"predecessor-version":[{"id":1566,"href":"https:\/\/rfid-laundry-tag.com\/it\/wp-json\/wp\/v2\/product\/315\/revisions\/1566"}],"wp:featuredmedia":[{"embeddable":true,"href":"https:\/\/rfid-laundry-tag.com\/it\/wp-json\/wp\/v2\/media\/316"}],"wp:attachment":[{"href":"https:\/\/rfid-laundry-tag.com\/it\/wp-json\/wp\/v2\/media?parent=315"}],"wp:term":[{"taxonomy":"product_brand","embeddable":true,"href":"https:\/\/rfid-laundry-tag.com\/it\/wp-json\/wp\/v2\/product_brand?post=315"},{"taxonomy":"product_cat","embeddable":true,"href":"https:\/\/rfid-laundry-tag.com\/it\/wp-json\/wp\/v2\/product_cat?post=315"},{"taxonomy":"product_tag","embeddable":true,"href":"https:\/\/rfid-laundry-tag.com\/it\/wp-json\/wp\/v2\/product_tag?post=315"}],"curies":[{"name":"parola chiave","href":"https:\/\/api.w.org\/{rel}","templated":true}]}}