{"id":313,"date":"2024-06-28T01:43:55","date_gmt":"2024-06-28T01:43:55","guid":{"rendered":"https:\/\/rfid-laundry-tag.com\/?post_type=product&#038;p=313"},"modified":"2024-08-19T15:55:01","modified_gmt":"2024-08-19T15:55:01","slug":"tamper-proof-ntag424-dna-tt-nfc-label","status":"publish","type":"product","link":"https:\/\/rfid-laundry-tag.com\/it\/tamper-proof-ntag424-dna-tt-nfc-label\/","title":{"rendered":"Etichetta NFC DNA TT Ntag424 antimanomissione"},"content":{"rendered":"<table class=\"hight-light-first-column all magic-8\">\n<tbody>\n<tr>\n<td colspan=\"1\" rowspan=\"1\">\n<div class=\"magic-11\"><span class=\"magic-7\" data-spm-anchor-id=\"a2700.details.0.i73.5472537dnd6ZwT\">Nome dell&#039;articolo<\/span><\/div>\n<\/td>\n<td colspan=\"1\" rowspan=\"1\">\n<div class=\"magic-12\"><span class=\"magic-7\">Tag NFC anti-falsificazione<\/span><\/div>\n<\/td>\n<\/tr>\n<tr>\n<td colspan=\"1\" rowspan=\"1\">\n<div class=\"magic-11\"><span class=\"magic-7\">Parola chiave<\/span><\/div>\n<\/td>\n<td colspan=\"1\" rowspan=\"1\">\n<div class=\"magic-12\"><span class=\"magic-7\">Etichetta NFC DNA TT Ntag424 antimanomissione<\/span><\/div>\n<\/td>\n<\/tr>\n<tr>\n<td colspan=\"1\" rowspan=\"1\">\n<div class=\"magic-11\"><span class=\"magic-7\">Materiale<\/span><\/div>\n<\/td>\n<td colspan=\"1\" rowspan=\"1\">\n<div class=\"magic-12\"><span class=\"magic-7\">AL+PET+Carta<\/span><\/div>\n<\/td>\n<\/tr>\n<tr>\n<td colspan=\"1\" rowspan=\"1\">\n<div class=\"magic-11\"><span class=\"magic-7\">Misurare<\/span><\/div>\n<\/td>\n<td colspan=\"1\" rowspan=\"1\">\n<div class=\"magic-12\"><span class=\"magic-7\">24*49*0,2mm<\/span><\/div>\n<\/td>\n<\/tr>\n<tr>\n<td colspan=\"1\" rowspan=\"1\">\n<div class=\"magic-11\"><span class=\"magic-7\">Chip<\/span><\/div>\n<\/td>\n<td colspan=\"1\" rowspan=\"1\">\n<div class=\"magic-12\"><span class=\"magic-7\">NTag 424 DNA TT<\/span><\/div>\n<\/td>\n<\/tr>\n<tr>\n<td colspan=\"1\" rowspan=\"1\">\n<div class=\"magic-11\"><span class=\"magic-7\">Memoria<\/span><\/div>\n<\/td>\n<td colspan=\"1\" rowspan=\"1\">\n<div class=\"magic-12\" data-spm-anchor-id=\"a2700.details.0.i72.5472537dnd6ZwT\"><span class=\"magic-7\">416 byte<\/span><\/div>\n<\/td>\n<\/tr>\n<tr>\n<td colspan=\"1\" rowspan=\"1\">\n<div class=\"magic-11\"><span class=\"magic-7\">Frequenza<\/span><\/div>\n<\/td>\n<td colspan=\"1\" rowspan=\"1\">\n<div class=\"magic-12\"><span class=\"magic-7\">13,56 MHz<\/span><\/div>\n<\/td>\n<\/tr>\n<tr>\n<td colspan=\"1\" rowspan=\"1\">\n<div class=\"magic-11\"><span class=\"magic-7\">Protocollo<\/span><\/div>\n<\/td>\n<td colspan=\"1\" rowspan=\"1\">\n<div class=\"magic-12\"><span class=\"magic-7\">Norma ISO 14443A<\/span><\/div>\n<\/td>\n<\/tr>\n<tr>\n<td colspan=\"1\" rowspan=\"1\">\n<div class=\"magic-11\"><span class=\"magic-7\">Applicazione<\/span><\/div>\n<\/td>\n<td colspan=\"1\" rowspan=\"1\">\n<div class=\"magic-12\"><span class=\"magic-7\">Sicurezza per alcolici, cosmetici di alta gamma, gioielli, gestione patrimoniale, ecc.<\/span><\/div>\n<\/td>\n<\/tr>\n<tr>\n<td colspan=\"1\" rowspan=\"1\">\n<div class=\"magic-11\"><span class=\"magic-7\">Caratteristica<\/span><\/div>\n<\/td>\n<td colspan=\"1\" rowspan=\"1\">\n<div class=\"magic-12\"><span class=\"magic-7\">ANTI-FALSO<\/span><\/div>\n<\/td>\n<\/tr>\n<\/tbody>\n<\/table>\n<p>&nbsp;<\/p>\n<p>NTAG 424 DNA \u00e8 un tag NFC potente e ad alta sicurezza fornito da NXP semiconductors. Il tag \u00e8 ideale per proteggere asset e informazioni in quanto presenta funzionalit\u00e0 avanzate, come la crittografia AES e l&#039;autenticazione dei messaggi SUN, e protegge l&#039;archiviazione di dati sensibili.<\/p>\n<div class=\"auto-hide-last-sibling-br paragraph_9dc5f paragraph-element\">l&#039;NTAG 424 DNA TT (NT4H2421Tx) rappresenta un incredibile progresso nel campo delle applicazioni NFC e IoT. La sua posizione verso una maggiore sicurezza e la protezione dell&#039;integrit\u00e0 del prodotto sono una testimonianza del suo design all&#039;avanguardia.<\/div>\n<p>&nbsp;<\/p>\n<div class=\"auto-hide-last-sibling-br paragraph_9dc5f paragraph-element\"><strong>Caratteristiche di NTAG 424 DNA TT (NT4H2421Tx):<\/strong><\/div>\n<div><\/div>\n<ol class=\"auto-hide-last-sibling-br\">\n<li>\n<div class=\"auto-hide-last-sibling-br paragraph_9dc5f paragraph-element\"><strong>Alta sicurezza:<\/strong>\u00a0Grazie alle misure di sicurezza all&#039;avanguardia, questo chip offre una protezione avanzata contro accessi non autorizzati e manomissioni.<\/div>\n<\/li>\n<li>\n<div class=\"auto-hide-last-sibling-br paragraph_9dc5f paragraph-element\"><strong>Rilevamento dello stato:<\/strong>\u00a0Il chip utilizza algoritmi di rilevamento dello stato accurati per identificare rapidamente eventuali anomalie. Questa funzionalit\u00e0 \u00e8 particolarmente utile per rilevare tentativi di manomissione sui prodotti.<\/div>\n<\/li>\n<li>\n<div class=\"auto-hide-last-sibling-br paragraph_9dc5f paragraph-element\"><strong>Tutela della privacy:<\/strong>\u00a0In un&#039;epoca in cui la privacy \u00e8 molto apprezzata, l&#039;NTAG 424 DNA TT (NT4H2421Tx) fornisce anche affidabili meccanismi di protezione della privacy contro potenziali violazioni dei dati.<\/div>\n<\/li>\n<li>\n<div class=\"auto-hide-last-sibling-br paragraph_9dc5f paragraph-element\"><strong>Design antimanomissione:<\/strong>\u00a0Il prodotto \u00e8 progettato in modo brillante con caratteristiche antimanomissione, come l&#039;utilizzo di materiali fragili nella realizzazione dell&#039;antenna, carta triturata e misure anti-sfaldamento per garantire che il tag non sia trasferibile.<\/div>\n<\/li>\n<li>\n<div class=\"auto-hide-last-sibling-br paragraph_9dc5f paragraph-element\"><strong>Rilevamento efficiente:<\/strong>\u00a0Le etichette complete e non compromesse possono essere rapidamente identificate da un lettore di schede abilitato NFC o da un telefono cellulare. Se manomessa, l&#039;etichetta altera il suo stato di rilevamento o diventa illeggibile, indicando cos\u00ec un problema con l&#039;integrit\u00e0 del prodotto.<\/div>\n<\/li>\n<\/ol>\n<div class=\"auto-hide-last-sibling-br paragraph_9dc5f paragraph-element\"><strong>Domande frequenti su NTAG 424 DNA TT (NT4H2421Tx):<\/strong><\/div>\n<div><\/div>\n<div class=\"auto-hide-last-sibling-br paragraph_9dc5f paragraph-element\">Q:\u00a0<strong>Quali applicazioni trarranno i maggiori vantaggi dall&#039;NTAG 424 DNA TT (NT4H2421Tx)?<\/strong><br class=\"container_21264 wrapper_661ac undefined\" \/>R: Il modello NTAG 424 DNA TT (NT4H2421Tx) \u00e8 utilizzato principalmente nei settori che richiedono elevati livelli di sicurezza, come beni di lusso, prodotti farmaceutici, documenti importanti e altri articoli che richiedono rigide misure anticontraffazione.<\/div>\n<div><\/div>\n<div class=\"auto-hide-last-sibling-br paragraph_9dc5f paragraph-element\">Q:\u00a0<strong>Quanto \u00e8 affidabile la funzione di rilevamento delle manomissioni?<\/strong><br class=\"container_21264 wrapper_661ac undefined\" \/>R: Il tag utilizza materiali fragili attentamente progettati che lo rendono altamente sensibile a qualsiasi tentativo di manomissione. Quando viene manomesso, cambia il suo stato di rilevamento o diventa illeggibile, segnalando efficacemente qualsiasi tentativo di manomissione non autorizzato.<\/div>\n<div class=\"auto-hide-last-sibling-br paragraph_9dc5f paragraph-element\">Queste funzionalit\u00e0 avanzate dell&#039;NTAG 424 DNA TT (NT4H2421Tx) servono a rafforzare la sicurezza, la protezione e l&#039;autenticit\u00e0 di qualsiasi prodotto a cui \u00e8 associato.<\/div>","protected":false},"excerpt":{"rendered":"<p>NTAG 424 DNA TT stabilisce un nuovo standard nelle applicazioni NFC e IoT sicure, introducendo una nuova generazione di chip NTAG DNA con funzionalit\u00e0 all&#039;avanguardia per la sicurezza, il rilevamento dello stato e la protezione della privacy.<\/p>","protected":false},"featured_media":314,"template":"","meta":{"_kad_post_transparent":"default","_kad_post_title":"","_kad_post_layout":"default","_kad_post_sidebar_id":"","_kad_post_content_style":"default","_kad_post_vertical_padding":"default","_kad_post_feature":"","_kad_post_feature_position":"","_kad_post_header":false,"_kad_post_footer":false,"_kad_post_classname":""},"product_brand":[],"product_cat":[54],"product_tag":[130,131],"class_list":{"0":"post-313","1":"product","2":"type-product","3":"status-publish","4":"has-post-thumbnail","6":"product_cat-hot-selling-rfid-tags","7":"product_tag-tamper-proof-ntag424-dna-tt-nfc-sticker","8":"product_tag-tamper-proof-ntag424-tt-nfc-sticker","10":"first","11":"instock","12":"shipping-taxable","13":"product-type-simple","14":"entry","15":"content-bg","16":"loop-entry"},"_links":{"self":[{"href":"https:\/\/rfid-laundry-tag.com\/it\/wp-json\/wp\/v2\/product\/313","targetHints":{"allow":["GET"]}}],"collection":[{"href":"https:\/\/rfid-laundry-tag.com\/it\/wp-json\/wp\/v2\/product"}],"about":[{"href":"https:\/\/rfid-laundry-tag.com\/it\/wp-json\/wp\/v2\/types\/product"}],"version-history":[{"count":3,"href":"https:\/\/rfid-laundry-tag.com\/it\/wp-json\/wp\/v2\/product\/313\/revisions"}],"predecessor-version":[{"id":1569,"href":"https:\/\/rfid-laundry-tag.com\/it\/wp-json\/wp\/v2\/product\/313\/revisions\/1569"}],"wp:featuredmedia":[{"embeddable":true,"href":"https:\/\/rfid-laundry-tag.com\/it\/wp-json\/wp\/v2\/media\/314"}],"wp:attachment":[{"href":"https:\/\/rfid-laundry-tag.com\/it\/wp-json\/wp\/v2\/media?parent=313"}],"wp:term":[{"taxonomy":"product_brand","embeddable":true,"href":"https:\/\/rfid-laundry-tag.com\/it\/wp-json\/wp\/v2\/product_brand?post=313"},{"taxonomy":"product_cat","embeddable":true,"href":"https:\/\/rfid-laundry-tag.com\/it\/wp-json\/wp\/v2\/product_cat?post=313"},{"taxonomy":"product_tag","embeddable":true,"href":"https:\/\/rfid-laundry-tag.com\/it\/wp-json\/wp\/v2\/product_tag?post=313"}],"curies":[{"name":"parola chiave","href":"https:\/\/api.w.org\/{rel}","templated":true}]}}