{"id":312,"date":"2024-06-26T17:16:17","date_gmt":"2024-06-26T17:16:17","guid":{"rendered":"https:\/\/rfid-laundry-tag.com\/?post_type=product&#038;p=312"},"modified":"2024-06-26T17:19:23","modified_gmt":"2024-06-26T17:19:23","slug":"ntag213-nfc-inlay-dia25mm","status":"publish","type":"product","link":"https:\/\/rfid-laundry-tag.com\/it\/ntag213-nfc-inlay-dia25mm\/","title":{"rendered":"Ntag213 NFC Inserto Diametro25mm"},"content":{"rendered":"<div class=\"text-title\"><strong><span class=\"magic-26\" style=\"font-family: Arial;\" data-spm-anchor-id=\"a2700.details.0.i47.6f4d7d7dnursE7\">Inserto NFC Dry<\/span><\/strong><\/div>\n<div class=\"text-content\">\n<p><span class=\"magic-6\" style=\"font-family: Arial;\">In parole povere, l&#039;intarsio RFID a secco \u00e8 una combinazione di chip RFID e antenna. Pu\u00f2 essere utilizzato per realizzare adesivi NFC, etichette RFID, biglietti RFID e vari tag RFID. <\/span><\/p>\n<div data-spm-anchor-id=\"a2700.details.0.i46.6f4d7d7dnursE7\">\n<p><span class=\"magic-6\" style=\"font-family: Arial;\"> L&#039;antenna dell&#039;intarsio a secco \u00e8 un&#039;incisione in alluminio, che \u00e8 pi\u00f9 sottile rispetto alla bobina di rame. La forma dell&#039;antenna potrebbe essere personalizzata e riprogettata su richiesta.<\/span><\/p>\n<div><\/div>\n<\/div>\n<\/div>\n<div>\n<div class=\"text-title\"><strong><span class=\"magic-26\" style=\"font-family: Arial;\">Inserto NFC Wet<\/span><\/strong><\/div>\n<div class=\"text-content\">\n<p><span class=\"magic-6\" style=\"font-family: Arial;\" data-spm-anchor-id=\"a2700.details.0.i49.6f4d7d7dnursE7\">L&#039;intarsio secco RFID aggiunto con un adesivo \u00e8 chiamato intarsio umido. Pu\u00f2 essere utilizzato come etichetta RFID o adesivo NFC direttamente se non \u00e8 necessaria alcuna stampa sulla superficie. Essere incollato sugli oggetti pu\u00f2 far risparmiare sui costi e raggiungere lo stesso scopo. \u00c8 anche ampiamente applicato nella realizzazione di tag RFID. L&#039;antenna dell&#039;intarsio umido \u00e8 un&#039;incisione in alluminio, che \u00e8 pi\u00f9 sottile rispetto alla bobina di rame. La forma dell&#039;antenna pu\u00f2 essere personalizzata e riprogettata su richiesta.<\/span><\/p>\n<div>\n<h2>Ntag213 NFC Inserto Diametro25mm<\/h2>\n<p>Questa specifica descrive un Ntag213 NFC Inlay con un diametro di 25 mm. \u00c8 un dry inlay, ovvero non ha un supporto adesivo e richiede passaggi aggiuntivi per il fissaggio a un oggetto.<\/p>\n<p><strong>Caratteristiche principali:<\/strong><\/p>\n<ul>\n<li><strong>Chip:<\/strong>\u00a0Ntag213<\/li>\n<li><strong>Diametro:<\/strong>\u00a025mm<\/li>\n<li><strong>Tipo:<\/strong>\u00a0Intarsio a secco<\/li>\n<li><strong>Protocollo:<\/strong>\u00a0ISO\/IEC 14443 Tipo A<\/li>\n<li><strong>Frequenza:<\/strong>\u00a013,56 MHz<\/li>\n<li><strong>Memoria:<\/strong>\u00a0144 byte<\/li>\n<\/ul>\n<p><strong>Vantaggi:<\/strong><\/p>\n<ul>\n<li><strong>Conveniente:<\/strong>\u00a0Ntag213 \u00e8 un chip NFC ampiamente utilizzato e conveniente.<\/li>\n<li><strong>Versatile:<\/strong>\u00a0Adatto a un&#039;ampia gamma di applicazioni grazie alla sua capacit\u00e0 di memoria e alle sue funzionalit\u00e0.<\/li>\n<li><strong>Durevole:<\/strong>\u00a0Gli intarsi asciutti offrono una maggiore durata rispetto agli intarsi bagnati.<\/li>\n<li><strong>Personalizzabile:<\/strong>\u00a0L&#039;antenna pu\u00f2 essere personalizzata per applicazioni specifiche.<\/li>\n<\/ul>\n<p><strong>Applicazioni:<\/strong><\/p>\n<ul>\n<li><strong>Controllo degli accessi:<\/strong>\u00a0Tessere magnetiche, badge RFID e altri sistemi di accesso sicuro.<\/li>\n<li><strong>Monitoraggio delle risorse:<\/strong>\u00a0Monitoraggio dell&#039;inventario, delle attrezzature e di altri beni di valore.<\/li>\n<li><strong>Marketing e pubblicit\u00e0:<\/strong>\u00a0Poster interattivi, materiale promozionale e programmi fedelt\u00e0.<\/li>\n<li><strong>Sistemi di pagamento:<\/strong>\u00a0Carte di pagamento contactless e portafogli mobili.<\/li>\n<li><strong>Archiviazione dei dati:<\/strong>\u00a0Memorizzazione di piccole quantit\u00e0 di dati, come informazioni sui prodotti o numeri di serie.<\/li>\n<\/ul>\n<\/div>\n<div data-spm-anchor-id=\"a2700.details.0.i48.6f4d7d7dnursE7\"><\/div>\n<\/div>\n<\/div>","protected":false},"excerpt":{"rendered":"<p><strong>Inserti RFID NFC<\/strong> sono di due tipi, wet e dry. Un inserto RFID NFC wet \u00e8 dotato di un supporto adesivo, mentre uno dry no. Offrono un&#039;opzione tag che opera a 13,56 MHz specificamente progettata per i produttori di apparecchiature originali (OEM). Per questi inserti sono disponibili sia chip di memoria NFC ISO 15693 che 14443.<\/p>","protected":false},"featured_media":287,"template":"","meta":{"_kad_post_transparent":"default","_kad_post_title":"","_kad_post_layout":"default","_kad_post_sidebar_id":"","_kad_post_content_style":"default","_kad_post_vertical_padding":"default","_kad_post_feature":"","_kad_post_feature_position":"","_kad_post_header":false,"_kad_post_footer":false,"_kad_post_classname":""},"product_brand":[],"product_cat":[54],"product_tag":[111,129],"class_list":{"0":"post-312","1":"product","2":"type-product","3":"status-publish","4":"has-post-thumbnail","6":"product_cat-hot-selling-rfid-tags","7":"product_tag-nfc-inlay","8":"product_tag-ntag213-nfc-inlay-dia25mm","10":"first","11":"instock","12":"shipping-taxable","13":"product-type-simple","14":"entry","15":"content-bg","16":"loop-entry"},"_links":{"self":[{"href":"https:\/\/rfid-laundry-tag.com\/it\/wp-json\/wp\/v2\/product\/312","targetHints":{"allow":["GET"]}}],"collection":[{"href":"https:\/\/rfid-laundry-tag.com\/it\/wp-json\/wp\/v2\/product"}],"about":[{"href":"https:\/\/rfid-laundry-tag.com\/it\/wp-json\/wp\/v2\/types\/product"}],"version-history":[{"count":0,"href":"https:\/\/rfid-laundry-tag.com\/it\/wp-json\/wp\/v2\/product\/312\/revisions"}],"wp:featuredmedia":[{"embeddable":true,"href":"https:\/\/rfid-laundry-tag.com\/it\/wp-json\/wp\/v2\/media\/287"}],"wp:attachment":[{"href":"https:\/\/rfid-laundry-tag.com\/it\/wp-json\/wp\/v2\/media?parent=312"}],"wp:term":[{"taxonomy":"product_brand","embeddable":true,"href":"https:\/\/rfid-laundry-tag.com\/it\/wp-json\/wp\/v2\/product_brand?post=312"},{"taxonomy":"product_cat","embeddable":true,"href":"https:\/\/rfid-laundry-tag.com\/it\/wp-json\/wp\/v2\/product_cat?post=312"},{"taxonomy":"product_tag","embeddable":true,"href":"https:\/\/rfid-laundry-tag.com\/it\/wp-json\/wp\/v2\/product_tag?post=312"}],"curies":[{"name":"parola chiave","href":"https:\/\/api.w.org\/{rel}","templated":true}]}}