{"id":3084,"date":"2025-12-18T10:22:25","date_gmt":"2025-12-18T10:22:25","guid":{"rendered":"https:\/\/rfid-laundry-tag.com\/?post_type=product&#038;p=3084"},"modified":"2025-12-18T10:22:26","modified_gmt":"2025-12-18T10:22:26","slug":"washable-rfid-tags-for-laundry-uniform","status":"publish","type":"product","link":"https:\/\/rfid-laundry-tag.com\/it\/washable-rfid-tags-for-laundry-uniform\/","title":{"rendered":"Tag RFID lavabili per uniformi da lavanderia"},"content":{"rendered":"<h2>Tag RFID lavabili per uniformi da lavanderia<\/h2>\n<div class=\"auto-hide-last-sibling-br paragraph_1252f paragraph-element\">\n<div class=\"auto-hide-last-sibling-br paragraph_1252f paragraph-element\">L&#039;abbigliamento <a href=\"https:\/\/rfid-laundry-tag.com\/it\/uhf-rfid-laundry-tags\/\">Tag RFID lavabile<\/a> \u00e8 un&#039;alternativa versatile ai tradizionali tag RFID per lavanderia, appositamente progettati per resistere a oltre 50 cicli di lavaggio domestico con una riduzione minima (da 10% a 15%) delle prestazioni RFID. Rappresentando la soluzione ideale ed economica, questo tag RFID impermeabile \u00e8 perfetto per il noleggio e la vendita al dettaglio di indumenti, calzature e lenzuola.<\/div>\n<div><\/div>\n<div class=\"auto-hide-last-sibling-br paragraph_1252f paragraph-element\">Caratterizzato da una struttura unica e da un meccanismo di protezione per il chip RFID, questo tag pu\u00f2 durare pi\u00f9 di 50 cicli di lavaggio domestico. Pu\u00f2 essere nascosto in modo discreto in una cucitura o infilato in un&#039;etichetta di cura, rendendolo praticamente inosservato.<\/div>\n<p>&nbsp;<\/p>\n<div class=\"auto-hide-last-sibling-br paragraph_1252f paragraph-element\">Ci\u00f2 che distingue questo tag RFID UHF da altri tag lavabili in lino \u00e8 il suo design sottile e trasparente da 0,55 mm, che lo rende il pi\u00f9 sottile sul mercato. Nel complesso, si tratta di una soluzione RFID UHF innovativa per l&#039;abbigliamento che offre convenienza, durata e discrezione.<\/div>\n<div><\/div>\n<div data-spm-anchor-id=\"a2700.details.0.i57.23b419c7xXORP0\"><span data-spm-anchor-id=\"a2700.details.0.i75.23b419c7xXORP0\"><b>Caratteristica:<\/b><br \/>\n1) Tecnologia UHF per leggere centinaia di tag simultaneamente.<br \/>\n2) Distanza di lettura superiore a 2,4 metri.<br \/>\n3) Nuovo design meccanico per prestazioni migliorate per la biancheria piana.<br \/>\n4) Adatto per estrattori ad alta pressione fino a 60 bar.<br \/>\n5) Adatto alla sterilizzazione in autoclave.<br \/>\n6) Materiale piccolo, morbido e flessibile, ideale per tessuti, biancheria, indumenti e accessori.<\/span><\/div>\n<div data-spm-anchor-id=\"a2700.details.0.i57.23b419c7xXORP0\">7) Tipo adesivo per ferro da stiro riscaldante, tipo cucito, con foro ecc.<\/div>\n<\/div>\n<div data-spm-anchor-id=\"a2700.details.0.i57.23b419c7xXORP0\">\n<figure id=\"attachment_3030\" aria-describedby=\"caption-attachment-3030\" style=\"width: 790px\" class=\"wp-caption alignnone\"><a href=\"https:\/\/rfid-laundry-tag.com\/it\/uhf-rfid-laundry-tags\/\"><img fetchpriority=\"high\" decoding=\"async\" class=\"size-full wp-image-3030\" src=\"https:\/\/rfid-laundry-tag.com\/wp-content\/uploads\/2025\/12\/RFID-Laundry-Tag-Installation-Guide.png\" alt=\"RFID Laundry Tag Installation Guide\" width=\"790\" height=\"777\" srcset=\"https:\/\/rfid-laundry-tag.com\/wp-content\/uploads\/2025\/12\/RFID-Laundry-Tag-Installation-Guide.png 790w, https:\/\/rfid-laundry-tag.com\/wp-content\/uploads\/2025\/12\/RFID-Laundry-Tag-Installation-Guide-300x295.png 300w, https:\/\/rfid-laundry-tag.com\/wp-content\/uploads\/2025\/12\/RFID-Laundry-Tag-Installation-Guide-768x755.png 768w, https:\/\/rfid-laundry-tag.com\/wp-content\/uploads\/2025\/12\/RFID-Laundry-Tag-Installation-Guide-12x12.png 12w, https:\/\/rfid-laundry-tag.com\/wp-content\/uploads\/2025\/12\/RFID-Laundry-Tag-Installation-Guide-600x590.png 600w\" sizes=\"(max-width: 790px) 100vw, 790px\" \/><\/a><figcaption id=\"caption-attachment-3030\" class=\"wp-caption-text\">Guida all&#039;installazione del tag RFID per lavanderia<\/figcaption><\/figure>\n<\/div>\n<div data-spm-anchor-id=\"a2700.details.0.i57.23b419c7xXORP0\">\n<div class=\"text-content\" data-spm-anchor-id=\"a2700.details.0.i54.23b419c7xXORP0\">\n<h2>Fisico:<\/h2>\n<div>Materiale: poliestere 100%<br \/>\nDimensioni: 70 mm\u00d715 mm x1,5 mm<br \/>\nCircuito integrato:UHF<br \/>\nMetodo di installazione dell&#039;etichetta: cucitura, stiratura<br \/>\nProtocollo:ISO18ooo-6C EPC C1G2<br \/>\nStiratura: 15 secondi, a 210\u2103<br \/>\nEsposizione: 2,5 bar<br \/>\nAsciugatura: 15 minuti a 180\u00b0C<br \/>\nLavaggio: 15 minuti a 90\u2103<br \/>\nCicli di lavaggio: 200+cicli o 3 anni<br \/>\nCondizioni di conservazione: -20-80\u2103, 5-95% RH<\/div>\n<\/div>\n<\/div>\n<div>\n<figure id=\"attachment_2943\" aria-describedby=\"caption-attachment-2943\" style=\"width: 800px\" class=\"wp-caption alignnone\"><a href=\"https:\/\/rfid-laundry-tag.com\/it\/uhf-rfid-laundry-tags\/\"><img decoding=\"async\" class=\"size-full wp-image-2943\" src=\"https:\/\/rfid-laundry-tag.com\/wp-content\/uploads\/2025\/10\/1-1.jpg\" alt=\"Textile UHF RFID Tags Labels\" width=\"800\" height=\"800\" srcset=\"https:\/\/rfid-laundry-tag.com\/wp-content\/uploads\/2025\/10\/1-1.jpg 800w, https:\/\/rfid-laundry-tag.com\/wp-content\/uploads\/2025\/10\/1-1-300x300.jpg 300w, https:\/\/rfid-laundry-tag.com\/wp-content\/uploads\/2025\/10\/1-1-150x150.jpg 150w, https:\/\/rfid-laundry-tag.com\/wp-content\/uploads\/2025\/10\/1-1-768x768.jpg 768w, https:\/\/rfid-laundry-tag.com\/wp-content\/uploads\/2025\/10\/1-1-12x12.jpg 12w, https:\/\/rfid-laundry-tag.com\/wp-content\/uploads\/2025\/10\/1-1-600x600.jpg 600w, https:\/\/rfid-laundry-tag.com\/wp-content\/uploads\/2025\/10\/1-1-100x100.jpg 100w\" sizes=\"(max-width: 800px) 100vw, 800px\" \/><\/a><figcaption id=\"caption-attachment-2943\" class=\"wp-caption-text\">Etichette RFID UHF tessili<\/figcaption><\/figure>\n<\/div>\n<div>\n<h2>Vantaggi dei tag RFID lavabili per le uniformi di lavanderia<\/h2>\n<p>Scegliere tag RFID lavabili per lavanderia significa investire in una soluzione che semplifica la gestione della lavanderia. Questi tag specializzati sono progettati per resistere ai processi di lavanderia industriale senza compromettere le prestazioni. I loro principali vantaggi includono:<\/p>\n<ol>\n<li><strong>Monitoraggio avanzato<\/strong>: La tecnologia RFID consente il monitoraggio in tempo reale di ogni capo di biancheria, garantendo una gestione accurata dell&#039;inventario e riducendo le perdite.<\/li>\n<li><strong>Durata<\/strong>Progettati per resistere ad alte temperature e a condizioni di lavaggio difficili, questi resistenti tag RFID garantiscono longevit\u00e0, rendendoli una scelta conveniente.<\/li>\n<li><strong>Efficienza migliorata<\/strong>: L&#039;automazione dei flussi di lavoro della lavanderia riduce gli errori manuali e velocizza i processi di check-in e check-out, migliorando l&#039;efficienza complessiva delle strutture di lavanderia.<\/li>\n<\/ol>\n<p>Grazie a una conoscenza approfondita dei vantaggi e delle capacit\u00e0 dei tag RFID lavabili, potrai prendere una decisione informata per le tue esigenze di gestione della lavanderia.<\/p>\n<h3>Cosa sono i tag RFID lavabili?<\/h3>\n<p>I tag RFID lavabili sono un tipo specializzato di\u00a0<strong>Etichetta RFID<\/strong>\u00a0progettati specificamente per applicazioni di lavanderia. Questi tag utilizzano\u00a0<strong>tecnologia RFID ad alte prestazioni<\/strong>\u00a0Per consentire un monitoraggio e una gestione accurati dei prodotti tessili durante tutto il loro ciclo di vita. Realizzati con materiali durevoli, i tag RFID lavabili possono resistere alle sollecitazioni del lavaggio industriale, tra cui l&#039;esposizione ad alte temperature e a ripetuti cicli di lavaggio.<\/p>\n<h3>Vantaggi dell&#039;utilizzo di tag RFID nella gestione della lavanderia<\/h3>\n<p>Integrazione\u00a0<strong>Tecnologia RFID<\/strong>\u00a0L&#039;integrazione nei processi di lavanderia offre vantaggi significativi. Questi tag non solo migliorano la precisione nel tracciamento dei capi, ma consentono anche alle strutture di automatizzare il controllo dell&#039;inventario, riducendo i costi di manodopera e minimizzando l&#039;errore umano. Inoltre,\u00a0<strong>RFID per lavanderia<\/strong>\u00a0I sistemi consentono un&#039;integrazione perfetta con i software di gestione esistenti, fornendo analisi che contribuiscono a migliorare l&#039;efficienza operativa.<\/p>\n<h3>Come utilizzare i tag RFID lavabili<\/h3>\n<p>L&#039;utilizzo di tag RFID lavabili \u00e8 semplice. Ogni tag pu\u00f2 essere cucito su\u00a0<strong>indumenti<\/strong>\u00a0o biancheria, fornendo identificatori chiari che possono essere facilmente scansionati da\u00a0<strong>Lettori RFID<\/strong>. Per prestazioni ottimali, \u00e8 fondamentale assicurarsi che i tag siano posizionati correttamente sugli articoli e siano compatibili con\u00a0<strong>Sistema di lavanderia RFID<\/strong>\u00a0in uso. Controlli regolari degli articoli con tag RFID aiutano a mantenere registri di inventario accurati.<\/p>\n<h3>Recensioni dei clienti<\/h3>\n<p>Il feedback dei clienti evidenzia l&#039;impatto trasformativo dei nostri tag RFID lavabili. Molti utenti segnalano miglioramenti significativi nella gestione dell&#039;inventario e una riduzione degli articoli smarriti. Una citazione rappresentativa di un cliente soddisfatto afferma: &quot;Implementazione\u00a0<strong>Tag RFID<\/strong>\u00a0nelle nostre attivit\u00e0 di lavanderia ha semplificato notevolmente i nostri processi, aumentando la nostra produttivit\u00e0 complessiva.&quot;\u201d<\/p>\n<\/div>\n<h3 class=\"wp-block-heading\">Installazione<\/h3>\n<p><strong>Etichettatura dei punti<\/strong>: Da cucire nell&#039;orlo di un tessuto. Cucire l&#039;etichetta del bucato lontano dalle linee di piegatura.<br \/>\n<strong>Saldatura a caldo<\/strong>: Da termosaldare direttamente sul tessuto a +200\u00b0C (392\u00b0F), per 12~14s.<br \/>\n<strong>In sacchetto<\/strong>: Da cucire come un&#039;etichetta di cura standard. Cucire l&#039;etichetta del bucato lontano dalle linee di piegatura.<\/p>\n<figure id=\"attachment_3036\" aria-describedby=\"caption-attachment-3036\" style=\"width: 1024px\" class=\"wp-caption alignnone\"><a href=\"https:\/\/rfid-laundry-tag.com\/it\/uhf-rfid-laundry-tags\/\"><img decoding=\"async\" class=\"size-large wp-image-3036\" src=\"https:\/\/rfid-laundry-tag.com\/wp-content\/uploads\/2025\/12\/RFID-Laundry-Tag-Installation-Guide-03--1024x590.png\" alt=\"How to Sew RFID Laundry Tags into Linens and Garments\" width=\"1024\" height=\"590\" srcset=\"https:\/\/rfid-laundry-tag.com\/wp-content\/uploads\/2025\/12\/RFID-Laundry-Tag-Installation-Guide-03--1024x590.png 1024w, https:\/\/rfid-laundry-tag.com\/wp-content\/uploads\/2025\/12\/RFID-Laundry-Tag-Installation-Guide-03--300x173.png 300w, https:\/\/rfid-laundry-tag.com\/wp-content\/uploads\/2025\/12\/RFID-Laundry-Tag-Installation-Guide-03--768x442.png 768w, https:\/\/rfid-laundry-tag.com\/wp-content\/uploads\/2025\/12\/RFID-Laundry-Tag-Installation-Guide-03--18x10.png 18w, https:\/\/rfid-laundry-tag.com\/wp-content\/uploads\/2025\/12\/RFID-Laundry-Tag-Installation-Guide-03--600x345.png 600w, https:\/\/rfid-laundry-tag.com\/wp-content\/uploads\/2025\/12\/RFID-Laundry-Tag-Installation-Guide-03-.png 1148w\" sizes=\"(max-width: 1024px) 100vw, 1024px\" \/><\/a><figcaption id=\"caption-attachment-3036\" class=\"wp-caption-text\">Come cucire etichette RFID per il bucato su biancheria e indumenti<\/figcaption><\/figure>\n<div class=\"auto-hide-last-sibling-br paragraph_1252f paragraph-element\"><strong>Tag RFID lavabili<\/strong>\u00a0sono parte integrante di un certo numero di settori, fornendo un efficiente monitoraggio delle risorse, gestione dell&#039;inventario e migliorando la produttivit\u00e0 operativa complessiva. Ecco alcune delle sue applicazioni in diversi settori:<\/div>\n<ol class=\"auto-hide-last-sibling-br\">\n<li>\n<div class=\"auto-hide-last-sibling-br paragraph_1252f paragraph-element\"><strong>Assistenza sanitaria<\/strong>: Ospedali e altre strutture mediche utilizzano tag RFID per la biancheria per gestire enormi inventari di lenzuola, asciugamani, camici, uniformi e biancheria chirurgica. Ci\u00f2 aiuta a ridurre le perdite, a gestire i cicli di lavanderia e a garantire che la biancheria pulita e fresca sia sempre disponibile quando necessario.<\/div>\n<\/li>\n<li>\n<div class=\"auto-hide-last-sibling-br paragraph_1252f paragraph-element\"><strong>Alberghi<\/strong>: Gestire la biancheria \u00e8 un compito enorme nel settore alberghiero, dove sono in circolazione migliaia di articoli, dalla biancheria da letto agli asciugamani, dalle tende agli accappatoi. I tag RFID per la biancheria semplificano il monitoraggio, garantendo una pulizia e una sostituzione tempestive e aiutano a rilevare e prevenire i furti.<\/div>\n<\/li>\n<li>\n<div class=\"auto-hide-last-sibling-br paragraph_1252f paragraph-element\"><strong>Ristoranti<\/strong>: Nel settore della ristorazione, i tag RFID possono monitorare l&#039;utilizzo e la pulizia di uniformi, tovaglie, tovaglioli e grembiuli da chef. Questo pu\u00f2 migliorare gli standard di pulizia e contribuire a mantenere un aspetto curato e professionale.<\/div>\n<\/li>\n<li>\n<div class=\"auto-hide-last-sibling-br paragraph_1252f paragraph-element\"><strong>Industrie dell&#039;abbigliamento alla moda<\/strong>: I tag RFID svolgono un ruolo fondamentale nel tracciamento degli articoli lungo tutta la filiera, dalla produzione alla vendita al dettaglio. Possono fornire informazioni preziose come origine, cronologia dei viaggi e persino dettagli sul tessuto e sulle istruzioni per la cura.<\/div>\n<\/li>\n<li>\n<div class=\"auto-hide-last-sibling-br paragraph_1252f paragraph-element\"><strong>Abbigliamento da lavoro\/abbigliamento ignifugo<\/strong>: Le aziende possono usare i tag RFID per tracciare e gestire articoli di abbigliamento speciali. Ci\u00f2 pu\u00f2 includere la garanzia che gli indumenti ignifughi o altri indumenti protettivi siano ispezionati regolarmente, puliti correttamente e sostituiti se necessario.<\/div>\n<\/li>\n<li>\n<div class=\"auto-hide-last-sibling-br paragraph_1252f paragraph-element\"><strong>Calzature e Mascherine<\/strong>: Particolarmente importante in settori come quello sanitario e quello edile, dove la sicurezza \u00e8 fondamentale, il monitoraggio dell&#039;utilizzo, della pulizia e della manutenzione di articoli come mascherine e scarpe antinfortunistiche pu\u00f2 essere semplificato con l&#039;uso di tag RFID.<\/div>\n<\/li>\n<li>\n<div class=\"auto-hide-last-sibling-br paragraph_1252f paragraph-element\"><strong>Tappetini e mop<\/strong>:Per le aziende che forniscono servizi di pulizia o gestiscono strutture di grandi dimensioni, i tag RFID su tappetini e mop possono aiutare a monitorare l&#039;utilizzo e la manutenzione, garantendo strumenti puliti ed efficaci in ogni momento.<\/div>\n<\/li>\n<\/ol>\n<h3>Domande frequenti sui tag RFID lavabili<\/h3>\n<p><strong>D: I tag RFID sono impermeabili?<\/strong><br \/>\nR: S\u00ec, le nostre etichette RFID per lavanderia sono progettate per essere impermeabili, garantendone la durata in ambienti umidi.<\/p>\n<p><strong>D: Quanti cicli di lavaggio possono sopportare queste etichette?<\/strong><br \/>\nA: I nostri tag RFID lavabili possono in genere resistere fino a\u00a0<strong>200 cicli di lavaggio<\/strong>\u00a0mantenendo la loro funzionalit\u00e0 di tracciamento.<\/p>\n<p><strong>D: Posso personalizzare i tag in base alle mie esigenze specifiche?<\/strong><br \/>\nA: Assolutamente! Offriamo\u00a0<strong>soluzioni RFID personalizzate<\/strong>\u00a0su misura per le tue specifiche esigenze di gestione della lavanderia.<\/p>","protected":false},"excerpt":{"rendered":"<p><strong>Tag RFID lavabili<\/strong>, spesso chiamate tag RFID per biancheria, sono realizzate con un rivestimento esterno in gomma delicato ma robusto. Si tratta di tag per indumenti progettati per essere flessibili e robusti, in grado di resistere fino a 200 cicli di lavaggio e pressioni fino a 60 bar. I nostri tag RFID UHF per lavanderia eccellono nella lettura di massa, rilevati in modo efficiente da diversi metri di distanza. Sono disponibili in diverse misure, da 1,5 a 3 pollici di lunghezza e da mezzo pollice a 1 pollice di larghezza. Questi tag RFID lavabili trovano ampio utilizzo in campo medico, spesso applicati ai camici indossati da medici e infermieri, nonch\u00e9 ad altre uniformi professionali, costumi e articoli a noleggio come i tappetini.<\/p>","protected":false},"featured_media":3085,"template":"","meta":{"_kad_post_transparent":"default","_kad_post_title":"","_kad_post_layout":"default","_kad_post_sidebar_id":"","_kad_post_content_style":"default","_kad_post_vertical_padding":"default","_kad_post_feature":"","_kad_post_feature_position":"","_kad_post_header":false,"_kad_post_footer":false,"_kad_post_classname":""},"product_brand":[],"product_cat":[16],"product_tag":[24,375,342,339,65,368,30,374,373],"class_list":{"0":"post-3084","1":"product","2":"type-product","3":"status-publish","4":"has-post-thumbnail","6":"product_cat-uhf-rfid-laundry-tags","7":"product_tag-laundry-rfid-tags","8":"product_tag-rfid-laundry-tag-7015mm","9":"product_tag-rfid-laundry-tags","10":"product_tag-rfid-washable-tags","11":"product_tag-textile-rfid-laundry-tags","12":"product_tag-textile-uhf-rfid-tags-labels","13":"product_tag-uhf-rfid-laundry-tag","14":"product_tag-washable-uhf-rfid-labels","15":"product_tag-washable-uhf-rfid-laundry-textile-labels","17":"first","18":"instock","19":"featured","20":"shipping-taxable","21":"product-type-simple","22":"entry","23":"content-bg","24":"loop-entry"},"_links":{"self":[{"href":"https:\/\/rfid-laundry-tag.com\/it\/wp-json\/wp\/v2\/product\/3084","targetHints":{"allow":["GET"]}}],"collection":[{"href":"https:\/\/rfid-laundry-tag.com\/it\/wp-json\/wp\/v2\/product"}],"about":[{"href":"https:\/\/rfid-laundry-tag.com\/it\/wp-json\/wp\/v2\/types\/product"}],"version-history":[{"count":1,"href":"https:\/\/rfid-laundry-tag.com\/it\/wp-json\/wp\/v2\/product\/3084\/revisions"}],"predecessor-version":[{"id":3087,"href":"https:\/\/rfid-laundry-tag.com\/it\/wp-json\/wp\/v2\/product\/3084\/revisions\/3087"}],"wp:featuredmedia":[{"embeddable":true,"href":"https:\/\/rfid-laundry-tag.com\/it\/wp-json\/wp\/v2\/media\/3085"}],"wp:attachment":[{"href":"https:\/\/rfid-laundry-tag.com\/it\/wp-json\/wp\/v2\/media?parent=3084"}],"wp:term":[{"taxonomy":"product_brand","embeddable":true,"href":"https:\/\/rfid-laundry-tag.com\/it\/wp-json\/wp\/v2\/product_brand?post=3084"},{"taxonomy":"product_cat","embeddable":true,"href":"https:\/\/rfid-laundry-tag.com\/it\/wp-json\/wp\/v2\/product_cat?post=3084"},{"taxonomy":"product_tag","embeddable":true,"href":"https:\/\/rfid-laundry-tag.com\/it\/wp-json\/wp\/v2\/product_tag?post=3084"}],"curies":[{"name":"parola chiave","href":"https:\/\/api.w.org\/{rel}","templated":true}]}}