{"id":2843,"date":"2024-11-05T12:37:22","date_gmt":"2024-11-05T12:37:22","guid":{"rendered":"https:\/\/rfid-laundry-tag.com\/?post_type=product&#038;p=2843"},"modified":"2024-11-05T12:37:24","modified_gmt":"2024-11-05T12:37:24","slug":"rfid-keyfobs-mifare-s50-1k","status":"publish","type":"product","link":"https:\/\/rfid-laundry-tag.com\/it\/rfid-keyfobs-mifare-s50-1k\/","title":{"rendered":"Portachiavi RFID Mifare S50 1K"},"content":{"rendered":"<h2>Portachiavi RFID Mifare S50 1K<\/h2>\n<p><span class=\"AnswerParser_TextContainer__z_Iiv\" data-testid=\"youchat-text\">Il versatile <strong>Portachiavi RFID<\/strong> rappresenta la combinazione perfetta di praticit\u00e0 e sicurezza per i moderni sistemi di controllo degli accessi. Disponibili sia in frequenze da 13,56 MHz che da 125 KHz, questi dispositivi compatti offrono un&#039;identificazione affidabile e una gestione degli accessi senza soluzione di continuit\u00e0 per varie applicazioni.<\/span><\/p>\n<p>NXP<sup>\u00ae<\/sup>\u00a0ha sviluppato il MIFARE<sup>\u00ae<\/sup>\u00a0MF1ICS50 da utilizzare in una smart card contactless conforme allo standard ISO\/IEC 14443 Tipo A.<\/p>\n<p>Il circuito integrato MIFARE MF1ICS50 viene utilizzato in applicazioni quali la biglietteria del trasporto pubblico, dove le principali citt\u00e0 hanno adottato MIFARE come soluzione di biglietteria elettronica preferita.<\/p>\n<p>Una funzione anti-collisione intelligente consente di utilizzare pi\u00f9 di una carta sul campo contemporaneamente. L&#039;algoritmo anti-collisione seleziona ogni carta individualmente e garantisce che l&#039;esecuzione di una transazione con una carta selezionata venga eseguita correttamente senza corruzione dei dati risultante da altre carte sul campo.<\/p>\n<p>MF1ICS50 \u00e8 progettato per una semplice integrazione e per la comodit\u00e0 dell&#039;utente. Ci\u00f2 potrebbe consentire la gestione di transazioni di biglietteria complete in meno di 100 ms. Pertanto, l&#039;utente della carta MF1ICS50 non \u00e8 costretto a fermarsi al lettore, il che porta a un&#039;elevata produttivit\u00e0 ai gate e a tempi di imbarco ridotti sugli autobus. La carta basata sul prodotto MIFARE pu\u00f2 anche rimanere nel portafoglio durante la transazione, anche se contiene monete.<\/p>\n<h3>Caratteristiche del chip Mifare S50 1K<\/h3>\n<div id=\"featuresXsp\" class=\"features-list\">\n<div class=\"features-xsp\">\n<div class=\"collapse-mobile ste-list\">\n<h3>MIFARE, interfaccia RF (ISO\/IEC 14443 A)<\/h3>\n<ul class=\"boxes\">\n<li>Trasmissione dati e fornitura di energia senza contatto (non necessita di batteria)<\/li>\n<li>Distanza operativa: fino a 100 mm (a seconda della geometria dell&#039;antenna)<\/li>\n<li>Frequenza operativa: 13,56 MHz<\/li>\n<li>Trasferimento dati: 106 kbit\/s<\/li>\n<li>Integrit\u00e0 dei dati: CRC a 16 bit, parit\u00e0, codifica dei bit, conteggio dei bit<\/li>\n<li>Anti-collisione<\/li>\n<li>Transazione tipica di biglietteria: &lt; 100 ms (inclusa la gestione del backup)<\/li>\n<\/ul>\n<\/div>\n<div class=\"collapse-mobile ste-list\">\n<h3>Memoria EEPROM<\/h3>\n<ul class=\"boxes\">\n<li>1 kB \u2013 4 kB, organizzati in 16 settori con 4 blocchi da 16 byte ciascuno (un blocco \u00e8 composto da 16 byte)<\/li>\n<li>Condizioni di accesso definibili dall&#039;utente per ogni blocco di memoria<\/li>\n<li>Conservazione dei dati di 10 anni<\/li>\n<li>Scrivi resistenza 100.000 \u2013 200.000 cicli<\/li>\n<\/ul>\n<\/div>\n<div class=\"collapse-mobile ste-list\">\n<h3>Sicurezza<\/h3>\n<ul class=\"boxes\">\n<li>Autenticazione reciproca a tre passaggi (ISO\/IEC DIS 9798-2)<\/li>\n<li>Un set individuale di due chiavi per settore (per applicazione) per supportare pi\u00f9 applicazioni con gerarchia delle chiavi<\/li>\n<li>Un numero di serie univoco per ogni dispositivo<\/li>\n<\/ul>\n<\/div>\n<div class=\"collapse-mobile ste-list\">\n<h3>Opzioni di consegna<\/h3>\n<ul class=\"boxes\">\n<li>Muore su ostia<\/li>\n<li>Matrice urtata sul wafer<\/li>\n<li>Modulo per carta contactless MOA4 o MOA2<\/li>\n<\/ul>\n<\/div>\n<\/div>\n<\/div>\n<h2 class=\"AnswerParser_AnswerParserH2__SIHnF\">Panoramica del prodotto e specifiche tecniche<\/h2>\n<p><span class=\"AnswerParser_TextContainer__z_Iiv\" data-testid=\"youchat-text\">I nostri portachiavi RFID sono dotati di:<\/span><\/p>\n<ul class=\"AnswerParser_AnswerParserUnorderedList__P_1FW\">\n<li class=\"AnswerParser_ListItem__XqLOV\" translate=\"yes\">Doppia frequenza: 13,56 MHz<\/li>\n<li class=\"AnswerParser_ListItem__XqLOV\" translate=\"yes\">Costruzione in ABS o pelle resistente<\/li>\n<li class=\"AnswerParser_ListItem__XqLOV\" translate=\"yes\">Compatibile con i principali sistemi di controllo accessi<\/li>\n<li class=\"AnswerParser_ListItem__XqLOV\" translate=\"yes\">UID programmabile<\/li>\n<li class=\"AnswerParser_ListItem__XqLOV\" translate=\"yes\">Design resistente all&#039;acqua<\/li>\n<li class=\"AnswerParser_ListItem__XqLOV\" translate=\"yes\">Protezione dal blocco del segnale<\/li>\n<\/ul>\n<h2 class=\"AnswerParser_AnswerParserH2__SIHnF\">Funzionalit\u00e0 di sicurezza avanzate<\/h2>\n<p><span class=\"AnswerParser_TextContainer__z_Iiv\" data-testid=\"youchat-text\">La sicurezza \u00e8 fondamentale nella progettazione dei nostri portachiavi:<\/span><\/p>\n<ul class=\"AnswerParser_AnswerParserUnorderedList__P_1FW\">\n<li class=\"AnswerParser_ListItem__XqLOV\" translate=\"yes\"><strong>Tecnologia anti-clonazione<\/strong>: Impedisce la duplicazione non autorizzata<\/li>\n<li class=\"AnswerParser_ListItem__XqLOV\" translate=\"yes\"><strong>Comunicazione crittografata<\/strong>: Trasmissione sicura dei dati<\/li>\n<li class=\"AnswerParser_ListItem__XqLOV\" translate=\"yes\"><strong>Identificatore univoco<\/strong>: Ogni portachiavi ha un UID distinto<\/li>\n<li class=\"AnswerParser_ListItem__XqLOV\" translate=\"yes\"><strong>Protezione del segnale<\/strong>: Tecnologia opzionale della gabbia di Faraday disponibile<\/li>\n<\/ul>\n<h2 class=\"AnswerParser_AnswerParserH2__SIHnF\">Applicazioni e casi d&#039;uso<\/h2>\n<p><span class=\"AnswerParser_TextContainer__z_Iiv\" data-testid=\"youchat-text\">Questi versatili <strong>Portachiavi RFID Mifare S50 1K<\/strong> eccellere in:<\/span><\/p>\n<ul class=\"AnswerParser_AnswerParserUnorderedList__P_1FW\">\n<li class=\"AnswerParser_ListItem__XqLOV\" translate=\"yes\">Sistemi di controllo degli accessi alle porte<\/li>\n<li class=\"AnswerParser_ListItem__XqLOV\" translate=\"yes\">Accesso alla camera d&#039;albergo<\/li>\n<li class=\"AnswerParser_ListItem__XqLOV\" translate=\"yes\">Accesso senza chiave al veicolo<\/li>\n<li class=\"AnswerParser_ListItem__XqLOV\" translate=\"yes\">Rilevamento delle presenze<\/li>\n<li class=\"AnswerParser_ListItem__XqLOV\" translate=\"yes\">Sistemi di pagamento<\/li>\n<li class=\"AnswerParser_ListItem__XqLOV\" translate=\"yes\">Gestione abbonamenti Club\/SPA<\/li>\n<li class=\"AnswerParser_ListItem__XqLOV\" translate=\"yes\">Controllo degli accessi al parcheggio<\/li>\n<\/ul>\n<h2 class=\"AnswerParser_AnswerParserH2__SIHnF\">Design e durata<\/h2>\n<p><span class=\"AnswerParser_TextContainer__z_Iiv\" data-testid=\"youchat-text\">I nostri portachiavi sono progettati per durare a lungo:<\/span><\/p>\n<ul class=\"AnswerParser_AnswerParserUnorderedList__P_1FW\">\n<li class=\"AnswerParser_ListItem__XqLOV\" translate=\"yes\">Alloggiamento in ABS resistente agli urti<\/li>\n<li class=\"AnswerParser_ListItem__XqLOV\" translate=\"yes\">Scelta di opzioni in pelle premium<\/li>\n<li class=\"AnswerParser_ListItem__XqLOV\" translate=\"yes\">Attacco portachiavi rinforzato<\/li>\n<li class=\"AnswerParser_ListItem__XqLOV\" translate=\"yes\">Costruzione resistente alle intemperie<\/li>\n<li class=\"AnswerParser_ListItem__XqLOV\" translate=\"yes\">Disponibile in pi\u00f9 colori<\/li>\n<\/ul>\n<h2 class=\"AnswerParser_AnswerParserH2__SIHnF\">Tabella delle specifiche tecniche<\/h2>\n<div class=\"AnswerParser_TableContainer__Erb6v\" data-testid=\"table-container\">\n<table>\n<thead>\n<tr>\n<th style=\"text-align: left;\">Caratteristica<\/th>\n<th style=\"text-align: left;\">Specificazione<\/th>\n<\/tr>\n<\/thead>\n<tbody>\n<tr>\n<td>Opzioni di frequenza<\/td>\n<td>13,56 MHz<\/td>\n<\/tr>\n<tr>\n<td>Intervallo di lettura<\/td>\n<td>Fino a 5 cm<\/td>\n<\/tr>\n<tr>\n<td>Memoria<\/td>\n<td>1K (Mifare S50)<\/td>\n<\/tr>\n<tr>\n<td>Materiale<\/td>\n<td>ABS o Pelle<\/td>\n<\/tr>\n<tr>\n<td>Misurare<\/td>\n<td>Dimensioni: 40 mm x 30 mm x 6 mm<\/td>\n<\/tr>\n<tr>\n<td>Temperatura di esercizio<\/td>\n<td>da -20\u00b0C a +70\u00b0C<\/td>\n<\/tr>\n<\/tbody>\n<\/table>\n<\/div>\n<h2 class=\"AnswerParser_AnswerParserH2__SIHnF\">Opzioni di personalizzazione<\/h2>\n<p><span class=\"AnswerParser_TextContainer__z_Iiv\" data-testid=\"youchat-text\">Offriamo un&#039;ampia personalizzazione:<\/span><\/p>\n<ul class=\"AnswerParser_AnswerParserUnorderedList__P_1FW\">\n<li class=\"AnswerParser_ListItem__XqLOV\" translate=\"yes\">Stampa del logo<\/li>\n<li class=\"AnswerParser_ListItem__XqLOV\" translate=\"yes\">Colori personalizzati<\/li>\n<li class=\"AnswerParser_ListItem__XqLOV\" translate=\"yes\">Codifica del numero di serie<\/li>\n<li class=\"AnswerParser_ListItem__XqLOV\" translate=\"yes\">Imballaggi speciali<\/li>\n<li class=\"AnswerParser_ListItem__XqLOV\" translate=\"yes\">Disponibili grandi quantit\u00e0<\/li>\n<\/ul>\n<h3 class=\"AnswerParser_AnswerParserH3__Mpe4s\">Vantaggi principali:<\/h3>\n<ol class=\"AnswerParser_AnswerParserOrderedList__kl_2Y\">\n<li class=\"AnswerParser_ListItem__XqLOV\" translate=\"yes\"><strong>Convenienza<\/strong>: Facile da trasportare e utilizzare<\/li>\n<li class=\"AnswerParser_ListItem__XqLOV\" translate=\"yes\"><strong>Durata<\/strong>: Costruito per durare<\/li>\n<li class=\"AnswerParser_ListItem__XqLOV\" translate=\"yes\"><strong>Versatilit\u00e0<\/strong>: Applicazioni multiple<\/li>\n<li class=\"AnswerParser_ListItem__XqLOV\" translate=\"yes\"><strong>Sicurezza<\/strong>: Crittografia avanzata<\/li>\n<li class=\"AnswerParser_ListItem__XqLOV\" translate=\"yes\"><strong>Personalizzazione<\/strong>: Opzioni flessibili<\/li>\n<\/ol>\n<blockquote><p><span class=\"AnswerParser_TextContainer__z_Iiv\" data-testid=\"youchat-text\">&quot;I nostri portachiavi RFID offrono il perfetto equilibrio tra sicurezza e praticit\u00e0 per le moderne esigenze di controllo degli accessi.&quot;<\/span><\/p><\/blockquote>\n<h2 class=\"AnswerParser_AnswerParserH2__SIHnF\">Installazione e configurazione<\/h2>\n<p><span class=\"AnswerParser_TextContainer__z_Iiv\" data-testid=\"youchat-text\">Semplice processo di implementazione:<\/span><\/p>\n<ol class=\"AnswerParser_AnswerParserOrderedList__kl_2Y\">\n<li class=\"AnswerParser_ListItem__XqLOV\" translate=\"yes\">Scegli il tipo di frequenza<\/li>\n<li class=\"AnswerParser_ListItem__XqLOV\" translate=\"yes\">Identificatori univoci del programma<\/li>\n<li class=\"AnswerParser_ListItem__XqLOV\" translate=\"yes\">Registrati con il sistema di controllo degli accessi<\/li>\n<li class=\"AnswerParser_ListItem__XqLOV\" translate=\"yes\">Funzionalit\u00e0 di prova<\/li>\n<li class=\"AnswerParser_ListItem__XqLOV\" translate=\"yes\">Distribuisci agli utenti<\/li>\n<\/ol>\n<h2 class=\"AnswerParser_AnswerParserH2__SIHnF\">Informazioni per l&#039;ordinazione<\/h2>\n<ul class=\"AnswerParser_AnswerParserUnorderedList__P_1FW\">\n<li class=\"AnswerParser_ListItem__XqLOV\" translate=\"yes\">Ordine minimo: 200 pezzi<\/li>\n<li class=\"AnswerParser_ListItem__XqLOV\" translate=\"yes\">Sconti all&#039;ingrosso disponibili<\/li>\n<li class=\"AnswerParser_ListItem__XqLOV\" translate=\"yes\">Ordini campione benvenuti<\/li>\n<li class=\"AnswerParser_ListItem__XqLOV\" translate=\"yes\">Tempi di consegna rapidi<\/li>\n<li class=\"AnswerParser_ListItem__XqLOV\" translate=\"yes\">Supporto tecnico incluso<\/li>\n<\/ul>\n<p><span class=\"AnswerParser_TextContainer__z_Iiv\" data-testid=\"youchat-text\">Contattaci oggi per conoscere i prezzi e discutere di come i nostri portachiavi RFID possono migliorare il tuo sistema di controllo accessi. Soluzioni personalizzate e prezzi per volumi disponibili su richiesta.<\/span><\/p>","protected":false},"excerpt":{"rendered":"<p>Portachiavi RFID Mifare S50 1K, i nostri <strong>Portachiavi RFID<\/strong> offrono opzioni a doppia frequenza (13,56 MHz\/125 KHz), design durevole, UID programmabile e funzionalit\u00e0 di sicurezza avanzate come anti-clonazione e comunicazione crittografata.<\/p>","protected":false},"featured_media":2844,"template":"","meta":{"_kad_post_transparent":"default","_kad_post_title":"","_kad_post_layout":"default","_kad_post_sidebar_id":"","_kad_post_content_style":"default","_kad_post_vertical_padding":"default","_kad_post_feature":"","_kad_post_feature_position":"","_kad_post_header":false,"_kad_post_footer":false,"_kad_post_classname":""},"product_brand":[],"product_cat":[54],"product_tag":[347,346,344,345,343],"class_list":{"0":"post-2843","1":"product","2":"type-product","3":"status-publish","4":"has-post-thumbnail","6":"product_cat-hot-selling-rfid-tags","7":"product_tag-mifare-key-fobs","8":"product_tag-nfc-key-tag","9":"product_tag-nfc-keychain","10":"product_tag-rfid-fob","11":"product_tag-rfid-keyfobs","13":"first","14":"instock","15":"shipping-taxable","16":"product-type-simple","17":"entry","18":"content-bg","19":"loop-entry"},"_links":{"self":[{"href":"https:\/\/rfid-laundry-tag.com\/it\/wp-json\/wp\/v2\/product\/2843","targetHints":{"allow":["GET"]}}],"collection":[{"href":"https:\/\/rfid-laundry-tag.com\/it\/wp-json\/wp\/v2\/product"}],"about":[{"href":"https:\/\/rfid-laundry-tag.com\/it\/wp-json\/wp\/v2\/types\/product"}],"version-history":[{"count":2,"href":"https:\/\/rfid-laundry-tag.com\/it\/wp-json\/wp\/v2\/product\/2843\/revisions"}],"predecessor-version":[{"id":2849,"href":"https:\/\/rfid-laundry-tag.com\/it\/wp-json\/wp\/v2\/product\/2843\/revisions\/2849"}],"wp:featuredmedia":[{"embeddable":true,"href":"https:\/\/rfid-laundry-tag.com\/it\/wp-json\/wp\/v2\/media\/2844"}],"wp:attachment":[{"href":"https:\/\/rfid-laundry-tag.com\/it\/wp-json\/wp\/v2\/media?parent=2843"}],"wp:term":[{"taxonomy":"product_brand","embeddable":true,"href":"https:\/\/rfid-laundry-tag.com\/it\/wp-json\/wp\/v2\/product_brand?post=2843"},{"taxonomy":"product_cat","embeddable":true,"href":"https:\/\/rfid-laundry-tag.com\/it\/wp-json\/wp\/v2\/product_cat?post=2843"},{"taxonomy":"product_tag","embeddable":true,"href":"https:\/\/rfid-laundry-tag.com\/it\/wp-json\/wp\/v2\/product_tag?post=2843"}],"curies":[{"name":"parola chiave","href":"https:\/\/api.w.org\/{rel}","templated":true}]}}