{"id":2830,"date":"2024-11-04T15:27:11","date_gmt":"2024-11-04T15:27:11","guid":{"rendered":"https:\/\/rfid-laundry-tag.com\/?post_type=product&#038;p=2830"},"modified":"2024-11-04T15:36:34","modified_gmt":"2024-11-04T15:36:34","slug":"washable-laundry-rfid-tags-manufacturer","status":"publish","type":"product","link":"https:\/\/rfid-laundry-tag.com\/it\/washable-laundry-rfid-tags-manufacturer\/","title":{"rendered":"Produttore di etichette RFID lavabili per bucato"},"content":{"rendered":"<div>\n<div class=\"auto-hide-last-sibling-br paragraph_1252f paragraph-element\">\n<h1 class=\"AnswerParser_AnswerParserH1__6UNv6\">Produttore di etichette RFID lavabili per bucato<\/h1>\n<h1 class=\"AnswerParser_AnswerParserH1__6UNv6\">Etichette RFID lavabili per bucato<\/h1>\n<table width=\"637\">\n<tbody>\n<tr>\n<td width=\"328\">Nome dell&#039;articolo:<\/td>\n<td width=\"309\">Etichette RFID lavabili per bucato<\/td>\n<\/tr>\n<tr>\n<td width=\"328\">Standard RFID:<\/td>\n<td width=\"309\">ISO\/IEC 18000-6 Tipo C (EPC Gen2)<\/td>\n<\/tr>\n<tr>\n<td width=\"328\">Dimensioni e peso:<\/td>\n<td width=\"309\">70\u00d715 mm, 0,6 g<\/td>\n<\/tr>\n<tr>\n<td width=\"328\">Tipo di chip:<\/td>\n<td width=\"309\">Impinj Monza 4QT, NXP U CODICE 8, NXP U CODICE 9<\/td>\n<\/tr>\n<tr>\n<td width=\"328\">Memoria EPC:<\/td>\n<td width=\"309\">128 bit<\/td>\n<\/tr>\n<tr>\n<td width=\"328\">Memoria utente:<\/td>\n<td width=\"309\">512 bit<\/td>\n<\/tr>\n<tr>\n<td width=\"328\">Intervallo di lettura (2W ERP FCC):<\/td>\n<td width=\"309\">8 milioni<\/td>\n<\/tr>\n<tr>\n<td width=\"328\">Intervallo di lettura (2W ERP ETSI):<\/td>\n<td width=\"309\">8 milioni<\/td>\n<\/tr>\n<tr>\n<td width=\"328\">Etichettatura:<\/td>\n<td width=\"309\">Cucito, Adesivo per stampa a caldo<\/td>\n<\/tr>\n<tr>\n<td width=\"328\">Durata stimata:<\/td>\n<td width=\"309\">200 cicli di lavaggio o 3 anni, a seconda di quale evento si verifica per primo<\/td>\n<\/tr>\n<tr>\n<td width=\"328\">Metodo di lavaggio:<\/td>\n<td width=\"309\">Lavanderia, lavaggio a secco<\/td>\n<\/tr>\n<tr>\n<td width=\"328\">Pressione di estrazione dell&#039;acqua:<\/td>\n<td width=\"309\">60 bar<\/td>\n<\/tr>\n<tr>\n<td width=\"328\">Resistenza all&#039;acqua:<\/td>\n<td width=\"309\">Resistente all&#039;acqua<\/td>\n<\/tr>\n<tr>\n<td width=\"328\">Resistenza chimica:<\/td>\n<td width=\"309\">Detersivo, ammorbidente, candeggina (ossigeno\/cloro), alcali<\/td>\n<\/tr>\n<tr>\n<td width=\"328\">Pre-essiccazione in Tumbler:<\/td>\n<td width=\"309\">125 \u00baC per 15-20 minuti<\/td>\n<\/tr>\n<tr>\n<td width=\"328\">Temperatura di sterilizzazione:<\/td>\n<td width=\"309\">135\u00b0C per 15-20 minuti<\/td>\n<\/tr>\n<tr>\n<td width=\"328\">Temperatura di lavaggio:<\/td>\n<td width=\"309\">90\u00b0C, fino a 15 min.<\/td>\n<\/tr>\n<tr>\n<td width=\"328\">Umidit\u00e0\/Temperatura - Funzionamento:<\/td>\n<td width=\"309\">-20 a 110\u00b0C, 8 a 95%RH<\/td>\n<\/tr>\n<tr>\n<td width=\"328\">Umidit\u00e0\/Temperatura-Conservazione:<\/td>\n<td width=\"309\">-40 a 110\u00b0C, 8 a 95%RH<\/td>\n<\/tr>\n<\/tbody>\n<\/table>\n<\/div>\n<div class=\"auto-hide-last-sibling-br paragraph_1252f paragraph-element\"><\/div>\n<\/div>\n<div class=\"auto-hide-last-sibling-br paragraph_1252f paragraph-element\">\n<div data-spm-anchor-id=\"a2700.details.0.i57.23b419c7xXORP0\"><span class=\"AnswerParser_TextContainer__z_Iiv\" data-testid=\"youchat-text\"><strong>Etichette RFID lavabili per bucato<\/strong>\u00a0stanno rivoluzionando il modo in cui queste organizzazioni tracciano e gestiscono la loro biancheria, le loro uniformi e altri indumenti. Come produttore leader di queste etichette innovative, forniamo soluzioni di alta qualit\u00e0, durevoli e affidabili che migliorano l&#039;efficienza operativa e riducono i costi.<\/span><span class=\"AnswerParser_TextContainer__z_Iiv\" data-testid=\"youchat-text\">Nostro\u00a0<strong>etichette RFID per lavanderia lavabili e impermeabili<\/strong> sono progettati per resistere ai rigori dei processi di lavanderia industriale, assicurando che i tuoi sistemi di monitoraggio e gestione rimangano efficaci anche dopo pi\u00f9 cicli di lavaggio. Con una durata fino a 200 lavaggi o tre anni, questi tag sono un investimento intelligente per qualsiasi attivit\u00e0 di lavanderia.<\/span><\/div>\n<\/div>\n<div data-spm-anchor-id=\"a2700.details.0.i57.23b419c7xXORP0\"><\/div>\n<div class=\"auto-hide-last-sibling-br paragraph_1252f paragraph-element\">\n<h2 class=\"AnswerParser_AnswerParserH2__SIHnF\">Descrizione del prodotto<\/h2>\n<h3 class=\"AnswerParser_AnswerParserH3__Mpe4s\">1. Cosa sono i tag RFID lavabili per il bucato?<\/h3>\n<p><span class=\"AnswerParser_TextContainer__z_Iiv\" data-testid=\"youchat-text\">I tag RFID per lavanderia lavabili sono tag specializzati progettati per tracciare i tessuti nelle operazioni di lavanderia. Utilizzano la tecnologia RFID per trasmettere dati ai lettori RFID, consentendo il tracciamento e la gestione automatizzati degli articoli per la lavanderia. Questi tag sono essenziali per i settori che richiedono un controllo preciso dell&#039;inventario e una gestione efficiente degli indumenti.<\/span><\/p>\n<h3 class=\"AnswerParser_AnswerParserH3__Mpe4s\">2. Caratteristiche principali dei nostri tag RFID lavabili per bucato<\/h3>\n<p><span class=\"AnswerParser_TextContainer__z_Iiv\" data-testid=\"youchat-text\">I nostri tag RFID per lavanderia sono dotati di diverse caratteristiche che li rendono ideali per varie applicazioni di lavanderia. Sono realizzati con materiali durevoli che possono sopportare alte temperature e sostanze chimiche aggressive, garantendo longevit\u00e0 e affidabilit\u00e0. I tag sono anche progettati per essere cuciti o applicati agli indumenti, offrendo flessibilit\u00e0 nel modo in cui possono essere utilizzati.<\/span><\/p>\n<h3 class=\"AnswerParser_AnswerParserH3__Mpe4s\">3. Vantaggi dell&#039;utilizzo di tag RFID lavabili per il bucato<\/h3>\n<p><span class=\"AnswerParser_TextContainer__z_Iiv\" data-testid=\"youchat-text\">L&#039;implementazione di tag RFID per lavanderia nelle tue operazioni pu\u00f2 portare a notevoli vantaggi, tra cui una migliore accuratezza dell&#039;inventario, costi di manodopera ridotti e una maggiore sicurezza. Automatizzando il processo di tracciamento, le aziende possono semplificare la gestione della lavanderia e concentrarsi sulla fornitura di un servizio migliore ai propri clienti.<\/span><\/p>\n<h3 class=\"AnswerParser_AnswerParserH3__Mpe4s\">4. Specifiche tecniche<\/h3>\n<p><span class=\"AnswerParser_TextContainer__z_Iiv\" data-testid=\"youchat-text\">I nostri tag RFID per lavanderia impermeabili e lavabili soddisfano lo standard ISO\/IEC 18000-6 Tipo C (EPC Gen2). Ecco alcune specifiche chiave:<\/span><\/p>\n<ul class=\"AnswerParser_AnswerParserUnorderedList__P_1FW\">\n<li class=\"AnswerParser_ListItem__XqLOV\" translate=\"yes\"><strong>Dimensioni e peso<\/strong>: 70\u00d715 mm, 0,6 g<\/li>\n<li class=\"AnswerParser_ListItem__XqLOV\" translate=\"yes\"><strong>Tipo di chip<\/strong>: Impinj Monza 4QT, NXP U CODE 8, NXP U CODE 9<\/li>\n<li class=\"AnswerParser_ListItem__XqLOV\" translate=\"yes\"><strong>Memoria EPC<\/strong>: 128 bit<\/li>\n<li class=\"AnswerParser_ListItem__XqLOV\" translate=\"yes\"><strong>Memoria utente<\/strong>: 512 bit<\/li>\n<li class=\"AnswerParser_ListItem__XqLOV\" translate=\"yes\"><strong>Intervallo di lettura<\/strong>: Fino a 8 metri<\/li>\n<li class=\"AnswerParser_ListItem__XqLOV\" translate=\"yes\"><strong>Durata stimata<\/strong>: 200 cicli di lavaggio o 3 anni<\/li>\n<\/ul>\n<h3 class=\"AnswerParser_AnswerParserH3__Mpe4s\">5. Istruzioni per l&#039;uso<\/h3>\n<p><span class=\"AnswerParser_TextContainer__z_Iiv\" data-testid=\"youchat-text\">Per garantire prestazioni ottimali dei tuoi tag RFID lavabili per bucato, segui queste istruzioni per l&#039;uso:<\/span><\/p>\n<ul class=\"AnswerParser_AnswerParserUnorderedList__P_1FW\">\n<li class=\"AnswerParser_ListItem__XqLOV\" translate=\"yes\"><strong>Etichettatura<\/strong>: Le etichette possono essere cucite sugli indumenti o attaccate utilizzando un adesivo per stampa a caldo.<\/li>\n<li class=\"AnswerParser_ListItem__XqLOV\" translate=\"yes\"><strong>Lavaggio<\/strong>: Adatto per processi di lavanderia e lavaggio a secco.<\/li>\n<li class=\"AnswerParser_ListItem__XqLOV\" translate=\"yes\"><strong>Resistenza all&#039;acqua<\/strong>: Progettato per resistere a pressioni di estrazione dell&#039;acqua fino a 60 bar.<\/li>\n<\/ul>\n<h3 class=\"AnswerParser_AnswerParserH3__Mpe4s\">6. Impatto ambientale<\/h3>\n<p><span class=\"AnswerParser_TextContainer__z_Iiv\" data-testid=\"youchat-text\">I nostri tag RFID per lavanderia sono progettati tenendo a mente la sostenibilit\u00e0. Sono realizzati con materiali resistenti ai comuni prodotti chimici per lavanderia, riducendo la necessit\u00e0 di frequenti sostituzioni. Ci\u00f2 non solo riduce gli sprechi, ma contribuisce anche a un&#039;attivit\u00e0 di lavanderia pi\u00f9 sostenibile.<\/span><\/p>\n<h3 class=\"AnswerParser_AnswerParserH3__Mpe4s\">7. Recensioni dei clienti<\/h3>\n<p><span class=\"AnswerParser_TextContainer__z_Iiv\" data-testid=\"youchat-text\">I nostri clienti hanno costantemente elogiato i nostri tag RFID lavabili per la lavanderia per la loro durata ed efficacia. Molti hanno segnalato miglioramenti significativi nei loro processi di gestione della lavanderia, citando perdite ridotte e maggiore efficienza. Ecco cosa ha detto uno dei nostri clienti:<\/span><\/p>\n<blockquote><p><span class=\"AnswerParser_TextContainer__z_Iiv\" data-testid=\"youchat-text\">&quot;Da quando abbiamo iniziato a usare questi tag RFID, la precisione del nostro inventario \u00e8 migliorata notevolmente. Ora possiamo tracciare ogni capo con facilit\u00e0!&quot;<\/span><\/p><\/blockquote>\n<h3 class=\"AnswerParser_AnswerParserH3__Mpe4s\">8. Domande frequenti<\/h3>\n<p><span class=\"AnswerParser_TextContainer__z_Iiv\" data-testid=\"youchat-text\"><strong>D: Quanto durano le etichette RFID per lavanderia?<\/strong><br \/>\nR: Le nostre etichette sono progettate per durare fino a 200 cicli di lavaggio o tre anni, a seconda di quale evento si verifica per primo.<\/span><\/p>\n<p><span class=\"AnswerParser_TextContainer__z_Iiv\" data-testid=\"youchat-text\"><strong>D: Questi tag possono resistere alle alte temperature?<\/strong><br \/>\nR: S\u00ec, i nostri tag RFID per lavanderia possono resistere ad alte temperature durante i processi di lavaggio e asciugatura.<\/span><\/p>\n<p><span class=\"AnswerParser_TextContainer__z_Iiv\" data-testid=\"youchat-text\"><strong>D: Come posso ordinare questi tag?<\/strong><br \/>\nR: Compila il modulo di richiesta qui sotto e facci sapere che tipo di lettore RFID o di antenna ti serve.<\/span><\/p>\n<h3 class=\"AnswerParser_AnswerParserH3__Mpe4s\">9. Prodotti correlati<\/h3>\n<p><span class=\"AnswerParser_TextContainer__z_Iiv\" data-testid=\"youchat-text\">Oltre ai nostri tag RFID lavabili per lavanderia, offriamo una gamma di prodotti correlati, tra cui lettori e antenne RFID, per completare il tuo sistema di gestione della lavanderia. Le nostre soluzioni sono progettate per funzionare perfettamente insieme, fornendoti un sistema di monitoraggio e gestione completo.<\/span><\/p>\n<h3 class=\"AnswerParser_AnswerParserH3__Mpe4s\">10. Contattaci<\/h3>\n<p><span class=\"AnswerParser_TextContainer__z_Iiv\" data-testid=\"youchat-text\">Per maggiori informazioni sui nostri tag RFID lavabili per il bucato o per discutere delle tue esigenze specifiche, ti preghiamo di\u00a0<strong>contattaci<\/strong>Il nostro team \u00e8 pronto ad assisterti nella ricerca delle migliori soluzioni per le tue attivit\u00e0 di lavanderia.<\/span><\/p>\n<hr \/>\n<p><span class=\"AnswerParser_TextContainer__z_Iiv\" data-testid=\"youchat-text\">Scegliendo il nostro\u00a0<strong>etichette RFID lavabili per bucato<\/strong>, stai investendo in una soluzione che non solo migliora la tua efficienza operativa, ma contribuisce anche a un futuro pi\u00f9 sostenibile. Con il nostro impegno per la qualit\u00e0 e la soddisfazione del cliente, puoi fidarti di noi per fornirti le migliori soluzioni RFID per le tue esigenze di gestione della lavanderia. Non esitare a contattarci e scoprire come i nostri prodotti possono trasformare le tue operazioni di lavanderia oggi stesso!<\/span><\/p>\n<p>&nbsp;<\/p>\n<\/div>\n<div class=\"auto-hide-last-sibling-br paragraph_1252f paragraph-element\"><\/div>","protected":false},"excerpt":{"rendered":"<p>Scopri il nostro <strong>Etichette RFID lavabili per lavanderia<\/strong>! Perfetto per tenere traccia di biancheria e uniformi, resistente, impermeabile e progettato per una gestione impeccabile del bucato.<\/p>","protected":false},"featured_media":2825,"template":"","meta":{"_kad_post_transparent":"default","_kad_post_title":"","_kad_post_layout":"default","_kad_post_sidebar_id":"","_kad_post_content_style":"default","_kad_post_vertical_padding":"default","_kad_post_feature":"","_kad_post_feature_position":"","_kad_post_header":false,"_kad_post_footer":false,"_kad_post_classname":""},"product_brand":[],"product_cat":[16],"product_tag":[340,31,65,30,341],"class_list":{"0":"post-2830","1":"product","2":"type-product","3":"status-publish","4":"has-post-thumbnail","6":"product_cat-uhf-rfid-laundry-tags","7":"product_tag-rfid-chips","8":"product_tag-rfid-tag-for-linen-laundry","9":"product_tag-textile-rfid-laundry-tags","10":"product_tag-uhf-rfid-laundry-tag","11":"product_tag-washable-laundry-rfid-tags-manufacturer","13":"first","14":"instock","15":"featured","16":"shipping-taxable","17":"product-type-simple","18":"entry","19":"content-bg","20":"loop-entry"},"_links":{"self":[{"href":"https:\/\/rfid-laundry-tag.com\/it\/wp-json\/wp\/v2\/product\/2830","targetHints":{"allow":["GET"]}}],"collection":[{"href":"https:\/\/rfid-laundry-tag.com\/it\/wp-json\/wp\/v2\/product"}],"about":[{"href":"https:\/\/rfid-laundry-tag.com\/it\/wp-json\/wp\/v2\/types\/product"}],"version-history":[{"count":2,"href":"https:\/\/rfid-laundry-tag.com\/it\/wp-json\/wp\/v2\/product\/2830\/revisions"}],"predecessor-version":[{"id":2832,"href":"https:\/\/rfid-laundry-tag.com\/it\/wp-json\/wp\/v2\/product\/2830\/revisions\/2832"}],"wp:featuredmedia":[{"embeddable":true,"href":"https:\/\/rfid-laundry-tag.com\/it\/wp-json\/wp\/v2\/media\/2825"}],"wp:attachment":[{"href":"https:\/\/rfid-laundry-tag.com\/it\/wp-json\/wp\/v2\/media?parent=2830"}],"wp:term":[{"taxonomy":"product_brand","embeddable":true,"href":"https:\/\/rfid-laundry-tag.com\/it\/wp-json\/wp\/v2\/product_brand?post=2830"},{"taxonomy":"product_cat","embeddable":true,"href":"https:\/\/rfid-laundry-tag.com\/it\/wp-json\/wp\/v2\/product_cat?post=2830"},{"taxonomy":"product_tag","embeddable":true,"href":"https:\/\/rfid-laundry-tag.com\/it\/wp-json\/wp\/v2\/product_tag?post=2830"}],"curies":[{"name":"parola chiave","href":"https:\/\/api.w.org\/{rel}","templated":true}]}}