{"id":2792,"date":"2024-10-29T11:28:05","date_gmt":"2024-10-29T11:28:05","guid":{"rendered":"https:\/\/rfid-laundry-tag.com\/?post_type=product&#038;p=2792"},"modified":"2024-10-29T13:03:05","modified_gmt":"2024-10-29T13:03:05","slug":"fdx-b-134-2khz-rfid-animal-id-glass-tag-syringe-transponder","status":"publish","type":"product","link":"https:\/\/rfid-laundry-tag.com\/it\/fdx-b-134-2khz-rfid-animal-id-glass-tag-syringe-transponder\/","title":{"rendered":"FDX-B 134,2khz RFID Identificazione animale Tag in vetro Siringa Transponder"},"content":{"rendered":"<h2>FDX-B 134,2khz RFID Identificazione animale Tag in vetro Siringa Transponder<\/h2>\n<p><span class=\"AnswerParser_TextContainer__z_Iiv\" data-testid=\"youchat-text\"><strong>FDX-B 134,2 kHz RFID Animal ID Tag Siringa Transponder<\/strong>\u00a0\u00e8 una soluzione all&#039;avanguardia per l&#039;identificazione e la gestione degli animali. Progettato specificamente per animali domestici e bestiame, questo tag in vetro RFID assicura un tracciamento e un&#039;identificazione accurati, rendendolo uno strumento essenziale per veterinari, allevatori e proprietari di animali domestici. Con le sue caratteristiche robuste e le prestazioni affidabili, questo prodotto vale l&#039;investimento per chiunque sia coinvolto nella cura e nella gestione degli animali.<\/span><\/p>\n<h2 class=\"AnswerParser_AnswerParserH2__SIHnF\">Perch\u00e9 scegliere il tag RFID in vetro FDX-B 134,2 kHz per l&#039;identificazione degli animali?<\/h2>\n<p><span class=\"AnswerParser_TextContainer__z_Iiv\" data-testid=\"youchat-text\">Il tag RFID in vetro FDX-B non \u00e8 solo un semplice strumento di identificazione; offre numerosi vantaggi che migliorano la gestione degli animali. Il suo\u00a0<strong>biovetro<\/strong>\u00a0costruzione assicura durevolezza e biocompatibilit\u00e0, rendendolo sicuro per l&#039;impianto. Il tag funziona a una frequenza di\u00a0<strong>Frequenza<\/strong>, che \u00e8 conforme agli standard internazionali (ISO11784\/785, ISO14443A), garantendo prestazioni affidabili in varie applicazioni. Inoltre, il\u00a0<strong>Sterilizzazione di grado medico 100%<\/strong>\u00a0garantisce che il tag sia sicuro per l&#039;uso sugli animali, riducendo al minimo il rischio di infezioni o complicazioni post-impianto.<\/span><\/p>\n<h3 class=\"AnswerParser_AnswerParserH3__Mpe4s\">Descrizione del prodotto<\/h3>\n<h4 class=\"AnswerParser_AnswerParserH4__ghxg8\">1. Caratteristiche del prodotto<\/h4>\n<p><span class=\"AnswerParser_TextContainer__z_Iiv\" data-testid=\"youchat-text\">Il tag RFID in vetro FDX-B \u00e8 disponibile in varie dimensioni, tra cui\u00a0<strong>1,25*7mm<\/strong>,\u00a0<strong>1,4*8mm<\/strong>,\u00a0<strong>2*8mm<\/strong>,\u00a0<strong>2*12mm<\/strong>, E\u00a0<strong>3*15mm<\/strong>Questa gamma consente flessibilit\u00e0 nell&#039;applicazione, adattandosi a diverse taglie di animali, dai piccoli animali domestici al bestiame pi\u00f9 grande. Il tag\u00a0<strong>antibatterico, antiallergico e antirigetto<\/strong>\u00a0Le sue caratteristiche ne garantiscono la sicurezza per tutti i tipi di animali, offrendo tranquillit\u00e0 ai proprietari di animali domestici e ai veterinari.<\/span><\/p>\n<h4 class=\"AnswerParser_AnswerParserH4__ghxg8\">2. Specifiche tecniche<\/h4>\n<table class=\"hight-light-first-column all magic-18\">\n<tbody>\n<tr>\n<td colspan=\"1\" rowspan=\"1\">\n<div class=\"magic-19\">Articolo<\/div>\n<\/td>\n<td colspan=\"1\" rowspan=\"1\">\n<div class=\"magic-20\">Tag RFID in vetro<\/div>\n<\/td>\n<\/tr>\n<tr>\n<td colspan=\"1\" rowspan=\"1\">\n<div class=\"magic-19\">Materiale<\/div>\n<\/td>\n<td colspan=\"1\" rowspan=\"1\">\n<div class=\"magic-20\">Biovetro<\/div>\n<\/td>\n<\/tr>\n<tr>\n<td colspan=\"1\" rowspan=\"1\">\n<div class=\"magic-19\">Dimensioni disponibili<\/div>\n<\/td>\n<td colspan=\"1\" rowspan=\"1\">\n<div class=\"magic-20\">1,25*7mm, 1,4*8mm, 2*8mm, 2*12mm, 3*15mm ecc.<\/div>\n<\/td>\n<\/tr>\n<tr>\n<td colspan=\"1\" rowspan=\"1\">\n<div class=\"magic-19\">Frequenza di lavoro<\/div>\n<\/td>\n<td colspan=\"1\" rowspan=\"1\">\n<div class=\"magic-20\" data-spm-anchor-id=\"a2700.details.0.i46.2ffc6c8dJHsoYV\">134,2 kHz, 125 kHz, 13,56 MHz<\/div>\n<\/td>\n<\/tr>\n<tr>\n<td colspan=\"1\" rowspan=\"1\">\n<div class=\"magic-19\">Protocollo<\/div>\n<\/td>\n<td colspan=\"1\" rowspan=\"1\">\n<div class=\"magic-20\">ISO11784\/785, IS014443A<\/div>\n<\/td>\n<\/tr>\n<tr>\n<td colspan=\"1\" rowspan=\"1\">\n<div class=\"magic-19\">Artigianato<\/div>\n<\/td>\n<td colspan=\"1\" rowspan=\"1\">\n<div class=\"magic-20\">Programmazione del numero ID<\/div>\n<\/td>\n<\/tr>\n<tr>\n<td colspan=\"1\" rowspan=\"1\">\n<div class=\"magic-19\">Sterilizzazione<\/div>\n<\/td>\n<td colspan=\"1\" rowspan=\"1\">\n<div class=\"magic-20\">100% Sterilizzazione di grado medico<\/div>\n<\/td>\n<\/tr>\n<tr>\n<td colspan=\"1\" rowspan=\"1\">\n<div class=\"magic-19\">Caratteristica del chip<\/div>\n<\/td>\n<td colspan=\"1\" rowspan=\"1\">\n<div class=\"magic-20\">Antibatterico, antiallergico, antirigetto<\/div>\n<\/td>\n<\/tr>\n<tr>\n<td colspan=\"1\" rowspan=\"1\">\n<div class=\"magic-19\">Applicazione<\/div>\n<\/td>\n<td colspan=\"1\" rowspan=\"1\">\n<div class=\"magic-20\" data-spm-anchor-id=\"a2700.details.0.i45.2ffc6c8dJHsoYV\">Gestione degli animali domestici.ecc.<\/div>\n<\/td>\n<\/tr>\n<\/tbody>\n<\/table>\n<p><span class=\"AnswerParser_TextContainer__z_Iiv\" data-testid=\"youchat-text\">Queste specifiche evidenziano la versatilit\u00e0 e l&#039;affidabilit\u00e0 del tag, rendendolo adatto a diverse esigenze di identificazione degli animali.<\/span><\/p>\n<h4 class=\"AnswerParser_AnswerParserH4__ghxg8\">3. Istruzioni per l&#039;uso<\/h4>\n<p><span class=\"AnswerParser_TextContainer__z_Iiv\" data-testid=\"youchat-text\">Il tag in vetro RFID FDX-B \u00e8 progettato per un facile impianto tramite una siringa specializzata. Il processo \u00e8 semplice:<\/span><\/p>\n<ol class=\"AnswerParser_AnswerParserOrderedList__kl_2Y\">\n<li class=\"AnswerParser_ListItem__XqLOV\" translate=\"yes\"><strong>Preparare la siringa<\/strong>\u00a0con il tag RFID in vetro.<\/li>\n<li class=\"AnswerParser_ListItem__XqLOV\" translate=\"yes\"><strong>Individuare il sito di impianto<\/strong>\u00a0sull&#039;animale, in genere tra le scapole.<\/li>\n<li class=\"AnswerParser_ListItem__XqLOV\" translate=\"yes\"><strong>Iniettare il tag<\/strong>\u00a0utilizzando la siringa, assicurandosi che sia posizionata sotto la pelle.<\/li>\n<\/ol>\n<p><span class=\"AnswerParser_TextContainer__z_Iiv\" data-testid=\"youchat-text\">Questa semplice procedura consente di etichettare gli animali in modo rapido ed efficiente, riducendo al minimo lo stress sia per l&#039;animale che per chi lo gestisce.<\/span><\/p>\n<h4 class=\"AnswerParser_AnswerParserH4__ghxg8\">4. Impatto ambientale<\/h4>\n<p><span class=\"AnswerParser_TextContainer__z_Iiv\" data-testid=\"youchat-text\">Il tag in vetro RFID FDX-B \u00e8 progettato tenendo a mente la sostenibilit\u00e0. Il materiale in biovetro \u00e8 ecologico e pu\u00f2 essere smaltito in sicurezza senza danneggiare l&#039;ecosistema. Inoltre, il processo di produzione rispetta rigorosi standard ambientali, garantendo sprechi e consumi energetici minimi.<\/span><\/p>\n<h4 class=\"AnswerParser_AnswerParserH4__ghxg8\">5. Recensioni dei clienti<\/h4>\n<p><span class=\"AnswerParser_TextContainer__z_Iiv\" data-testid=\"youchat-text\">I clienti hanno elogiato il tag in vetro FDX-B RFID per la sua affidabilit\u00e0 e facilit\u00e0 d&#039;uso. Molti veterinari segnalano che i tag hanno migliorato significativamente la loro capacit\u00e0 di tracciare e gestire gli animali, portando a migliori risultati in termini di salute. I proprietari di animali domestici apprezzano la tranquillit\u00e0 che deriva dal sapere che i loro animali possono essere facilmente identificati se si perdono.<\/span><\/p>\n<h4 class=\"AnswerParser_AnswerParserH4__ghxg8\">6. Domande frequenti<\/h4>\n<p><span class=\"AnswerParser_TextContainer__z_Iiv\" data-testid=\"youchat-text\"><strong>D: Quanto dura il tag RFID una volta impiantato?<\/strong><br \/>\nR: Il tag in vetro RFID FDX-B \u00e8 progettato per durare per tutta la vita dell&#039;animale, garantendone un&#039;identificazione permanente.<\/span><span class=\"AnswerParser_TextContainer__z_Iiv\" data-testid=\"youchat-text\"><strong>D: Il processo di impianto \u00e8 doloroso per l&#039;animale?<\/strong><br \/>\nR: Il processo di impianto \u00e8 rapido e minimamente invasivo, provocando solo un leggero disagio, simile a quello di una vaccinazione.<\/span><span class=\"AnswerParser_TextContainer__z_Iiv\" data-testid=\"youchat-text\"><strong>D: Il tag pu\u00f2 essere letto a distanza?<\/strong><br \/>\nR: S\u00ec, il tag pu\u00f2 essere letto da una distanza di diversi centimetri, a seconda del lettore utilizzato.<\/span><\/p>\n<h4 class=\"AnswerParser_AnswerParserH4__ghxg8\">7. Prodotti correlati<\/h4>\n<p><span class=\"AnswerParser_TextContainer__z_Iiv\" data-testid=\"youchat-text\">Oltre al tag in vetro RFID FDX-B, offriamo una gamma di prodotti correlati, tra cui lettori RFID e soluzioni software per la gestione degli animali. Questi prodotti possono migliorare le tue capacit\u00e0 di tracciamento e semplificare le tue operazioni.<\/span><\/p>\n<h4 class=\"AnswerParser_AnswerParserH4__ghxg8\">8. Garanzia di qualit\u00e0<\/h4>\n<p><span class=\"AnswerParser_TextContainer__z_Iiv\" data-testid=\"youchat-text\">Il tag in vetro RFID FDX-B \u00e8 prodotto secondo rigide misure di controllo qualit\u00e0, assicurando qualit\u00e0 e prestazioni costanti. \u00c8 accreditato da vari standard internazionali, tra cui ISO 9001, ISO 14001 e ISO 45001, che ne garantiscono l&#039;affidabilit\u00e0 e la sicurezza.<\/span><\/p>\n<h4 class=\"AnswerParser_AnswerParserH4__ghxg8\">9. Conclusion<\/h4>\n<p><span class=\"AnswerParser_TextContainer__z_Iiv\" data-testid=\"youchat-text\">Investire nel\u00a0<strong>FDX-B 134,2 kHz RFID Animal ID Tag Siringa Transponder<\/strong>\u00a0\u00e8 una scelta intelligente per chiunque sia coinvolto nella cura degli animali. Le sue funzionalit\u00e0 avanzate, la facilit\u00e0 d&#039;uso e l&#039;impegno per la sicurezza lo rendono uno strumento prezioso per una gestione efficace degli animali. Che tu sia un veterinario, un allevatore o un proprietario di animali domestici, questo tag RFID in vetro migliorer\u00e0 la tua capacit\u00e0 di tracciare e identificare gli animali in modo efficiente.<\/span><\/p>\n<h4 class=\"AnswerParser_AnswerParserH4__ghxg8\">10. Chiamata all&#039;azione<\/h4>\n<p><span class=\"AnswerParser_TextContainer__z_Iiv\" data-testid=\"youchat-text\">Pronti a migliorare le vostre pratiche di gestione degli animali?\u00a0<strong>Contattaci oggi<\/strong>\u00a0per saperne di pi\u00f9 sul tag RFID in vetro FDX-B ed esplorare la nostra gamma di soluzioni RFID. Compila il nostro modulo di richiesta per un campione gratuito o per discutere delle tue esigenze specifiche con i nostri esperti!<\/span><\/p>","protected":false},"excerpt":{"rendered":"<p>Il transponder con siringa RFID per l&#039;identificazione degli animali FDX-B 134,2 kHz \u00e8 una soluzione all&#039;avanguardia per l&#039;identificazione e la gestione degli animali.<\/p>","protected":false},"featured_media":2793,"template":"","meta":{"_kad_post_transparent":"default","_kad_post_title":"","_kad_post_layout":"default","_kad_post_sidebar_id":"","_kad_post_content_style":"default","_kad_post_vertical_padding":"default","_kad_post_feature":"","_kad_post_feature_position":"","_kad_post_header":false,"_kad_post_footer":false,"_kad_post_classname":""},"product_brand":[],"product_cat":[54],"product_tag":[327,330,329,328],"class_list":{"0":"post-2792","1":"product","2":"type-product","3":"status-publish","4":"has-post-thumbnail","6":"product_cat-hot-selling-rfid-tags","7":"product_tag-fdx-b-134-2khz-rfid-animal-tag","8":"product_tag-rfid-animal-id-glass-tag-syringe","9":"product_tag-rfid-glass-tag-syringe-animal-microchip","10":"product_tag-rfid-pet-microchip-implant-capsule","12":"first","13":"instock","14":"shipping-taxable","15":"product-type-simple","16":"entry","17":"content-bg","18":"loop-entry"},"_links":{"self":[{"href":"https:\/\/rfid-laundry-tag.com\/it\/wp-json\/wp\/v2\/product\/2792","targetHints":{"allow":["GET"]}}],"collection":[{"href":"https:\/\/rfid-laundry-tag.com\/it\/wp-json\/wp\/v2\/product"}],"about":[{"href":"https:\/\/rfid-laundry-tag.com\/it\/wp-json\/wp\/v2\/types\/product"}],"version-history":[{"count":2,"href":"https:\/\/rfid-laundry-tag.com\/it\/wp-json\/wp\/v2\/product\/2792\/revisions"}],"predecessor-version":[{"id":2797,"href":"https:\/\/rfid-laundry-tag.com\/it\/wp-json\/wp\/v2\/product\/2792\/revisions\/2797"}],"wp:featuredmedia":[{"embeddable":true,"href":"https:\/\/rfid-laundry-tag.com\/it\/wp-json\/wp\/v2\/media\/2793"}],"wp:attachment":[{"href":"https:\/\/rfid-laundry-tag.com\/it\/wp-json\/wp\/v2\/media?parent=2792"}],"wp:term":[{"taxonomy":"product_brand","embeddable":true,"href":"https:\/\/rfid-laundry-tag.com\/it\/wp-json\/wp\/v2\/product_brand?post=2792"},{"taxonomy":"product_cat","embeddable":true,"href":"https:\/\/rfid-laundry-tag.com\/it\/wp-json\/wp\/v2\/product_cat?post=2792"},{"taxonomy":"product_tag","embeddable":true,"href":"https:\/\/rfid-laundry-tag.com\/it\/wp-json\/wp\/v2\/product_tag?post=2792"}],"curies":[{"name":"parola chiave","href":"https:\/\/api.w.org\/{rel}","templated":true}]}}