{"id":279,"date":"2024-06-26T08:08:27","date_gmt":"2024-06-26T08:08:27","guid":{"rendered":"https:\/\/rfid-laundry-tag.com\/?post_type=product&#038;p=279"},"modified":"2024-06-26T09:06:58","modified_gmt":"2024-06-26T09:06:58","slug":"uhf-rfid-flexible-anti-metal-tag","status":"publish","type":"product","link":"https:\/\/rfid-laundry-tag.com\/it\/uhf-rfid-flexible-anti-metal-tag\/","title":{"rendered":"Tag anti-metallo flessibile UHF RFID"},"content":{"rendered":"<table style=\"border-collapse: collapse; width: 370.82pt;\" border=\"0\" width=\"618\" cellspacing=\"0\" cellpadding=\"0\">\n<tbody>\n<tr style=\"height: 17.40pt;\">\n<td class=\"et2\" style=\"height: 17.40pt; width: 127.80pt;\" width=\"213\" height=\"29\">Nome dell&#039;articolo<\/td>\n<td class=\"et3\" style=\"width: 243.00pt;\" width=\"405\">Tag anti-metallo flessibile UHF RFID<\/td>\n<\/tr>\n<tr style=\"height: 41.00pt;\">\n<td class=\"et4\" style=\"height: 41.00pt; width: 127.80pt;\" width=\"213\" height=\"68\">Materiale<\/td>\n<td class=\"et5\" style=\"width: 243.00pt;\" width=\"405\">Carta patinata + schiuma EFVA<\/td>\n<\/tr>\n<tr style=\"height: 25.00pt;\">\n<td class=\"et4\" style=\"height: 25.00pt; width: 127.80pt;\" width=\"213\" height=\"41\">Misurare<\/td>\n<td class=\"et5\" style=\"width: 243.00pt;\" width=\"405\">90*25*1,2 mm, 60*25*1,2 mm, 70*30 ecc.<\/td>\n<\/tr>\n<tr style=\"height: 17.40pt;\">\n<td class=\"et4\" style=\"height: 17.40pt; width: 127.80pt;\" width=\"213\" height=\"29\">Chip<\/td>\n<td class=\"et5\" style=\"width: 243.00pt;\" width=\"405\">Monza R6,U9 ecc.<\/td>\n<\/tr>\n<tr style=\"height: 40.00pt;\">\n<td class=\"et4\" style=\"height: 40.00pt; width: 127.80pt;\" width=\"213\" height=\"66\">Protocollo<\/td>\n<td class=\"et5\" style=\"width: 243.00pt;\" width=\"405\">La norma ISO\/IEC18000-6C<\/td>\n<\/tr>\n<tr style=\"height: 17.40pt;\">\n<td class=\"et4\" style=\"height: 17.40pt; width: 127.80pt;\" width=\"213\" height=\"29\">Frequenza<\/td>\n<td class=\"et5\" style=\"width: 243.00pt;\" width=\"405\">902-928 MHz<\/td>\n<\/tr>\n<tr style=\"height: 63.00pt;\">\n<td class=\"et4\" style=\"height: 63.00pt; width: 127.80pt;\" width=\"213\" height=\"105\">Personalizzazione<\/td>\n<td class=\"et5\" style=\"width: 243.00pt;\" width=\"405\">Stampa del logo, codifica<\/td>\n<\/tr>\n<tr style=\"height: 60.00pt;\">\n<td class=\"et6\" style=\"height: 60.00pt; width: 127.80pt;\" width=\"213\" height=\"100\">Applicazione<\/td>\n<td class=\"et7\" style=\"width: 243.00pt;\" width=\"405\">scaffale del magazzino, risorsa IT\/contenitore metallico\/monitoraggio di attrezzature e dispositivi<\/td>\n<\/tr>\n<\/tbody>\n<\/table>\n<div><\/div>\n<div class=\"auto-hide-last-sibling-br paragraph_9dc5f paragraph-element\">\n<div class=\"auto-hide-last-sibling-br paragraph_9dc5f paragraph-element\">Il tag RFID stampabile su metallo offre numerose caratteristiche degne di nota che lo rendono la scelta ideale per varie applicazioni:<\/div>\n<p><br class=\"container_21264 wrapper_661ac undefined\" \/><\/p>\n<ol class=\"auto-hide-last-sibling-br\">\n<li>\n<div class=\"auto-hide-last-sibling-br paragraph_9dc5f paragraph-element\">Prestazioni RFID perfette su superfici metalliche: il tag \u00e8 progettato specificamente per fornire prestazioni ottimali quando viene attaccato a superfici metalliche.<\/div>\n<\/li>\n<li>\n<div class=\"auto-hide-last-sibling-br paragraph_9dc5f paragraph-element\">Ultra-piccolo e ultra-sottile: con uno spessore di appena 1 mm, il tag RFID \u00e8 incredibilmente compatto, il che lo rende ideale per la stampa a trasferimento termico.<\/div>\n<\/li>\n<li>\n<div class=\"auto-hide-last-sibling-br paragraph_9dc5f paragraph-element\">Flessibilit\u00e0: il tag \u00e8 progettato per essere flessibile, il che significa che pu\u00f2 adattarsi alle superfici curve senza problemi.<\/div>\n<\/li>\n<li>\n<div class=\"auto-hide-last-sibling-br paragraph_9dc5f paragraph-element\">Ampio raggio di lettura: una volta fissato a una superficie metallica, il tag vanta un impressionante raggio di lettura fino a 8 metri, garantendo un&#039;eccellente tracciabilit\u00e0.<\/div>\n<\/li>\n<li>\n<div class=\"auto-hide-last-sibling-br paragraph_9dc5f paragraph-element\">Supporto di frequenza: il tag supporta sia le frequenze FCC (Federal Communications Commission) che ETSI (European Telecommunications Standards Institute), rendendolo adattabile all&#039;uso in diverse regioni.<\/div>\n<\/li>\n<li>\n<div class=\"auto-hide-last-sibling-br paragraph_9dc5f paragraph-element\">Protezione superiore: con un grado di protezione IP68, il tag RFID \u00e8 a tenuta di polvere e pu\u00f2 resistere all&#039;immersione in acqua, il che lo rende una scelta eccellente per ambienti difficili o applicazioni in cui \u00e8 necessaria la resistenza a condizioni difficili.<\/div>\n<\/li>\n<\/ol>\n<div class=\"auto-hide-last-sibling-br paragraph_9dc5f paragraph-element\">Queste caratteristiche si combinano per rendere il tag RFID stampabile su metallo uno strumento potente e versatile per il monitoraggio e la gestione delle risorse su superfici metalliche.<\/div>\n<\/div>","protected":false},"excerpt":{"rendered":"<p>I tag anti-metallo flessibili UHF RFID sono appositamente realizzati per funzionare efficacemente in ambienti difficili e su superfici metalliche. I tag sono progettati per funzionare a frequenze UHF da 865 MHz a 867 MHz e sono resistenti all&#039;acqua, alla polvere e alle temperature estreme.<\/p>","protected":false},"featured_media":280,"template":"","meta":{"_kad_post_transparent":"default","_kad_post_title":"","_kad_post_layout":"default","_kad_post_sidebar_id":"","_kad_post_content_style":"default","_kad_post_vertical_padding":"default","_kad_post_feature":"","_kad_post_feature_position":"","_kad_post_header":false,"_kad_post_footer":false,"_kad_post_classname":""},"product_brand":[],"product_cat":[54],"product_tag":[106],"class_list":{"0":"post-279","1":"product","2":"type-product","3":"status-publish","4":"has-post-thumbnail","6":"product_cat-hot-selling-rfid-tags","7":"product_tag-uhf-rfid-flexible-anti-metal-tag","9":"first","10":"instock","11":"shipping-taxable","12":"product-type-simple","13":"entry","14":"content-bg","15":"loop-entry"},"_links":{"self":[{"href":"https:\/\/rfid-laundry-tag.com\/it\/wp-json\/wp\/v2\/product\/279","targetHints":{"allow":["GET"]}}],"collection":[{"href":"https:\/\/rfid-laundry-tag.com\/it\/wp-json\/wp\/v2\/product"}],"about":[{"href":"https:\/\/rfid-laundry-tag.com\/it\/wp-json\/wp\/v2\/types\/product"}],"version-history":[{"count":0,"href":"https:\/\/rfid-laundry-tag.com\/it\/wp-json\/wp\/v2\/product\/279\/revisions"}],"wp:featuredmedia":[{"embeddable":true,"href":"https:\/\/rfid-laundry-tag.com\/it\/wp-json\/wp\/v2\/media\/280"}],"wp:attachment":[{"href":"https:\/\/rfid-laundry-tag.com\/it\/wp-json\/wp\/v2\/media?parent=279"}],"wp:term":[{"taxonomy":"product_brand","embeddable":true,"href":"https:\/\/rfid-laundry-tag.com\/it\/wp-json\/wp\/v2\/product_brand?post=279"},{"taxonomy":"product_cat","embeddable":true,"href":"https:\/\/rfid-laundry-tag.com\/it\/wp-json\/wp\/v2\/product_cat?post=279"},{"taxonomy":"product_tag","embeddable":true,"href":"https:\/\/rfid-laundry-tag.com\/it\/wp-json\/wp\/v2\/product_tag?post=279"}],"curies":[{"name":"parola chiave","href":"https:\/\/api.w.org\/{rel}","templated":true}]}}