{"id":2784,"date":"2024-10-29T10:04:23","date_gmt":"2024-10-29T10:04:23","guid":{"rendered":"https:\/\/rfid-laundry-tag.com\/?post_type=product&#038;p=2784"},"modified":"2024-10-29T10:32:07","modified_gmt":"2024-10-29T10:32:07","slug":"134-2khz-tube-rfid-glass-tag","status":"publish","type":"product","link":"https:\/\/rfid-laundry-tag.com\/it\/134-2khz-tube-rfid-glass-tag\/","title":{"rendered":"Tag RFID in vetro a tubo da 134,2 KHz"},"content":{"rendered":"<p><span class=\"AnswerParser_TextContainer__z_Iiv\" data-testid=\"youchat-text\"><strong>Tag RFID in vetro a tubo da 134,2 KHz<\/strong>\u00a0\u00e8 una soluzione innovativa e affidabile per l&#039;identificazione e la gestione degli animali. Progettato specificamente per soddisfare gli standard ISO, questo tag RFID in vetro offre un livello eccezionale di accuratezza e durata, rendendolo una scelta ideale per proprietari di animali domestici, veterinari e allevatori. Grazie alle sue dimensioni compatte e alle sue funzionalit\u00e0 avanzate, questo prodotto garantisce un monitoraggio e un&#039;identificazione efficienti degli animali, migliorando le pratiche di gestione in varie applicazioni.<\/span><\/p>\n<h2 class=\"AnswerParser_AnswerParserH2__SIHnF\">Vantaggi del tag RFID in vetro a tubo da 134,2 KHz<\/h2>\n<p><span class=\"AnswerParser_TextContainer__z_Iiv\" data-testid=\"youchat-text\">Investire nel 134.2KHz Tube RFID Glass Tag offre numerosi vantaggi. Fornisce un metodo di identificazione senza soluzione di continuit\u00e0 che non \u00e8 solo efficiente ma anche umano. Il tag \u00e8 realizzato in bioglass, il che ne garantisce la sicurezza per l&#039;impianto negli animali. Il suo processo di sterilizzazione di grado medico garantisce che ogni tag sia privo di contaminanti, riducendo cos\u00ec il rischio di infezioni. Inoltre, le caratteristiche antibatteriche e antiallergiche del tag assicurano che gli animali rimangano a loro agio dopo l&#039;impianto.<\/span><span class=\"AnswerParser_TextContainer__z_Iiv\" data-testid=\"youchat-text\">Questo tag RFID in vetro \u00e8 disponibile in varie dimensioni (1,25<em>7mm, 1.4<\/em>8mm, 2<em>8mm, 2<\/em>12mm e 3*15mm), adatti a diverse specie e dimensioni di animali. Funziona a una frequenza di lavoro di 134,2KHz, il che lo rende adatto a un&#039;ampia gamma di applicazioni, dalla gestione degli animali domestici al monitoraggio del bestiame.<\/span><\/p>\n<h2 class=\"AnswerParser_AnswerParserH2__SIHnF\">Descrizione del prodotto<\/h2>\n<h3 class=\"AnswerParser_AnswerParserH3__Mpe4s\">1. Che cosa \u00e8 un tag RFID in vetro?<\/h3>\n<p><span class=\"AnswerParser_TextContainer__z_Iiv\" data-testid=\"youchat-text\">I tag in vetro RFID, noti anche come tag in capsula RFID, sono piccoli transponder progettati principalmente per l&#039;identificazione degli animali. Utilizzano la tecnologia di identificazione a radiofrequenza (RFID) per consentire un monitoraggio e una gestione accurati degli animali. Il tag in vetro RFID Tube da 134,2 KHz \u00e8 progettato appositamente per soddisfare i protocolli ISO11784\/785 e ISO14443A, garantendo la compatibilit\u00e0 con vari sistemi RFID.<\/span><\/p>\n<h3 class=\"AnswerParser_AnswerParserH3__Mpe4s\">2. Caratteristiche principali del tag RFID in vetro da 134,2 KHz<\/h3>\n<ul class=\"AnswerParser_AnswerParserUnorderedList__P_1FW\">\n<li class=\"AnswerParser_ListItem__XqLOV\" translate=\"yes\"><strong>Materiale<\/strong>: Il tag RFID in vetro \u00e8 realizzato in biovetro, un materiale durevole e biocompatibile che garantisce la sicurezza e il benessere degli animali impiantati.<\/li>\n<li class=\"AnswerParser_ListItem__XqLOV\" translate=\"yes\"><strong>Taglie disponibili<\/strong>: Il tag \u00e8 disponibile in pi\u00f9 misure, tra cui 1,25<em>7mm (ideale per piccoli animali domestici), 2<\/em>12 mm (comunemente utilizzato per cani e gatti) e altre misure adatte a specie diverse.<\/li>\n<li class=\"AnswerParser_ListItem__XqLOV\" translate=\"yes\"><strong>Frequenza di lavoro<\/strong>: Funzionando a una frequenza di 134,2 KHz, questo tag \u00e8 progettato per prestazioni affidabili in vari ambienti.<\/li>\n<\/ul>\n<h3 class=\"AnswerParser_AnswerParserH3__Mpe4s\">3. Specifiche tecniche<\/h3>\n<div class=\"AnswerParser_TableContainer__Erb6v\" data-testid=\"table-container\">\n<table>\n<thead>\n<tr>\n<th style=\"text-align: left;\">Specificazione<\/th>\n<th style=\"text-align: left;\">Dettagli<\/th>\n<\/tr>\n<\/thead>\n<tbody>\n<tr>\n<td><strong>Materiale<\/strong><\/td>\n<td>Biovetro<\/td>\n<\/tr>\n<tr>\n<td><strong>Taglie disponibili<\/strong><\/td>\n<td>1.25<em>7mm, 1.4<\/em>8mm, 2<em>8mm, 2<\/em>12mm, 3*15mm<\/td>\n<\/tr>\n<tr>\n<td><strong>Frequenza di lavoro<\/strong><\/td>\n<td>134,2 kHz, 125 kHz, 13,56 MHz<\/td>\n<\/tr>\n<tr>\n<td><strong>Protocollo<\/strong><\/td>\n<td>ISO11784\/785, ISO14443A<\/td>\n<\/tr>\n<tr>\n<td><strong>Sterilizzazione<\/strong><\/td>\n<td>100% Sterilizzazione di grado medico<\/td>\n<\/tr>\n<tr>\n<td><strong>Caratteristiche del chip<\/strong><\/td>\n<td>Antibatterico, antiallergico, antirigetto<\/td>\n<\/tr>\n<\/tbody>\n<\/table>\n<\/div>\n<h3 class=\"AnswerParser_AnswerParserH3__Mpe4s\">4. Istruzioni per l&#039;uso<\/h3>\n<p><span class=\"AnswerParser_TextContainer__z_Iiv\" data-testid=\"youchat-text\">L&#039;installazione del 134.2KHz Tube RFID Glass Tag \u00e8 semplice. Pu\u00f2 essere facilmente impiantato utilizzando una siringa, rendendolo una procedura rapida e indolore per gli animali. Il tag deve essere posizionato sottocutaneamente, consentendogli di rimanere saldamente in posizione e fornendo al contempo un&#039;identificazione affidabile.<\/span><\/p>\n<h3 class=\"AnswerParser_AnswerParserH3__Mpe4s\">5. Impatto ambientale<\/h3>\n<p><span class=\"AnswerParser_TextContainer__z_Iiv\" data-testid=\"youchat-text\">Il tag in vetro RFID \u00e8 progettato tenendo a mente il minimo impatto ambientale. Il materiale in biovetro \u00e8 riciclabile e il processo di produzione rispetta rigorosi standard ambientali. Inoltre, i tag sono prodotti secondo le certificazioni ISO 9001 e ISO 14001, garantendo pratiche sostenibili durante tutto il processo di produzione.<\/span><\/p>\n<h3 class=\"AnswerParser_AnswerParserH3__Mpe4s\">6. Recensioni dei clienti<\/h3>\n<p><span class=\"AnswerParser_TextContainer__z_Iiv\" data-testid=\"youchat-text\">I clienti hanno elogiato il 134.2KHz Tube RFID Glass Tag per la sua affidabilit\u00e0 e facilit\u00e0 d&#039;uso. Molti veterinari lo consigliano per l&#039;identificazione degli animali domestici, notando il suo comfort per gli animali e la sua precisione nel tracciamento. Anche gli allevatori ne apprezzano la durevolezza e la tranquillit\u00e0 che offre nella gestione delle loro mandrie.<\/span><\/p>\n<h3 class=\"AnswerParser_AnswerParserH3__Mpe4s\">7. Domande frequenti<\/h3>\n<p><span class=\"AnswerParser_TextContainer__z_Iiv\" data-testid=\"youchat-text\"><strong>D: Quanto dura il tag RFID in vetro?<\/strong><br \/>\nR: Il tag RFID in vetro \u00e8 progettato per un uso a lungo termine e, se correttamente impiantato, dura spesso per tutta la vita dell&#039;animale.<\/span><\/p>\n<p><span class=\"AnswerParser_TextContainer__z_Iiv\" data-testid=\"youchat-text\"><strong>D: Il tag \u00e8 sicuro per tutti gli animali?<\/strong><br \/>\nR: S\u00ec, il materiale in biovetro e i processi di sterilizzazione di livello medico ne garantiscono la sicurezza per tutti i tipi di animali, compresi animali domestici e bestiame.<\/span><\/p>\n<p><span class=\"AnswerParser_TextContainer__z_Iiv\" data-testid=\"youchat-text\"><strong>D: Il tag pu\u00f2 essere letto a distanza?<\/strong><br \/>\nR: S\u00ec, la distanza di lettura pu\u00f2 variare in base al lettore utilizzato, ma in genere consente una scansione efficiente senza bisogno di contatto diretto.<\/span><\/p>\n<h3 class=\"AnswerParser_AnswerParserH3__Mpe4s\">8. Prodotti correlati<\/h3>\n<p><span class=\"AnswerParser_TextContainer__z_Iiv\" data-testid=\"youchat-text\">Esplora la nostra gamma di prodotti correlati, tra cui etichette RFID, adesivi RFID e altre soluzioni di tag RFID che completano il 134.2KHz Tube RFID Glass Tag. Questi prodotti possono migliorare i tuoi sistemi di identificazione e semplificare i tuoi processi di gestione degli animali.<\/span><\/p>\n<h3 class=\"AnswerParser_AnswerParserH3__Mpe4s\">9. Conclusion<\/h3>\n<p><span class=\"AnswerParser_TextContainer__z_Iiv\" data-testid=\"youchat-text\">IL\u00a0<strong>Tag RFID in vetro a tubo da 134,2 KHz<\/strong>\u00a0offre una soluzione superiore per l&#039;identificazione e la gestione degli animali. Con il suo design robusto, il funzionamento efficiente e l&#039;applicazione umana, si pone come uno strumento affidabile sia per i proprietari di animali domestici che per gli allevatori. Investi nel futuro del monitoraggio e della gestione degli animali con questa soluzione RFID all&#039;avanguardia.<\/span><\/p>","protected":false},"excerpt":{"rendered":"<p>Il tag RFID in vetro Tube da 134,2 KHz offre un&#039;identificazione affidabile e umana degli animali con un design in biovetro resistente, garantendo sicurezza e precisione per varie specie.<\/p>","protected":false},"featured_media":2785,"template":"","meta":{"_kad_post_transparent":"default","_kad_post_title":"","_kad_post_layout":"default","_kad_post_sidebar_id":"","_kad_post_content_style":"default","_kad_post_vertical_padding":"default","_kad_post_feature":"","_kad_post_feature_position":"","_kad_post_header":false,"_kad_post_footer":false,"_kad_post_classname":""},"product_brand":[],"product_cat":[54],"product_tag":[327,326,328],"class_list":{"0":"post-2784","1":"product","2":"type-product","3":"status-publish","4":"has-post-thumbnail","6":"product_cat-hot-selling-rfid-tags","7":"product_tag-fdx-b-134-2khz-rfid-animal-tag","8":"product_tag-rfid-animal-id-glass-tag","9":"product_tag-rfid-pet-microchip-implant-capsule","11":"first","12":"instock","13":"shipping-taxable","14":"product-type-simple","15":"entry","16":"content-bg","17":"loop-entry"},"_links":{"self":[{"href":"https:\/\/rfid-laundry-tag.com\/it\/wp-json\/wp\/v2\/product\/2784","targetHints":{"allow":["GET"]}}],"collection":[{"href":"https:\/\/rfid-laundry-tag.com\/it\/wp-json\/wp\/v2\/product"}],"about":[{"href":"https:\/\/rfid-laundry-tag.com\/it\/wp-json\/wp\/v2\/types\/product"}],"version-history":[{"count":1,"href":"https:\/\/rfid-laundry-tag.com\/it\/wp-json\/wp\/v2\/product\/2784\/revisions"}],"predecessor-version":[{"id":2789,"href":"https:\/\/rfid-laundry-tag.com\/it\/wp-json\/wp\/v2\/product\/2784\/revisions\/2789"}],"wp:featuredmedia":[{"embeddable":true,"href":"https:\/\/rfid-laundry-tag.com\/it\/wp-json\/wp\/v2\/media\/2785"}],"wp:attachment":[{"href":"https:\/\/rfid-laundry-tag.com\/it\/wp-json\/wp\/v2\/media?parent=2784"}],"wp:term":[{"taxonomy":"product_brand","embeddable":true,"href":"https:\/\/rfid-laundry-tag.com\/it\/wp-json\/wp\/v2\/product_brand?post=2784"},{"taxonomy":"product_cat","embeddable":true,"href":"https:\/\/rfid-laundry-tag.com\/it\/wp-json\/wp\/v2\/product_cat?post=2784"},{"taxonomy":"product_tag","embeddable":true,"href":"https:\/\/rfid-laundry-tag.com\/it\/wp-json\/wp\/v2\/product_tag?post=2784"}],"curies":[{"name":"parola chiave","href":"https:\/\/api.w.org\/{rel}","templated":true}]}}