{"id":2761,"date":"2024-10-21T16:41:28","date_gmt":"2024-10-21T16:41:28","guid":{"rendered":"https:\/\/rfid-laundry-tag.com\/?post_type=product&#038;p=2761"},"modified":"2024-10-21T16:54:52","modified_gmt":"2024-10-21T16:54:52","slug":"iso15693-i-code-slix-patrol-nfc-tag","status":"publish","type":"product","link":"https:\/\/rfid-laundry-tag.com\/it\/iso15693-i-code-slix-patrol-nfc-tag\/","title":{"rendered":"Tag NFC ISO15693 I CODE SLIX Patrol"},"content":{"rendered":"<h1>Tag NFC ISO15693 I CODE SLIX Patrol<\/h1>\n<p>IL\u00a0<strong>Etichetta NFC ICODE SLI X Patrol<\/strong>\u00a0\u00e8 progettato per coloro che richiedono affidabilit\u00e0 e prestazioni in ambienti difficili. Questo avanzato\u00a0<strong>Etichetta NFC<\/strong>\u00a0\u00e8 perfetto per le applicazioni di pattugliamento, consentendo una comunicazione fluida con dispositivi abilitati NFC. Costruito per resistere alla prova del tempo e alle condizioni difficili, offre un&#039;incredibile\u00a0<strong>Grado di protezione IP65<\/strong>\u00a0classificazione, assicurando che rimanga funzionale anche se esposto a umidit\u00e0 e polvere. Grazie alle sue opzioni di personalizzazione e all&#039;elevata durata, ICODE SLI X \u00e8 uno strumento essenziale per il personale di sicurezza, il monitoraggio delle risorse e varie applicazioni industriali.<\/p>\n<h2 class=\"AnswerParser_AnswerParserH2__SIHnF\">Caratteristiche e vantaggi del tag NFC ICODE SLI X<\/h2>\n<ul class=\"AnswerParser_AnswerParserUnorderedList__P_1FW\">\n<li class=\"AnswerParser_ListItem__XqLOV\" translate=\"yes\"><strong>Costruzione durevole<\/strong>: Fatto da\u00a0<strong>addominali<\/strong>\u00a0materiale, l&#039;ICODE SLI X \u00e8 resistente ai danni fisici e ai fattori ambientali.<\/li>\n<li class=\"AnswerParser_ListItem__XqLOV\" translate=\"yes\"><strong>Dimensioni versatili<\/strong>: Disponibile in\u00a0<strong>25 mm, 30 mm e 52 mm<\/strong>\u00a0Grazie alle diverse opzioni di diametro, questo tag pu\u00f2 essere personalizzato per soddisfare specifiche esigenze applicative.<\/li>\n<li class=\"AnswerParser_ListItem__XqLOV\" translate=\"yes\"><strong>Alte prestazioni<\/strong>: Operativo presso\u00a0<strong>13,56 MHz<\/strong>, il tag garantisce prestazioni superiori nel trasferimento dei dati, consentendo una comunicazione rapida e affidabile.<\/li>\n<\/ul>\n<table class=\"all magic-8\">\n<tbody>\n<tr>\n<td colspan=\"1\" rowspan=\"1\">\n<div class=\"magic-9\" data-spm-anchor-id=\"a2700.details.0.i71.50be21afmO5Aid\">Chip<\/div>\n<\/td>\n<td colspan=\"1\" rowspan=\"1\">\n<div class=\"magic-10\">ICODE SLI X (personalizzato)<\/div>\n<\/td>\n<\/tr>\n<tr>\n<td colspan=\"1\" rowspan=\"1\">\n<div class=\"magic-9\">Dimensioni<\/div>\n<\/td>\n<td colspan=\"1\" rowspan=\"1\">\n<div class=\"magic-10\" data-spm-anchor-id=\"a2700.details.0.i73.50be21afmO5Aid\">Diametro 25 mm, 30 mm, 52 mm (personalizzato)<\/div>\n<\/td>\n<\/tr>\n<tr>\n<td colspan=\"1\" rowspan=\"1\">\n<div class=\"magic-9\">Spessore<\/div>\n<\/td>\n<td colspan=\"1\" rowspan=\"1\">\n<div class=\"magic-10\">3mm, dimensione del foro: diametro 5mm<\/div>\n<\/td>\n<\/tr>\n<tr>\n<td colspan=\"1\" rowspan=\"1\">\n<div class=\"magic-9\">Materiale<\/div>\n<\/td>\n<td colspan=\"1\" rowspan=\"1\">\n<div class=\"magic-10\">addominali<\/div>\n<\/td>\n<\/tr>\n<tr>\n<td colspan=\"1\" rowspan=\"1\">\n<div class=\"magic-9\">Grado di protezione IP<\/div>\n<\/td>\n<td colspan=\"1\" rowspan=\"1\">\n<div class=\"magic-10\">Grado di protezione IP65<\/div>\n<\/td>\n<\/tr>\n<tr>\n<td colspan=\"1\" rowspan=\"1\">\n<div class=\"magic-9\">Temperatura di applicazione<\/div>\n<\/td>\n<td colspan=\"1\" rowspan=\"1\">\n<div class=\"magic-10\">-40~80\u00b0<\/div>\n<\/td>\n<\/tr>\n<tr>\n<td colspan=\"1\" rowspan=\"1\">\n<div class=\"magic-9\">Temperatura di esercizio<\/div>\n<\/td>\n<td colspan=\"1\" rowspan=\"1\">\n<div class=\"magic-10\" data-spm-anchor-id=\"a2700.details.0.i72.50be21afmO5Aid\">-40~70\u00b0C<\/div>\n<\/td>\n<\/tr>\n<tr>\n<td colspan=\"1\" rowspan=\"1\">\n<div class=\"magic-9\">Memoria<\/div>\n<\/td>\n<td colspan=\"1\" rowspan=\"1\">\n<div class=\"magic-10\">1K bit (dipende dal chip)<\/div>\n<\/td>\n<\/tr>\n<tr>\n<td colspan=\"1\" rowspan=\"1\">\n<div class=\"magic-9\">Gamma di frequenza con le migliori prestazioni<\/div>\n<\/td>\n<td colspan=\"1\" rowspan=\"1\">\n<div class=\"magic-10\">13,56 MHz<\/div>\n<\/td>\n<\/tr>\n<tr>\n<td colspan=\"1\" rowspan=\"1\">\n<div class=\"magic-9\">Vita IC<\/div>\n<\/td>\n<td colspan=\"1\" rowspan=\"1\">\n<div class=\"magic-10\">Resistenza alla scrittura di 100.000 cicli Conservazione della data<\/div>\n<\/td>\n<\/tr>\n<\/tbody>\n<\/table>\n<p>&nbsp;<\/p>\n<h3 class=\"AnswerParser_AnswerParserH3__Mpe4s\">1. Compatibilit\u00e0 e funzionalit\u00e0 del tag NFC<\/h3>\n<p><span class=\"AnswerParser_TextContainer__z_Iiv\" data-testid=\"youchat-text\">IL\u00a0<strong>Etichetta NFC ICODE SLI X<\/strong>\u00a0\u00e8 compatibile con un&#039;ampia gamma di\u00a0<strong>Dispositivi abilitati NFC<\/strong>, compresi smartphone e tablet. Questa compatibilit\u00e0 consente agli utenti di\u00a0<strong>leggere NFC<\/strong>\u00a0tag utilizzando i loro dispositivi, indipendentemente dal fatto che stiano utilizzando un\u00a0<strong>iPhone<\/strong>\u00a0o un\u00a0<strong>Android<\/strong>\u00a0telefono. L&#039;integrazione di\u00a0<strong>Tecnologia NFC<\/strong>\u00a0Ci\u00f2 significa che gli utenti possono avvicinare rapidamente i loro dispositivi al tag per un accesso immediato ai dati, il che lo rende ideale per biglietti da visita, sistemi di accesso sicuri o condivisione di informazioni.<\/span><span class=\"AnswerParser_TextContainer__z_Iiv\" data-testid=\"youchat-text\">Il tag \u00e8 progettato per essere utilizzato in varie applicazioni, consentendo alle aziende di semplificare le operazioni e migliorare la comunicazione. Sia che lo si utilizzi come parte di un\u00a0<strong>sistema di pattugliamento<\/strong>\u00a0o per il monitoraggio delle risorse, ICODE SLI X fornisce una soluzione affidabile che pu\u00f2 rivelarsi preziosa nelle operazioni quotidiane.<\/span><\/p>\n<h3 class=\"AnswerParser_AnswerParserH3__Mpe4s\">2. Prestazioni del tag NFC su metallo<\/h3>\n<p><span class=\"AnswerParser_TextContainer__z_Iiv\" data-testid=\"youchat-text\">Una delle caratteristiche distintive dell&#039;ICODE SLI X \u00e8 la sua capacit\u00e0 di funzionare efficacemente come\u00a0<strong>tag NFC su metallo<\/strong>I tag NFC tradizionali spesso hanno difficolt\u00e0 con le superfici metalliche a causa delle interferenze, ma questo tag utilizza tecnologie avanzate\u00a0<strong>tecnologia anti-metallo<\/strong>\u00a0per garantire prestazioni affidabili. Ci\u00f2 significa che puoi fissarlo in modo sicuro a superfici metalliche senza perdita di funzionalit\u00e0, rendendolo perfetto per ambienti industriali o posti di blocco di sicurezza.<\/span><span class=\"AnswerParser_TextContainer__z_Iiv\" data-testid=\"youchat-text\">Quando \u00e8 attaccato al metallo, l&#039;ICODE SLI X mantiene una forte connessione con i dispositivi NFC, consentendo un trasferimento dati senza interruzioni senza la necessit\u00e0 di apparecchiature aggiuntive. Questa caratteristica \u00e8 particolarmente utile per le aziende che desiderano implementare\u00a0<strong>soluzioni senza contatto<\/strong>\u00a0in ambienti difficili.<\/span><\/p>\n<h3 class=\"AnswerParser_AnswerParserH3__Mpe4s\">3. Opzioni di personalizzazione per diverse applicazioni<\/h3>\n<p><span class=\"AnswerParser_TextContainer__z_Iiv\" data-testid=\"youchat-text\">La personalizzazione \u00e8 fondamentale quando si tratta di implementare la tecnologia NFC in vari settori. ICODE SLI X pu\u00f2 essere personalizzato per soddisfare requisiti specifici, tra cui dimensioni e capacit\u00e0 di memoria. Con opzioni per\u00a0<strong>25 mm, 30 mm e 52 mm<\/strong>\u00a0diametri, le aziende possono scegliere la dimensione perfetta per le loro esigenze.<\/span><span class=\"AnswerParser_TextContainer__z_Iiv\" data-testid=\"youchat-text\">Inoltre, la capacit\u00e0 di memoria pu\u00f2 essere regolata, consentendo diverse esigenze di archiviazione dei dati. Che tu abbia bisogno di un semplice\u00a0<strong>Adesivo NFC<\/strong>\u00a0che si tratti di un biglietto da visita o di una soluzione pi\u00f9 complessa per il monitoraggio delle risorse, ICODE SLI X pu\u00f2 essere personalizzato per offrire la funzionalit\u00e0 giusta.<\/span><\/p>\n<h3 class=\"AnswerParser_AnswerParserH3__Mpe4s\">4. Progettazione resiliente dal punto di vista ambientale<\/h3>\n<p><span class=\"AnswerParser_TextContainer__z_Iiv\" data-testid=\"youchat-text\">Con un\u00a0<strong>Grado di protezione IP65<\/strong>\u00a0classificazione, l&#039;ICODE SLI X \u00e8 progettato per resistere all&#039;esposizione a polvere e umidit\u00e0, rendendolo adatto all&#039;uso esterno e industriale. Il tag pu\u00f2 funzionare a temperature che vanno da\u00a0<strong>-40\u00b0C a 80\u00b0C<\/strong>, garantendo prestazioni costanti anche in condizioni estreme.<\/span><span class=\"AnswerParser_TextContainer__z_Iiv\" data-testid=\"youchat-text\">Questa robustezza significa che le aziende possono contare su ICODE SLI X per\u00a0<strong>uso a lungo termine<\/strong>, riducendo la necessit\u00e0 di frequenti sostituzioni e, in definitiva, risparmiando sui costi. La durevolezza del tag assicura che possa sopravvivere negli ambienti pi\u00f9 difficili, rendendolo un investimento intelligente per qualsiasi operazione.<\/span><\/p>\n<h3 class=\"AnswerParser_AnswerParserH3__Mpe4s\">5. Facile installazione e utilizzo<\/h3>\n<p><span class=\"AnswerParser_TextContainer__z_Iiv\" data-testid=\"youchat-text\">L&#039;installazione dell&#039;ICODE SLI X \u00e8 semplice, grazie al suo design caratterizzato da un\u00a0<strong>foro per vite<\/strong>\u00a0per un fissaggio sicuro. Sia che tu scelga di fissarlo con un\u00a0<strong>adesivo NFC<\/strong>\u00a0sia appoggiandolo sul supporto che avvitandolo, il processo di installazione \u00e8 semplice ed efficiente.<\/span><span class=\"AnswerParser_TextContainer__z_Iiv\" data-testid=\"youchat-text\">Una volta installato, usare il tag \u00e8 altrettanto facile. Gli utenti possono semplicemente\u00a0<strong>tocca il tag<\/strong>\u00a0con i loro\u00a0<strong>Telefono abilitato NFC<\/strong>\u00a0per accedere alle informazioni o eseguire comandi. Questa facilit\u00e0 d&#039;uso rende ICODE SLI X una scelta ideale per le aziende che desiderano implementare\u00a0<strong>comunicazione senza fili<\/strong>\u00a0senza le complessit\u00e0 dei sistemi tradizionali.<\/span><\/p>\n<h3 class=\"AnswerParser_AnswerParserH3__Mpe4s\">6. Domande frequenti sul tag NFC ICODE SLI X<\/h3>\n<p><span class=\"AnswerParser_TextContainer__z_Iiv\" data-testid=\"youchat-text\"><strong>D: ICODE SLI X pu\u00f2 essere utilizzato per pagamenti contactless?<\/strong><br \/>\nR: Sebbene l&#039;ICODE SLI X sia progettato per il trasferimento dati e la comunicazione, pu\u00f2 essere integrato in sistemi che supportano i pagamenti contactless, ma non \u00e8 di per s\u00e9 un dispositivo di elaborazione dei pagamenti.<\/span><\/p>\n<p><span class=\"AnswerParser_TextContainer__z_Iiv\" data-testid=\"youchat-text\"><strong>D: L&#039;ICODE SLI X \u00e8 impermeabile?<\/strong><br \/>\nR: L&#039;ICODE SLI X ha una classificazione IP65, che lo rende resistente alla polvere e agli schizzi d&#039;acqua, ma non completamente impermeabile. \u00c8 adatto per l&#039;uso all&#039;aperto in varie condizioni atmosferiche.<\/span><\/p>\n<p><span class=\"AnswerParser_TextContainer__z_Iiv\" data-testid=\"youchat-text\"><strong>D: Quanto dura la batteria?<\/strong><br \/>\nR: I tag NFC come l&#039;ICODE SLI X non hanno una batteria; assorbono energia dal dispositivo abilitato NFC quando vengono toccati, garantendo una funzionalit\u00e0 duratura con una manutenzione minima.<\/span><\/p>","protected":false},"excerpt":{"rendered":"<p>IL <strong>Etichetta NFC ICODE SLI X Patrol<\/strong> si distingue come una soluzione RFID affidabile e versatile per le esigenze di comunicazione su metallo, sia in servizio che in pattugliamento.<\/p>","protected":false},"featured_media":2763,"template":"","meta":{"_kad_post_transparent":"default","_kad_post_title":"","_kad_post_layout":"default","_kad_post_sidebar_id":"","_kad_post_content_style":"default","_kad_post_vertical_padding":"default","_kad_post_feature":"","_kad_post_feature_position":"","_kad_post_header":false,"_kad_post_footer":false,"_kad_post_classname":""},"product_brand":[],"product_cat":[54],"product_tag":[133,320,321],"class_list":{"0":"post-2761","1":"product","2":"type-product","3":"status-publish","4":"has-post-thumbnail","6":"product_cat-hot-selling-rfid-tags","7":"product_tag-i-code-slix-nfc-tag","8":"product_tag-iso15693-nfc-tag","9":"product_tag-patrol-nfc-tag","11":"first","12":"instock","13":"shipping-taxable","14":"product-type-simple","15":"entry","16":"content-bg","17":"loop-entry"},"_links":{"self":[{"href":"https:\/\/rfid-laundry-tag.com\/it\/wp-json\/wp\/v2\/product\/2761","targetHints":{"allow":["GET"]}}],"collection":[{"href":"https:\/\/rfid-laundry-tag.com\/it\/wp-json\/wp\/v2\/product"}],"about":[{"href":"https:\/\/rfid-laundry-tag.com\/it\/wp-json\/wp\/v2\/types\/product"}],"version-history":[{"count":1,"href":"https:\/\/rfid-laundry-tag.com\/it\/wp-json\/wp\/v2\/product\/2761\/revisions"}],"predecessor-version":[{"id":2765,"href":"https:\/\/rfid-laundry-tag.com\/it\/wp-json\/wp\/v2\/product\/2761\/revisions\/2765"}],"wp:featuredmedia":[{"embeddable":true,"href":"https:\/\/rfid-laundry-tag.com\/it\/wp-json\/wp\/v2\/media\/2763"}],"wp:attachment":[{"href":"https:\/\/rfid-laundry-tag.com\/it\/wp-json\/wp\/v2\/media?parent=2761"}],"wp:term":[{"taxonomy":"product_brand","embeddable":true,"href":"https:\/\/rfid-laundry-tag.com\/it\/wp-json\/wp\/v2\/product_brand?post=2761"},{"taxonomy":"product_cat","embeddable":true,"href":"https:\/\/rfid-laundry-tag.com\/it\/wp-json\/wp\/v2\/product_cat?post=2761"},{"taxonomy":"product_tag","embeddable":true,"href":"https:\/\/rfid-laundry-tag.com\/it\/wp-json\/wp\/v2\/product_tag?post=2761"}],"curies":[{"name":"parola chiave","href":"https:\/\/api.w.org\/{rel}","templated":true}]}}