{"id":2742,"date":"2024-10-11T16:12:50","date_gmt":"2024-10-11T16:12:50","guid":{"rendered":"https:\/\/rfid-laundry-tag.com\/?post_type=product&#038;p=2742"},"modified":"2024-10-29T14:33:03","modified_gmt":"2024-10-29T14:33:03","slug":"epoxy-menu-nfc-tags","status":"publish","type":"product","link":"https:\/\/rfid-laundry-tag.com\/it\/epoxy-menu-nfc-tags\/","title":{"rendered":"Tag NFC del menu epossidico"},"content":{"rendered":"<p><span class=\"AnswerParser_TextContainer__z_Iiv\" data-testid=\"youchat-text\"><strong>Tag NFC del menu epossidico<\/strong>\u00a0sfruttano la tecnologia NFC e QR code all&#039;avanguardia per trasformare il modo in cui gli ospiti interagiscono con i menu. Questi tag innovativi consentono ai clienti di navigare e ordinare rapidamente direttamente dai loro smartphone, migliorando la loro esperienza culinaria e semplificando le operazioni per ristoranti, bar e caffetterie. Con design personalizzabili e funzionalit\u00e0 robuste, questi tag sono un must per qualsiasi struttura moderna.<\/span><\/p>\n<h2 class=\"AnswerParser_AnswerParserH2__SIHnF\">Descrizione del prodotto<\/h2>\n<h3 class=\"AnswerParser_AnswerParserH3__Mpe4s\">1. Cosa sono i tag NFC di Epoxy Menu?<\/h3>\n<p><span class=\"AnswerParser_TextContainer__z_Iiv\" data-testid=\"youchat-text\">I tag NFC Epoxy Menu sono strumenti digitali avanzati progettati per facilitare l&#039;accesso e l&#039;ordinazione senza soluzione di continuit\u00e0 al menu. Realizzati con materiali durevoli come il PVC e dotati di chip NFC, questi tag possono essere personalizzati con loghi, numeri di serie e persino codici QR dinamici. La loro superficie adesiva epossidica assicura longevit\u00e0 e resilienza, rendendoli adatti a vari ambienti.<\/span><\/p>\n<h3 class=\"AnswerParser_AnswerParserH3__Mpe4s\">2. Caratteristiche principali dei tag NFC Epoxy Menu<\/h3>\n<ul class=\"AnswerParser_AnswerParserUnorderedList__P_1FW\">\n<li class=\"AnswerParser_ListItem__XqLOV\" translate=\"yes\"><strong>Durata<\/strong>:La superficie in resina epossidica offre una protezione eccezionale contro olio, acqua, graffi e raggi UV, garantendo che le targhette rimangano funzionali e visivamente accattivanti nel tempo.<\/li>\n<li class=\"AnswerParser_ListItem__XqLOV\" translate=\"yes\"><strong>Versatilit\u00e0<\/strong>: Disponibili in misure rotonde (\u042460mm, \u042475mm, \u0424100mm) e quadrate (80x80mm), queste etichette possono essere personalizzate per adattarsi a qualsiasi esigenza estetica o di branding.<\/li>\n<li class=\"AnswerParser_ListItem__XqLOV\" translate=\"yes\"><strong>Compatibilit\u00e0<\/strong>:Lo strato anti-metallo consente a questi tag di funzionare efficacemente sia su superfici metalliche che non metalliche, rendendoli ideali per diverse applicazioni.<\/li>\n<\/ul>\n<h3 class=\"AnswerParser_AnswerParserH3__Mpe4s\">3. Specifiche tecniche<\/h3>\n<table class=\"has-title all magic-15\">\n<tbody>\n<tr>\n<td colspan=\"1\" rowspan=\"1\">\n<div class=\"magic-16\" data-spm-anchor-id=\"a2700.details.0.i39.7beebf0eKrXqHT\"><span class=\"magic-17\">Articolo<\/span><\/div>\n<\/td>\n<td colspan=\"1\" rowspan=\"1\">\n<div class=\"magic-18\"><span class=\"magic-17\">Tag NFC del menu epossidico <\/span><\/div>\n<\/td>\n<\/tr>\n<tr>\n<td colspan=\"1\" rowspan=\"1\">\n<div class=\"magic-16\"><span class=\"magic-17\">Caratteristiche speciali<\/span><\/div>\n<\/td>\n<td colspan=\"1\" rowspan=\"1\">\n<div class=\"magic-18\"><span class=\"magic-17\">Impermeabile \/ resistente alle intemperie<\/span><\/div>\n<\/td>\n<\/tr>\n<tr>\n<td colspan=\"1\" rowspan=\"1\">\n<div class=\"magic-16\"><span class=\"magic-17\">Interfaccia di comunicazione<\/span><\/div>\n<\/td>\n<td colspan=\"1\" rowspan=\"1\">\n<div class=\"magic-18\"><span class=\"magic-17\">Non-FC<\/span><\/div>\n<\/td>\n<\/tr>\n<tr>\n<td colspan=\"1\" rowspan=\"1\">\n<div class=\"magic-16\"><span class=\"magic-17\">Frequenza<\/span><\/div>\n<\/td>\n<td colspan=\"1\" rowspan=\"1\">\n<div class=\"magic-18\"><span class=\"magic-17\">13,56 MHz<\/span><\/div>\n<\/td>\n<\/tr>\n<tr>\n<td colspan=\"1\" rowspan=\"1\">\n<div class=\"magic-16\"><span class=\"magic-17\">Materiale<\/span><\/div>\n<\/td>\n<td colspan=\"1\" rowspan=\"1\">\n<div class=\"magic-18\">Epossidico + PET\/PVC + inserto NFC + strato anti-metallo + adesivo 3M<\/div>\n<\/td>\n<\/tr>\n<tr>\n<td colspan=\"1\" rowspan=\"1\">\n<div class=\"magic-16\">Misurare<\/div>\n<\/td>\n<td colspan=\"1\" rowspan=\"1\">\n<div class=\"magic-18\">Tondo: \u042460mm, \u042475mm, \u0424100mm; Quadrato: 80x80mm o personalizzato<\/div>\n<\/td>\n<\/tr>\n<tr>\n<td colspan=\"1\" rowspan=\"1\">\n<div class=\"magic-16\"><span class=\"magic-17\">Protocollo<\/span><\/div>\n<\/td>\n<td colspan=\"1\" rowspan=\"1\">\n<div class=\"magic-18\"><span class=\"magic-17\">Norma ISO 14443A<\/span><\/div>\n<\/td>\n<\/tr>\n<tr>\n<td colspan=\"1\" rowspan=\"1\">\n<div class=\"magic-16\"><span class=\"magic-17\">Chip<\/span><\/div>\n<\/td>\n<td colspan=\"1\" rowspan=\"1\">\n<div class=\"magic-18\">NTAG213, NTAG215, NTAG216 (altri chip disponibili)<\/div>\n<\/td>\n<\/tr>\n<tr>\n<td colspan=\"1\" rowspan=\"1\">\n<div class=\"magic-16\"><span class=\"magic-17\">Memoria<\/span><\/div>\n<\/td>\n<td colspan=\"1\" rowspan=\"1\">\n<div class=\"magic-18\"><span class=\"magic-17\">144 Byte, 504 Byte, 888 Byte ecc.<\/span><\/div>\n<\/td>\n<\/tr>\n<tr>\n<td colspan=\"1\" rowspan=\"1\">\n<div class=\"magic-16\"><span class=\"magic-17\">Distanza di lettura<\/span><\/div>\n<\/td>\n<td colspan=\"1\" rowspan=\"1\">\n<div class=\"magic-18\"><span class=\"magic-17\">3-15 cm a seconda del lettore e della dimensione del tag<\/span><\/div>\n<\/td>\n<\/tr>\n<tr>\n<td colspan=\"1\" rowspan=\"1\">\n<div class=\"magic-16\"><span class=\"magic-17\">Stampa<\/span><\/div>\n<\/td>\n<td colspan=\"1\" rowspan=\"1\">\n<div class=\"magic-18\"><span class=\"magic-17\">Stampa CMYK 4C\/offset\/stampa serigrafica<\/span><\/div>\n<\/td>\n<\/tr>\n<tr>\n<td colspan=\"1\" rowspan=\"1\">\n<div class=\"magic-16\"><span class=\"magic-17\">Mestiere<\/span><\/div>\n<\/td>\n<td colspan=\"1\" rowspan=\"1\">\n<div class=\"magic-18\"><span class=\"magic-17\">Codice laser\\Inchiostro UV\\Numero di serie\\Goffratura\\Stampa termica<\/span><\/div>\n<\/td>\n<\/tr>\n<tr>\n<td colspan=\"1\" rowspan=\"1\">\n<div class=\"magic-16\"><span class=\"magic-17\">Superficie<\/span><\/div>\n<\/td>\n<td colspan=\"1\" rowspan=\"1\">\n<div class=\"magic-18\"><span class=\"magic-17\">Lucido\/Opaco\/Satinato\/Trasparente<\/span><\/div>\n<\/td>\n<\/tr>\n<tr>\n<td colspan=\"1\" rowspan=\"1\">\n<div class=\"magic-16\"><span class=\"magic-17\">Funzione<\/span><\/div>\n<\/td>\n<td colspan=\"1\" rowspan=\"1\">\n<div class=\"magic-18\"><span class=\"magic-17\" data-spm-anchor-id=\"a2700.details.0.i40.7beebf0eKrXqHT\">Social media NFC, gestione logistica, gestione delle risorse, gestione della catena di fornitura, gestione dei veicoli, controllo della produzione, gestione del magazzino, gestione dei prodotti, verifica dei prodotti, tracciabilit\u00e0 delle risorse, tracciabilit\u00e0 della movimentazione dei bagagli, gestione dell&#039;inventario, pagamento, braccialetto, ecc. Laminazione, superficie di stampa affidabile e liscia.<\/span><\/div>\n<\/td>\n<\/tr>\n<tr>\n<td colspan=\"1\" rowspan=\"1\">\n<div class=\"magic-16\"><span class=\"magic-17\">Peso della carta di dimensioni standard<\/span><\/div>\n<\/td>\n<td colspan=\"1\" rowspan=\"1\">\n<div class=\"magic-18\"><span class=\"magic-17\">120*120*4mm 0,058KG\/PZ\u00a0 \u00a0<\/span><\/p>\n<div data-spm-anchor-id=\"a2700.pc-decorate.0.i47.51c0333312LtHT\"><span class=\"magic-17\">Ogni confezione di adesivi con sacchetto trasparente Opp,\u00a0\u00a0<\/span><\/div>\n<div data-spm-anchor-id=\"a2700.pc-decorate.0.i114.51c0333312LtHT\"><span class=\"magic-17\">320 pezzi\/cartone animato<\/span><\/div>\n<\/div>\n<\/td>\n<\/tr>\n<\/tbody>\n<\/table>\n<h3 class=\"AnswerParser_AnswerParserH3__Mpe4s\">4. Opzioni di personalizzazione<\/h3>\n<p><span class=\"AnswerParser_TextContainer__z_Iiv\" data-testid=\"youchat-text\">Una delle caratteristiche pi\u00f9 importanti dei tag NFC Epoxy Menu \u00e8 la loro capacit\u00e0 di personalizzazione. Le aziende possono stampare i loro loghi, identificatori univoci e persino codici QR dinamici che rimandano a promozioni o menu specifici. Questo livello di personalizzazione non solo aumenta la visibilit\u00e0 del marchio, ma coinvolge anche i clienti in modo unico.<\/span><\/p>\n<h3 class=\"AnswerParser_AnswerParserH3__Mpe4s\">5. Applicazioni nel settore alberghiero<\/h3>\n<p><span class=\"AnswerParser_TextContainer__z_Iiv\" data-testid=\"youchat-text\">I tag NFC Epoxy Menu sono perfetti per varie applicazioni, tra cui:<\/span><\/p>\n<ul class=\"AnswerParser_AnswerParserUnorderedList__P_1FW\">\n<li class=\"AnswerParser_ListItem__XqLOV\" translate=\"yes\"><strong>Men\u00f9 digitali<\/strong>: Gli ospiti possono accedere al men\u00f9 semplicemente avvicinando il loro smartphone al tag o scansionando il codice QR, riducendo cos\u00ec la necessit\u00e0 di menu cartacei.<\/li>\n<li class=\"AnswerParser_ListItem__XqLOV\" translate=\"yes\"><strong>Pagamento rapido<\/strong>: Semplifica il processo di pagamento integrando i link di pagamento direttamente nei tag NFC.<\/li>\n<li class=\"AnswerParser_ListItem__XqLOV\" translate=\"yes\"><strong>Link ai social media<\/strong>: Incoraggia i clienti a condividere le loro esperienze tramite link a pagine di social media o piattaforme di recensioni.<\/li>\n<\/ul>\n<h3 class=\"AnswerParser_AnswerParserH3__Mpe4s\">6. Impatto ambientale<\/h3>\n<p><span class=\"AnswerParser_TextContainer__z_Iiv\" data-testid=\"youchat-text\">Utilizzando i tag NFC Epoxy Menu \u00e8 possibile ridurre significativamente lo spreco di carta associato ai menu tradizionali. Optando per soluzioni digitali, le aziende contribuiscono alla sostenibilit\u00e0 ambientale migliorando al contempo la comodit\u00e0 del cliente.<\/span><\/p>\n<h3 class=\"AnswerParser_AnswerParserH3__Mpe4s\">7. Recensioni e feedback dei clienti<\/h3>\n<p><span class=\"AnswerParser_TextContainer__z_Iiv\" data-testid=\"youchat-text\">I clienti hanno elogiato il\u00a0<strong>Tag NFC del menu epossidico<\/strong>\u00a0per la loro durevolezza e facilit\u00e0 d&#039;uso. Molti hanno notato che i tag hanno migliorato la loro esperienza culinaria, offrendo un rapido accesso ai menu e riducendo i tempi di attesa. Anche la possibilit\u00e0 di aggiornare le voci del menu in tempo reale \u00e8 stata evidenziata come un vantaggio significativo.<\/span><\/p>\n<h3 class=\"AnswerParser_AnswerParserH3__Mpe4s\">8. Domande frequenti<\/h3>\n<p><span class=\"AnswerParser_TextContainer__z_Iiv\" data-testid=\"youchat-text\"><strong>D: Come si installano i tag NFC dell&#039;Epoxy Menu?<\/strong><br \/>\nR: Basta staccare la pellicola protettiva dell&#039;adesivo 3M e attaccare l&#039;etichetta su una superficie pulita e asciutta. Assicurati che sia posizionata in un punto in cui i clienti possano accedervi facilmente.<\/span><span class=\"AnswerParser_TextContainer__z_Iiv\" data-testid=\"youchat-text\"><strong>D: Posso aggiornare le informazioni sui tag NFC?<\/strong><br \/>\nR: S\u00ec! Le informazioni possono essere aggiornate in qualsiasi momento, consentendoti di mantenere il tuo menu aggiornato senza la necessit\u00e0 di nuovi tag.<\/span><span class=\"AnswerParser_TextContainer__z_Iiv\" data-testid=\"youchat-text\"><strong>D: Qual \u00e8 la quantit\u00e0 minima ordinabile?<\/strong><br \/>\nR: La quantit\u00e0 minima ordinabile \u00e8 di 100 pezzi, con prezzi pi\u00f9 vantaggiosi per ordini di 500 pezzi o pi\u00f9.<\/span><\/p>\n<h3 class=\"AnswerParser_AnswerParserH3__Mpe4s\">9. Perch\u00e9 scegliere i tag NFC di Epoxy Menu?<\/h3>\n<p><span class=\"AnswerParser_TextContainer__z_Iiv\" data-testid=\"youchat-text\">Investire in\u00a0<strong>Tag NFC del menu epossidico<\/strong>\u00a0significa investire in un futuro in cui l&#039;esperienza del cliente \u00e8 prioritaria. Questi tag non solo migliorano l&#039;efficienza operativa, ma forniscono anche un tocco moderno alle esperienze culinarie tradizionali. Con le loro solide funzionalit\u00e0 e opzioni personalizzabili, sono uno strumento essenziale per qualsiasi struttura che voglia rimanere al passo con il competitivo mercato dell&#039;ospitalit\u00e0.<\/span><\/p>\n<h3 class=\"AnswerParser_AnswerParserH3__Mpe4s\">10. Inizia oggi stesso!<\/h3>\n<p><span class=\"AnswerParser_TextContainer__z_Iiv\" data-testid=\"youchat-text\">Pronti a migliorare la vostra esperienza culinaria?\u00a0<strong>Contattaci oggi<\/strong>\u00a0per richiedere un campione gratuito dei nostri tag NFC Epoxy Menu e vedere tu stesso la differenza. Con il nostro impegno per la qualit\u00e0 e la soddisfazione del cliente, siamo qui per aiutarti in ogni fase del percorso.<\/span><\/p>","protected":false},"excerpt":{"rendered":"<p>Rinnova la ristorazione con i tag NFC Epoxy Menu! Abilita l&#039;accesso rapido al menu e agli ordini tramite smartphone, migliorando l&#039;esperienza degli ospiti e ottimizzando le operazioni del ristorante.<\/p>","protected":false},"featured_media":2800,"template":"","meta":{"_kad_post_transparent":"default","_kad_post_title":"","_kad_post_layout":"default","_kad_post_sidebar_id":"","_kad_post_content_style":"default","_kad_post_vertical_padding":"default","_kad_post_feature":"","_kad_post_feature_position":"","_kad_post_header":false,"_kad_post_footer":false,"_kad_post_classname":""},"product_brand":[],"product_cat":[54],"product_tag":[277,333,217,332,331],"class_list":{"0":"post-2742","1":"product","2":"type-product","3":"status-publish","4":"has-post-thumbnail","6":"product_cat-hot-selling-rfid-tags","7":"product_tag-menu-nfc-tags","8":"product_tag-nfc-epoxy-sticker","9":"product_tag-nfc-tags","10":"product_tag-restaurant-desk-nfc-menu-tag","11":"product_tag-table-nfc-tags","13":"first","14":"instock","15":"shipping-taxable","16":"product-type-simple","17":"entry","18":"content-bg","19":"loop-entry"},"_links":{"self":[{"href":"https:\/\/rfid-laundry-tag.com\/it\/wp-json\/wp\/v2\/product\/2742","targetHints":{"allow":["GET"]}}],"collection":[{"href":"https:\/\/rfid-laundry-tag.com\/it\/wp-json\/wp\/v2\/product"}],"about":[{"href":"https:\/\/rfid-laundry-tag.com\/it\/wp-json\/wp\/v2\/types\/product"}],"version-history":[{"count":1,"href":"https:\/\/rfid-laundry-tag.com\/it\/wp-json\/wp\/v2\/product\/2742\/revisions"}],"predecessor-version":[{"id":2801,"href":"https:\/\/rfid-laundry-tag.com\/it\/wp-json\/wp\/v2\/product\/2742\/revisions\/2801"}],"wp:featuredmedia":[{"embeddable":true,"href":"https:\/\/rfid-laundry-tag.com\/it\/wp-json\/wp\/v2\/media\/2800"}],"wp:attachment":[{"href":"https:\/\/rfid-laundry-tag.com\/it\/wp-json\/wp\/v2\/media?parent=2742"}],"wp:term":[{"taxonomy":"product_brand","embeddable":true,"href":"https:\/\/rfid-laundry-tag.com\/it\/wp-json\/wp\/v2\/product_brand?post=2742"},{"taxonomy":"product_cat","embeddable":true,"href":"https:\/\/rfid-laundry-tag.com\/it\/wp-json\/wp\/v2\/product_cat?post=2742"},{"taxonomy":"product_tag","embeddable":true,"href":"https:\/\/rfid-laundry-tag.com\/it\/wp-json\/wp\/v2\/product_tag?post=2742"}],"curies":[{"name":"parola chiave","href":"https:\/\/api.w.org\/{rel}","templated":true}]}}