{"id":2638,"date":"2024-09-22T14:53:50","date_gmt":"2024-09-22T14:53:50","guid":{"rendered":"https:\/\/rfid-laundry-tag.com\/?post_type=product&#038;p=2638"},"modified":"2024-09-22T14:53:51","modified_gmt":"2024-09-22T14:53:51","slug":"on-metal-nfc-screw-tag-for-checkpoint-security","status":"publish","type":"product","link":"https:\/\/rfid-laundry-tag.com\/it\/on-metal-nfc-screw-tag-for-checkpoint-security\/","title":{"rendered":"Etichetta a vite NFC su metallo per la sicurezza dei checkpoint"},"content":{"rendered":"<p><strong>Etichetta NFC a vite su metallo per la sicurezza dei checkpoint:<\/strong>\u00a0Garantisci una solida sicurezza del checkpoint con il nostro resistente On-Metal NFC Screw Tag. Realizzato con NTAG213 per un affidabile trasferimento dati su superfici metalliche, si integra perfettamente nei tuoi protocolli di sicurezza, fornendo un accesso rapido e un monitoraggio in tempo reale per migliorare sicurezza ed efficienza.<\/p>\n<h2>Caratteristiche del tag NFC a vite su metallo<\/h2>\n<p>IL\u00a0<strong>Etichetta NFC a vite su metallo<\/strong>\u00a0\u00e8 progettato con diverse caratteristiche notevoli che lo rendono una soluzione versatile:<\/p>\n<ul>\n<li><strong>Durata<\/strong>: Costruito con un\u00a0<strong>Guscio in ABS<\/strong>\u00a0che pu\u00f2 resistere ad ambienti difficili, questo tag \u00e8 resistente alla polvere, all&#039;acqua e alla corrosione chimica, ottenendo un\u00a0<strong>Grado di protezione IP67<\/strong>\u00a0livello di protezione.<\/li>\n<li><strong>Alte prestazioni<\/strong>: Il tag impiega\u00a0<strong>NTAG213<\/strong>\u00a0tecnologia per facilitare velocit\u00e0 di lettura elevate, con velocit\u00e0 di trasferimento dati fino a\u00a0<strong>106 kbit\/s<\/strong>, consentendo operazioni efficienti in ambienti affollati.<\/li>\n<li><strong>Tecnologia anti-metallo<\/strong>: IL\u00a0<strong>anti-metal<\/strong>\u00a0La funzione garantisce che il tag funzioni efficacemente anche se fissato su superfici metalliche, che normalmente interferirebbero con i segnali NFC.<\/li>\n<\/ul>\n<p>Queste caratteristiche rendono il tag NFC Screw On-Metal ideale per applicazioni nella logistica, nel controllo delle presenze e in altri settori in cui durata e prestazioni sono fondamentali.<\/p>\n<h2>Specifiche tecniche<\/h2>\n<div>\n<div class=\"overflow-x-auto custom-scrollbar custom-scrollbar-wide mb-2\">\n<table class=\"w-fit !mb-2 !max-w-none\">\n<thead>\n<tr>\n<th>Specificazione<\/th>\n<th>Dettagli<\/th>\n<\/tr>\n<\/thead>\n<tbody>\n<tr>\n<td><strong>Chip<\/strong><\/td>\n<td>NTAG213<\/td>\n<\/tr>\n<tr>\n<td><strong>Memoria<\/strong><\/td>\n<td>144\/504\/888\/1K byte<\/td>\n<\/tr>\n<tr>\n<td><strong>Protocollo<\/strong><\/td>\n<td>Norma ISO 14443A<\/td>\n<\/tr>\n<tr>\n<td><strong>Frequenza<\/strong><\/td>\n<td>13,56 MHz<\/td>\n<\/tr>\n<tr>\n<td><strong>Opzioni colore<\/strong><\/td>\n<td>Nero, Bianco, Giallo<\/td>\n<\/tr>\n<tr>\n<td><strong>Diametro<\/strong><\/td>\n<td>25\/30\/35\/40\/52 mm (disponibili misure personalizzate)<\/td>\n<\/tr>\n<tr>\n<td><strong>Spessore<\/strong><\/td>\n<td>5 millimetri<\/td>\n<\/tr>\n<tr>\n<td><strong>Peso<\/strong><\/td>\n<td>3 grammi<\/td>\n<\/tr>\n<tr>\n<td><strong>Temperatura di esercizio<\/strong><\/td>\n<td>-25\u00b0C a 70\u00b0C<\/td>\n<\/tr>\n<tr>\n<td><strong>Cancellabilit\u00e0<\/strong><\/td>\n<td>&gt; 100.000 cancellature<\/td>\n<\/tr>\n<tr>\n<td><strong>Distanza di lettura<\/strong><\/td>\n<td>2-20 cm (a seconda dell&#039;ambiente)<\/td>\n<\/tr>\n<\/tbody>\n<\/table>\n<\/div>\n<\/div>\n<p>Dotato di queste capacit\u00e0, l&#039;On-Metal NFC Screw Tag si pone come uno strumento potente per vari\u00a0<strong>Applicazioni NFC<\/strong>.<\/p>\n<h2>Applicazioni in diversi settori industriali<\/h2>\n<p>La versatilit\u00e0 del tag NFC a vite On-Metal consente di utilizzarlo in pi\u00f9 settori:<\/p>\n<ul>\n<li><strong>Controllo degli accessi<\/strong>: Gestisci facilmente i punti di accesso in posizioni sicure collegando\u00a0<strong>Tag NFC<\/strong>\u00a0a porte o cancelli. I tag possono essere collegati ai profili utente per un&#039;autenticazione senza soluzione di continuit\u00e0.<\/li>\n<li><strong>Logistica e gestione dell&#039;inventario<\/strong>: Semplifica il tracciamento delle merci posizionando le etichette sui contenitori metallici. La durevolezza di queste etichette assicura che resistano ai rigori della produzione e della spedizione.<\/li>\n<li><strong>Trasporto pubblico<\/strong>: Migliora l&#039;esperienza utente utilizzando i tag NFC On-Metal per i sistemi di biglietteria, consentendo ai passeggeri di controllare il proprio stato o ricaricare facilmente i propri conti.<\/li>\n<\/ul>\n<p>Implementando questi tag, le aziende possono semplificare le operazioni e migliorare notevolmente l&#039;erogazione dei servizi.<\/p>\n<h2>Vantaggi dell&#039;utilizzo di NTAG213, NTAG215 e NTAG216<\/h2>\n<p>I chip NTAG213, NTAG215 e NTAG216 di NXP Semiconductors offrono vantaggi distinti:<\/p>\n<ol>\n<li><strong>Segmentazione<\/strong>: Gli utenti possono segmentare la memoria per pi\u00f9 applicazioni, rendendo i tag flessibili nella funzionalit\u00e0.<\/li>\n<li><strong>Funzionalit\u00e0 di sicurezza<\/strong>: Dotato di\u00a0<em><strong>Firme di originalit\u00e0 basate su ECC<\/strong><\/em>\u00a0E\u00a0<strong>protezione con password<\/strong>Questi tag proteggono i dati da accessi non autorizzati e ne garantiscono l&#039;integrit\u00e0.<\/li>\n<li><strong>Alta capacit\u00e0 e prestazioni<\/strong>: Le opzioni di memoria espansa lo rendono adatto alle applicazioni che richiedono una notevole capacit\u00e0 di archiviazione dei dati, mantenendo al contempo capacit\u00e0 di lettura rapide.<\/li>\n<\/ol>\n<p>Questi vantaggi consentono alle aziende di personalizzare le proprie soluzioni in base a specifiche esigenze operative.<\/p>\n<h2>Istruzioni per l&#039;installazione e l&#039;uso<\/h2>\n<p>L&#039;installazione del tag NFC a vite su metallo \u00e8 semplice:<\/p>\n<ol>\n<li><strong>Seleziona una posizione<\/strong>: Scegli una superficie piana sull&#039;oggetto metallico su cui verr\u00e0 posizionato il tag. Assicurati che\u00a0<strong>superficie<\/strong>\u00a0sia pulito e asciutto.<\/li>\n<li><strong>Fissare con viti<\/strong>: Utilizzare le viti attraverso le apposite\u00a0<em>fori per viti<\/em>\u00a0sull&#039;etichetta per un inserimento permanente.<\/li>\n<li><strong>Opzione adesiva<\/strong>: In alternativa, se si preferisce, \u00e8 possibile attaccare l&#039;etichetta utilizzando un adesivo forte.<\/li>\n<\/ol>\n<p>Una volta installati, i tag possono essere facilmente scansionati con dispositivi compatibili con NFC, consentendo l&#039;accesso immediato alle informazioni memorizzate sul tag.<\/p>\n<h2>Domande frequenti sui tag NFC su metallo<\/h2>\n<p><strong>D: Il tag NFC Screw On-Metal funziona su tutte le superfici metalliche?<\/strong><br \/>\nA: S\u00ec, grazie alla sua specializzazione\u00a0<strong>tecnologia anti-metallo<\/strong>, il tag funziona efficacemente su varie superfici metalliche senza interferenze.<\/p>\n<p><strong>D: Come si programmano o scrivono dati sul tag NTAG213?<\/strong><br \/>\nR: La programmazione pu\u00f2 essere eseguita utilizzando dispositivi compatibili con NFC con l&#039;app appropriata. Per applicazioni pi\u00f9 complesse, si consiglia di utilizzare un software di scrittura NFC dedicato.<\/p>\n<p><strong>D: Qual \u00e8 l&#039;intervallo di temperatura operativa per questi tag?<\/strong><br \/>\nA: I tag funzionano efficacemente a temperature che vanno da\u00a0<strong>-25\u00b0C a 70\u00b0C<\/strong>.<\/p>\n<h2>Considerazioni ambientali<\/h2>\n<p>IL\u00a0<strong>Etichetta NFC a vite su metallo<\/strong>\u00a0\u00e8 progettato tenendo a mente la sostenibilit\u00e0. La sua costruzione robusta riduce al minimo la necessit\u00e0 di sostituzioni, riducendo gli sprechi. Inoltre, se smaltiti correttamente, gli elementi utilizzati nella produzione di questi tag sono riciclabili.<\/p>","protected":false},"excerpt":{"rendered":"<p>Migliora le tue operazioni con On-Metal NFC Screw Tag. Durevole, versatile e dotato di tecnologia NFC per un trasferimento dati senza interruzioni su superfici metalliche.<\/p>","protected":false},"featured_media":2639,"template":"","meta":{"_kad_post_transparent":"default","_kad_post_title":"","_kad_post_layout":"default","_kad_post_sidebar_id":"","_kad_post_content_style":"default","_kad_post_vertical_padding":"default","_kad_post_feature":"","_kad_post_feature_position":"","_kad_post_header":false,"_kad_post_footer":false,"_kad_post_classname":""},"product_brand":[],"product_cat":[54],"product_tag":[305,216,304],"class_list":{"0":"post-2638","1":"product","2":"type-product","3":"status-publish","4":"has-post-thumbnail","6":"product_cat-hot-selling-rfid-tags","7":"product_tag-heavy-duty-nfc-tags","8":"product_tag-nfc-patrol-tag","9":"product_tag-nfc-screw-tag","11":"first","12":"instock","13":"shipping-taxable","14":"product-type-simple","15":"entry","16":"content-bg","17":"loop-entry"},"_links":{"self":[{"href":"https:\/\/rfid-laundry-tag.com\/it\/wp-json\/wp\/v2\/product\/2638","targetHints":{"allow":["GET"]}}],"collection":[{"href":"https:\/\/rfid-laundry-tag.com\/it\/wp-json\/wp\/v2\/product"}],"about":[{"href":"https:\/\/rfid-laundry-tag.com\/it\/wp-json\/wp\/v2\/types\/product"}],"version-history":[{"count":1,"href":"https:\/\/rfid-laundry-tag.com\/it\/wp-json\/wp\/v2\/product\/2638\/revisions"}],"predecessor-version":[{"id":2640,"href":"https:\/\/rfid-laundry-tag.com\/it\/wp-json\/wp\/v2\/product\/2638\/revisions\/2640"}],"wp:featuredmedia":[{"embeddable":true,"href":"https:\/\/rfid-laundry-tag.com\/it\/wp-json\/wp\/v2\/media\/2639"}],"wp:attachment":[{"href":"https:\/\/rfid-laundry-tag.com\/it\/wp-json\/wp\/v2\/media?parent=2638"}],"wp:term":[{"taxonomy":"product_brand","embeddable":true,"href":"https:\/\/rfid-laundry-tag.com\/it\/wp-json\/wp\/v2\/product_brand?post=2638"},{"taxonomy":"product_cat","embeddable":true,"href":"https:\/\/rfid-laundry-tag.com\/it\/wp-json\/wp\/v2\/product_cat?post=2638"},{"taxonomy":"product_tag","embeddable":true,"href":"https:\/\/rfid-laundry-tag.com\/it\/wp-json\/wp\/v2\/product_tag?post=2638"}],"curies":[{"name":"parola chiave","href":"https:\/\/api.w.org\/{rel}","templated":true}]}}