{"id":204,"date":"2024-06-18T09:26:05","date_gmt":"2024-06-18T09:26:05","guid":{"rendered":"https:\/\/rfid-laundry-tag.com\/?post_type=product&#038;p=204"},"modified":"2024-09-26T03:20:13","modified_gmt":"2024-09-26T03:20:13","slug":"textile-fabric-rfid-laundry-tags","status":"publish","type":"product","link":"https:\/\/rfid-laundry-tag.com\/it\/textile-fabric-rfid-laundry-tags\/","title":{"rendered":"Etichette RFID per lavanderia in tessuto tessile"},"content":{"rendered":"<div>\n<div class=\"auto-hide-last-sibling-br paragraph_1252f paragraph-element\">\n<table width=\"637\">\n<tbody>\n<tr>\n<td width=\"328\">Nome dell&#039;articolo:<\/td>\n<td width=\"309\"><strong>Etichette RFID per lavanderia in tessuto tessile<\/strong><\/td>\n<\/tr>\n<tr>\n<td width=\"328\">Standard RFID:<\/td>\n<td width=\"309\">ISO\/IEC 18000-6 Tipo C (EPC Gen2)<\/td>\n<\/tr>\n<tr>\n<td width=\"328\">Dimensioni e peso:<\/td>\n<td width=\"309\">70\u00d715 mm, 0,6 g<\/td>\n<\/tr>\n<tr>\n<td width=\"328\">Tipo di chip:<\/td>\n<td width=\"309\">Impinj Monza 4QT, NXP U CODICE 8, NXP U CODICE 9<\/td>\n<\/tr>\n<tr>\n<td width=\"328\">Memoria EPC:<\/td>\n<td width=\"309\">128 bit<\/td>\n<\/tr>\n<tr>\n<td width=\"328\">Memoria utente:<\/td>\n<td width=\"309\">512 bit<\/td>\n<\/tr>\n<tr>\n<td width=\"328\">Intervallo di lettura (2W ERP FCC):<\/td>\n<td width=\"309\">8 milioni<\/td>\n<\/tr>\n<tr>\n<td width=\"328\">Intervallo di lettura (2W ERP ETSI):<\/td>\n<td width=\"309\">8 milioni<\/td>\n<\/tr>\n<tr>\n<td width=\"328\">Etichettatura:<\/td>\n<td width=\"309\">Cucito, Adesivo per stampa a caldo<\/td>\n<\/tr>\n<tr>\n<td width=\"328\">Durata stimata:<\/td>\n<td width=\"309\">200 cicli di lavaggio o 3 anni, a seconda di quale evento si verifica per primo<\/td>\n<\/tr>\n<tr>\n<td width=\"328\">Metodo di lavaggio:<\/td>\n<td width=\"309\">Lavanderia, lavaggio a secco<\/td>\n<\/tr>\n<tr>\n<td width=\"328\">Pressione di estrazione dell&#039;acqua:<\/td>\n<td width=\"309\">60 bar<\/td>\n<\/tr>\n<tr>\n<td width=\"328\">Resistenza all&#039;acqua:<\/td>\n<td width=\"309\">Resistente all&#039;acqua<\/td>\n<\/tr>\n<tr>\n<td width=\"328\">Resistenza chimica:<\/td>\n<td width=\"309\">Detersivo, ammorbidente, candeggina (ossigeno\/cloro), alcali<\/td>\n<\/tr>\n<tr>\n<td width=\"328\">Pre-essiccazione in Tumbler:<\/td>\n<td width=\"309\">125 \u00baC per 15-20 minuti<\/td>\n<\/tr>\n<tr>\n<td width=\"328\">Temperatura di sterilizzazione:<\/td>\n<td width=\"309\">135\u00b0C per 15-20 minuti<\/td>\n<\/tr>\n<tr>\n<td width=\"328\">Temperatura di lavaggio:<\/td>\n<td width=\"309\">90\u00b0C, fino a 15 min.<\/td>\n<\/tr>\n<tr>\n<td width=\"328\">Umidit\u00e0\/Temperatura - Funzionamento:<\/td>\n<td width=\"309\">-20 a 110\u00b0C, 8 a 95%RH<\/td>\n<\/tr>\n<tr>\n<td width=\"328\">Umidit\u00e0\/Temperatura-Conservazione:<\/td>\n<td width=\"309\">-40 a 110\u00b0C, 8 a 95%RH<\/td>\n<\/tr>\n<\/tbody>\n<\/table>\n<\/div>\n<div class=\"auto-hide-last-sibling-br paragraph_1252f paragraph-element\"><\/div>\n<\/div>\n<div data-spm-anchor-id=\"a2700.details.0.i57.23b419c7xXORP0\">\n<div class=\"auto-hide-last-sibling-br paragraph_1252f paragraph-element\">\n<h2>Caratteristiche dei tag RFID per lavanderia in tessuto tessile<\/h2>\n<h3>1. Durevole e lavabile<\/h3>\n<p>Nostro\u00a0<strong>tag RFID lavabili<\/strong>\u00a0sono meticolosamente progettati per resistere a condizioni di lavaggio difficili. Possono resistere fino a\u00a0<strong>200 cicli di lavaggio<\/strong>, resistendo alle alte temperature durante i processi di lavaggio e asciugatura. I materiali durevoli e la tecnologia utilizzata assicurano che questi\u00a0<strong>le etichette possono essere cucite<\/strong>\u00a0in vari articoli, tra cui biancheria e indumenti, senza comprometterne l&#039;integrit\u00e0. Che si tratti di lavaggio a caldo a\u00a0<strong>90\u00b0C<\/strong>\u00a0o sterilizzazione a\u00a0<strong>135\u00b0C<\/strong>queste etichette sono realizzate per resistere alle esigenze delle lavanderie industriali.<\/p>\n<h3>2. Integrazione perfetta con i sistemi RFID<\/h3>\n<p>IL\u00a0<strong>Tecnologia RFID UHF<\/strong>\u00a0incorporato nei tag della lavanderia consente un&#039;integrazione senza soluzione di continuit\u00e0 con i sistemi di gestione della lavanderia esistenti. Sia che tu stia utilizzando\u00a0<strong>Lettori RFID<\/strong>\u00a0per il tracciamento automatico o per incorporarli in un sistema pi\u00f9 esteso\u00a0<strong>gestione dell&#039;inventario<\/strong>\u00a0sistema, questi tag forniscono la compatibilit\u00e0 necessaria per operazioni semplificate. L&#039;intervallo di lettura affidabile fino a\u00a0<strong>8 metri<\/strong>\u00a0garantisce un monitoraggio accurato, tenendo sotto controllo l&#039;inventario della tua lavanderia.<\/p>\n<h3>3. Funzionalit\u00e0 di monitoraggio e gestione migliorate<\/h3>\n<p>Con\u00a0<strong>Etichette RFID per lavanderia<\/strong>, ti \u00e8 consentito di tracciare ogni capo di bucato in ogni fase del processo\u00a0<strong>processo di lavanderia<\/strong>. L&#039;identificazione efficiente e il monitoraggio dell&#039;inventario portano a informazioni utili, migliorando il controllo generale dell&#039;inventario. \u00c8 possibile monitorare il movimento di ogni\u00a0<strong>articolo tessile<\/strong>, assicurando che vengano restituiti alle persone o alle sedi corrette tempestivamente. Questa visibilit\u00e0 \u00e8 fondamentale per mantenere la soddisfazione del cliente in settori quali l&#039;ospitalit\u00e0 e l&#039;assistenza sanitaria.<\/p>\n<h3>4. Robusta resistenza chimica<\/h3>\n<p>Nostro\u00a0<strong>etichette per il bucato in tessuto<\/strong>\u00a0sono progettati per tollerare vari prodotti chimici tipicamente usati nelle lavanderie industriali. Possono resistere a detersivi, ammorbidenti e candeggina, comprese le varianti con ossigeno e cloro. Questa resilienza chimica prolunga la durata dei tag e garantisce prestazioni affidabili, anche negli ambienti di lavaggio pi\u00f9 difficili.<\/p>\n<h3>5. Opzioni di tagging multiple<\/h3>\n<p>I tag RFID per lavanderia tessile offrono versatilit\u00e0\u00a0<strong>opzioni di tagging<\/strong>I clienti possono scegliere tra\u00a0<strong>cucito<\/strong>\u00a0le etichette direttamente sui vestiti o utilizzando\u00a0<strong>adesivo per stampa a caldo<\/strong>\u00a0per un fissaggio sicuro. Questa adattabilit\u00e0 consente una facile integrazione nei tessuti esistenti senza interromperne la funzione o l&#039;aspetto.<\/p>\n<h3 class=\"wp-block-heading\">Installazione di tag RFID per lavanderia in tessuto tessile<\/h3>\n<p><strong>Etichettatura dei punti<\/strong>: Da cucire nell&#039;orlo di un tessuto. Cucire l&#039;etichetta del bucato lontano dalle linee di piegatura.<br \/>\n<strong>Saldatura a caldo<\/strong>: Da termosaldare direttamente sul tessuto a +200\u00b0C (392\u00b0F), per 12~14s.<br \/>\n<strong>In sacchetto<\/strong>: Da cucire come un&#039;etichetta di cura standard. Cucire l&#039;etichetta del bucato lontano dalle linee di piegatura.<\/p>\n<h2>Vantaggi della gestione RFID della lavanderia<\/h2>\n<h3>Efficienza operativa migliorata<\/h3>\n<p>Incorporando\u00a0<strong>Tag RFID<\/strong>\u00a0nel tuo\u00a0<strong>gestione lavanderia<\/strong>\u00a0processi migliorano notevolmente l&#039;efficienza operativa. I sistemi di tracciamento automatizzati eliminano la necessit\u00e0 di processi manuali ad alta intensit\u00e0 di manodopera, riducendo i tempi e i costi del personale associati al tracciamento degli articoli. Ci\u00f2 consente ai dipendenti di concentrarsi sulle attivit\u00e0 principali che aggiungono valore all&#039;azienda, migliorando la produttivit\u00e0 complessiva.<\/p>\n<h3>Monitoraggio delle risorse superiore<\/h3>\n<p>Con la tecnologia RFID, puoi tracciare ogni capo di biancheria durante il suo intero ciclo di vita, dall&#039;elaborazione iniziale al ritorno in servizio. Questa capacit\u00e0 di tracciamento delle risorse superiore aiuta a prevenire le perdite e garantisce che tutti gli articoli siano contabilizzati, particolarmente importante in ambienti ad alto volume come ospedali e hotel.<\/p>\n<h3>Conformit\u00e0 agli standard del settore<\/h3>\n<p>I tag RFID per lavanderia sono progettati per soddisfare rigorosi standard di settore in termini di durata e prestazioni. Il loro design robusto \u00e8 adatto ad ambienti ad alta richiesta, rendendoli ideali per applicazioni commerciali. Scegliendo i nostri tag RFID tessili, allinei le tue operazioni di lavanderia alle pratiche leader, assicurandoti che la tua attivit\u00e0 rimanga competitiva.<\/p>\n<hr \/>\n<h2>Testimonianze dei clienti<\/h2>\n<blockquote><p>&quot;Abbiamo ridotto notevolmente la biancheria persa da quando abbiamo implementato i tag RFID per la lavanderia. Il sistema di tracciamento ha trasformato la nostra gestione della lavanderia!&quot; \u2014\u00a0<em>Mary T., Responsabile della struttura<\/em><\/p><\/blockquote>\n<blockquote><p>&quot;Non solo i tag RFID resistono ai lavaggi, ma hanno anche migliorato notevolmente i nostri tempi di consegna.&quot; \u2014\u00a0<em>John D., Direttore operativo<\/em><\/p><\/blockquote>\n<hr \/>\n<h2>Domande frequenti (FAQ)<\/h2>\n<p><strong>D: Quanto durano le etichette RFID per lavanderia?<\/strong><br \/>\nA: Il nostro\u00a0<strong>Etichette RFID per lavanderia<\/strong>\u00a0hanno una durata stimata di\u00a0<strong>200 cicli di lavaggio o 3 anni<\/strong>, a seconda delle condizioni di utilizzo.<\/p>\n<p><strong>D: Questi tag possono resistere alle alte temperature?<\/strong><br \/>\nA: S\u00ec, queste etichette sono progettate per resistere a temperature di lavaggio fino a\u00a0<strong>90\u00b0C<\/strong>, sterilizzazione a\u00a0<strong>135\u00b0C<\/strong>e condizioni di pre-asciugatura, rendendoli perfetti per le lavanderie industriali.<\/p>\n<p><strong>D: Le etichette sono resistenti alle sostanze chimiche?<\/strong><br \/>\nR: Assolutamente. Queste etichette sono resistenti ai comuni prodotti chimici per il bucato, tra cui detersivi, ammorbidenti e candeggina.<\/p>\n<h3>Conclusione<\/h3>\n<div class=\"auto-hide-last-sibling-br paragraph_1252f paragraph-element\"><strong>Etichette RFID per lavanderia in tessuto tessile<\/strong> sono tag RFID specificamente progettati per tessuti sottoposti a approfonditi processi di lavaggio industriale, che comprendono sterilizzazione e stiratura.<\/div>\n<div class=\"auto-hide-last-sibling-br paragraph_1252f paragraph-element\">Questi <strong>Etichette RFID per lavanderia in tessuto tessile<\/strong> sono fondamentali per l&#039;identificazione, la tracciabilit\u00e0 e la gestione efficaci di biancheria e tessuti. Per le aziende che si affidano a una circolazione continua di tessuti puliti, uniformi, indumenti da lavoro, indumenti medici o prodotti per la pulizia, queste etichette per lavanderia possono migliorare significativamente le prestazioni dei sistemi automatizzati. Facilitano il tracciamento pi\u00f9 rapido e accurato di un gran numero di singoli articoli, aumentando cos\u00ec il controllo dell&#039;inventario e riducendo le perdite. Ci\u00f2 produce notevoli risparmi di tempo e costi, nonch\u00e9 una maggiore produttivit\u00e0 per tali stabilimenti.<\/div>\n<\/div>\n<\/div>\n<div class=\"auto-hide-last-sibling-br paragraph_1252f paragraph-element\">\n<div class=\"auto-hide-last-sibling-br paragraph_1252f paragraph-element\"><strong>Etichetta tessile RFID<\/strong> per uniformi per lavanderia di biancheria sono indispensabili in una miriade di settori, determinando in modo cruciale un monitoraggio efficiente delle risorse, una gestione dell&#039;inventario e un aumento dell&#039;efficienza operativa complessiva. Ecco uno sguardo alla loro applicazione in vari settori:<\/div>\n<div><\/div>\n<p>&nbsp;<\/p>\n<\/div>\n<div class=\"auto-hide-last-sibling-br paragraph_1252f paragraph-element\"><\/div>","protected":false},"excerpt":{"rendered":"<p>I tag RFID per lavanderia in tessuto tessile, realizzati con tecnologia UHF avanzata (860-960 MHz), sono conformi agli standard globali quali EPC Classe 1 Gen2 e ISO 18000. Questi tag per lavanderia in lino tessile UHF offrono un mix di flessibilit\u00e0 e robustezza che pu\u00f2 resistere a oltre 200 cicli di lavaggio e a pressioni fino a 60 bar. La caratteristica notevole del tag RFID per lavanderia in tessuto UHF \u00e8 la sua capacit\u00e0 di consentire una lettura di massa da pochi metri di distanza, fungendo da strumento altamente efficiente per la gestione della lavanderia.<\/p>","protected":false},"featured_media":2675,"template":"","meta":{"_kad_post_transparent":"default","_kad_post_title":"","_kad_post_layout":"default","_kad_post_sidebar_id":"","_kad_post_content_style":"default","_kad_post_vertical_padding":"default","_kad_post_feature":"","_kad_post_feature_position":"","_kad_post_header":false,"_kad_post_footer":false,"_kad_post_classname":""},"product_brand":[],"product_cat":[19],"product_tag":[297,31,65,30],"class_list":{"0":"post-204","1":"product","2":"type-product","3":"status-publish","4":"has-post-thumbnail","6":"product_cat-textile-rfid-laundry-tag","7":"product_tag-rfid-chips-for-uniform","8":"product_tag-rfid-tag-for-linen-laundry","9":"product_tag-textile-rfid-laundry-tags","10":"product_tag-uhf-rfid-laundry-tag","12":"first","13":"instock","14":"featured","15":"shipping-taxable","16":"product-type-simple","17":"entry","18":"content-bg","19":"loop-entry"},"_links":{"self":[{"href":"https:\/\/rfid-laundry-tag.com\/it\/wp-json\/wp\/v2\/product\/204","targetHints":{"allow":["GET"]}}],"collection":[{"href":"https:\/\/rfid-laundry-tag.com\/it\/wp-json\/wp\/v2\/product"}],"about":[{"href":"https:\/\/rfid-laundry-tag.com\/it\/wp-json\/wp\/v2\/types\/product"}],"version-history":[{"count":3,"href":"https:\/\/rfid-laundry-tag.com\/it\/wp-json\/wp\/v2\/product\/204\/revisions"}],"predecessor-version":[{"id":2678,"href":"https:\/\/rfid-laundry-tag.com\/it\/wp-json\/wp\/v2\/product\/204\/revisions\/2678"}],"wp:featuredmedia":[{"embeddable":true,"href":"https:\/\/rfid-laundry-tag.com\/it\/wp-json\/wp\/v2\/media\/2675"}],"wp:attachment":[{"href":"https:\/\/rfid-laundry-tag.com\/it\/wp-json\/wp\/v2\/media?parent=204"}],"wp:term":[{"taxonomy":"product_brand","embeddable":true,"href":"https:\/\/rfid-laundry-tag.com\/it\/wp-json\/wp\/v2\/product_brand?post=204"},{"taxonomy":"product_cat","embeddable":true,"href":"https:\/\/rfid-laundry-tag.com\/it\/wp-json\/wp\/v2\/product_cat?post=204"},{"taxonomy":"product_tag","embeddable":true,"href":"https:\/\/rfid-laundry-tag.com\/it\/wp-json\/wp\/v2\/product_tag?post=204"}],"curies":[{"name":"parola chiave","href":"https:\/\/api.w.org\/{rel}","templated":true}]}}