{"id":193,"date":"2024-06-16T05:59:05","date_gmt":"2024-06-16T05:59:05","guid":{"rendered":"https:\/\/rfid-laundry-tag.com\/?post_type=product&#038;p=193"},"modified":"2024-09-23T09:29:31","modified_gmt":"2024-09-23T09:29:31","slug":"rfid-chips-in-clothing","status":"publish","type":"product","link":"https:\/\/rfid-laundry-tag.com\/it\/rfid-chips-in-clothing\/","title":{"rendered":"Chip RFID negli indumenti"},"content":{"rendered":"<div class=\"J_module\">\n<div class=\"ife-detail-decorate-table\">\n<table class=\"hight-light-first-column all magic-14\">\n<tbody>\n<tr>\n<td colspan=\"1\" rowspan=\"1\">\n<div class=\"magic-15\" data-spm-anchor-id=\"a2700.details.0.i95.236a58c1ycsfva\">Nome della produzione:<\/div>\n<\/td>\n<td colspan=\"1\" rowspan=\"1\">\n<div class=\"magic-16\"><strong>Chip RFID negli indumenti<\/strong><\/div>\n<\/td>\n<\/tr>\n<tr>\n<td colspan=\"1\" rowspan=\"1\">\n<div class=\"magic-15\"><span class=\"magic-17\">Materiale:<\/span><\/div>\n<\/td>\n<td colspan=\"1\" rowspan=\"1\">\n<div class=\"magic-16\">Poliestere\/Composizione\/Raso\/Cotone\/Tessuto non tessuto\/PET ecc.<\/div>\n<\/td>\n<\/tr>\n<tr>\n<td colspan=\"1\" rowspan=\"1\">\n<div class=\"magic-15\"><span class=\"magic-17\">Misurare:<\/span><\/div>\n<\/td>\n<td colspan=\"1\" rowspan=\"1\">\n<div class=\"magic-16\"><span class=\"magic-17\">80*38mm\/60*30mm o personalizzato<\/span><\/div>\n<\/td>\n<\/tr>\n<tr>\n<td colspan=\"1\" rowspan=\"1\">\n<div class=\"magic-15\"><span class=\"magic-17\">Tipo:<\/span><\/div>\n<\/td>\n<td colspan=\"1\" rowspan=\"1\">\n<div class=\"magic-16\"><span class=\"magic-17\">Passivo, RFID<\/span><\/div>\n<\/td>\n<\/tr>\n<tr>\n<td colspan=\"1\" rowspan=\"1\">\n<div class=\"magic-15\">Protocollo RF:<\/div>\n<\/td>\n<td colspan=\"1\" rowspan=\"1\">\n<div class=\"magic-16\">ISO 18000-6C; EPC Classe 1 Gen 2<\/div>\n<\/td>\n<\/tr>\n<tr>\n<td colspan=\"1\" rowspan=\"1\">\n<div class=\"magic-15\"><span class=\"magic-17\">Frequenza:<\/span><\/div>\n<\/td>\n<td colspan=\"1\" rowspan=\"1\">\n<div class=\"magic-16\"><span class=\"magic-17\">Frequenza<\/span><\/div>\n<\/td>\n<\/tr>\n<tr>\n<td colspan=\"1\" rowspan=\"1\">\n<div class=\"magic-15\">Chip<\/div>\n<\/td>\n<td colspan=\"1\" rowspan=\"1\">\n<div class=\"magic-16\">Alien Higgs, Monza 3, Monza 4D, Monza 4QT, Monza R6, Monza R6-P, Impinj M730, Impinj M750 ecc.<\/div>\n<\/td>\n<\/tr>\n<tr>\n<td colspan=\"1\" rowspan=\"1\">\n<div class=\"magic-15\"><span class=\"magic-17\">Distanza di lettura:<\/span><\/div>\n<\/td>\n<td colspan=\"1\" rowspan=\"1\">\n<div class=\"magic-16\"><span class=\"magic-17\">UHF: 1~10m (dipende dal lettore e dall&#039;antenna)<\/span><\/div>\n<\/td>\n<\/tr>\n<tr>\n<td colspan=\"1\" rowspan=\"1\">\n<div class=\"magic-15\"><span class=\"magic-17\">Metodo fisso:<\/span><\/div>\n<\/td>\n<td colspan=\"1\" rowspan=\"1\">\n<div class=\"magic-16\"><span class=\"magic-17\">Cucire\/stirare<\/span><\/div>\n<\/td>\n<\/tr>\n<tr>\n<td colspan=\"1\" rowspan=\"1\">\n<div class=\"magic-15\"><span class=\"magic-17\">Stampa:<\/span><\/div>\n<\/td>\n<td colspan=\"1\" rowspan=\"1\">\n<div class=\"magic-16\"><span class=\"magic-17\">Stampa, codifica, numero di serie, progettazione, ecc.<\/span><\/div>\n<\/td>\n<\/tr>\n<tr>\n<td colspan=\"1\" rowspan=\"1\">\n<div class=\"magic-15\"><span class=\"magic-17\">Vita IC:<\/span><\/div>\n<\/td>\n<td colspan=\"1\" rowspan=\"1\">\n<div class=\"magic-16\" data-spm-anchor-id=\"a2700.details.0.i94.236a58c1ycsfva\"><span class=\"magic-17\">100.000 cicli di programmazione<br \/>\nConservazione dei dati per 10 anni<\/span><\/div>\n<\/td>\n<\/tr>\n<tr>\n<td colspan=\"1\" rowspan=\"1\">\n<div class=\"magic-15\"><span class=\"magic-17\">Disponibilit\u00e0 del campione:<\/span><\/div>\n<\/td>\n<td colspan=\"1\" rowspan=\"1\">\n<div class=\"magic-16\"><span class=\"magic-17\">Campioni gratuiti disponibili su richiesta<\/span><\/div>\n<\/td>\n<\/tr>\n<tr>\n<td colspan=\"1\" rowspan=\"1\">\n<div class=\"magic-15\"><span class=\"magic-17\">Applicazioni:\u00a0<\/span><\/div>\n<\/td>\n<td colspan=\"1\" rowspan=\"1\">\n<div class=\"magic-16\"><span class=\"magic-17\">\u00b7 Gestione dell&#039;inventario<br \/>\n\u00b7 Catena di fornitura<br \/>\n\u00b7 Vedere al dettaglio<\/span><\/div>\n<\/td>\n<\/tr>\n<tr>\n<td colspan=\"1\" rowspan=\"1\">\n<div class=\"magic-15\"><span class=\"magic-17\">Utilizzo<\/span><\/div>\n<\/td>\n<td colspan=\"1\" rowspan=\"1\">\n<div class=\"magic-16\"><span class=\"magic-17\">Indumenti, Vestiti, Borse, Scarpe, ecc.<\/span><\/div>\n<\/td>\n<\/tr>\n<\/tbody>\n<\/table>\n<\/div>\n<\/div>\n<div class=\"J_module\">\n<div class=\"detail-decorate-json-renderer-container\">\n<div class=\"magic-1\">\n<div class=\"magic-5\">\n<div class=\"magic-6\">\n<div>\n<h2 class=\"AnswerParser_AnswerParserH2__SIHnF\">La potenza della tecnologia RFID nel monitoraggio degli indumenti<\/h2>\n<p><span class=\"AnswerParser_TextContainer__z_Iiv\" data-testid=\"youchat-text\">La tecnologia RFID (Radio Frequency Identification) ha rivoluzionato la gestione dell&#039;inventario in vari settori e ora sta facendo scalpore nel settore dell&#039;abbigliamento. Le nostre etichette per la cura del lavaggio UHF RFID sfruttano questa potente tecnologia per fornire capacit\u00e0 di tracciamento senza pari per i tuoi articoli di abbigliamento.<\/span><span class=\"AnswerParser_TextContainer__z_Iiv\" data-testid=\"youchat-text\">Queste etichette utilizzano segnali a radiofrequenza per comunicare con i lettori RFID, consentendo un&#039;identificazione rapida e accurata degli indumenti senza la necessit\u00e0 di scansione a vista. Ci\u00f2 significa che puoi tracciare senza sforzo pi\u00f9 articoli contemporaneamente, riducendo significativamente il tempo e lo sforzo richiesti per i controlli dell&#039;inventario.<\/span><\/div>\n<\/div>\n<div>\n<div class=\"auto-hide-last-sibling-br paragraph_1252f paragraph-element\">\n<div class=\"auto-hide-last-sibling-br paragraph_1252f paragraph-element\">\n<div class=\"auto-hide-last-sibling-br paragraph_1252f paragraph-element\">\n<div class=\"auto-hide-last-sibling-br paragraph_1252f paragraph-element\">Distinguersi dalla massa e gestire l&#039;inventario in modo efficiente sono sfide chiave per i marchi di abbigliamento. L&#039;introduzione di RFID Apparel Tag pu\u00f2 risolvere questi problemi, aiutando le aziende non solo a migliorare l&#039;immagine e il valore del loro marchio, ma anche ad accelerare le operazioni della loro supply chain globale.<\/div>\n<p>&nbsp;<\/p>\n<div class=\"auto-hide-last-sibling-br paragraph_1252f paragraph-element\">I nostri prodotti spaziano da etichette decorate graficamente a imballaggi rispettosi dell&#039;ambiente dotati di identificazione a radiofrequenza (RFID). Queste offerte migliorano l&#039;attrattiva dell&#039;abbigliamento per i consumatori e ottimizzano i processi di inventario e stoccaggio. Allo stesso tempo, rafforzano la sicurezza del prodotto e consentono ai rivenditori di dedicare pi\u00f9 tempo ai propri clienti.<\/div>\n<p>&nbsp;<\/p>\n<div class=\"auto-hide-last-sibling-br paragraph_1252f paragraph-element\">In questo modo, i tag RFID per abbigliamento fungono da strumento a duplice scopo: amplificare l&#039;attrattiva del marchio e garantire l&#039;efficienza operativa.<\/div>\n<\/div>\n<\/div>\n<div>\n<h2 class=\"AnswerParser_AnswerParserH2__SIHnF\">Applicazioni nel settore della vendita al dettaglio e oltre<\/h2>\n<p><span class=\"AnswerParser_TextContainer__z_Iiv\" data-testid=\"youchat-text\">La versatilit\u00e0 delle nostre etichette RFID per la cura del lavaggio le rende adatte a un&#039;ampia gamma di applicazioni:<\/span><\/p>\n<ol class=\"AnswerParser_AnswerParserOrderedList__kl_2Y\">\n<li class=\"AnswerParser_ListItem__XqLOV\" translate=\"yes\"><strong>Negozi al dettaglio<\/strong>: Semplifica la gestione dell&#039;inventario e migliora la visibilit\u00e0 dei prodotti.<\/li>\n<li class=\"AnswerParser_ListItem__XqLOV\" translate=\"yes\"><strong>Servizi di lavanderia<\/strong>: Tieni traccia dei singoli capi attraverso i cicli di lavaggio con facilit\u00e0.<\/li>\n<li class=\"AnswerParser_ListItem__XqLOV\" translate=\"yes\"><strong>Uniformi e abbigliamento da lavoro<\/strong>: Gestire in modo efficiente grandi quantit\u00e0 di articoli simili.<\/li>\n<li class=\"AnswerParser_ListItem__XqLOV\" translate=\"yes\"><strong>Settore dell&#039;ospitalit\u00e0<\/strong>: Tieni traccia della biancheria, degli asciugamani e delle divise del personale.<\/li>\n<li class=\"AnswerParser_ListItem__XqLOV\" translate=\"yes\"><strong>Camici medici<\/strong>: Garantire la corretta pulizia e distribuzione degli indumenti sanitari.<\/li>\n<li class=\"AnswerParser_ListItem__XqLOV\" translate=\"yes\"><strong>Noleggio costumi<\/strong>: Semplificare il processo di check-out e restituzione per le attivit\u00e0 di noleggio.<\/li>\n<\/ol>\n<\/div>\n<div class=\"auto-hide-last-sibling-br paragraph_1252f paragraph-element\">\n<div class=\"auto-hide-last-sibling-br paragraph_1252f paragraph-element\">\n<h2 class=\"AnswerParser_AnswerParserH2__SIHnF\">Migliora la visibilit\u00e0 della tua Supply Chain<\/h2>\n<p><span class=\"AnswerParser_TextContainer__z_Iiv\" data-testid=\"youchat-text\">Incorporando le nostre etichette RFID per la cura del lavaggio nei tuoi indumenti, ottieni una visibilit\u00e0 senza precedenti nella tua supply chain. Tieni traccia dei tuoi indumenti dalla produzione alla vendita e persino attraverso pi\u00f9 cicli di lavaggio nelle lavanderie industriali.<\/span><span class=\"AnswerParser_TextContainer__z_Iiv\" data-testid=\"youchat-text\">Questa maggiore visibilit\u00e0 ti consente di:<\/span><\/p>\n<ul class=\"AnswerParser_AnswerParserUnorderedList__P_1FW\">\n<li class=\"AnswerParser_ListItem__XqLOV\" translate=\"yes\">Ridurre il restringimento e la perdita<\/li>\n<li class=\"AnswerParser_ListItem__XqLOV\" translate=\"yes\">Migliorare l&#039;efficienza della sostituzione del prodotto<\/li>\n<li class=\"AnswerParser_ListItem__XqLOV\" translate=\"yes\">Ottimizzare i livelli di stock<\/li>\n<li class=\"AnswerParser_ListItem__XqLOV\" translate=\"yes\">Migliorare la soddisfazione del cliente attraverso una migliore disponibilit\u00e0 del prodotto<\/li>\n<\/ul>\n<h2 class=\"AnswerParser_AnswerParserH2__SIHnF\">Facile installazione e utilizzo<\/h2>\n<p><span class=\"AnswerParser_TextContainer__z_Iiv\" data-testid=\"youchat-text\">Le nostre etichette RFID per la cura del lavaggio sono progettate per una perfetta integrazione nei tuoi indumenti:<\/span><\/p>\n<ol class=\"AnswerParser_AnswerParserOrderedList__kl_2Y\">\n<li class=\"AnswerParser_ListItem__XqLOV\" translate=\"yes\"><strong>Opzione da cucire<\/strong>: Metodo di fissaggio tradizionale per una maggiore durata.<\/li>\n<li class=\"AnswerParser_ListItem__XqLOV\" translate=\"yes\"><strong>Applicazione stirabile<\/strong>: Installazione rapida e semplice grazie alla tecnologia di trasferimento termico.<\/li>\n<\/ol>\n<p><span class=\"AnswerParser_TextContainer__z_Iiv\" data-testid=\"youchat-text\">Entrambi i metodi garantiscono che l&#039;etichetta rimanga saldamente attaccata per tutto il ciclo di vita del capo.<\/span><\/p>\n<div class=\"auto-hide-last-sibling-br paragraph_1252f paragraph-element\"><strong>Ecco alcuni esempi di come i marchi di abbigliamento di alto livello hanno implementato con successo i tag RFID UHF:<\/strong><\/div>\n<ol class=\"auto-hide-last-sibling-br\">\n<li>\n<div class=\"auto-hide-last-sibling-br paragraph_1252f paragraph-element\"><strong>Prada<\/strong>: Questo famoso marchio di lusso italiano ha adottato i tag RFID nel 2001, consentendo la registrazione dettagliata di informazioni come stile, taglia, colore e prezzo. \u00c8 interessante notare che quando i consumatori che indossano abiti Prada passano attraverso i loro negozi, gli abiti corrispondenti vengono esposti sui modelli in-store, imitando una passerella di alta moda a Milano. Questo uso innovativo della tecnologia RFID migliora la soddisfazione post-acquisto dei consumatori Prada.<\/div>\n<\/li>\n<li>\n<div class=\"auto-hide-last-sibling-br paragraph_1252f paragraph-element\"><strong>Uomo e Donna<\/strong>: Questo marchio internazionale ha iniziato a utilizzare la tecnologia RFID nel 2014. Nei 1.800 negozi previsti, la tecnologia RFID consente il tracciamento automatico delle categorie di prodotti, delle quantit\u00e0 e del consumo.<\/div>\n<\/li>\n<li>\n<div class=\"auto-hide-last-sibling-br paragraph_1252f paragraph-element\"><strong>ZARA<\/strong>: Nella prima met\u00e0 del 2016, la societ\u00e0 madre di ZARA, Inditex, ha dichiarato che l&#039;applicazione della tecnologia RFID ha migliorato la gestione dell&#039;inventario e della fornitura per circa 70% dei suoi marchi. Questa implementazione ha portato a un aumento delle vendite di 11,1% e a un aumento degli utili di 7,5%, pari a 1,26 miliardi di euro.<\/div>\n<\/li>\n<li>\n<div class=\"auto-hide-last-sibling-br paragraph_1252f paragraph-element\"><strong>Negozio Uniqlo<\/strong>:Nel 2017, Uniqlo ha annunciato il suo piano di implementare tag RFID UHF in 3.000 negozi in tutto il mondo, diventando il primo rivenditore giapponese a utilizzare tag elettronici a livello mondiale.<\/div>\n<\/li>\n<\/ol>\n<div class=\"auto-hide-last-sibling-br paragraph_1252f paragraph-element\">Questi sono solo alcuni spunti su come i principali marchi di abbigliamento stanno sfruttando i tag RFID. A partire dal 2019, praticamente tutti i marchi di fama mondiale hanno applicato tag RFID ai propri indumenti, con il risultato di oltre 20 miliardi di capi di abbigliamento etichettati, un numero che continua a crescere in modo apprezzabile. Altri marchi degni di nota che hanno adottato questa tecnologia includono NIKE e Walmart.<\/div>\n<\/div>\n<\/div>\n<\/div>\n<h2 class=\"AnswerParser_AnswerParserH2__SIHnF\">Contattaci per una soluzione personalizzata<\/h2>\n<p><span class=\"AnswerParser_TextContainer__z_Iiv\" data-testid=\"youchat-text\">Pronti a rivoluzionare la gestione dei vostri indumenti con le nostre etichette per la cura del lavaggio UHF RFID? Siamo qui per aiutarvi a trovare la soluzione perfetta per le vostre esigenze.<\/span><\/p>\n<ul class=\"AnswerParser_AnswerParserUnorderedList__P_1FW\">\n<li class=\"AnswerParser_ListItem__XqLOV\" translate=\"yes\"><strong>Campioni gratuiti<\/strong>: Richiedi campioni gratuiti da testare nel tuo ambiente.<\/li>\n<li class=\"AnswerParser_ListItem__XqLOV\" translate=\"yes\"><strong>Personalizzazione<\/strong>: Fateci sapere le vostre esigenze specifiche per una soluzione su misura.<\/li>\n<li class=\"AnswerParser_ListItem__XqLOV\" translate=\"yes\"><strong>Consulenza di esperti<\/strong>: Il nostro team di specialisti RFID \u00e8 pronto a rispondere alle vostre domande.<\/li>\n<\/ul>\n<p><span class=\"AnswerParser_TextContainer__z_Iiv\" data-testid=\"youchat-text\">Non lasciare che una gestione inefficiente dell&#039;inventario rallenti la tua attivit\u00e0. Abbraccia il futuro del tracciamento degli indumenti con le nostre innovative etichette RFID per la cura del lavaggio. Compila oggi stesso il nostro modulo di richiesta informazioni per iniziare il tuo percorso verso una gestione pi\u00f9 intelligente ed efficiente dell&#039;abbigliamento.<\/span><span class=\"AnswerParser_TextContainer__z_Iiv\" data-testid=\"youchat-text\">Prodotti correlati:<\/span><\/p>\n<ul class=\"AnswerParser_AnswerParserUnorderedList__P_1FW\">\n<li class=\"AnswerParser_ListItem__XqLOV\" translate=\"yes\">Etichette RFID per la vendita al dettaglio<\/li>\n<li class=\"AnswerParser_ListItem__XqLOV\" translate=\"yes\">Etichette di cura abilitate NFC<\/li>\n<li class=\"AnswerParser_ListItem__XqLOV\" translate=\"yes\">Tracciatori di risorse Bluetooth Low Energy (BLE)<\/li>\n<\/ul>\n<p><span class=\"AnswerParser_TextContainer__z_Iiv\" data-testid=\"youchat-text\">Prova la potenza della tecnologia RFID nella tua attivit\u00e0 di abbigliamento. Contattaci subito per scoprire come i nostri tag RFID lavabili possono trasformare le tue operazioni e darti un vantaggio competitivo nel mondo frenetico della moda e dei tessuti.<\/span><\/p>\n<\/div>\n<div class=\"magic-6\">\n<div><\/div>\n<\/div>\n<\/div>\n<\/div>\n<\/div>\n<\/div>","protected":false},"excerpt":{"rendered":"<p>Il processo inizia con l&#039;applicazione di RFID Chips In Clothing su singoli capi di abbigliamento. Questi tag possono essere scansionati in vari punti lungo la supply chain, consentendo il monitoraggio in tempo reale dell&#039;inventario, la verifica della posizione e il monitoraggio del movimento di componenti e prodotti finiti. Questo sistema fornisce un meccanismo completo e istantaneo per gestire e monitorare l&#039;inventario e i prodotti.<\/p>","protected":false},"featured_media":177,"template":"","meta":{"_kad_post_transparent":"default","_kad_post_title":"","_kad_post_layout":"default","_kad_post_sidebar_id":"","_kad_post_content_style":"default","_kad_post_vertical_padding":"default","_kad_post_feature":"","_kad_post_feature_position":"","_kad_post_header":false,"_kad_post_footer":false,"_kad_post_classname":""},"product_brand":[],"product_cat":[81,53],"product_tag":[87,93,83],"class_list":{"0":"post-193","1":"product","2":"type-product","3":"status-publish","4":"has-post-thumbnail","6":"product_cat-rfid-wash-care-clothing-label","7":"product_cat-rfid-clothes-tag","8":"product_tag-fabric-uhf-rfid-wash-care-tag","9":"product_tag-rfid-chips-in-clothing","10":"product_tag-rfid-wash-care-label","12":"first","13":"instock","14":"shipping-taxable","15":"product-type-simple","16":"entry","17":"content-bg","18":"loop-entry"},"_links":{"self":[{"href":"https:\/\/rfid-laundry-tag.com\/it\/wp-json\/wp\/v2\/product\/193","targetHints":{"allow":["GET"]}}],"collection":[{"href":"https:\/\/rfid-laundry-tag.com\/it\/wp-json\/wp\/v2\/product"}],"about":[{"href":"https:\/\/rfid-laundry-tag.com\/it\/wp-json\/wp\/v2\/types\/product"}],"version-history":[{"count":2,"href":"https:\/\/rfid-laundry-tag.com\/it\/wp-json\/wp\/v2\/product\/193\/revisions"}],"predecessor-version":[{"id":2652,"href":"https:\/\/rfid-laundry-tag.com\/it\/wp-json\/wp\/v2\/product\/193\/revisions\/2652"}],"wp:featuredmedia":[{"embeddable":true,"href":"https:\/\/rfid-laundry-tag.com\/it\/wp-json\/wp\/v2\/media\/177"}],"wp:attachment":[{"href":"https:\/\/rfid-laundry-tag.com\/it\/wp-json\/wp\/v2\/media?parent=193"}],"wp:term":[{"taxonomy":"product_brand","embeddable":true,"href":"https:\/\/rfid-laundry-tag.com\/it\/wp-json\/wp\/v2\/product_brand?post=193"},{"taxonomy":"product_cat","embeddable":true,"href":"https:\/\/rfid-laundry-tag.com\/it\/wp-json\/wp\/v2\/product_cat?post=193"},{"taxonomy":"product_tag","embeddable":true,"href":"https:\/\/rfid-laundry-tag.com\/it\/wp-json\/wp\/v2\/product_tag?post=193"}],"curies":[{"name":"parola chiave","href":"https:\/\/api.w.org\/{rel}","templated":true}]}}