{"id":178,"date":"2024-06-15T16:51:30","date_gmt":"2024-06-15T16:51:30","guid":{"rendered":"https:\/\/rfid-laundry-tag.com\/?post_type=product&#038;p=178"},"modified":"2024-06-15T16:59:59","modified_gmt":"2024-06-15T16:59:59","slug":"laundry-rfid-wash-care-label","status":"publish","type":"product","link":"https:\/\/rfid-laundry-tag.com\/it\/laundry-rfid-wash-care-label\/","title":{"rendered":"Etichetta RFID per la cura del lavaggio"},"content":{"rendered":"<div class=\"J_module\">\n<div class=\"ife-detail-decorate-table\">\n<table class=\"hight-light-first-column all magic-14\">\n<tbody>\n<tr>\n<td colspan=\"1\" rowspan=\"1\">\n<div class=\"magic-15\" data-spm-anchor-id=\"a2700.details.0.i95.236a58c1ycsfva\">Nome della produzione:<\/div>\n<\/td>\n<td colspan=\"1\" rowspan=\"1\">\n<div class=\"magic-16\">Etichetta RFID per la cura del lavaggio<\/div>\n<\/td>\n<\/tr>\n<tr>\n<td colspan=\"1\" rowspan=\"1\">\n<div class=\"magic-15\"><span class=\"magic-17\">Materiale:<\/span><\/div>\n<\/td>\n<td colspan=\"1\" rowspan=\"1\">\n<div class=\"magic-16\">Poliestere\/Composizione\/Raso\/Cotone\/Tessuto non tessuto\/PET ecc.<\/div>\n<\/td>\n<\/tr>\n<tr>\n<td colspan=\"1\" rowspan=\"1\">\n<div class=\"magic-15\"><span class=\"magic-17\">Misurare:<\/span><\/div>\n<\/td>\n<td colspan=\"1\" rowspan=\"1\">\n<div class=\"magic-16\"><span class=\"magic-17\">80*38mm\/60*30mm o personalizzato<\/span><\/div>\n<\/td>\n<\/tr>\n<tr>\n<td colspan=\"1\" rowspan=\"1\">\n<div class=\"magic-15\"><span class=\"magic-17\">Tipo:<\/span><\/div>\n<\/td>\n<td colspan=\"1\" rowspan=\"1\">\n<div class=\"magic-16\"><span class=\"magic-17\">Passivo, RFID<\/span><\/div>\n<\/td>\n<\/tr>\n<tr>\n<td colspan=\"1\" rowspan=\"1\">\n<div class=\"magic-15\">Protocollo RF:<\/div>\n<\/td>\n<td colspan=\"1\" rowspan=\"1\">\n<div class=\"magic-16\">ISO 18000-6C; EPC Classe 1 Gen 2<\/div>\n<\/td>\n<\/tr>\n<tr>\n<td colspan=\"1\" rowspan=\"1\">\n<div class=\"magic-15\"><span class=\"magic-17\">Frequenza:<\/span><\/div>\n<\/td>\n<td colspan=\"1\" rowspan=\"1\">\n<div class=\"magic-16\"><span class=\"magic-17\">Frequenza<\/span><\/div>\n<\/td>\n<\/tr>\n<tr>\n<td colspan=\"1\" rowspan=\"1\">\n<div class=\"magic-15\">Chip<\/div>\n<\/td>\n<td colspan=\"1\" rowspan=\"1\">\n<div class=\"magic-16\">Alien Higgs, Monza 3, Monza 4D, Monza 4QT, Monza R6, Monza R6-P, Impinj M730, Impinj M750 ecc.<\/div>\n<\/td>\n<\/tr>\n<tr>\n<td colspan=\"1\" rowspan=\"1\">\n<div class=\"magic-15\"><span class=\"magic-17\">Distanza di lettura:<\/span><\/div>\n<\/td>\n<td colspan=\"1\" rowspan=\"1\">\n<div class=\"magic-16\"><span class=\"magic-17\">UHF: 1~10m (dipende dal lettore e dall&#039;antenna)<\/span><\/div>\n<\/td>\n<\/tr>\n<tr>\n<td colspan=\"1\" rowspan=\"1\">\n<div class=\"magic-15\"><span class=\"magic-17\">Metodo fisso:<\/span><\/div>\n<\/td>\n<td colspan=\"1\" rowspan=\"1\">\n<div class=\"magic-16\"><span class=\"magic-17\">Cucire\/stirare<\/span><\/div>\n<\/td>\n<\/tr>\n<tr>\n<td colspan=\"1\" rowspan=\"1\">\n<div class=\"magic-15\"><span class=\"magic-17\">Stampa:<\/span><\/div>\n<\/td>\n<td colspan=\"1\" rowspan=\"1\">\n<div class=\"magic-16\"><span class=\"magic-17\">Stampa, codifica, numero di serie, progettazione, ecc.<\/span><\/div>\n<\/td>\n<\/tr>\n<tr>\n<td colspan=\"1\" rowspan=\"1\">\n<div class=\"magic-15\"><span class=\"magic-17\">Vita IC:<\/span><\/div>\n<\/td>\n<td colspan=\"1\" rowspan=\"1\">\n<div class=\"magic-16\" data-spm-anchor-id=\"a2700.details.0.i94.236a58c1ycsfva\"><span class=\"magic-17\">100.000 cicli di programmazione<br \/>\nConservazione dei dati per 10 anni<\/span><\/div>\n<\/td>\n<\/tr>\n<tr>\n<td colspan=\"1\" rowspan=\"1\">\n<div class=\"magic-15\"><span class=\"magic-17\">Disponibilit\u00e0 del campione:<\/span><\/div>\n<\/td>\n<td colspan=\"1\" rowspan=\"1\">\n<div class=\"magic-16\"><span class=\"magic-17\">Campioni gratuiti disponibili su richiesta<\/span><\/div>\n<\/td>\n<\/tr>\n<tr>\n<td colspan=\"1\" rowspan=\"1\">\n<div class=\"magic-15\"><span class=\"magic-17\">Applicazioni:\u00a0<\/span><\/div>\n<\/td>\n<td colspan=\"1\" rowspan=\"1\">\n<div class=\"magic-16\"><span class=\"magic-17\">\u00b7 Gestione dell&#039;inventario<br \/>\n\u00b7 Catena di fornitura<br \/>\n\u00b7 Vedere al dettaglio<\/span><\/div>\n<\/td>\n<\/tr>\n<tr>\n<td colspan=\"1\" rowspan=\"1\">\n<div class=\"magic-15\"><span class=\"magic-17\">Utilizzo<\/span><\/div>\n<\/td>\n<td colspan=\"1\" rowspan=\"1\">\n<div class=\"magic-16\"><span class=\"magic-17\">Indumenti, Vestiti, Borse, Scarpe, ecc.<\/span><\/div>\n<\/td>\n<\/tr>\n<\/tbody>\n<\/table>\n<\/div>\n<\/div>\n<div class=\"J_module\">\n<div class=\"detail-decorate-json-renderer-container\">\n<div class=\"magic-1\">\n<div class=\"magic-5\">\n<div class=\"magic-6\">\n<div class=\"magic-7\"><\/div>\n<div><\/div>\n<\/div>\n<div>\n<div class=\"auto-hide-last-sibling-br paragraph_1252f paragraph-element\">\n<div class=\"auto-hide-last-sibling-br paragraph_1252f paragraph-element\">\n<div class=\"auto-hide-last-sibling-br paragraph_1252f paragraph-element\">L&#039;etichetta RFID Care Label \u00e8 un&#039;innovazione rivoluzionaria che unisce il meglio di entrambi i mondi: etichette convenzionali per la cura degli indumenti e tecnologia RFID avanzata. Queste etichette sono progettate per essere conformi agli standard ISO18000-6C EPC Classe 1 Gen2 e incapsulano un inserto RFID passivo UHF 860-960 MHz.<\/div>\n<p><br class=\"container_e695a wrapper_ad07b undefined\" \/><\/p>\n<div class=\"auto-hide-last-sibling-br paragraph_1252f paragraph-element\"><strong>Caratteristiche principali delle etichette di cura RFID:<\/strong><\/div>\n<p><br class=\"container_e695a wrapper_ad07b undefined\" \/><\/p>\n<ol class=\"auto-hide-last-sibling-br\">\n<li>\n<div class=\"auto-hide-last-sibling-br paragraph_1252f paragraph-element\"><strong>Variet\u00e0 di materiali:<\/strong>\u00a0Queste etichette di manutenzione possono essere realizzate con materiali diversi, dai tessuti ai nastri, garantendo flessibilit\u00e0 nel design e nell&#039;applicazione.<\/div>\n<\/li>\n<li>\n<div class=\"auto-hide-last-sibling-br paragraph_1252f paragraph-element\"><strong>Durata:<\/strong>\u00a0Una caratteristica distintiva di queste etichette di cura \u00e8 la loro resilienza. Hanno propriet\u00e0 resistenti al ferro e al lavaggio che assicurano che mantengano le loro prestazioni e leggibilit\u00e0, anche dopo cicli di lavaggio rigorosi.<\/div>\n<\/li>\n<li>\n<div class=\"auto-hide-last-sibling-br paragraph_1252f paragraph-element\"><strong>Stampa superficiale:<\/strong>\u00a0Queste etichette possono anche supportare la stampa superficiale, che consente l&#039;inclusione di informazioni tradizionali presenti sulle etichette dei capi di abbigliamento, come istruzioni per la cura, taglia, composizione del materiale, nome del marchio e altro ancora.<\/div>\n<\/li>\n<li>\n<div class=\"auto-hide-last-sibling-br paragraph_1252f paragraph-element\"><strong>Flessibilit\u00e0 di dimensioni e imballaggio:<\/strong>\u00a0Le etichette di cura RFID sono disponibili in un&#039;ampia gamma di dimensioni per adattarsi a diversi articoli di abbigliamento e requisiti di utilizzo. Inoltre, offrono materiali di imballaggio flessibili per applicazioni versatili.<\/div>\n<\/li>\n<li>\n<div class=\"auto-hide-last-sibling-br paragraph_1252f paragraph-element\"><strong>Cucire sui vestiti:<\/strong>\u00a0Infine, una volta cucite sui capi, queste etichette RFID possono sostituire efficacemente le etichette di lavaggio convenzionali. Rimarranno attaccate al capo d&#039;abbigliamento per tutta la sua durata, consentendo un monitoraggio e una gestione efficaci a lungo termine.<\/div>\n<\/li>\n<\/ol>\n<p><br class=\"container_e695a wrapper_ad07b undefined\" \/><\/p>\n<div class=\"auto-hide-last-sibling-br paragraph_1252f paragraph-element\">In conclusione, le etichette RFID offrono un&#039;eccellente combinazione di funzionalit\u00e0, praticit\u00e0 e resilienza, il che le rende estremamente utili nel contesto della gestione, della tracciabilit\u00e0 e del servizio clienti degli indumenti.<\/div>\n<\/div>\n<p>&nbsp;<\/p>\n<\/div>\n<\/div>\n<div class=\"magic-6\">\n<div><\/div>\n<\/div>\n<\/div>\n<\/div>\n<\/div>\n<\/div>","protected":false},"excerpt":{"rendered":"<p>Etichetta RFID per la cura del bucato, progettata per resistere al ciclo di vita di un capo, promuove un monitoraggio efficiente di ogni articolo dalla produzione, allo stoccaggio e alla vendita, fino al potenziale monitoraggio post-vendita. La loro eccezionale resistenza al lavaggio, alla stiratura e all&#039;usura rende le etichette RFID una risposta efficace alle tradizionali sfide dell&#039;inventario, portando a una maggiore accuratezza ed efficienza nel controllo dell&#039;inventario e a un&#039;esperienza cliente superiore attraverso una disponibilit\u00e0 costante del prodotto. Il passaggio a queste etichette avanzate consente ai rivenditori di allontanarsi dal controllo manuale delle scorte che richiede molto tempo e dagli inventari mal gestiti.<\/p>","protected":false},"featured_media":179,"template":"","meta":{"_kad_post_transparent":"default","_kad_post_title":"","_kad_post_layout":"default","_kad_post_sidebar_id":"","_kad_post_content_style":"default","_kad_post_vertical_padding":"default","_kad_post_feature":"","_kad_post_feature_position":"","_kad_post_header":false,"_kad_post_footer":false,"_kad_post_classname":""},"product_brand":[],"product_cat":[81],"product_tag":[85,82,83],"class_list":{"0":"post-178","1":"product","2":"type-product","3":"status-publish","4":"has-post-thumbnail","6":"product_cat-rfid-wash-care-clothing-label","7":"product_tag-laundry-rfid-wash-care-label","8":"product_tag-rfid-wash-care-clothing-label","9":"product_tag-rfid-wash-care-label","11":"first","12":"instock","13":"shipping-taxable","14":"product-type-simple","15":"entry","16":"content-bg","17":"loop-entry"},"_links":{"self":[{"href":"https:\/\/rfid-laundry-tag.com\/it\/wp-json\/wp\/v2\/product\/178","targetHints":{"allow":["GET"]}}],"collection":[{"href":"https:\/\/rfid-laundry-tag.com\/it\/wp-json\/wp\/v2\/product"}],"about":[{"href":"https:\/\/rfid-laundry-tag.com\/it\/wp-json\/wp\/v2\/types\/product"}],"version-history":[{"count":1,"href":"https:\/\/rfid-laundry-tag.com\/it\/wp-json\/wp\/v2\/product\/178\/revisions"}],"predecessor-version":[{"id":180,"href":"https:\/\/rfid-laundry-tag.com\/it\/wp-json\/wp\/v2\/product\/178\/revisions\/180"}],"wp:featuredmedia":[{"embeddable":true,"href":"https:\/\/rfid-laundry-tag.com\/it\/wp-json\/wp\/v2\/media\/179"}],"wp:attachment":[{"href":"https:\/\/rfid-laundry-tag.com\/it\/wp-json\/wp\/v2\/media?parent=178"}],"wp:term":[{"taxonomy":"product_brand","embeddable":true,"href":"https:\/\/rfid-laundry-tag.com\/it\/wp-json\/wp\/v2\/product_brand?post=178"},{"taxonomy":"product_cat","embeddable":true,"href":"https:\/\/rfid-laundry-tag.com\/it\/wp-json\/wp\/v2\/product_cat?post=178"},{"taxonomy":"product_tag","embeddable":true,"href":"https:\/\/rfid-laundry-tag.com\/it\/wp-json\/wp\/v2\/product_tag?post=178"}],"curies":[{"name":"parola chiave","href":"https:\/\/api.w.org\/{rel}","templated":true}]}}