{"id":167,"date":"2024-06-15T13:14:42","date_gmt":"2024-06-15T13:14:42","guid":{"rendered":"https:\/\/rfid-laundry-tag.com\/?post_type=product&#038;p=167"},"modified":"2024-09-26T03:38:23","modified_gmt":"2024-09-26T03:38:23","slug":"textile-uhf-rfid-linen-tags","status":"publish","type":"product","link":"https:\/\/rfid-laundry-tag.com\/it\/textile-uhf-rfid-linen-tags\/","title":{"rendered":"Etichette RFID UHF per tessuti in lino"},"content":{"rendered":"<div>\n<div class=\"auto-hide-last-sibling-br paragraph_1252f paragraph-element\">\n<table width=\"637\">\n<tbody>\n<tr>\n<td width=\"328\">Nome dell&#039;articolo:<\/td>\n<td width=\"309\"><strong>Etichette RFID UHF per tessuti in lino<\/strong><\/td>\n<\/tr>\n<tr>\n<td width=\"328\">Standard RFID:<\/td>\n<td width=\"309\">ISO\/IEC 18000-6 Tipo C (EPC Gen2)<\/td>\n<\/tr>\n<tr>\n<td width=\"328\">Dimensioni e peso:<\/td>\n<td width=\"309\">70\u00d715 mm, 0,6 g<\/td>\n<\/tr>\n<tr>\n<td width=\"328\">Tipo di chip:<\/td>\n<td width=\"309\">Impinj Monza 4QT, NXP U CODICE 9<\/td>\n<\/tr>\n<tr>\n<td width=\"328\">Memoria EPC:<\/td>\n<td width=\"309\">128 bit<\/td>\n<\/tr>\n<tr>\n<td width=\"328\">Memoria utente:<\/td>\n<td width=\"309\">512 bit<\/td>\n<\/tr>\n<tr>\n<td width=\"328\">Intervallo di lettura (2W ERP FCC):<\/td>\n<td width=\"309\">8 milioni<\/td>\n<\/tr>\n<tr>\n<td width=\"328\">Intervallo di lettura (2W ERP ETSI):<\/td>\n<td width=\"309\">8 milioni<\/td>\n<\/tr>\n<tr>\n<td width=\"328\">Etichettatura:<\/td>\n<td width=\"309\">Cucito, Adesivo per stampa a caldo<\/td>\n<\/tr>\n<tr>\n<td width=\"328\">Durata stimata:<\/td>\n<td width=\"309\">200 cicli di lavaggio o 3 anni, a seconda di quale evento si verifica per primo<\/td>\n<\/tr>\n<tr>\n<td width=\"328\">Metodo di lavaggio:<\/td>\n<td width=\"309\">Lavanderia, lavaggio a secco<\/td>\n<\/tr>\n<tr>\n<td width=\"328\">Pressione di estrazione dell&#039;acqua:<\/td>\n<td width=\"309\">60 bar<\/td>\n<\/tr>\n<tr>\n<td width=\"328\">Resistenza all&#039;acqua:<\/td>\n<td width=\"309\">Resistente all&#039;acqua<\/td>\n<\/tr>\n<tr>\n<td width=\"328\">Resistenza chimica:<\/td>\n<td width=\"309\">Detersivo, ammorbidente, candeggina (ossigeno\/cloro), alcali<\/td>\n<\/tr>\n<tr>\n<td width=\"328\">Pre-essiccazione in Tumbler:<\/td>\n<td width=\"309\">125 \u00baC per 15-20 minuti<\/td>\n<\/tr>\n<tr>\n<td width=\"328\">Temperatura di sterilizzazione:<\/td>\n<td width=\"309\">135\u00b0C per 15-20 minuti<\/td>\n<\/tr>\n<tr>\n<td width=\"328\">Temperatura di lavaggio:<\/td>\n<td width=\"309\">90\u00b0C, fino a 15 min.<\/td>\n<\/tr>\n<tr>\n<td width=\"328\">Umidit\u00e0\/Temperatura - Funzionamento:<\/td>\n<td width=\"309\">-20 a 110\u00b0C, 8 a 95%RH<\/td>\n<\/tr>\n<tr>\n<td width=\"328\">Umidit\u00e0\/Temperatura-Conservazione:<\/td>\n<td width=\"309\">-40 a 110\u00b0C, 8 a 95%RH<\/td>\n<\/tr>\n<\/tbody>\n<\/table>\n<\/div>\n<\/div>\n<div class=\"auto-hide-last-sibling-br paragraph_1252f paragraph-element\"><\/div>\n<div>\n<div class=\"auto-hide-last-sibling-br paragraph_1252f paragraph-element\">\n<h3>Caratteristiche principali dei tag RFID UHF per lino<\/h3>\n<ul>\n<li><strong>Durata<\/strong>: Le etichette sono realizzate per resistere ai processi di lavanderia industriale. Grazie alla capacit\u00e0 di sopportare temperature estreme, detergenti e condizioni di asciugatura, sono progettate per un uso intensivo.<\/li>\n<li><strong>Natura lavabile<\/strong>: Questi\u00a0<strong>tag RFID lavabili<\/strong>\u00a0mantengono la loro integrit\u00e0 anche dopo ripetuti lavaggi, rendendoli ideali per qualsiasi sistema di gestione tessile. Possono gestire fino a\u00a0<strong>200 cicli di lavaggio<\/strong>\u00a0senza perdere funzionalit\u00e0.<\/li>\n<li><strong>RFID ad alte prestazioni<\/strong>:Utilizzando tecnologie all&#039;avanguardia\u00a0<strong>Tecnologia UHF<\/strong>Questi tag garantiscono una distanza di lettura elevata, facilitando il monitoraggio e la gestione efficiente dei tessuti.<\/li>\n<\/ul>\n<\/div>\n<h3>Principali vantaggi dei tag RFID per lino<\/h3>\n<p>Uno dei vantaggi pi\u00f9 evidenti del tessile\u00a0<strong>Etichette RFID per biancheria<\/strong>\u00a0\u00e8 la loro capacit\u00e0 di migliorare l&#039;accuratezza della gestione dell&#039;inventario. Automatizzando il processo di tracciamento, le aziende possono ridurre significativamente il rischio di articoli mancanti o fuori posto. Inoltre, questi tag migliorano la visibilit\u00e0 delle risorse, consentendo alle lavanderie di mantenere la trasparenza nelle loro operazioni.<\/p>\n<p>Un altro vantaggio fondamentale \u00e8 il potenziale risparmio sui costi. Con il monitoraggio automatizzato, i costi di manodopera associati ai controlli manuali dell&#039;inventario diminuiscono in modo significativo. L&#039;affidabilit\u00e0 a lungo termine di questi tag aggiunge anche valore, poich\u00e9 possono essere riutilizzati in pi\u00f9 cicli di lavaggio, garantendo alle aziende di massimizzare il loro investimento.<\/p>\n<\/div>\n<div class=\"auto-hide-last-sibling-br paragraph_1252f paragraph-element\">\n<div data-spm-anchor-id=\"a2700.details.0.i57.23b419c7xXORP0\">Questa impressionante durata \u00e8 accompagnata dalla garanzia di mantenere gli straordinari attributi di tracciamento e inventario per tutta la durata di vita di biancheria, abbigliamento e altri articoli tessili. Pertanto, fungono da strumento efficace e affidabile per garantire un tracciamento senza interruzioni, una manutenzione tempestiva e una gestione efficiente dell&#039;inventario di vari prodotti tessili in diversi ambienti, massimizzandone il ciclo di vita e facilitandone le operazioni senza intoppi.<\/div>\n<\/div>\n<div data-spm-anchor-id=\"a2700.details.0.i57.23b419c7xXORP0\">\n<h3>Durata e lavabilit\u00e0 dei tag RFID<\/h3>\n<p>Quando si tratta di\u00a0<strong>durata<\/strong>, i tag RFID vantano un design robusto che pu\u00f2 resistere alle sfide poste dal lavaggio commerciale. Grazie alla capacit\u00e0 di resistere ad alte temperature ed esposizioni chimiche aggressive, come candeggina e ammorbidenti, sono ottimizzati sia per i processi di lavaggio che di asciugatura.<\/p>\n<p>IL\u00a0<strong>natura lavabile<\/strong>\u00a0di queste etichette significa che possono essere integrate senza problemi nei tuoi articoli di lavanderia esistenti. Questa adattabilit\u00e0 consente un facile fissaggio a indumenti e biancheria tramite cucitura o applicazione adesiva, evitando cos\u00ec qualsiasi interruzione della funzionalit\u00e0 o dell&#039;aspetto dei tuoi articoli tessili.<\/p>\n<\/div>\n<div data-spm-anchor-id=\"a2700.details.0.i57.23b419c7xXORP0\"><\/div>\n<h3 class=\"wp-block-heading\">Installazione<\/h3>\n<p><strong>Etichettatura dei punti<\/strong>: Da cucire nell&#039;orlo di un tessuto. Cucire l&#039;etichetta del bucato lontano dalle linee di piegatura.<br \/>\n<strong>Saldatura a caldo<\/strong>: Da termosaldare direttamente sul tessuto a +200\u00b0C (392\u00b0F), per 12~14s.<br \/>\n<strong>In sacchetto<\/strong>: Da cucire come un&#039;etichetta di cura standard. Cucire l&#039;etichetta del bucato lontano dalle linee di piegatura.<\/p>\n<div class=\"auto-hide-last-sibling-br paragraph_1252f paragraph-element\">\n<h2 class=\"auto-hide-last-sibling-br paragraph_1252f paragraph-element\"><strong>Utilizzi del tag RFID UHF lavabile in tessuto per lavanderia<\/strong><\/h2>\n<ol class=\"auto-hide-last-sibling-br\">\n<li>Lavanderia industriale: semplifica i processi di pulizia e la logistica di distribuzione della biancheria per le uniformi.<\/li>\n<li>Settore alberghiero: migliora la gestione dei sistemi di lavanderia per gli arredi e gli asciugamani degli hotel.<\/li>\n<li>Settore sanitario: aiuta nell&#039;organizzazione e nella manutenzione dell&#039;abbigliamento ospedaliero e sanitario.<\/li>\n<\/ol>\n<h3>Considerazioni ambientali<\/h3>\n<p>Utilizzando\u00a0<strong>Etichette RFID per biancheria<\/strong>\u00a0contribuisce anche alla sostenibilit\u00e0 ambientale. La capacit\u00e0 di riutilizzare e tracciare la biancheria aiuta a ridurre gli sprechi, assicurando che gli articoli siano utilizzati in modo efficiente durante il loro ciclo di vita. Inoltre, la durata di queste etichette significa meno sostituzioni, riducendo al minimo l&#039;impatto ambientale associato alla produzione e allo smaltimento costanti.<\/p>\n<h3>Domande frequenti sui tag RFID per lino<\/h3>\n<p><strong>D: Quanti cicli di lavaggio possono sopportare le etichette?<\/strong><br \/>\nA: Il nostro\u00a0<strong>Etichette RFID per biancheria<\/strong>\u00a0sono progettati per mantenere la funzionalit\u00e0 anche dopo\u00a0<strong>200 cicli di lavaggio<\/strong>, rendendoli estremamente durevoli per un utilizzo a lungo termine.<\/p>\n<p><strong>D: Le etichette possono essere cucite su qualsiasi tessuto?<\/strong><br \/>\nR: S\u00ec, le etichette possono essere integrate perfettamente con vari materiali tessili, garantendo che rimangano attaccate durante i vari processi di lavaggio.<\/p>\n<p><strong>D: La tecnologia RFID \u00e8 affidabile per la tracciabilit\u00e0 della biancheria?<\/strong><br \/>\nR: Assolutamente s\u00ec! I tag RFID offrono una precisione di tracciamento senza pari, riducendo al minimo le perdite e favorendo una gestione efficiente dell&#039;inventario.<\/p>\n<h3>Conclusione<\/h3>\n<p>Insomma,\u00a0<strong>Etichette RFID UHF per tessuti in lino<\/strong>\u00a0rappresentano il futuro della gestione della lavanderia. Migliorando l&#039;efficienza di tracciamento, la durata e la convenienza, sono strumenti essenziali per qualsiasi attivit\u00e0 che faccia affidamento su biancheria e indumenti. Grazie alla tecnologia avanzata e alle prestazioni robuste, questi tag RFID sono progettati per soddisfare le esigenze delle moderne attivit\u00e0 di lavanderia.<\/p>\n<\/div>","protected":false},"excerpt":{"rendered":"<p>I tag RFID UHF per biancheria tessile possono anche essere chiamati tag RFID per lavanderia tessile RAIN, che sono stati meticolosamente progettati per funzionare costantemente nelle difficili condizioni di lavorazione della lavanderia, come sterilizzazione, esposizione al calore, pulizia, asciugatura e stiratura. Questi tag non solo sono in grado di resistere a centinaia di cicli di lavaggio, ma mantengono anche prestazioni RFID eccellenti e costanti anche dopo innumerevoli cicli di lavaggio.<\/p>","protected":false},"featured_media":168,"template":"","meta":{"_kad_post_transparent":"default","_kad_post_title":"","_kad_post_layout":"default","_kad_post_sidebar_id":"","_kad_post_content_style":"default","_kad_post_vertical_padding":"default","_kad_post_feature":"","_kad_post_feature_position":"","_kad_post_header":false,"_kad_post_footer":false,"_kad_post_classname":""},"product_brand":[],"product_cat":[19],"product_tag":[31,312,65,30],"class_list":{"0":"post-167","1":"product","2":"type-product","3":"status-publish","4":"has-post-thumbnail","6":"product_cat-textile-rfid-laundry-tag","7":"product_tag-rfid-tag-for-linen-laundry","8":"product_tag-rfid-tags","9":"product_tag-textile-rfid-laundry-tags","10":"product_tag-uhf-rfid-laundry-tag","12":"first","13":"instock","14":"featured","15":"shipping-taxable","16":"product-type-simple","17":"entry","18":"content-bg","19":"loop-entry"},"_links":{"self":[{"href":"https:\/\/rfid-laundry-tag.com\/it\/wp-json\/wp\/v2\/product\/167","targetHints":{"allow":["GET"]}}],"collection":[{"href":"https:\/\/rfid-laundry-tag.com\/it\/wp-json\/wp\/v2\/product"}],"about":[{"href":"https:\/\/rfid-laundry-tag.com\/it\/wp-json\/wp\/v2\/types\/product"}],"version-history":[{"count":3,"href":"https:\/\/rfid-laundry-tag.com\/it\/wp-json\/wp\/v2\/product\/167\/revisions"}],"predecessor-version":[{"id":2680,"href":"https:\/\/rfid-laundry-tag.com\/it\/wp-json\/wp\/v2\/product\/167\/revisions\/2680"}],"wp:featuredmedia":[{"embeddable":true,"href":"https:\/\/rfid-laundry-tag.com\/it\/wp-json\/wp\/v2\/media\/168"}],"wp:attachment":[{"href":"https:\/\/rfid-laundry-tag.com\/it\/wp-json\/wp\/v2\/media?parent=167"}],"wp:term":[{"taxonomy":"product_brand","embeddable":true,"href":"https:\/\/rfid-laundry-tag.com\/it\/wp-json\/wp\/v2\/product_brand?post=167"},{"taxonomy":"product_cat","embeddable":true,"href":"https:\/\/rfid-laundry-tag.com\/it\/wp-json\/wp\/v2\/product_cat?post=167"},{"taxonomy":"product_tag","embeddable":true,"href":"https:\/\/rfid-laundry-tag.com\/it\/wp-json\/wp\/v2\/product_tag?post=167"}],"curies":[{"name":"parola chiave","href":"https:\/\/api.w.org\/{rel}","templated":true}]}}