{"id":163,"date":"2024-06-15T11:55:44","date_gmt":"2024-06-15T11:55:44","guid":{"rendered":"https:\/\/rfid-laundry-tag.com\/?post_type=product&#038;p=163"},"modified":"2024-06-15T12:33:50","modified_gmt":"2024-06-15T12:33:50","slug":"laundry-tag-rfid-silicon","status":"publish","type":"product","link":"https:\/\/rfid-laundry-tag.com\/it\/laundry-tag-rfid-silicon\/","title":{"rendered":"Etichetta per lavanderia RFID in silicone"},"content":{"rendered":"<table style=\"font-family: var(--global-body-font-family);\" width=\"537\">\n<tbody>\n<tr>\n<td width=\"228\">Nome<\/td>\n<td width=\"309\">Etichetta per lavanderia RFID in silicone<\/td>\n<\/tr>\n<tr>\n<td width=\"228\">Modalit\u00e0<\/td>\n<td width=\"309\">SL-01<\/td>\n<\/tr>\n<tr>\n<td width=\"228\">Materiale<\/td>\n<td width=\"309\">Silicone<\/td>\n<\/tr>\n<tr>\n<td width=\"228\">Colore<\/td>\n<td width=\"309\">Bianco (o personalizzato)<\/td>\n<\/tr>\n<tr>\n<td width=\"228\">Misurare<\/td>\n<td width=\"309\">55mm*12mm, 2,5mm di spessore<\/td>\n<\/tr>\n<tr>\n<td width=\"228\">Chip<\/td>\n<td width=\"309\">915Mhz NXP U codice 9,Alien H3,H9 ecc.<\/td>\n<\/tr>\n<tr>\n<td width=\"228\">Temperatura di lavoro<\/td>\n<td width=\"309\">\u2013 da 25\u00baC a +75\u00baC<\/td>\n<\/tr>\n<tr>\n<td width=\"228\">Ciclo di lavaggio<\/td>\n<td width=\"309\">200 volte<\/td>\n<\/tr>\n<tr>\n<td width=\"228\">Impermeabile<\/td>\n<td width=\"309\">S\u00cc<\/td>\n<\/tr>\n<tr>\n<td width=\"228\">Resistenza chimica<\/td>\n<td width=\"309\">S\u00cc<\/td>\n<\/tr>\n<\/tbody>\n<\/table>\n<p data-spm-anchor-id=\"a2700.details.0.i116.60201a70jOXdOd\">\n<p data-spm-anchor-id=\"a2700.details.0.i116.60201a70jOXdOd\"><strong>Applicazione:<\/strong><\/p>\n<ol class=\"auto-hide-last-sibling-br\">\n<li>\n<div class=\"auto-hide-last-sibling-br paragraph_1252f paragraph-element\">Lavabili e riutilizzabili: queste etichette sono realizzate per resistere a pi\u00f9 cicli di lavaggio, il che le rende una soluzione conveniente per un utilizzo a lungo termine.<\/div>\n<\/li>\n<li>\n<div class=\"auto-hide-last-sibling-br paragraph_1252f paragraph-element\">Progettati per resistere alle condizioni di lavanderia pi\u00f9 difficili: sono appositamente progettati per resistere alle condizioni difficili in cui si svolgono le operazioni di lavanderia.<\/div>\n<\/li>\n<li>\n<div class=\"auto-hide-last-sibling-br paragraph_1252f paragraph-element\">Propriet\u00e0 di resistenza: questi tag sono resistenti all&#039;umidit\u00e0, possono tollerare alte temperature e sono resistenti a vari prodotti chimici, garantendo un funzionamento senza ostacoli in diverse condizioni.<\/div>\n<\/li>\n<li>\n<div class=\"auto-hide-last-sibling-br paragraph_1252f paragraph-element\">Materiale in silicone ecologico: realizzate in silicone ecologico, queste etichette sono innocue sia per il corpo umano che per l&#039;ambiente, in linea con un consumo consapevole e pratiche sostenibili.<\/div>\n<\/li>\n<li>\n<div class=\"auto-hide-last-sibling-br paragraph_1252f paragraph-element\">Ampie applicazioni: questi tag possono essere utilizzati comodamente per gestire gli indumenti, migliorare i controlli di sicurezza e ottimizzare le operazioni nelle lavanderie (comprese quelle industriali), garantendo efficienza e controllo superiori.<\/div>\n<\/li>\n<\/ol>\n<div class=\"auto-hide-last-sibling-br paragraph_1252f paragraph-element\">Il tag RFID per lavanderia in silicone, che funziona nell&#039;intervallo di frequenza 860~960 MHz, \u00e8 specificamente progettato per resistere alle alte temperature e alle intense pressioni tipiche dei processi di pulizia. Il suo ampio utilizzo pu\u00f2 essere trovato in ambienti rigorosi che richiedono resistenza a livelli di calore elevati, corrosione e usura, in particolare lavanderie, operazioni di pulizia industriale e altri.<\/div>\n<p>&nbsp;<\/p>\n<div class=\"auto-hide-last-sibling-br paragraph_1252f paragraph-element\">Questi tag RFID per lavanderia hanno la capacit\u00e0 unica di essere integrati senza soluzione di continuit\u00e0 in una variet\u00e0 di articoli tessili, tra cui camicie, uniformi da lavoro, lenzuola e altri prodotti in tessuto. In quanto tali, offrono una soluzione potente ed efficiente per tracciare e gestire una vasta gamma di prodotti tessili in vari settori.<\/div>\n<p>&nbsp;<\/p>","protected":false},"excerpt":{"rendered":"<p>I tag RFID Silicon Laundry sono solitamente utilizzati in operazioni ad alta intensit\u00e0 come processi di lavanderia industriale, gestione della biancheria degli hotel e tracciamento delle uniformi mediche. Questi tag sono noti per la loro flessibilit\u00e0 e resistenza alle alte temperature, progettati per resistere a oltre 200 cicli di lavaggio, garantendo prestazioni affidabili anche nelle condizioni pi\u00f9 difficili.<\/p>","protected":false},"featured_media":164,"template":"","meta":{"_kad_post_transparent":"default","_kad_post_title":"","_kad_post_layout":"default","_kad_post_sidebar_id":"","_kad_post_content_style":"default","_kad_post_vertical_padding":"default","_kad_post_feature":"","_kad_post_feature_position":"","_kad_post_header":false,"_kad_post_footer":false,"_kad_post_classname":""},"product_brand":[],"product_cat":[20,16],"product_tag":[76,62,61],"class_list":{"0":"post-163","1":"product","2":"type-product","3":"status-publish","4":"has-post-thumbnail","6":"product_cat-silicone-rfid-laundry-tag","7":"product_cat-uhf-rfid-laundry-tags","8":"product_tag-laundry-tag-rfid-silicon","9":"product_tag-silicone-rfid-laundry-tag","10":"product_tag-silicone-washable-rfid-laundry-tag","12":"first","13":"instock","14":"shipping-taxable","15":"product-type-simple","16":"entry","17":"content-bg","18":"loop-entry"},"_links":{"self":[{"href":"https:\/\/rfid-laundry-tag.com\/it\/wp-json\/wp\/v2\/product\/163","targetHints":{"allow":["GET"]}}],"collection":[{"href":"https:\/\/rfid-laundry-tag.com\/it\/wp-json\/wp\/v2\/product"}],"about":[{"href":"https:\/\/rfid-laundry-tag.com\/it\/wp-json\/wp\/v2\/types\/product"}],"version-history":[{"count":0,"href":"https:\/\/rfid-laundry-tag.com\/it\/wp-json\/wp\/v2\/product\/163\/revisions"}],"wp:featuredmedia":[{"embeddable":true,"href":"https:\/\/rfid-laundry-tag.com\/it\/wp-json\/wp\/v2\/media\/164"}],"wp:attachment":[{"href":"https:\/\/rfid-laundry-tag.com\/it\/wp-json\/wp\/v2\/media?parent=163"}],"wp:term":[{"taxonomy":"product_brand","embeddable":true,"href":"https:\/\/rfid-laundry-tag.com\/it\/wp-json\/wp\/v2\/product_brand?post=163"},{"taxonomy":"product_cat","embeddable":true,"href":"https:\/\/rfid-laundry-tag.com\/it\/wp-json\/wp\/v2\/product_cat?post=163"},{"taxonomy":"product_tag","embeddable":true,"href":"https:\/\/rfid-laundry-tag.com\/it\/wp-json\/wp\/v2\/product_tag?post=163"}],"curies":[{"name":"parola chiave","href":"https:\/\/api.w.org\/{rel}","templated":true}]}}