{"id":161,"date":"2024-06-15T10:09:40","date_gmt":"2024-06-15T10:09:40","guid":{"rendered":"https:\/\/rfid-laundry-tag.com\/?post_type=product&#038;p=161"},"modified":"2024-08-14T15:50:57","modified_gmt":"2024-08-14T15:50:57","slug":"iso15693-rfid-reusable-laundry-tag","status":"publish","type":"product","link":"https:\/\/rfid-laundry-tag.com\/it\/iso15693-rfid-reusable-laundry-tag\/","title":{"rendered":"Etichetta per lavanderia riutilizzabile RFID ISO15693"},"content":{"rendered":"<div class=\"J_module\">\n<div class=\"ife-detail-decorate-table\">\n<table class=\"has-title all magic-6\">\n<tbody>\n<tr>\n<td colspan=\"1\" rowspan=\"1\">\n<div class=\"magic-7\" data-spm-anchor-id=\"a2700.details.0.i45.77607d98vZbcDU\"><span class=\"magic-8\" style=\"color: #363535;\">Nome dell&#039;articolo<\/span><\/div>\n<\/td>\n<td colspan=\"1\" rowspan=\"1\">\n<div class=\"magic-9\">Etichetta per lavanderia riutilizzabile RFID ISO15693<\/div>\n<\/td>\n<\/tr>\n<tr>\n<td colspan=\"1\" rowspan=\"1\">\n<div class=\"magic-7\"><span class=\"magic-10\" data-spm-anchor-id=\"a2700.pc-decorate.0.i10.28d333330XLbTD\"><span class=\"magic-8\">Materiale<\/span><\/span><\/div>\n<\/td>\n<td colspan=\"1\" rowspan=\"1\">\n<div class=\"magic-9\"><span class=\"magic-8\">PPS<\/span><\/div>\n<\/td>\n<\/tr>\n<tr>\n<td colspan=\"1\" rowspan=\"1\">\n<div class=\"magic-7\"><span class=\"magic-8\">Colore<\/span><\/div>\n<\/td>\n<td colspan=\"1\" rowspan=\"1\">\n<div class=\"magic-9\"><span class=\"magic-8\">Nero ecc.<\/span><\/div>\n<\/td>\n<\/tr>\n<tr>\n<td colspan=\"1\" rowspan=\"1\">Quantit\u00e0 minima<\/td>\n<td colspan=\"1\" rowspan=\"1\">500 pezzi<\/td>\n<\/tr>\n<tr>\n<td colspan=\"1\" rowspan=\"1\">\n<div class=\"magic-7\"><span class=\"magic-8\">Produttore\/Chip<\/span><\/div>\n<\/td>\n<td colspan=\"1\" rowspan=\"1\">\n<div class=\"magic-9\"><span class=\"magic-8\">NXP I Code Slix; altre opzioni: Ntag213, Ntag215, Ntag216, Mifare Ultralight ev1 ecc.<\/span><\/div>\n<\/td>\n<\/tr>\n<tr>\n<td colspan=\"1\" rowspan=\"1\">\n<div class=\"magic-7\"><span class=\"magic-8\">Frequenza<\/span><\/div>\n<\/td>\n<td colspan=\"1\" rowspan=\"1\">\n<div class=\"magic-9\"><span class=\"magic-8\">13,56 MHz<\/span><\/div>\n<\/td>\n<\/tr>\n<tr>\n<td colspan=\"1\" rowspan=\"1\">\n<div class=\"magic-7\"><span class=\"magic-8\">Memoria<\/span><\/div>\n<\/td>\n<td colspan=\"1\" rowspan=\"1\">\n<div class=\"magic-9\"><span class=\"magic-8\">1k Byte; altra memoria del chip: 144 Byte, 504 Byte, 888 Byte, 64 Byte ecc.<\/span><\/div>\n<\/td>\n<\/tr>\n<tr>\n<td colspan=\"1\" rowspan=\"1\">\n<div class=\"magic-7\"><span class=\"magic-8\">Distanza di lettura<\/span><\/div>\n<\/td>\n<td colspan=\"1\" rowspan=\"1\">\n<div class=\"magic-9\"><span class=\"magic-8\">1~5cm<\/span><\/div>\n<\/td>\n<\/tr>\n<tr>\n<td colspan=\"1\" rowspan=\"1\">\n<div class=\"magic-7\"><span class=\"magic-8\">Modalit\u00e0 di lavoro<\/span><\/div>\n<\/td>\n<td colspan=\"1\" rowspan=\"1\">\n<div class=\"magic-9\"><span class=\"magic-8\">passivo<\/span><\/div>\n<\/td>\n<\/tr>\n<tr>\n<td colspan=\"1\" rowspan=\"1\">\n<div class=\"magic-7\"><span class=\"magic-8\">Temperatura di lavoro<\/span><\/div>\n<\/td>\n<td colspan=\"1\" rowspan=\"1\">\n<div class=\"magic-9\"><span class=\"magic-8\">-25\u2103~+110\u2103<\/span><\/div>\n<\/td>\n<\/tr>\n<tr>\n<td colspan=\"1\" rowspan=\"1\">\n<div class=\"magic-7\"><span class=\"magic-8\">Temperatura di conservazione<\/span><\/div>\n<\/td>\n<td colspan=\"1\" rowspan=\"1\">\n<div class=\"magic-9\"><span class=\"magic-8\">-40\u2103~+85\u2103<\/span><\/div>\n<\/td>\n<\/tr>\n<tr>\n<td colspan=\"1\" rowspan=\"1\">\n<div class=\"magic-7\">\n<div><span class=\"magic-8\">\u00a0<\/span><\/div>\n<p><span class=\"magic-8\">Resistenza alla temperatura a breve termine<\/span><\/p>\n<\/div>\n<\/td>\n<td colspan=\"1\" rowspan=\"1\">\n<div class=\"magic-9\"><span class=\"magic-8\">lavaggio: 90\u2103, 15 minuti; pre-asciugatura convertitore: 180\u2103, 30 minuti, 200 volte; stiratura: 180\u2103, 10 secondi, 200 volte; alta<br \/>\nsterilizzazione a temperatura: 135\u2103, 20 minuti<\/span><\/div>\n<\/td>\n<\/tr>\n<tr>\n<td colspan=\"1\" rowspan=\"1\">\n<div class=\"magic-7\"><span class=\"magic-8\">Caratteristiche<\/span><\/div>\n<\/td>\n<td colspan=\"1\" rowspan=\"1\">\n<div class=\"magic-9\"><span class=\"magic-8\">impermeabile, lavabile, resistente alle alte temperature<\/span><\/div>\n<\/td>\n<\/tr>\n<tr>\n<td colspan=\"1\" rowspan=\"1\">\n<div class=\"magic-7\"><span class=\"magic-8\">Vita<\/span><\/div>\n<\/td>\n<td colspan=\"1\" rowspan=\"1\">\n<div class=\"magic-9\"><span class=\"magic-8\">lavaggi 200 volte o 3 anni<\/span><\/div>\n<\/td>\n<\/tr>\n<tr>\n<td colspan=\"1\" rowspan=\"1\">\n<div class=\"magic-7\"><span class=\"magic-8\">Applicazioni<\/span><\/div>\n<\/td>\n<td colspan=\"1\" rowspan=\"1\">\n<div class=\"magic-9\"><span class=\"magic-8\">gestione e tracciamento della lavanderia<\/span><\/div>\n<\/td>\n<\/tr>\n<\/tbody>\n<\/table>\n<\/div>\n<\/div>\n<div class=\"J_module\">\n<div class=\"detail-decorate-json-renderer-container\">\n<div class=\"magic-1\">\n<div>\n<div><\/div>\n<\/div>\n<div class=\"magic-2\">\n<div class=\"auto-hide-last-sibling-br paragraph_1252f paragraph-element\">\n<div class=\"auto-hide-last-sibling-br paragraph_1252f paragraph-element\">\n<div class=\"auto-hide-last-sibling-br paragraph_1252f paragraph-element\">Una volta che un&#039;azienda conclude che un sistema di tracciamento NFC Laundry pu\u00f2 offrire vantaggi significativi, l&#039;azione successiva \u00e8 la selezione di un tag RFID riutilizzabile ISO15693 per lavanderia appropriato. Il tag NFC Laundry, in particolare il PPS-I Code Slix, pu\u00f2 essere cucito in qualsiasi capo di abbigliamento, rendendo le funzioni NFC o UHF accessibili indipendentemente dalla posizione.<\/div>\n<p>&nbsp;<\/p>\n<div class=\"auto-hide-last-sibling-br paragraph_1252f paragraph-element\">Il tag RFID riutilizzabile per lavanderia ISO15693 trova impiego in molteplici applicazioni, come:<\/div>\n<ul class=\"auto-hide-last-sibling-br\">\n<li>Processi di lavaggio industriale<\/li>\n<li>Amministrazione uniforme<\/li>\n<li>Supervisione dell&#039;abbigliamento medico<\/li>\n<li>Gestione degli indumenti dei Dispositivi di Protezione Individuale (DPI)<\/li>\n<li>Operazioni di sorveglianza del personale<\/li>\n<li>Gestione delle attrezzature antincendio<\/li>\n<li>Supervisione dell&#039;attrezzatura da sci.<\/li>\n<\/ul>\n<div class=\"auto-hide-last-sibling-br paragraph_1252f paragraph-element\">IL<strong> Tag RFID passivo ad alta frequenza ICODE SLI<\/strong> \u00e8 perfetto per attivit\u00e0 come processi di lavanderia, facilitazione della catena di fornitura, regolamentazione dell&#039;inventario, tracciamento delle risorse e supervisione dei processi. Realizzato per resistere ai rigori della stiratura rotativa, questo tag RFID per lavanderia resiste anche ad alta pressione, calore e sostanze chimiche, come richiesto nel tracciamento senza contatto degli indumenti nei settori tessile e della lavanderia.<\/div>\n<p>&nbsp;<\/p>\n<div class=\"auto-hide-last-sibling-br paragraph_1252f paragraph-element\">L&#039;installazione senza sforzo su qualsiasi tessuto \u00e8 possibile con una macchina termosaldatrice standard. All&#039;interno di un involucro tessile flessibile \u00e8 presente un chip compatto senza contatto che fornisce una maggiore resistenza alle temperature elevate e a vari metodi di pulizia intensi, tra cui i processi di lavaggio a secco.<\/div>\n<p>&nbsp;<\/p>\n<div class=\"auto-hide-last-sibling-br paragraph_1252f paragraph-element\">A dimostrazione della sua versatilit\u00e0, questo robusto tag RFID per lavanderia \u00e8 compatibile sia con le frequenze RFID a bassa frequenza (LF) che con quelle a frequenza ultra alta (UHF). Le sue versioni adattabili includono un tag RFID passivo per lavanderia da 125 KHz per operazioni a bassa frequenza e un tag Gen 2 per lavanderia da 860 a 960 MHz per interazioni a frequenza ultra alta.<\/div>\n<\/div>\n<div><\/div>\n<\/div>\n<\/div>\n<div>\n<p>IL <strong>Codice IC SLIX<\/strong> \u00e8 un chip dedicato per applicazioni di etichette intelligenti come librerie, autenticazione di prodotti in diversi settori come farmaceutico, dispositivi medici e alcolici, nonch\u00e9 gestione della produzione in diverse aree del settore. Questo IC \u00e8 la terza generazione di una famiglia di prodotti di IC per etichette intelligenti basati sugli standard ISO ISO\/IEC 15693 e ISO\/IEC 18000-3, che prolunga una storia di successo di NXP<sup>\u00ae<\/sup>\u00a0nel campo dei sistemi di identificazione di prossimit\u00e0.<\/p>\n<h3>Trasferimento dati ed energia senza contatto<\/h3>\n<p>Ogni volta che \u00e8 collegato a un tipo di antenna molto semplice e facile da produrre (come risultato della frequenza portante di 13,56 MHz) realizzata con pochi avvolgimenti stampati, avvolti, incisi o bobina punzonata, l&#039;ICODE SLIX IC pu\u00f2 essere utilizzato senza linea di vista fino a una distanza di 1,5 m (larghezza del gate). Non \u00e8 necessaria alcuna batteria. Quando l&#039;etichetta intelligente \u00e8 posizionata nel campo di un&#039;antenna interrogatrice, l&#039;interfaccia di comunicazione RF ad alta velocit\u00e0 consente la trasmissione di dati fino a 53 kbit\/s.<\/p>\n<h3>Anti-collisione<\/h3>\n<p>Una funzione anti-collisione intelligente consente a diversi tag di operare contemporaneamente sul campo. L&#039;algoritmo anti-collisione seleziona ogni tag individualmente e garantisce che l&#039;esecuzione di una transazione con un tag selezionato venga eseguita correttamente senza corruzione dei dati risultante da altri tag sul campo.<\/p>\n<h3>Caratteristiche<\/h3>\n<div id=\"featuresXsp\" class=\"features-list\">\n<div class=\"features-xsp\">\n<div class=\"collapse-mobile ste-list\">\n<h3>Interfaccia RF ICODE SLIX (ISO\/IEC 15693)<\/h3>\n<ul class=\"boxes\">\n<li>Trasmissione dati e fornitura di energia senza contatto (non necessita di batteria)<\/li>\n<li>Distanza operativa: fino a 1,5 m (a seconda della geometria dell&#039;antenna)<\/li>\n<li>Frequenza operativa: 13,56 MHz (ISM, licenza mondiale liberamente disponibile)<\/li>\n<li>Trasferimento dati veloce: fino a 53 kbit\/s<\/li>\n<li>Elevata integrit\u00e0 dei dati: CRC a 16 bit, framing<\/li>\n<li>Vero anticollisione<\/li>\n<li>Sorveglianza elettronica degli articoli (EAS) protetta da password<\/li>\n<li>Identificatore della famiglia di applicazioni (AFI) protetto da password<\/li>\n<li>Identificatore del formato di archiviazione dei dati (DSFID)<\/li>\n<li>Lettura anticollisione rapida aggiuntiva<\/li>\n<li>Scrivi la distanza uguale alla distanza di lettura<\/li>\n<\/ul>\n<\/div>\n<div class=\"collapse-mobile ste-list\">\n<h3>Memoria EEPROM<\/h3>\n<ul class=\"boxes\">\n<li>1024 bit, organizzati in 32 blocchi di 4 byte ciascuno<\/li>\n<li>Conservazione dei dati per 50 anni<\/li>\n<li>Scrivi la resistenza di 100000 cicli<\/li>\n<\/ul>\n<\/div>\n<div class=\"collapse-mobile ste-list\">\n<h3>Sicurezza<\/h3>\n<ul class=\"boxes\">\n<li>Identificatore univoco per ogni dispositivo<\/li>\n<li>Meccanismo di blocco per ogni blocco di memoria utente (protezione da scrittura)<\/li>\n<li>Meccanismo di blocco per DSFID, AFI, EAS<\/li>\n<li>Funzionalit\u00e0 EAS e AFI protette da password (32 bit)<\/li>\n<\/ul>\n<\/div>\n<\/div>\n<\/div>\n<\/div>\n<div class=\"magic-2\">\n<div class=\"auto-hide-last-sibling-br paragraph_1252f paragraph-element\">\n<p>&nbsp;<\/p>\n<div class=\"auto-hide-last-sibling-br paragraph_1252f paragraph-element\"><\/div>\n<div class=\"auto-hide-last-sibling-br paragraph_1252f paragraph-element\"><\/div>\n<\/div>\n<\/div>\n<\/div>\n<\/div>\n<\/div>","protected":false},"excerpt":{"rendered":"<p>L&#039;etichetta riutilizzabile per lavanderia RFID ISO15693 resistente alle alte temperature \u00e8 realizzata in materiale PPS ad alte prestazioni che resiste senza problemi alle temperature elevate.<\/p>","protected":false},"featured_media":162,"template":"","meta":{"_kad_post_transparent":"default","_kad_post_title":"","_kad_post_layout":"default","_kad_post_sidebar_id":"","_kad_post_content_style":"default","_kad_post_vertical_padding":"default","_kad_post_feature":"","_kad_post_feature_position":"","_kad_post_header":false,"_kad_post_footer":false,"_kad_post_classname":""},"product_brand":[],"product_cat":[21,17],"product_tag":[75,37,39,45],"class_list":{"0":"post-161","1":"product","2":"type-product","3":"status-publish","4":"has-post-thumbnail","6":"product_cat-pps-rfid-laundry-tag","7":"product_cat-nfc-rfid-laundry-tag","8":"product_tag-iso15693-rfid-reusable-laundry-tag","9":"product_tag-nfc-button","10":"product_tag-nfc-laundry-tag","11":"product_tag-pps-washable-nfc-tags","13":"first","14":"instock","15":"shipping-taxable","16":"product-type-simple","17":"entry","18":"content-bg","19":"loop-entry"},"_links":{"self":[{"href":"https:\/\/rfid-laundry-tag.com\/it\/wp-json\/wp\/v2\/product\/161","targetHints":{"allow":["GET"]}}],"collection":[{"href":"https:\/\/rfid-laundry-tag.com\/it\/wp-json\/wp\/v2\/product"}],"about":[{"href":"https:\/\/rfid-laundry-tag.com\/it\/wp-json\/wp\/v2\/types\/product"}],"version-history":[{"count":1,"href":"https:\/\/rfid-laundry-tag.com\/it\/wp-json\/wp\/v2\/product\/161\/revisions"}],"predecessor-version":[{"id":1301,"href":"https:\/\/rfid-laundry-tag.com\/it\/wp-json\/wp\/v2\/product\/161\/revisions\/1301"}],"wp:featuredmedia":[{"embeddable":true,"href":"https:\/\/rfid-laundry-tag.com\/it\/wp-json\/wp\/v2\/media\/162"}],"wp:attachment":[{"href":"https:\/\/rfid-laundry-tag.com\/it\/wp-json\/wp\/v2\/media?parent=161"}],"wp:term":[{"taxonomy":"product_brand","embeddable":true,"href":"https:\/\/rfid-laundry-tag.com\/it\/wp-json\/wp\/v2\/product_brand?post=161"},{"taxonomy":"product_cat","embeddable":true,"href":"https:\/\/rfid-laundry-tag.com\/it\/wp-json\/wp\/v2\/product_cat?post=161"},{"taxonomy":"product_tag","embeddable":true,"href":"https:\/\/rfid-laundry-tag.com\/it\/wp-json\/wp\/v2\/product_tag?post=161"}],"curies":[{"name":"parola chiave","href":"https:\/\/api.w.org\/{rel}","templated":true}]}}