{"id":159,"date":"2024-06-15T08:13:31","date_gmt":"2024-06-15T08:13:31","guid":{"rendered":"https:\/\/rfid-laundry-tag.com\/?post_type=product&#038;p=159"},"modified":"2024-08-14T16:18:47","modified_gmt":"2024-08-14T16:18:47","slug":"nfc-laundry-token-ntag216","status":"publish","type":"product","link":"https:\/\/rfid-laundry-tag.com\/it\/nfc-laundry-token-ntag216\/","title":{"rendered":"Gettone lavanderia NFC-NTAG216"},"content":{"rendered":"<div class=\"J_module\">\n<div class=\"ife-detail-decorate-table\">\n<table class=\"has-title all magic-6\">\n<tbody>\n<tr>\n<td colspan=\"1\" rowspan=\"1\">\n<div class=\"magic-7\" data-spm-anchor-id=\"a2700.details.0.i45.77607d98vZbcDU\"><span class=\"magic-8\" style=\"color: #363535;\">Nome dell&#039;articolo<\/span><\/div>\n<\/td>\n<td colspan=\"1\" rowspan=\"1\">\n<div class=\"magic-9\">Gettone lavanderia NFC \u2013 NTAG216<\/div>\n<\/td>\n<\/tr>\n<tr>\n<td colspan=\"1\" rowspan=\"1\">\n<div class=\"magic-7\"><span class=\"magic-10\" data-spm-anchor-id=\"a2700.pc-decorate.0.i10.28d333330XLbTD\"><span class=\"magic-8\">Materiale<\/span><\/span><\/div>\n<\/td>\n<td colspan=\"1\" rowspan=\"1\">\n<div class=\"magic-9\"><span class=\"magic-8\">PPS<\/span><\/div>\n<\/td>\n<\/tr>\n<tr>\n<td colspan=\"1\" rowspan=\"1\">\n<div class=\"magic-7\"><span class=\"magic-8\">Colore<\/span><\/div>\n<\/td>\n<td colspan=\"1\" rowspan=\"1\">\n<div class=\"magic-9\"><span class=\"magic-8\">Nero, giallo ecc.<\/span><\/div>\n<\/td>\n<\/tr>\n<tr>\n<td colspan=\"1\" rowspan=\"1\">Quantit\u00e0 minima<\/td>\n<td colspan=\"1\" rowspan=\"1\">500 pezzi<\/td>\n<\/tr>\n<tr>\n<td colspan=\"1\" rowspan=\"1\">\n<div class=\"magic-7\"><span class=\"magic-8\">Produttore\/Chip<\/span><\/div>\n<\/td>\n<td colspan=\"1\" rowspan=\"1\">\n<div class=\"magic-9\"><span class=\"magic-8\">NXP Ntag213, Ntag215, Ntag216, Mifare Ultralight ev1 ecc.<\/span><\/div>\n<\/td>\n<\/tr>\n<tr>\n<td colspan=\"1\" rowspan=\"1\">\n<div class=\"magic-7\"><span class=\"magic-8\">Frequenza<\/span><\/div>\n<\/td>\n<td colspan=\"1\" rowspan=\"1\">\n<div class=\"magic-9\"><span class=\"magic-8\">13,56 MHz<\/span><\/div>\n<\/td>\n<\/tr>\n<tr>\n<td colspan=\"1\" rowspan=\"1\">\n<div class=\"magic-7\"><span class=\"magic-8\">Memoria<\/span><\/div>\n<\/td>\n<td colspan=\"1\" rowspan=\"1\">\n<div class=\"magic-9\"><span class=\"magic-8\">144 byte, 504 byte, 888 byte, 64 byte ecc.<\/span><\/div>\n<\/td>\n<\/tr>\n<tr>\n<td colspan=\"1\" rowspan=\"1\">\n<div class=\"magic-7\"><span class=\"magic-8\">Distanza di lettura<\/span><\/div>\n<\/td>\n<td colspan=\"1\" rowspan=\"1\">\n<div class=\"magic-9\"><span class=\"magic-8\">1~5cm<\/span><\/div>\n<\/td>\n<\/tr>\n<tr>\n<td colspan=\"1\" rowspan=\"1\">\n<div class=\"magic-7\"><span class=\"magic-8\">Modalit\u00e0 di lavoro<\/span><\/div>\n<\/td>\n<td colspan=\"1\" rowspan=\"1\">\n<div class=\"magic-9\"><span class=\"magic-8\">passivo<\/span><\/div>\n<\/td>\n<\/tr>\n<tr>\n<td colspan=\"1\" rowspan=\"1\">\n<div class=\"magic-7\"><span class=\"magic-8\">Temperatura di lavoro<\/span><\/div>\n<\/td>\n<td colspan=\"1\" rowspan=\"1\">\n<div class=\"magic-9\"><span class=\"magic-8\">-25\u2103~+110\u2103<\/span><\/div>\n<\/td>\n<\/tr>\n<tr>\n<td colspan=\"1\" rowspan=\"1\">\n<div class=\"magic-7\"><span class=\"magic-8\">Temperatura di conservazione<\/span><\/div>\n<\/td>\n<td colspan=\"1\" rowspan=\"1\">\n<div class=\"magic-9\"><span class=\"magic-8\">-40\u2103~+85\u2103<\/span><\/div>\n<\/td>\n<\/tr>\n<tr>\n<td colspan=\"1\" rowspan=\"1\">\n<div class=\"magic-7\">\n<div><span class=\"magic-8\">\u00a0<\/span><\/div>\n<p><span class=\"magic-8\">Resistenza alla temperatura a breve termine<\/span><\/p>\n<\/div>\n<\/td>\n<td colspan=\"1\" rowspan=\"1\">\n<div class=\"magic-9\"><span class=\"magic-8\">lavaggio: 90\u2103, 15 minuti; pre-asciugatura convertitore: 180\u2103, 30 minuti, 200 volte; stiratura: 180\u2103, 10 secondi, 200 volte; alta<br \/>\nsterilizzazione a temperatura: 135\u2103, 20 minuti<\/span><\/div>\n<\/td>\n<\/tr>\n<tr>\n<td colspan=\"1\" rowspan=\"1\">\n<div class=\"magic-7\"><span class=\"magic-8\">Caratteristiche<\/span><\/div>\n<\/td>\n<td colspan=\"1\" rowspan=\"1\">\n<div class=\"magic-9\"><span class=\"magic-8\">impermeabile, lavabile, resistente alle alte temperature<\/span><\/div>\n<\/td>\n<\/tr>\n<tr>\n<td colspan=\"1\" rowspan=\"1\">\n<div class=\"magic-7\"><span class=\"magic-8\">Vita<\/span><\/div>\n<\/td>\n<td colspan=\"1\" rowspan=\"1\">\n<div class=\"magic-9\"><span class=\"magic-8\">lavaggi 200 volte o 3 anni<\/span><\/div>\n<\/td>\n<\/tr>\n<tr>\n<td colspan=\"1\" rowspan=\"1\">\n<div class=\"magic-7\"><span class=\"magic-8\">Applicazioni<\/span><\/div>\n<\/td>\n<td colspan=\"1\" rowspan=\"1\">\n<div class=\"magic-9\"><span class=\"magic-8\">gestione e tracciamento della lavanderia<\/span><\/div>\n<\/td>\n<\/tr>\n<\/tbody>\n<\/table>\n<\/div>\n<\/div>\n<div class=\"J_module\">\n<div class=\"detail-decorate-json-renderer-container\">\n<div class=\"magic-1\">\n<div>\n<div><\/div>\n<\/div>\n<div class=\"magic-2\">\n<div class=\"auto-hide-last-sibling-br paragraph_1252f paragraph-element\">\n<div class=\"auto-hide-last-sibling-br paragraph_1252f paragraph-element\">\n<p>NTAG 213, NTAG 215 e NTAG 216 sono stati sviluppati da NXP<sup>\u00ae<\/sup>\u00a0Semiconduttori come IC tag NFC standard da utilizzare in applicazioni di mercato di massa come vendita al dettaglio, giochi ed elettronica di consumo, in combinazione con dispositivi NFC o dispositivi di accoppiamento di prossimit\u00e0 conformi a NFC. NTAG 213, NTAG 215 e NTAG 216 (da ora in poi, generalmente denominati NTAG 21x) sono progettati per essere pienamente conformi alle specifiche NFC Forum Type 2 Tag e ISO\/IEC14443 Type A.<\/p>\n<p>Le applicazioni target includono pubblicit\u00e0 intelligente su media cartacei e fuori casa, applicazioni SoLoMo, autenticazione di prodotti, etichette NFC per scaffali e tag di accompagnamento per dispositivi mobili.<\/p>\n<p>I casi d&#039;uso target includono pubblicit\u00e0 intelligente fuori casa, autenticazione del prodotto, tag di accompagnamento mobili, Bluetooth<sup>\u00ae<\/sup>\u00a0o accoppiamento Wi-Fi, etichette elettroniche per scaffali e biglietti da visita. La memoria NTAG 21x pu\u00f2 anche essere segmentata per implementare pi\u00f9 applicazioni contemporaneamente.<\/p>\n<p>Grazie all&#039;elevata capacit\u00e0 di ingresso, i tag IC NTAG 21x sono particolarmente adatti per applicazioni che richiedono ingombri ridotti, senza compromettere le prestazioni. I piccoli tag NFC possono essere incorporati pi\u00f9 facilmente, ad esempio, in etichette di prodotti o dispositivi elettronici.<\/p>\n<p>Le specifiche meccaniche ed elettriche dell&#039;NTAG 21x sono studiate appositamente per soddisfare i requisiti dei produttori di intarsi e tag.<\/p>\n<h3>Trasferimento dati ed energia senza contatto<\/h3>\n<p>La comunicazione con NTAG 21x pu\u00f2 essere stabilita solo quando il circuito integrato \u00e8 collegato a un&#039;antenna.<\/p>\n<p>Quando NTAG 21x \u00e8 posizionato nel campo RF, l&#039;interfaccia di comunicazione RF ad alta velocit\u00e0 consente la trasmissione dei dati con una velocit\u00e0 di trasmissione di 106 kbit\/s.<\/p>\n<h3>Semplice distribuzione e praticit\u00e0 per l&#039;utente<\/h3>\n<p>NTAG 21x offre funzionalit\u00e0 specifiche progettate per migliorare l&#039;integrazione e la praticit\u00e0 dell&#039;utente:<\/p>\n<ul>\n<li>La capacit\u00e0 di lettura rapida consente di eseguire la scansione del messaggio NDEF completo con un solo comando FAST_READ, riducendo cos\u00ec il sovraccarico negli ambienti di produzione ad alta produttivit\u00e0.<\/li>\n<li>Le prestazioni RF migliorate consentono una maggiore flessibilit\u00e0 nella scelta di forma, dimensione e materiali<\/li>\n<li>L&#039;opzione per uno spessore IC di 75 \u03bcm consente la produzione di tag ultrasottili, per un&#039;integrazione pi\u00f9 comoda, ad esempio, in riviste o schede di gioco<\/li>\n<\/ul>\n<h3>Sicurezza<\/h3>\n<ul>\n<li>UID di 7 byte programmato dal produttore per ciascun dispositivo<\/li>\n<li>Contenitore di capacit\u00e0 preprogrammato con bit programmabili una tantum<\/li>\n<li>Funzione di blocco di sola lettura programmabile sul campo<\/li>\n<li>Firma di originalit\u00e0 basata su ECC<\/li>\n<li>Protezione tramite password a 32 bit per impedire operazioni di memoria non autorizzate<\/li>\n<\/ul>\n<h3>Conformit\u00e0 al tipo NFC Forum Tag 2<\/h3>\n<p>Il circuito integrato NTAG 21x garantisce la piena conformit\u00e0 alle specifiche tecniche del tipo NFC Forum Tag 2 e consente configurazioni di strutture dati NDEF.<\/p>\n<h3>Anti-collisione<\/h3>\n<p>Una funzione anti-collisione intelligente consente di utilizzare pi\u00f9 di un tag nel campo contemporaneamente. L&#039;algoritmo anti-collisione seleziona ogni tag individualmente e garantisce che l&#039;esecuzione di una transazione con un tag selezionato venga eseguita correttamente senza interferenze da un altro tag nel campo.<\/p>\n<h3>Caratteristiche<\/h3>\n<div id=\"featuresXsp\" class=\"features-list toggle-opacity in\">\n<div class=\"features-xsp\">\n<div class=\"collapse-mobile ste-list-ul\">\n<ul class=\"boxes\">\n<li>Trasmissione dati senza contatto e fornitura di energia<\/li>\n<li>Frequenza operativa di 13,56 MHz<\/li>\n<li>Trasferimento dati di 106 kbit\/s<\/li>\n<li>Integrit\u00e0 dei dati di CRC a 16 bit, parit\u00e0, codifica dei bit, conteggio dei bit<\/li>\n<li>Distanza operativa fino a 100 mm (a seconda di vari parametri come, ad esempio, l&#039;intensit\u00e0 del campo e la geometria dell&#039;antenna)<\/li>\n<li>Numero seriale a 7 byte (livello cascata 2 secondo ISO\/IEC 14443-3)<\/li>\n<li>Mirror ASCII UID per la serializzazione automatica dei messaggi NDEF<\/li>\n<li>Contatore NFC automatico attivato da un comando di lettura<\/li>\n<li>Specchio ASCII del contatore NFC per l&#039;aggiunta automatica del valore del contatore NFC al messaggio NDEF<\/li>\n<li>Firma di originalit\u00e0 basata su ECC<\/li>\n<li>Comando di lettura veloce<\/li>\n<li>Vero anticollisione<\/li>\n<li>Capacit\u00e0 di ingresso 50 pF<\/li>\n<\/ul>\n<\/div>\n<div class=\"collapse-mobile ste-list-ul\">\n<ul class=\"boxes\">\n<li>180, 540 o 924 byte organizzati in 45, 135 o 231 pagine con 4 byte per pagina<\/li>\n<li>144, 504 o 888 byte di area di lettura\/scrittura utente liberamente disponibile (36, 126 o 222 pagine)<\/li>\n<li>Contenitore di capacit\u00e0 inizializzato da 4 byte con bit di accesso programmabili una tantum<\/li>\n<li>Funzione di blocco di sola lettura programmabile sul campo per pagina per le prime 16 pagine<\/li>\n<li>Funzione di blocco di sola lettura programmabile sul campo sopra le prime 16 pagine per doppia pagina per NTAG 213 o per 16 pagine per NTAG 215 e NTAG 216<\/li>\n<li>Protezione tramite password configurabile con limite opzionale di tentativi non riusciti<\/li>\n<li>Supporto antistrappo per contenitore di capacit\u00e0 (CC) e bit di blocco<\/li>\n<li>Controllo di originalit\u00e0 supportato da ECC<\/li>\n<li>Tempo di conservazione dei dati di 10 anni<\/li>\n<li>Scrivi resistenza 100.000 cicli<\/li>\n<\/ul>\n<\/div>\n<\/div>\n<\/div>\n<\/div>\n<p>&nbsp;<\/p>\n<div class=\"auto-hide-last-sibling-br paragraph_1252f paragraph-element\"><\/div>\n<div class=\"auto-hide-last-sibling-br paragraph_1252f paragraph-element\"><\/div>\n<\/div>\n<\/div>\n<\/div>\n<\/div>\n<\/div>","protected":false},"excerpt":{"rendered":"<p>I token per lavanderia NFC NTAG216, noti anche come tag NFC lavabili PPS, sono concepiti per situazioni che richiedono un tag robusto, in grado di gestire ambienti operativi difficili.<\/p>","protected":false},"featured_media":160,"template":"","meta":{"_kad_post_transparent":"default","_kad_post_title":"","_kad_post_layout":"default","_kad_post_sidebar_id":"","_kad_post_content_style":"default","_kad_post_vertical_padding":"default","_kad_post_feature":"","_kad_post_feature_position":"","_kad_post_header":false,"_kad_post_footer":false,"_kad_post_classname":""},"product_brand":[],"product_cat":[21,17],"product_tag":[37,74,42,45],"class_list":{"0":"post-159","1":"product","2":"type-product","3":"status-publish","4":"has-post-thumbnail","6":"product_cat-pps-rfid-laundry-tag","7":"product_cat-nfc-rfid-laundry-tag","8":"product_tag-nfc-button","9":"product_tag-nfc-laundry-token-ntag216","10":"product_tag-pps-nfc-laundry-tag","11":"product_tag-pps-washable-nfc-tags","13":"first","14":"instock","15":"shipping-taxable","16":"product-type-simple","17":"entry","18":"content-bg","19":"loop-entry"},"_links":{"self":[{"href":"https:\/\/rfid-laundry-tag.com\/it\/wp-json\/wp\/v2\/product\/159","targetHints":{"allow":["GET"]}}],"collection":[{"href":"https:\/\/rfid-laundry-tag.com\/it\/wp-json\/wp\/v2\/product"}],"about":[{"href":"https:\/\/rfid-laundry-tag.com\/it\/wp-json\/wp\/v2\/types\/product"}],"version-history":[{"count":1,"href":"https:\/\/rfid-laundry-tag.com\/it\/wp-json\/wp\/v2\/product\/159\/revisions"}],"predecessor-version":[{"id":1317,"href":"https:\/\/rfid-laundry-tag.com\/it\/wp-json\/wp\/v2\/product\/159\/revisions\/1317"}],"wp:featuredmedia":[{"embeddable":true,"href":"https:\/\/rfid-laundry-tag.com\/it\/wp-json\/wp\/v2\/media\/160"}],"wp:attachment":[{"href":"https:\/\/rfid-laundry-tag.com\/it\/wp-json\/wp\/v2\/media?parent=159"}],"wp:term":[{"taxonomy":"product_brand","embeddable":true,"href":"https:\/\/rfid-laundry-tag.com\/it\/wp-json\/wp\/v2\/product_brand?post=159"},{"taxonomy":"product_cat","embeddable":true,"href":"https:\/\/rfid-laundry-tag.com\/it\/wp-json\/wp\/v2\/product_cat?post=159"},{"taxonomy":"product_tag","embeddable":true,"href":"https:\/\/rfid-laundry-tag.com\/it\/wp-json\/wp\/v2\/product_tag?post=159"}],"curies":[{"name":"parola chiave","href":"https:\/\/api.w.org\/{rel}","templated":true}]}}