{"id":157,"date":"2024-06-14T16:27:10","date_gmt":"2024-06-14T16:27:10","guid":{"rendered":"https:\/\/rfid-laundry-tag.com\/?post_type=product&#038;p=157"},"modified":"2024-09-08T04:19:43","modified_gmt":"2024-09-08T04:19:43","slug":"uhf-washable-rfid-fabric-laundry-tags","status":"publish","type":"product","link":"https:\/\/rfid-laundry-tag.com\/it\/uhf-washable-rfid-fabric-laundry-tags\/","title":{"rendered":"Etichette per lavanderia in tessuto RFID lavabili UHF"},"content":{"rendered":"<div>\n<div class=\"auto-hide-last-sibling-br paragraph_1252f paragraph-element\">\n<table width=\"637\">\n<tbody>\n<tr>\n<td width=\"328\">Nome dell&#039;articolo:<\/td>\n<td width=\"309\">Etichette per lavanderia in tessuto RFID lavabili UHF<\/td>\n<\/tr>\n<tr>\n<td width=\"328\">Standard RFID:<\/td>\n<td width=\"309\">ISO\/IEC 18000-6 Tipo C (EPC Gen2)<\/td>\n<\/tr>\n<tr>\n<td width=\"328\">Dimensioni e peso:<\/td>\n<td width=\"309\">70\u00d715 mm, 0,6 g<\/td>\n<\/tr>\n<tr>\n<td width=\"328\">Tipo di chip:<\/td>\n<td width=\"309\">Impinj Monza 4QT, NXP U CODICE 8, NXP U CODICE 9<\/td>\n<\/tr>\n<tr>\n<td width=\"328\">Memoria EPC:<\/td>\n<td width=\"309\">128 bit<\/td>\n<\/tr>\n<tr>\n<td width=\"328\">Memoria utente:<\/td>\n<td width=\"309\">512 bit<\/td>\n<\/tr>\n<tr>\n<td width=\"328\">Intervallo di lettura (2W ERP FCC):<\/td>\n<td width=\"309\">8 milioni<\/td>\n<\/tr>\n<tr>\n<td width=\"328\">Intervallo di lettura (2W ERP ETSI):<\/td>\n<td width=\"309\">8 milioni<\/td>\n<\/tr>\n<tr>\n<td width=\"328\">Etichettatura:<\/td>\n<td width=\"309\">Cucito, Adesivo per stampa a caldo<\/td>\n<\/tr>\n<tr>\n<td width=\"328\">Durata stimata:<\/td>\n<td width=\"309\">200 cicli di lavaggio o 3 anni, a seconda di quale evento si verifica per primo<\/td>\n<\/tr>\n<tr>\n<td width=\"328\">Metodo di lavaggio:<\/td>\n<td width=\"309\">Lavanderia, lavaggio a secco<\/td>\n<\/tr>\n<tr>\n<td width=\"328\">Pressione di estrazione dell&#039;acqua:<\/td>\n<td width=\"309\">60 bar<\/td>\n<\/tr>\n<tr>\n<td width=\"328\">Resistenza all&#039;acqua:<\/td>\n<td width=\"309\">Resistente all&#039;acqua<\/td>\n<\/tr>\n<tr>\n<td width=\"328\">Resistenza chimica:<\/td>\n<td width=\"309\">Detersivo, ammorbidente, candeggina (ossigeno\/cloro), alcali<\/td>\n<\/tr>\n<tr>\n<td width=\"328\">Pre-essiccazione in Tumbler:<\/td>\n<td width=\"309\">125 \u00baC per 15-20 minuti<\/td>\n<\/tr>\n<tr>\n<td width=\"328\">Temperatura di sterilizzazione:<\/td>\n<td width=\"309\">135\u00b0C per 15-20 minuti<\/td>\n<\/tr>\n<tr>\n<td width=\"328\">Temperatura di lavaggio:<\/td>\n<td width=\"309\">90\u00b0C, fino a 15 min.<\/td>\n<\/tr>\n<tr>\n<td width=\"328\">Umidit\u00e0\/Temperatura - Funzionamento:<\/td>\n<td width=\"309\">-20 a 110\u00b0C, 8 a 95%RH<\/td>\n<\/tr>\n<tr>\n<td width=\"328\">Umidit\u00e0\/Temperatura-Conservazione:<\/td>\n<td width=\"309\">-40 a 110\u00b0C, 8 a 95%RH<\/td>\n<\/tr>\n<\/tbody>\n<\/table>\n<\/div>\n<div class=\"auto-hide-last-sibling-br paragraph_1252f paragraph-element\"><\/div>\n<\/div>\n<div class=\"auto-hide-last-sibling-br paragraph_1252f paragraph-element\">\n<div data-spm-anchor-id=\"a2700.details.0.i57.23b419c7xXORP0\"><span data-spm-anchor-id=\"a2700.details.0.i75.23b419c7xXORP0\"><b>Caratteristica:<\/b><br \/>\n1) Tecnologia UHF per leggere centinaia di tag simultaneamente.<br \/>\n2) Distanza di lettura superiore a 2,4 metri.<br \/>\n3) Nuovo design meccanico per prestazioni migliorate per la biancheria piana.<br \/>\n4) Adatto per estrattori ad alta pressione fino a 60 bar.<br \/>\n5) Adatto alla sterilizzazione in autoclave.<br \/>\n6) Materiale piccolo, morbido e flessibile, ideale per tessuti, biancheria, indumenti e accessori.<\/span><\/div>\n<\/div>\n<div data-spm-anchor-id=\"a2700.details.0.i57.23b419c7xXORP0\"><\/div>\n<div data-spm-anchor-id=\"a2700.details.0.i57.23b419c7xXORP0\">\n<div class=\"auto-hide-last-sibling-br paragraph_1252f paragraph-element\"><strong>Etichette per lavanderia in tessuto RFID lavabili UHF<\/strong> sono tag RFID speciali creati appositamente per i tessuti sottoposti a rigorose procedure di lavaggio industriale, tra cui sterilizzazione e stiratura.<\/div>\n<p>&nbsp;<\/p>\n<div class=\"auto-hide-last-sibling-br paragraph_1252f paragraph-element\">Questi tag per lavanderia UHF RFID lavabili in tessuto svolgono un ruolo cruciale nell&#039;identificazione, nel monitoraggio e nella gestione efficaci di biancheria e tessuti. Per le aziende che necessitano di una circolazione continua di biancheria pulita, uniformi, abiti da lavoro, indumenti medici o prodotti per la pulizia, questi tag per lavanderia possono migliorare notevolmente l&#039;efficienza dei sistemi automatizzati. Consentono un monitoraggio pi\u00f9 rapido e preciso di un numero considerevole di singoli articoli, migliorando il controllo dell&#039;inventario e riducendo al minimo le perdite. Ci\u00f2 si traduce in un notevole risparmio di tempo e costi, nonch\u00e9 in una maggiore produttivit\u00e0 per tali stabilimenti.<\/div>\n<\/div>\n<div data-spm-anchor-id=\"a2700.details.0.i57.23b419c7xXORP0\"><\/div>\n<div data-spm-anchor-id=\"a2700.details.0.i57.23b419c7xXORP0\">\n<p><img fetchpriority=\"high\" decoding=\"async\" class=\"wp-image-55\" src=\"https:\/\/rfid-laundry-tag.com\/wp-content\/uploads\/2024\/06\/4-300x275.png\" alt=\"RFID Tag for linen laundry\" width=\"605\" height=\"555\" srcset=\"https:\/\/rfid-laundry-tag.com\/wp-content\/uploads\/2024\/06\/4-300x275.png 300w, https:\/\/rfid-laundry-tag.com\/wp-content\/uploads\/2024\/06\/4-600x550.png 600w, https:\/\/rfid-laundry-tag.com\/wp-content\/uploads\/2024\/06\/4-13x12.png 13w, https:\/\/rfid-laundry-tag.com\/wp-content\/uploads\/2024\/06\/4.png 750w\" sizes=\"(max-width: 605px) 100vw, 605px\" \/><\/p>\n<\/div>\n<h3 class=\"wp-block-heading\">Installazione<\/h3>\n<p><strong>Etichettatura dei punti<\/strong>: Da cucire nell&#039;orlo di un tessuto. Cucire l&#039;etichetta del bucato lontano dalle linee di piegatura.<br \/>\n<strong>Saldatura a caldo<\/strong>: Da termosaldare direttamente sul tessuto a +200\u00b0C (392\u00b0F), per 12~14s.<br \/>\n<strong>In sacchetto<\/strong>: Da cucire come un&#039;etichetta di cura standard. Cucire l&#039;etichetta del bucato lontano dalle linee di piegatura.<\/p>\n<div class=\"auto-hide-last-sibling-br paragraph_1252f paragraph-element\">\n<div class=\"auto-hide-last-sibling-br paragraph_1252f paragraph-element\">I tag tessili RFID per uniformi per lavanderia di biancheria sono indispensabili in una miriade di settori, guidando in modo cruciale il monitoraggio efficiente delle risorse, la gestione dell&#039;inventario e aumentando l&#039;efficienza operativa complessiva. Ecco uno sguardo alla loro applicazione in vari settori:<\/div>\n<div><\/div>\n<p style=\"font-weight: 400;\"><span style=\"font-style: inherit; font-weight: inherit;\" data-spm-anchor-id=\"a2700.details.0.i52.7e74253fSAfL7T\">Come <\/span><b><strong style=\"font-style: inherit;\">FORTE<\/strong><\/b><span style=\"font-style: inherit; font-weight: inherit;\"> sono ?<\/span><\/p>\n<p><b><strong>\u2460<\/strong><\/b>I chip RFID possono danneggiarsi a causa delle alte temperature?<span style=\"font-style: inherit; font-weight: inherit;\"> \u2013<\/span><b><strong>\u2714 I nostri tag RFID per lavanderia tessile sono progettati per essere utilizzati a 200 \u00b0C<\/strong><\/b><span style=\"font-style: inherit; font-weight: inherit;\">.<\/span><\/p>\n<p style=\"font-weight: 400;\"><b><strong>\u2461<\/strong><\/b>Quante volte possiamo lavare le etichette attaccate ai prodotti tessili delle uniformi? <b><strong>\u2013\u2714La nostra etichetta RFID per il bucato tessile pu\u00f2 essere lavata pi\u00f9 di 200 volte, con garanzia di 2 anni dalla spedizione.<\/strong><\/b><\/p>\n<p style=\"font-weight: 400;\"><b><strong>\u2462<\/strong><\/b>Dobbiamo spendere per prodotti tessili di prestigiose uniformi, continuare a lavorare in caso di rottura del chip? <b><strong>\u2013\u2714Abbiamo progettato la nostra etichetta per il bucato tessile in modo che resista a 60 bar di pressione durante il processo di pressatura dei tuoi prodotti tessili.<\/strong><\/b><\/p>\n<p style=\"font-weight: 400;\"><b><strong>\u2463<\/strong><\/b>Dove si posizionano le etichette RFID per il lavaggio dei tessuti sulle uniformi? <b><strong>\u2013 \u2714Le etichette RFID per la lavanderia tessile vengono installate in base alla disponibilit\u00e0 delle divise.<\/strong><\/b><\/p>\n<p>&nbsp;<\/p>\n<\/div>\n<div class=\"auto-hide-last-sibling-br paragraph_1252f paragraph-element\"><\/div>","protected":false},"excerpt":{"rendered":"<p>I tag per lavanderia in tessuto RFID lavabili UHF, prodotti con tecnologia UHF ad alta tecnologia (860-960 MHz), aderiscono agli standard internazionali come EPC Class1 Gen2 e ISO 18000. Questi tag per lavanderia in lino tessile UHF offrono flessibilit\u00e0 e robustezza, in grado di resistere a oltre 200 cicli di lavaggio e pressione fino a 60 bar. La caratteristica distintiva del tag per lavanderia in tessuto UHF RFID \u00e8 la sua capacit\u00e0 di facilitare la lettura di massa da pochi metri di distanza, presentando uno strumento altamente efficiente per la gestione della lavanderia.<\/p>","protected":false},"featured_media":158,"template":"","meta":{"_kad_post_transparent":"default","_kad_post_title":"","_kad_post_layout":"default","_kad_post_sidebar_id":"","_kad_post_content_style":"default","_kad_post_vertical_padding":"default","_kad_post_feature":"","_kad_post_feature_position":"","_kad_post_header":false,"_kad_post_footer":false,"_kad_post_classname":""},"product_brand":[],"product_cat":[19,16],"product_tag":[31,65,30,73],"class_list":{"0":"post-157","1":"product","2":"type-product","3":"status-publish","4":"has-post-thumbnail","6":"product_cat-textile-rfid-laundry-tag","7":"product_cat-uhf-rfid-laundry-tags","8":"product_tag-rfid-tag-for-linen-laundry","9":"product_tag-textile-rfid-laundry-tags","10":"product_tag-uhf-rfid-laundry-tag","11":"product_tag-uhf-washable-rfid-fabric-laundry-tags","13":"first","14":"instock","15":"featured","16":"shipping-taxable","17":"product-type-simple","18":"entry","19":"content-bg","20":"loop-entry"},"_links":{"self":[{"href":"https:\/\/rfid-laundry-tag.com\/it\/wp-json\/wp\/v2\/product\/157","targetHints":{"allow":["GET"]}}],"collection":[{"href":"https:\/\/rfid-laundry-tag.com\/it\/wp-json\/wp\/v2\/product"}],"about":[{"href":"https:\/\/rfid-laundry-tag.com\/it\/wp-json\/wp\/v2\/types\/product"}],"version-history":[{"count":1,"href":"https:\/\/rfid-laundry-tag.com\/it\/wp-json\/wp\/v2\/product\/157\/revisions"}],"predecessor-version":[{"id":1920,"href":"https:\/\/rfid-laundry-tag.com\/it\/wp-json\/wp\/v2\/product\/157\/revisions\/1920"}],"wp:featuredmedia":[{"embeddable":true,"href":"https:\/\/rfid-laundry-tag.com\/it\/wp-json\/wp\/v2\/media\/158"}],"wp:attachment":[{"href":"https:\/\/rfid-laundry-tag.com\/it\/wp-json\/wp\/v2\/media?parent=157"}],"wp:term":[{"taxonomy":"product_brand","embeddable":true,"href":"https:\/\/rfid-laundry-tag.com\/it\/wp-json\/wp\/v2\/product_brand?post=157"},{"taxonomy":"product_cat","embeddable":true,"href":"https:\/\/rfid-laundry-tag.com\/it\/wp-json\/wp\/v2\/product_cat?post=157"},{"taxonomy":"product_tag","embeddable":true,"href":"https:\/\/rfid-laundry-tag.com\/it\/wp-json\/wp\/v2\/product_tag?post=157"}],"curies":[{"name":"parola chiave","href":"https:\/\/api.w.org\/{rel}","templated":true}]}}