{"id":148,"date":"2024-06-14T13:17:06","date_gmt":"2024-06-14T13:17:06","guid":{"rendered":"https:\/\/rfid-laundry-tag.com\/?post_type=product&#038;p=148"},"modified":"2024-06-14T13:36:44","modified_gmt":"2024-06-14T13:36:44","slug":"uhf-rfid-laundry-tag-button","status":"publish","type":"product","link":"https:\/\/rfid-laundry-tag.com\/it\/uhf-rfid-laundry-tag-button\/","title":{"rendered":"Pulsante tag lavanderia RFID UHF"},"content":{"rendered":"<div class=\"J_module\">\n<div class=\"ife-detail-decorate-table\">\n<table class=\"has-title all magic-6\">\n<tbody>\n<tr>\n<td colspan=\"1\" rowspan=\"1\">\n<div class=\"magic-7\" data-spm-anchor-id=\"a2700.details.0.i45.77607d98vZbcDU\"><span class=\"magic-8\" style=\"color: #363535;\">Nome dell&#039;articolo<\/span><\/div>\n<\/td>\n<td colspan=\"1\" rowspan=\"1\">\n<div class=\"magic-9\"><strong><span class=\"magic-8\">Pulsante tag lavanderia RFID UHF<\/span><\/strong><\/div>\n<\/td>\n<\/tr>\n<tr>\n<td colspan=\"1\" rowspan=\"1\">\n<div class=\"magic-7\"><span class=\"magic-10\" data-spm-anchor-id=\"a2700.pc-decorate.0.i10.28d333330XLbTD\"><span class=\"magic-8\">Materiale<\/span><\/span><\/div>\n<\/td>\n<td colspan=\"1\" rowspan=\"1\">\n<div class=\"magic-9\"><span class=\"magic-8\">PPS<\/span><\/div>\n<\/td>\n<\/tr>\n<tr>\n<td colspan=\"1\" rowspan=\"1\">\n<div class=\"magic-7\"><span class=\"magic-8\">Colore<\/span><\/div>\n<\/td>\n<td colspan=\"1\" rowspan=\"1\">\n<div class=\"magic-9\"><span class=\"magic-8\">Nero<\/span><\/div>\n<\/td>\n<\/tr>\n<tr>\n<td colspan=\"1\" rowspan=\"1\">Quantit\u00e0 minima<\/td>\n<td colspan=\"1\" rowspan=\"1\">500 pezzi<\/td>\n<\/tr>\n<tr>\n<td colspan=\"1\" rowspan=\"1\">\n<div class=\"magic-7\"><span class=\"magic-8\">Produttore\/Chip<\/span><\/div>\n<\/td>\n<td colspan=\"1\" rowspan=\"1\">\n<div class=\"magic-9\"><span class=\"magic-8\">NXP UCODE 8, UCODE 9, Higgs alieno 9<\/span><\/div>\n<\/td>\n<\/tr>\n<tr>\n<td colspan=\"1\" rowspan=\"1\">\n<div class=\"magic-7\"><span class=\"magic-8\">Frequenza<\/span><\/div>\n<\/td>\n<td colspan=\"1\" rowspan=\"1\">\n<div class=\"magic-9\"><span class=\"magic-8\">860-960 MHz\/<\/span><\/div>\n<\/td>\n<\/tr>\n<tr>\n<td colspan=\"1\" rowspan=\"1\">\n<div class=\"magic-7\"><span class=\"magic-8\">Memoria<\/span><\/div>\n<\/td>\n<td colspan=\"1\" rowspan=\"1\">\n<div class=\"magic-9\"><span class=\"magic-8\">96 bit\/128 bit<\/span><\/div>\n<\/td>\n<\/tr>\n<tr>\n<td colspan=\"1\" rowspan=\"1\">\n<div class=\"magic-7\"><span class=\"magic-8\">Distanza di lettura<\/span><\/div>\n<\/td>\n<td colspan=\"1\" rowspan=\"1\">\n<div class=\"magic-9\"><span class=\"magic-8\">1-6m<\/span><\/div>\n<\/td>\n<\/tr>\n<tr>\n<td colspan=\"1\" rowspan=\"1\">\n<div class=\"magic-7\"><span class=\"magic-8\">Modalit\u00e0 di lavoro<\/span><\/div>\n<\/td>\n<td colspan=\"1\" rowspan=\"1\">\n<div class=\"magic-9\"><span class=\"magic-8\">passivo<\/span><\/div>\n<\/td>\n<\/tr>\n<tr>\n<td colspan=\"1\" rowspan=\"1\">\n<div class=\"magic-7\"><span class=\"magic-8\">Temperatura di lavoro<\/span><\/div>\n<\/td>\n<td colspan=\"1\" rowspan=\"1\">\n<div class=\"magic-9\"><span class=\"magic-8\">-25\u2103~+110\u2103<\/span><\/div>\n<\/td>\n<\/tr>\n<tr>\n<td colspan=\"1\" rowspan=\"1\">\n<div class=\"magic-7\"><span class=\"magic-8\">Temperatura di conservazione<\/span><\/div>\n<\/td>\n<td colspan=\"1\" rowspan=\"1\">\n<div class=\"magic-9\"><span class=\"magic-8\">-40\u2103~+85\u2103<\/span><\/div>\n<\/td>\n<\/tr>\n<tr>\n<td colspan=\"1\" rowspan=\"1\">\n<div class=\"magic-7\">\n<div><span class=\"magic-8\">\u00a0<\/span><\/div>\n<p><span class=\"magic-8\">Resistenza alla temperatura a breve termine<\/span><\/p>\n<\/div>\n<\/td>\n<td colspan=\"1\" rowspan=\"1\">\n<div class=\"magic-9\"><span class=\"magic-8\">lavaggio: 90\u2103, 15 minuti; pre-asciugatura convertitore: 180\u2103, 30 minuti, 200 volte; stiratura: 180\u2103, 10 secondi, 200 volte; alta<br \/>\nsterilizzazione a temperatura: 135\u2103, 20 minuti<\/span><\/div>\n<\/td>\n<\/tr>\n<tr>\n<td colspan=\"1\" rowspan=\"1\">\n<div class=\"magic-7\"><span class=\"magic-8\">Caratteristiche<\/span><\/div>\n<\/td>\n<td colspan=\"1\" rowspan=\"1\">\n<div class=\"magic-9\"><span class=\"magic-8\">impermeabile, lavabile, resistente alle alte temperature<\/span><\/div>\n<\/td>\n<\/tr>\n<tr>\n<td colspan=\"1\" rowspan=\"1\">\n<div class=\"magic-7\"><span class=\"magic-8\">Vita<\/span><\/div>\n<\/td>\n<td colspan=\"1\" rowspan=\"1\">\n<div class=\"magic-9\"><span class=\"magic-8\">lavaggi 200 volte o 3 anni<\/span><\/div>\n<\/td>\n<\/tr>\n<tr>\n<td colspan=\"1\" rowspan=\"1\">\n<div class=\"magic-7\"><span class=\"magic-8\">Applicazioni<\/span><\/div>\n<\/td>\n<td colspan=\"1\" rowspan=\"1\">\n<div class=\"magic-9\"><span class=\"magic-8\">gestione e tracciamento della lavanderia<\/span><\/div>\n<\/td>\n<\/tr>\n<\/tbody>\n<\/table>\n<\/div>\n<\/div>\n<div class=\"J_module\">\n<div class=\"detail-decorate-json-renderer-container\">\n<div class=\"magic-1\">\n<div class=\"magic-2\">\n<div class=\"magic-3\">\n<div><\/div>\n<div class=\"magic-4\">\n<div><strong>Etichetta pulsante RFID<\/strong><\/div>\n<div><\/div>\n<\/div>\n<\/div>\n<div>\n<div class=\"auto-hide-last-sibling-br paragraph_1252f paragraph-element\">Le etichette per lavanderia PPS resistenti alle alte temperature rappresentano un&#039;eccellente soluzione di tracciabilit\u00e0 per ambienti commerciali come mense e ristoranti, dove vengono costantemente movimentati grandi volumi di stoviglie.<\/div>\n<\/div>\n<div>\n<div><\/div>\n<\/div>\n<\/div>\n<p><strong>Opzioni chip:<\/strong><\/p>\n<p><strong>UCODE 8 di NXP<\/strong> e gli IC UCODE 8m sono prodotti della famiglia UCODE. Gli UCODE 8\/8m offrono elevate prestazioni e funzionalit\u00e0 per l&#039;uso nelle applicazioni di tagging RFID pi\u00f9 esigenti.<\/p>\n<p>Particolarmente adatto per applicazioni di gestione dell&#039;inventario, come ad esempio Retail e Fashion, con le sue comprovate prestazioni RF per qualsiasi fattore di forma, UCODE 8\/8m consente una lunga distanza di lettura e un rapido inventario di una densa popolazione di tag RFID. Con il suo design a banda larga, offre la possibilit\u00e0 di produrre una vera etichetta RFID globale con prestazioni elevate rispetto alle normative mondiali.<\/p>\n<p>Il dispositivo offre inoltre una funzione di autoregolazione, un indicatore di stato del prodotto per l&#039;applicazione EAS (Electronic Article Surveillance), EPC a 96 bit pre-serializzato, un identificatore del marchio e il comando EPC Gen2v2 compliant Untraceable.<\/p>\n<div id=\"featuresXsp\" class=\"features-list toggle-opacity in\">\n<div class=\"features-xsp\">\n<div class=\"collapse-mobile ste-list\">\n<h3>Caratteristiche principali<\/h3>\n<ul class=\"boxes\">\n<li>Sensibilit\u00e0 di lettura -23dBm<\/li>\n<li>Sensibilit\u00e0 di scrittura -18dBm<\/li>\n<li>Funzionalit\u00e0 innovativa\n<ul>\n<li>Auto-regolazione<\/li>\n<li>Salvaguardia della memoria<\/li>\n<li>Non rintracciabile<\/li>\n<li>Pre-serializzazione per EPC a 96 bit<\/li>\n<li>Flag di stato del prodotto integrato (PSF)<\/li>\n<\/ul>\n<\/li>\n<li>Compatibile con antenna a fessura singola<\/li>\n<li>Fino a 128 bit EPC<\/li>\n<li>Identificazione tag univoca a 96 bit (TID) bloccata in fabbrica, incluso numero di serie univoco a 48 bit<\/li>\n<li>EPC Gen2v2<\/li>\n<\/ul>\n<\/div>\n<div class=\"collapse-mobile ste-list\">\n<h3>Memoria<\/h3>\n<ul class=\"boxes\">\n<li>128-bit\/96-bit (UCODE 8\/UCODE 8m) di memoria EPC<\/li>\n<li>Supporta la pre-serializzazione per EPC a 96 bit<\/li>\n<li>ID tag (TID) a 96 bit bloccato in fabbrica<\/li>\n<li>Numero di serie univoco a 48 bit codificato in fabbrica in TID<\/li>\n<li>Memoria utente 0-bit\/32-bit (UCODE 8\/UCODE 8m)<\/li>\n<li>Password di eliminazione a 32 bit per disattivare definitivamente il tag<\/li>\n<li>Password di accesso a 32 bit<\/li>\n<li>Ampio intervallo di temperatura di funzionamento: -40\u00a0<sup>\u00b0<\/sup>C fino a +85\u00a0<sup>\u00b0<\/sup>C<\/li>\n<li>EPC Gen2v2<\/li>\n<\/ul>\n<p><strong>UCODE 9 di NXP<\/strong><\/p>\n<p>Con UCODE 9, le applicazioni di etichettatura RFID RAIN pi\u00f9 esigenti ricevono un impulso, cos\u00ec i rivenditori al dettaglio e le aziende di logistica intelligente possono accelerare l&#039;adozione dell&#039;IoT.<\/p>\n<p>Grazie alle sue prestazioni migliorate, UCODE 9 consente conteggi di inventario pi\u00f9 efficienti. Inoltre, UCODE 9 consente di riutilizzare i design di antenna inlay UCODE 8 esistenti, il che offre un percorso di migrazione semplice da UCODE 8 a UCODE 9.<\/p>\n<p>Le prestazioni pi\u00f9 elevate dei chip consentono di realizzare intarsi pi\u00f9 piccoli, contribuendo a ridurre l&#039;uso di plastica e alluminio, promuovendo cos\u00ec la sostenibilit\u00e0 ambientale.<\/p>\n<div class=\"collapse-mobile ste-list\">\n<h3>Caratteristiche principali<\/h3>\n<ul class=\"boxes\">\n<li>Sensibilit\u00e0 di lettura: -24 dBm<\/li>\n<li>Sensibilit\u00e0 di scrittura: -22 dBm<\/li>\n<li>Velocit\u00e0 di codifica: 32 bit in 0,96 ms<\/li>\n<li>Sostituzione dell&#039;antenna drop-in per UCODE 8<\/li>\n<li>Autoregolazione<\/li>\n<li>Salvaguardia della memoria<\/li>\n<li>Pre-serializzazione di EPC a 96 bit<\/li>\n<\/ul>\n<\/div>\n<div class=\"collapse-mobile ste-list\">\n<h3>Memoria<\/h3>\n<ul class=\"boxes\">\n<li>96 bit di memoria EPC<\/li>\n<li>Supporta la pre-serializzazione di EPC a 96 bit<\/li>\n<li>ID tag a 96 bit (TID) bloccato in fabbrica<\/li>\n<li>Numero di serie univoco a 48 bit codificato in fabbrica in TID<\/li>\n<li>Password di eliminazione a 32 bit per disattivare definitivamente il tag<\/li>\n<li>Ampio intervallo di temperatura di esercizio: da -40 \u00b0C a +85 \u00b0C<\/li>\n<li>Resistenza al ciclo di scrittura di 100k<\/li>\n<li>Conservazione dei dati per 20 anni<\/li>\n<\/ul>\n<\/div>\n<\/div>\n<\/div>\n<\/div>\n<div class=\"magic-2\">\n<div>\n<div class=\"auto-hide-last-sibling-br paragraph_1252f paragraph-element\">\n<h2>Higgs alieno<span class=\"sup\">\u2122<\/span>\u00a09<\/h2>\n<p>Tag RFID GS1 Classe 1 Gen 2 ad alta capacit\u00e0 IC<\/p>\n<h4 class=\"alternative\">Punti salienti<\/h4>\n<ul>\n<li>Conforme a GS1 Classe 1 Gen 2 e ISO\/IEC 18000-6C<\/li>\n<li>Operativit\u00e0 mondiale nelle bande RFID UHF (840-960 MHz)<\/li>\n<li>1024 bit di memoria NVM\/RAM<\/li>\n<li>Fino a 496 bit EPC (nominalmente 96 bit)<\/li>\n<li>Fino a 688 bit utente<\/li>\n<li>TID univoco a 48 bit<\/li>\n<li>Accesso a 32 bit e Kill Pass a 32 bit<br \/>\nparole<\/li>\n<li>Pre-programmato con un codice univoco e inalterabile<br \/>\nnumero seriale a 48 bit<\/li>\n<li>La memoria utente pu\u00f2 essere bloccata in modo permanente<br \/>\nPassword bloccata e letta pro-<br \/>\ncontrollato in blocchi da 256 bit<\/li>\n<li>Funzionamento a basso consumo sia in lettura che in<br \/>\nprogramma<\/li>\n<li>QuickWrite\u2122 \/ BlastWrite\u2122 \u2013 Alta velocit\u00e0<br \/>\nprogrammazione di chip e massa<\/li>\n<li>Autenticazione dinamicaTM anti-clonazione \/<br \/>\ntecnologia anticontraffazione<\/li>\n<li>Portata operativa eccezionale, fino a 13 m<br \/>\ncon antenna adeguata.<\/li>\n<\/ul>\n<\/div>\n<div class=\"auto-hide-last-sibling-br paragraph_1252f paragraph-element\">I tag per lavanderia UHF RFID PPS Button sono identificatori compatti e leggeri, progettati per scopi di tracciamento della biancheria. Possono essere applicati a vari oggetti tessili come calzini, camicie e asciugamani e possono essere rilevati da diversi metri di distanza dagli scanner UHF RFID. Questi tag non solo garantiscono un tracciamento efficiente e riducono al minimo la perdita di articoli all&#039;interno di un servizio di lavanderia, ma il loro stile esclusivo a bottone li rende facili da fissare agli indumenti.<\/div>\n<div class=\"auto-hide-last-sibling-br paragraph_1252f paragraph-element\"><\/div>\n<\/div>\n<\/div>\n<\/div>\n<\/div>\n<\/div>","protected":false},"excerpt":{"rendered":"<p>Pulsante tag lavanderia RFID UHF funzionante a 865-867 MHz. Questi tag sono piccoli, leggeri e progettati esplicitamente per il tracciamento degli articoli da lavanderia, rendendoli adatti alla gestione degli indumenti. I tag hanno un raggio di lettura fino a 3 m, come specificato.<\/p>","protected":false},"featured_media":149,"template":"","meta":{"_kad_post_transparent":"default","_kad_post_title":"","_kad_post_layout":"default","_kad_post_sidebar_id":"","_kad_post_content_style":"default","_kad_post_vertical_padding":"default","_kad_post_feature":"","_kad_post_feature_position":"","_kad_post_header":false,"_kad_post_footer":false,"_kad_post_classname":""},"product_brand":[],"product_cat":[21,16],"product_tag":[41,35,33,30],"class_list":{"0":"post-148","1":"product","2":"type-product","3":"status-publish","4":"has-post-thumbnail","6":"product_cat-pps-rfid-laundry-tag","7":"product_cat-uhf-rfid-laundry-tags","8":"product_tag-pps-uhf-rfid-laundry-tag","9":"product_tag-rfid-button","10":"product_tag-rfid-laundry-tag-button","11":"product_tag-uhf-rfid-laundry-tag","13":"first","14":"instock","15":"shipping-taxable","16":"product-type-simple","17":"entry","18":"content-bg","19":"loop-entry"},"_links":{"self":[{"href":"https:\/\/rfid-laundry-tag.com\/it\/wp-json\/wp\/v2\/product\/148","targetHints":{"allow":["GET"]}}],"collection":[{"href":"https:\/\/rfid-laundry-tag.com\/it\/wp-json\/wp\/v2\/product"}],"about":[{"href":"https:\/\/rfid-laundry-tag.com\/it\/wp-json\/wp\/v2\/types\/product"}],"version-history":[{"count":0,"href":"https:\/\/rfid-laundry-tag.com\/it\/wp-json\/wp\/v2\/product\/148\/revisions"}],"wp:featuredmedia":[{"embeddable":true,"href":"https:\/\/rfid-laundry-tag.com\/it\/wp-json\/wp\/v2\/media\/149"}],"wp:attachment":[{"href":"https:\/\/rfid-laundry-tag.com\/it\/wp-json\/wp\/v2\/media?parent=148"}],"wp:term":[{"taxonomy":"product_brand","embeddable":true,"href":"https:\/\/rfid-laundry-tag.com\/it\/wp-json\/wp\/v2\/product_brand?post=148"},{"taxonomy":"product_cat","embeddable":true,"href":"https:\/\/rfid-laundry-tag.com\/it\/wp-json\/wp\/v2\/product_cat?post=148"},{"taxonomy":"product_tag","embeddable":true,"href":"https:\/\/rfid-laundry-tag.com\/it\/wp-json\/wp\/v2\/product_tag?post=148"}],"curies":[{"name":"parola chiave","href":"https:\/\/api.w.org\/{rel}","templated":true}]}}