{"id":145,"date":"2024-06-14T10:04:26","date_gmt":"2024-06-14T10:04:26","guid":{"rendered":"https:\/\/rfid-laundry-tag.com\/?post_type=product&#038;p=145"},"modified":"2024-09-08T04:26:06","modified_gmt":"2024-09-08T04:26:06","slug":"uhf-rfid-textile-label","status":"publish","type":"product","link":"https:\/\/rfid-laundry-tag.com\/it\/uhf-rfid-textile-label\/","title":{"rendered":"Etichetta tessile UHF RFID"},"content":{"rendered":"<div>\n<div class=\"auto-hide-last-sibling-br paragraph_1252f paragraph-element\">\n<table width=\"637\">\n<tbody>\n<tr>\n<td width=\"328\">Nome dell&#039;articolo:<\/td>\n<td width=\"309\">Etichetta tessile UHF RFID<\/td>\n<\/tr>\n<tr>\n<td width=\"328\">Standard RFID:<\/td>\n<td width=\"309\">ISO\/IEC 18000-6 Tipo C (EPC Gen2)<\/td>\n<\/tr>\n<tr>\n<td width=\"328\">Dimensioni e peso:<\/td>\n<td width=\"309\">70\u00d715 mm, 0,6 g<\/td>\n<\/tr>\n<tr>\n<td width=\"328\">Tipo di chip:<\/td>\n<td width=\"309\">Impinj Monza 4QT, NXP U CODICE 8, NXP U CODICE 9<\/td>\n<\/tr>\n<tr>\n<td width=\"328\">Memoria EPC:<\/td>\n<td width=\"309\">128 bit<\/td>\n<\/tr>\n<tr>\n<td width=\"328\">Memoria utente:<\/td>\n<td width=\"309\">512 bit<\/td>\n<\/tr>\n<tr>\n<td width=\"328\">Intervallo di lettura (2W ERP FCC):<\/td>\n<td width=\"309\">8 milioni<\/td>\n<\/tr>\n<tr>\n<td width=\"328\">Intervallo di lettura (2W ERP ETSI):<\/td>\n<td width=\"309\">8 milioni<\/td>\n<\/tr>\n<tr>\n<td width=\"328\">Etichettatura:<\/td>\n<td width=\"309\">Cucito, Adesivo per stampa a caldo<\/td>\n<\/tr>\n<tr>\n<td width=\"328\">Durata stimata:<\/td>\n<td width=\"309\">200 cicli di lavaggio o 3 anni, a seconda di quale evento si verifica per primo<\/td>\n<\/tr>\n<tr>\n<td width=\"328\">Metodo di lavaggio:<\/td>\n<td width=\"309\">Lavanderia, lavaggio a secco<\/td>\n<\/tr>\n<tr>\n<td width=\"328\">Pressione di estrazione dell&#039;acqua:<\/td>\n<td width=\"309\">60 bar<\/td>\n<\/tr>\n<tr>\n<td width=\"328\">Resistenza all&#039;acqua:<\/td>\n<td width=\"309\">Resistente all&#039;acqua<\/td>\n<\/tr>\n<tr>\n<td width=\"328\">Resistenza chimica:<\/td>\n<td width=\"309\">Detersivo, ammorbidente, candeggina (ossigeno\/cloro), alcali<\/td>\n<\/tr>\n<tr>\n<td width=\"328\">Pre-essiccazione in Tumbler:<\/td>\n<td width=\"309\">125 \u00baC per 15-20 minuti<\/td>\n<\/tr>\n<tr>\n<td width=\"328\">Temperatura di sterilizzazione:<\/td>\n<td width=\"309\">135\u00b0C per 15-20 minuti<\/td>\n<\/tr>\n<tr>\n<td width=\"328\">Temperatura di lavaggio:<\/td>\n<td width=\"309\">90\u00b0C, fino a 15 min.<\/td>\n<\/tr>\n<tr>\n<td width=\"328\">Umidit\u00e0\/Temperatura - Funzionamento:<\/td>\n<td width=\"309\">-20 a 110\u00b0C, 8 a 95%RH<\/td>\n<\/tr>\n<tr>\n<td width=\"328\">Umidit\u00e0\/Temperatura-Conservazione:<\/td>\n<td width=\"309\">-40 a 110\u00b0C, 8 a 95%RH<\/td>\n<\/tr>\n<\/tbody>\n<\/table>\n<\/div>\n<div class=\"auto-hide-last-sibling-br paragraph_1252f paragraph-element\"><\/div>\n<\/div>\n<div class=\"auto-hide-last-sibling-br paragraph_1252f paragraph-element\">\n<div data-spm-anchor-id=\"a2700.details.0.i57.23b419c7xXORP0\"><span data-spm-anchor-id=\"a2700.details.0.i75.23b419c7xXORP0\"><b>Caratteristica:<\/b><br \/>\n1) Tecnologia UHF per leggere centinaia di tag simultaneamente.<br \/>\n2) Distanza di lettura superiore a 2,4 metri.<br \/>\n3) Nuovo design meccanico per prestazioni migliorate per la biancheria piana.<br \/>\n4) Adatto per estrattori ad alta pressione fino a 60 bar.<br \/>\n5) Adatto alla sterilizzazione in autoclave.<br \/>\n6) Materiale piccolo, morbido e flessibile, ideale per tessuti, biancheria, indumenti e accessori.<\/span><\/div>\n<\/div>\n<div data-spm-anchor-id=\"a2700.details.0.i57.23b419c7xXORP0\"><\/div>\n<div data-spm-anchor-id=\"a2700.details.0.i57.23b419c7xXORP0\">\n<p><img fetchpriority=\"high\" decoding=\"async\" class=\"wp-image-55\" src=\"https:\/\/rfid-laundry-tag.com\/wp-content\/uploads\/2024\/06\/4-300x275.png\" alt=\"RFID Tag for linen laundry\" width=\"605\" height=\"555\" srcset=\"https:\/\/rfid-laundry-tag.com\/wp-content\/uploads\/2024\/06\/4-300x275.png 300w, https:\/\/rfid-laundry-tag.com\/wp-content\/uploads\/2024\/06\/4-600x550.png 600w, https:\/\/rfid-laundry-tag.com\/wp-content\/uploads\/2024\/06\/4-13x12.png 13w, https:\/\/rfid-laundry-tag.com\/wp-content\/uploads\/2024\/06\/4.png 750w\" sizes=\"(max-width: 605px) 100vw, 605px\" \/><\/p>\n<\/div>\n<h3 class=\"wp-block-heading\">Installazione<\/h3>\n<p><strong>Etichettatura dei punti<\/strong>: Da cucire nell&#039;orlo di un tessuto. Cucire l&#039;etichetta del bucato lontano dalle linee di piegatura.<br \/>\n<strong>Saldatura a caldo<\/strong>: Da termosaldare direttamente sul tessuto a +200\u00b0C (392\u00b0F), per 12~14s.<br \/>\n<strong>In sacchetto<\/strong>: Da cucire come un&#039;etichetta di cura standard. Cucire l&#039;etichetta del bucato lontano dalle linee di piegatura.<\/p>\n<div class=\"auto-hide-last-sibling-br paragraph_1252f paragraph-element\">\n<div class=\"auto-hide-last-sibling-br paragraph_1252f paragraph-element\">I tag tessili RFID per uniformi per lavanderia di biancheria sono indispensabili in una miriade di settori, guidando in modo cruciale il monitoraggio efficiente delle risorse, la gestione dell&#039;inventario e aumentando l&#039;efficienza operativa complessiva. Ecco uno sguardo alla loro applicazione in vari settori:<\/div>\n<\/div>\n<h1 id=\"hero-title\" class=\"sp-hero-title\">UCODE 9xe: UCODE 9 con pi\u00f9 memoria EPC<\/h1>\n<p>Con 128 bit di memoria EPC, questa variante UCODE 9 pu\u00f2 memorizzare attributi importanti, come la data di scadenza o le informazioni di produzione, direttamente sul CI. Ci\u00f2 consente alle applicazioni IoT di essere ancora pi\u00f9 intelligenti di prima.<\/p>\n<p>Progettato come sostituto immediato dell&#039;UCODE 9 ad alte prestazioni, l&#039;UCODE 9xe offre lo stesso set di funzionalit\u00e0, prestazioni RF e compatibilit\u00e0 con le antenne certificate Auburn ARC dell&#039;UCODE 9, ma con 128 bit di memoria Electronic Product Code (EPC) per supportare una gamma pi\u00f9 ampia di casi d&#039;uso IoT. Il risultato \u00e8 un tag RAIN RFID che avvantaggia sia i proprietari di marchi, sia i rivenditori che i consumatori.<\/p>\n<h3>Caratteristiche<\/h3>\n<div id=\"featuresXsp\" class=\"features-list\">\n<div class=\"features-xsp\">\n<div class=\"collapse-mobile ste-list-ul\">\n<ul class=\"boxes\">\n<li>Sensibilit\u00e0 di lettura: 24 dBm<\/li>\n<li>Sensibilit\u00e0 di scrittura: 22 dBm<\/li>\n<li>Memoria EPC a 128 bit<\/li>\n<li>Sostituzione immediata per UCODE 9 \/ UCODE 8<\/li>\n<li>Autoregolazione<\/li>\n<li>Salvaguardia della memoria<\/li>\n<li>Pre-serializzazione di EPC a 96 bit<\/li>\n<\/ul>\n<\/div>\n<\/div>\n<\/div>\n<div class=\"auto-hide-last-sibling-br paragraph_1252f paragraph-element\">\n<p>&nbsp;<\/p>\n<\/div>","protected":false},"excerpt":{"rendered":"<p>Le etichette tessili UHF RFID sono progettate per funzionare in modo impeccabile anche se sottoposte a processi di lavaggio intensivi, tra cui sterilizzazione, lavaggio ad alta temperatura, purificazione, asciugatura e pressatura.<\/p>","protected":false},"featured_media":146,"template":"","meta":{"_kad_post_transparent":"default","_kad_post_title":"","_kad_post_layout":"default","_kad_post_sidebar_id":"","_kad_post_content_style":"default","_kad_post_vertical_padding":"default","_kad_post_feature":"","_kad_post_feature_position":"","_kad_post_header":false,"_kad_post_footer":false,"_kad_post_classname":""},"product_brand":[],"product_cat":[19,16],"product_tag":[65,30,68],"class_list":{"0":"post-145","1":"product","2":"type-product","3":"status-publish","4":"has-post-thumbnail","6":"product_cat-textile-rfid-laundry-tag","7":"product_cat-uhf-rfid-laundry-tags","8":"product_tag-textile-rfid-laundry-tags","9":"product_tag-uhf-rfid-laundry-tag","10":"product_tag-uhf-rfid-textile-label","12":"first","13":"instock","14":"featured","15":"shipping-taxable","16":"product-type-simple","17":"entry","18":"content-bg","19":"loop-entry"},"_links":{"self":[{"href":"https:\/\/rfid-laundry-tag.com\/it\/wp-json\/wp\/v2\/product\/145","targetHints":{"allow":["GET"]}}],"collection":[{"href":"https:\/\/rfid-laundry-tag.com\/it\/wp-json\/wp\/v2\/product"}],"about":[{"href":"https:\/\/rfid-laundry-tag.com\/it\/wp-json\/wp\/v2\/types\/product"}],"version-history":[{"count":1,"href":"https:\/\/rfid-laundry-tag.com\/it\/wp-json\/wp\/v2\/product\/145\/revisions"}],"predecessor-version":[{"id":1299,"href":"https:\/\/rfid-laundry-tag.com\/it\/wp-json\/wp\/v2\/product\/145\/revisions\/1299"}],"wp:featuredmedia":[{"embeddable":true,"href":"https:\/\/rfid-laundry-tag.com\/it\/wp-json\/wp\/v2\/media\/146"}],"wp:attachment":[{"href":"https:\/\/rfid-laundry-tag.com\/it\/wp-json\/wp\/v2\/media?parent=145"}],"wp:term":[{"taxonomy":"product_brand","embeddable":true,"href":"https:\/\/rfid-laundry-tag.com\/it\/wp-json\/wp\/v2\/product_brand?post=145"},{"taxonomy":"product_cat","embeddable":true,"href":"https:\/\/rfid-laundry-tag.com\/it\/wp-json\/wp\/v2\/product_cat?post=145"},{"taxonomy":"product_tag","embeddable":true,"href":"https:\/\/rfid-laundry-tag.com\/it\/wp-json\/wp\/v2\/product_tag?post=145"}],"curies":[{"name":"parola chiave","href":"https:\/\/api.w.org\/{rel}","templated":true}]}}