{"id":143,"date":"2024-06-14T09:55:34","date_gmt":"2024-06-14T09:55:34","guid":{"rendered":"https:\/\/rfid-laundry-tag.com\/?post_type=product&#038;p=143"},"modified":"2024-09-26T04:10:00","modified_gmt":"2024-09-26T04:10:00","slug":"textile-rfid-tags-for-laundry","status":"publish","type":"product","link":"https:\/\/rfid-laundry-tag.com\/it\/textile-rfid-tags-for-laundry\/","title":{"rendered":"Tag RFID tessili per lavanderia"},"content":{"rendered":"<div>\n<div class=\"auto-hide-last-sibling-br paragraph_1252f paragraph-element\">\n<h1>Tag RFID tessili per lavanderia<\/h1>\n<table width=\"593\">\n<tbody>\n<tr>\n<td width=\"233\">Protocollo RF Air<\/td>\n<td colspan=\"4\" width=\"360\">EPC Classe Globale 1 Gen2 ISO18000-6C<\/td>\n<\/tr>\n<tr>\n<td width=\"233\">Frequenza operativa<\/td>\n<td colspan=\"4\" width=\"360\">UHF 866-868 MHz (ETSI) \/UHF 902-928 MHz (FCC)<\/td>\n<\/tr>\n<tr>\n<td width=\"233\">Compatibilit\u00e0 ambientale<\/td>\n<td colspan=\"4\" width=\"360\">Ottimizzato in aria<\/td>\n<\/tr>\n<tr>\n<td width=\"233\">Periodo di conservazione dei dati<\/td>\n<td colspan=\"4\" width=\"360\">50 anni<\/td>\n<\/tr>\n<tr>\n<td width=\"233\">Intervallo di lettura<\/td>\n<td colspan=\"4\" width=\"360\">Fino a 5,5 m (fuori metallo)<\/td>\n<\/tr>\n<tr>\n<td width=\"233\">Polarizzazione<\/td>\n<td colspan=\"4\" width=\"360\">Lineare<\/td>\n<\/tr>\n<tr>\n<td width=\"233\">Tipo di CI<\/td>\n<td colspan=\"4\" width=\"360\">NXP U CODICE 8, U CODICE 9 ecc.<\/td>\n<\/tr>\n<tr>\n<td width=\"233\">Configurazione della memoria<\/td>\n<td colspan=\"4\" width=\"360\">EPC 128bit TID 96bit Utente 32bit<\/td>\n<\/tr>\n<tr>\n<td colspan=\"5\" width=\"593\">Specifiche meccaniche<\/td>\n<\/tr>\n<tr>\n<td width=\"233\">Materiali di superficie<\/td>\n<td colspan=\"4\" width=\"360\">Tessile<\/td>\n<\/tr>\n<tr>\n<td width=\"233\">Dimensioni (mm)<\/td>\n<td colspan=\"4\" width=\"360\">15*70*1,5 millimetri<\/td>\n<\/tr>\n<tr>\n<td width=\"233\">Peso (g)<\/td>\n<td colspan=\"4\" width=\"360\">0,7 g<\/td>\n<\/tr>\n<tr>\n<td rowspan=\"2\" width=\"233\">Allegato<\/td>\n<td colspan=\"4\" width=\"360\">Cucire l&#039;orlo o l&#039;etichetta tessuta<\/td>\n<\/tr>\n<tr>\n<td colspan=\"4\" width=\"360\">Saldatura a caldo a 215\u2103@15 sec e 4 bar<\/td>\n<\/tr>\n<tr>\n<td width=\"233\">Colore<\/td>\n<td colspan=\"4\" width=\"360\">Bianco<\/td>\n<\/tr>\n<tr>\n<td colspan=\"5\" width=\"593\">Specifiche ambientali<\/td>\n<\/tr>\n<tr>\n<td width=\"233\">Temperatura di esercizio<\/td>\n<td colspan=\"4\" width=\"360\">da -30\u00b0C a +85\u00b0C<\/td>\n<\/tr>\n<tr>\n<td width=\"233\">Temperatura ambiente<\/td>\n<td colspan=\"4\" width=\"360\">da -30\u00b0C a +100\u00b0C<\/td>\n<\/tr>\n<tr>\n<td width=\"233\">Resistenza meccanica<\/td>\n<td colspan=\"4\" width=\"360\">60 barrette<\/td>\n<\/tr>\n<tr>\n<td width=\"233\">Resistenza chimica<\/td>\n<td colspan=\"4\" width=\"360\">Prodotti chimici comuni normali nei processi di lavaggio<\/td>\n<\/tr>\n<tr>\n<td rowspan=\"4\" width=\"233\">Resistenza al calore<\/td>\n<td colspan=\"4\" width=\"360\">Lavaggio: 90\u2103, 15 minuti, 200 cicli<\/td>\n<\/tr>\n<tr>\n<td colspan=\"4\" width=\"360\">Pre-essiccazione: 180\u2103, 30 minuti<\/td>\n<\/tr>\n<tr>\n<td colspan=\"4\" width=\"360\">Stiratura: 180\u2103, 10 sec, 200 cicli<\/td>\n<\/tr>\n<tr>\n<td colspan=\"4\" width=\"360\">Sterilizzazione: 135\u2103, 20 minuti<\/td>\n<\/tr>\n<tr>\n<td width=\"233\">Classificazione IP<\/td>\n<td colspan=\"4\" width=\"360\">IP68<\/td>\n<\/tr>\n<tr>\n<td width=\"233\">Garanzia<\/td>\n<td colspan=\"4\" width=\"360\">2 anni o 200 lavaggi<\/td>\n<\/tr>\n<\/tbody>\n<\/table>\n<\/div>\n<\/div>\n<div>\n<div>\n<h2>Vantaggi dei tag RFID UHF per lavanderia<\/h2>\n<p>Investire in\u00a0<strong>Etichette per lavanderia RFID UHF<\/strong>\u00a0\u00e8 una decisione intelligente per qualsiasi lavanderia che voglia migliorare la produttivit\u00e0 e la precisione. Ecco alcuni vantaggi convincenti:<\/p>\n<ul>\n<li><strong>Monitoraggio migliorato<\/strong>: Con la tecnologia RFID, puoi tracciare ogni capo di biancheria durante tutto il suo percorso, dal lavaggio alla consegna. Questo assicura che nessun capo vada perso durante il processo.<\/li>\n<li><strong>Durata<\/strong>: Le nostre etichette sono progettate per resistere alle alte temperature, ai lavaggi multipli e persino ai rigori delle lavanderie industriali, il che le rende ideali per un uso a lungo termine.<\/li>\n<li><strong>Conveniente<\/strong>:Riducendo le perdite e migliorando la gestione dell&#039;inventario, i tag RFID per lavanderia consentono in definitiva notevoli risparmi sui costi.<\/li>\n<\/ul>\n<h2>Caratteristiche principali dei tag RFID UHF per lavanderia<\/h2>\n<h3>1.\u00a0<strong>Design lavabile per una lunga durata<\/strong><\/h3>\n<p>Nostro\u00a0<strong>Etichette RFID per il lavaggio dei tessuti<\/strong>\u00a0sono progettati per resistere a pi\u00f9 di 200 cicli di lavaggio, garantendo affidabilit\u00e0 e durata. Questi tag sono specificamente progettati per resistere a condizioni di lavaggio estreme senza degradare le prestazioni. Possono persino resistere a temperature elevate senza perdere le loro capacit\u00e0 di tracciamento, rendendoli perfetti per qualsiasi ambiente di lavanderia commerciale.<\/p>\n<h3>2.\u00a0<strong>Versatilit\u00e0 nell&#039;applicazione<\/strong><\/h3>\n<p>Questi\u00a0<strong>tag RFID tessili<\/strong>\u00a0sono versatili e possono essere utilizzati per varie applicazioni, dal monitoraggio degli indumenti negli hotel alla gestione della biancheria nelle strutture sanitarie. Il loro design robusto consente loro di gestire diversi ambienti di lavanderia, garantendo al contempo prestazioni costanti.<\/p>\n<h3>3.\u00a0<strong>Facilit\u00e0 di integrazione<\/strong><\/h3>\n<p>Integrazione\u00a0<strong>Etichette per lavanderia RFID UHF<\/strong>\u00a0nei tuoi sistemi di tracciamento esistenti \u00e8 semplice. I tag possono funzionare senza problemi con i lettori RFID, offrendo visibilit\u00e0 in tempo reale sul tuo inventario di lavanderia. Ci\u00f2 significa processi semplificati, maggiore accuratezza e migliore gestione delle risorse, ideale per gestire grandi volumi di articoli tessili.<\/p>\n<h3>4.\u00a0<strong>Resistente all&#039;acqua e alla temperatura<\/strong><\/h3>\n<p>Progettate per resistere ai rigori delle operazioni di lavanderia industriale, queste etichette sono sia impermeabili che resistenti alle alte temperature. Questa durevolezza assicura longevit\u00e0, consentendo loro di mantenere la funzionalit\u00e0 durante numerosi lavaggi aggressivi e cicli di asciugatura comuni nelle lavanderie commerciali.<\/p>\n<h3>5.\u00a0<strong>Gestione accurata dell&#039;inventario<\/strong><\/h3>\n<p>Con\u00a0<strong>Tracciamento RFID della lavanderia<\/strong>, gestire il tuo inventario diventa un gioco da ragazzi. Ogni tag contiene un identificatore univoco che consente il tracciamento automatico di ogni capo di biancheria, eliminando il processo manuale di check-in\/check-out. Questa funzionalit\u00e0 aumenta l&#039;efficienza, assicurandoti di sapere sempre dove si trovano i tuoi beni.<\/p>\n<h3>6.\u00a0<strong>Impatto ambientale<\/strong><\/h3>\n<p>Promuovendo un approccio sostenibile, il nostro\u00a0<strong>tag RFID lavabili<\/strong>\u00a0sono progettati tenendo a mente l&#039;eco-compatibilit\u00e0. Sono riutilizzabili e realizzati con materiali che riducono gli sprechi rispetto alle etichette monouso. Questo aspetto di sostenibilit\u00e0 \u00e8 cruciale poich\u00e9 le organizzazioni danno sempre pi\u00f9 priorit\u00e0 alla responsabilit\u00e0 ambientale.<\/p>\n<\/div>\n<div><\/div>\n<div>\n<h2>Istruzioni per l&#039;uso<\/h2>\n<ol>\n<li><strong>Preparazione<\/strong>: Prima di applicare le etichette ai tessuti, assicurati che la superficie sia pulita e asciutta.<\/li>\n<li><strong>Applicazione<\/strong>: Le etichette possono essere cucite all&#039;indumento o attaccate al lino, a seconda delle vostre esigenze.<\/li>\n<li><strong>Inizializzazione<\/strong>: Programmare ogni tag utilizzando un lettore RFID per assegnare un identificatore univoco a ogni capo di biancheria.<\/li>\n<li><strong>Monitoraggio<\/strong>: Utilizza un lettore RFID per monitorare e tracciare i capi della lavanderia in modo fluido durante i cicli di lavaggio e consegna.<\/li>\n<\/ol>\n<\/div>\n<div><\/div>\n<div class=\"auto-hide-last-sibling-br paragraph_1252f paragraph-element\"><strong>Tag RFID tessili per lavanderia<\/strong> rappresentano uno strumento utile per le aziende che necessitano di forniture continue di biancheria pulita, divise da lavoro, attrezzature mediche o materiali per la pulizia, consentendo ai sistemi automatizzati di gestire grandi quantit\u00e0 di singoli articoli in modo rapido e preciso.<\/div>\n<p>&nbsp;<\/p>\n<\/div>\n<div>\n<div class=\"auto-hide-last-sibling-br paragraph_1252f paragraph-element\"><strong>Etichette tessili RFID<\/strong> funzione utilizzando un processo specializzato. Ogni etichetta \u00e8 dotata di un chip RFID che contiene dettagli significativi sul prodotto, come le sue specifiche di fabbricazione, l&#039;identificatore univoco, la fonte, la composizione del materiale e cos\u00ec via.<\/div>\n<div class=\"auto-hide-last-sibling-br paragraph_1252f paragraph-element\">Il meccanismo di estrazione di queste informazioni incorporate incorpora uno strumento noto come trasmettitore RFID o pi\u00f9 comunemente lettore. Questo dispositivo trasmette onde di radiofrequenza che stabiliscono una connessione con il chip RFID che si trova all&#039;interno dell&#039;etichetta. Questa interazione facilita l&#039;accesso del lettore ai dati protetti sul chip.<\/div>\n<\/div>\n<div><\/div>\n<div><\/div>\n<div>\n<div class=\"auto-hide-last-sibling-br paragraph_1252f paragraph-element\"><span style=\"font-family: inherit; font-size: 24px; font-weight: bold;\">Installazione<\/span><\/div>\n<\/div>\n<p><strong>Etichettatura dei punti<\/strong>: Da cucire nell&#039;orlo di un tessuto. Cucire l&#039;etichetta del bucato lontano dalle linee di piegatura.<br \/>\n<strong>Saldatura a caldo<\/strong>: Da termosaldare direttamente sul tessuto a +200\u00b0C (392\u00b0F), per 12~14s.<br \/>\n<strong>In sacchetto<\/strong>: Da cucire come un&#039;etichetta di cura standard. Cucire l&#039;etichetta del bucato lontano dalle linee di piegatura.<\/p>\n<div class=\"auto-hide-last-sibling-br paragraph_1252f paragraph-element\">\n<div class=\"auto-hide-last-sibling-br paragraph_1252f paragraph-element\"><\/div>\n<p style=\"font-weight: 400;\"><span style=\"font-style: inherit; font-weight: inherit;\" data-spm-anchor-id=\"a2700.details.0.i52.7e74253fSAfL7T\">Come <\/span><b><strong style=\"font-style: inherit;\">FORTE<\/strong><\/b><span style=\"font-style: inherit; font-weight: inherit;\"> sono ?<\/span><\/p>\n<p><b><strong>\u2460<\/strong><\/b>I chip RFID possono danneggiarsi a causa delle alte temperature?<span style=\"font-style: inherit; font-weight: inherit;\"> \u2013<\/span><b><strong>\u2714 I nostri tag RFID per lavanderia tessile sono progettati per essere utilizzati a 200 \u00b0C<\/strong><\/b><span style=\"font-style: inherit; font-weight: inherit;\">.<\/span><\/p>\n<p style=\"font-weight: 400;\"><b><strong>\u2461<\/strong><\/b>Quante volte possiamo lavare le etichette attaccate ai prodotti tessili delle uniformi? <b><strong>\u2013\u2714La nostra etichetta RFID per il bucato tessile pu\u00f2 essere lavata pi\u00f9 di 200 volte, con garanzia di 2 anni dalla spedizione.<\/strong><\/b><\/p>\n<p style=\"font-weight: 400;\"><b><strong>\u2462<\/strong><\/b>Dobbiamo spendere per prodotti tessili di prestigiose uniformi, continuare a lavorare in caso di rottura del chip? <b><strong>\u2013\u2714Abbiamo progettato la nostra etichetta per il bucato tessile in modo che resista a 60 bar di pressione durante il processo di pressatura dei tuoi prodotti tessili.<\/strong><\/b><\/p>\n<p style=\"font-weight: 400;\"><b><strong>\u2463<\/strong><\/b>Dove si posizionano le etichette RFID per il lavaggio dei tessuti sulle uniformi? <b><strong>\u2013 \u2714Le etichette RFID per la lavanderia tessile vengono installate in base alla disponibilit\u00e0 delle divise.<\/strong><\/b><\/p>\n<h2>Domande frequenti (FAQ)<\/h2>\n<h3>1.\u00a0<strong>Le etichette RFID per il bucato sono davvero lavabili?<\/strong><\/h3>\n<p>S\u00ec, le nostre etichette RFID per lavanderia sono progettate per resistere a oltre 200 cicli di lavaggio mantenendo inalterate le loro prestazioni.<\/p>\n<h3>2.\u00a0<strong>Questi tag possono essere utilizzati in ambienti ad alta temperatura?<\/strong><\/h3>\n<p>Assolutamente! I nostri tag sono resistenti al calore e possono sopportare temperature fino a 85\u00b0C senza perdere funzionalit\u00e0.<\/p>\n<h3>3.\u00a0<strong>Quanto \u00e8 facile integrare questi tag nei sistemi esistenti?<\/strong><\/h3>\n<p>L&#039;integrazione \u00e8 semplice poich\u00e9 questi tag sono compatibili con la maggior parte dei lettori RFID disponibili sul mercato, garantendo un&#039;implementazione senza problemi.<\/p>\n<h3>4.\u00a0<strong>Quali materiali sono utilizzati in questi tag?<\/strong><\/h3>\n<p>Le etichette sono realizzate in tessuto tessile resistente, che garantisce resistenza e flessibilit\u00e0.<\/p>\n<h2>Conclusione<\/h2>\n<p>Investire in\u00a0<strong>Etichette per lavanderia RFID UHF<\/strong>\u00a0non riguarda solo il miglioramento dell&#039;efficienza operativa; riguarda la protezione futura dei tuoi processi di lavanderia contro le sfide di tracciamento, gestione dell&#039;inventario e sostenibilit\u00e0. Con design innovativi che resistono al lavaggio industriale e una facilit\u00e0 d&#039;uso semplicemente ineguagliabile, questi tag sono essenziali per qualsiasi organizzazione coinvolta nei servizi di lavanderia. Se sei pronto a rivoluzionare i tuoi sistemi di gestione tessile,\u00a0<strong>acquista oggi stesso le etichette RFID per lavanderia e compila il nostro modulo di richiesta per maggiori informazioni su prezzi e campioni!<\/strong><\/p>\n<\/div>","protected":false},"excerpt":{"rendered":"<p>Tieni traccia senza sforzo degli articoli da bucato con i resistenti tag RFID in tessuto! Lavabili e progettati per uso industriale, ottimizza la gestione del tuo bucato oggi stesso!<\/p>","protected":false},"featured_media":144,"template":"","meta":{"_kad_post_transparent":"default","_kad_post_title":"","_kad_post_layout":"default","_kad_post_sidebar_id":"","_kad_post_content_style":"default","_kad_post_vertical_padding":"default","_kad_post_feature":"","_kad_post_feature_position":"","_kad_post_header":false,"_kad_post_footer":false,"_kad_post_classname":""},"product_brand":[],"product_cat":[19],"product_tag":[67,31,312,65],"class_list":{"0":"post-143","1":"product","2":"type-product","3":"status-publish","4":"has-post-thumbnail","6":"product_cat-textile-rfid-laundry-tag","7":"product_tag-heating-seal-uhf-rfid-laundry-tags","8":"product_tag-rfid-tag-for-linen-laundry","9":"product_tag-rfid-tags","10":"product_tag-textile-rfid-laundry-tags","12":"first","13":"instock","14":"shipping-taxable","15":"product-type-simple","16":"entry","17":"content-bg","18":"loop-entry"},"_links":{"self":[{"href":"https:\/\/rfid-laundry-tag.com\/it\/wp-json\/wp\/v2\/product\/143","targetHints":{"allow":["GET"]}}],"collection":[{"href":"https:\/\/rfid-laundry-tag.com\/it\/wp-json\/wp\/v2\/product"}],"about":[{"href":"https:\/\/rfid-laundry-tag.com\/it\/wp-json\/wp\/v2\/types\/product"}],"version-history":[{"count":3,"href":"https:\/\/rfid-laundry-tag.com\/it\/wp-json\/wp\/v2\/product\/143\/revisions"}],"predecessor-version":[{"id":2682,"href":"https:\/\/rfid-laundry-tag.com\/it\/wp-json\/wp\/v2\/product\/143\/revisions\/2682"}],"wp:featuredmedia":[{"embeddable":true,"href":"https:\/\/rfid-laundry-tag.com\/it\/wp-json\/wp\/v2\/media\/144"}],"wp:attachment":[{"href":"https:\/\/rfid-laundry-tag.com\/it\/wp-json\/wp\/v2\/media?parent=143"}],"wp:term":[{"taxonomy":"product_brand","embeddable":true,"href":"https:\/\/rfid-laundry-tag.com\/it\/wp-json\/wp\/v2\/product_brand?post=143"},{"taxonomy":"product_cat","embeddable":true,"href":"https:\/\/rfid-laundry-tag.com\/it\/wp-json\/wp\/v2\/product_cat?post=143"},{"taxonomy":"product_tag","embeddable":true,"href":"https:\/\/rfid-laundry-tag.com\/it\/wp-json\/wp\/v2\/product_tag?post=143"}],"curies":[{"name":"parola chiave","href":"https:\/\/api.w.org\/{rel}","templated":true}]}}