{"id":136,"date":"2024-06-14T07:33:05","date_gmt":"2024-06-14T07:33:05","guid":{"rendered":"https:\/\/rfid-laundry-tag.com\/?post_type=product&#038;p=136"},"modified":"2024-09-08T04:31:40","modified_gmt":"2024-09-08T04:31:40","slug":"heating-seal-uhf-rfid-laundry-tags","status":"publish","type":"product","link":"https:\/\/rfid-laundry-tag.com\/it\/heating-seal-uhf-rfid-laundry-tags\/","title":{"rendered":"Etichette per lavanderia RFID UHF con sigillo termico"},"content":{"rendered":"<div>\n<div class=\"auto-hide-last-sibling-br paragraph_1252f paragraph-element\">\n<h1>Etichette per lavanderia RFID UHF con sigillo termico<\/h1>\n<table width=\"593\">\n<tbody>\n<tr>\n<td width=\"233\">Protocollo RF Air<\/td>\n<td colspan=\"4\" width=\"360\">EPC Classe Globale 1 Gen2 ISO18000-6C<\/td>\n<\/tr>\n<tr>\n<td width=\"233\">Frequenza operativa<\/td>\n<td colspan=\"4\" width=\"360\">UHF 866-868 MHz (ETSI) \/UHF 902-928 MHz (FCC)<\/td>\n<\/tr>\n<tr>\n<td width=\"233\">Compatibilit\u00e0 ambientale<\/td>\n<td colspan=\"4\" width=\"360\">Ottimizzato in aria<\/td>\n<\/tr>\n<tr>\n<td width=\"233\">Periodo di conservazione dei dati<\/td>\n<td colspan=\"4\" width=\"360\">50 anni<\/td>\n<\/tr>\n<tr>\n<td width=\"233\">Intervallo di lettura<\/td>\n<td colspan=\"4\" width=\"360\">Fino a 5,5 m (fuori metallo)<\/td>\n<\/tr>\n<tr>\n<td width=\"233\">Polarizzazione<\/td>\n<td colspan=\"4\" width=\"360\">Lineare<\/td>\n<\/tr>\n<tr>\n<td width=\"233\">Tipo di CI<\/td>\n<td colspan=\"4\" width=\"360\">NXP U CODICE 8, U CODICE 9 ecc.<\/td>\n<\/tr>\n<tr>\n<td width=\"233\">Configurazione della memoria<\/td>\n<td colspan=\"4\" width=\"360\">EPC 128bit TID 96bit Utente 32bit<\/td>\n<\/tr>\n<tr>\n<td colspan=\"5\" width=\"593\">Specifiche meccaniche<\/td>\n<\/tr>\n<tr>\n<td width=\"233\">Materiali di superficie<\/td>\n<td colspan=\"4\" width=\"360\">Tessile<\/td>\n<\/tr>\n<tr>\n<td width=\"233\">Dimensioni (mm)<\/td>\n<td colspan=\"4\" width=\"360\">15*70*1,5 millimetri<\/td>\n<\/tr>\n<tr>\n<td width=\"233\">Peso (g)<\/td>\n<td colspan=\"4\" width=\"360\">0,7 g<\/td>\n<\/tr>\n<tr>\n<td rowspan=\"2\" width=\"233\">Allegato<\/td>\n<td colspan=\"4\" width=\"360\">Cucire l&#039;orlo o l&#039;etichetta tessuta<\/td>\n<\/tr>\n<tr>\n<td colspan=\"4\" width=\"360\">Saldatura a caldo a 215\u2103@15 sec e 4 bar<\/td>\n<\/tr>\n<tr>\n<td width=\"233\">Colore<\/td>\n<td colspan=\"4\" width=\"360\">Bianco<\/td>\n<\/tr>\n<tr>\n<td colspan=\"5\" width=\"593\">Specifiche ambientali<\/td>\n<\/tr>\n<tr>\n<td width=\"233\">Temperatura di esercizio<\/td>\n<td colspan=\"4\" width=\"360\">da -30\u00b0C a +85\u00b0C<\/td>\n<\/tr>\n<tr>\n<td width=\"233\">Temperatura ambiente<\/td>\n<td colspan=\"4\" width=\"360\">da -30\u00b0C a +100\u00b0C<\/td>\n<\/tr>\n<tr>\n<td width=\"233\">Resistenza meccanica<\/td>\n<td colspan=\"4\" width=\"360\">60 barrette<\/td>\n<\/tr>\n<tr>\n<td width=\"233\">Resistenza chimica<\/td>\n<td colspan=\"4\" width=\"360\">Prodotti chimici comuni normali nei processi di lavaggio<\/td>\n<\/tr>\n<tr>\n<td rowspan=\"4\" width=\"233\">Resistenza al calore<\/td>\n<td colspan=\"4\" width=\"360\">Lavaggio: 90\u2103, 15 minuti, 200 cicli<\/td>\n<\/tr>\n<tr>\n<td colspan=\"4\" width=\"360\">Pre-essiccazione: 180\u2103, 30 minuti<\/td>\n<\/tr>\n<tr>\n<td colspan=\"4\" width=\"360\">Stiratura: 180\u2103, 10 sec, 200 cicli<\/td>\n<\/tr>\n<tr>\n<td colspan=\"4\" width=\"360\">Sterilizzazione: 135\u2103, 20 minuti<\/td>\n<\/tr>\n<tr>\n<td width=\"233\">Classificazione IP<\/td>\n<td colspan=\"4\" width=\"360\">IP68<\/td>\n<\/tr>\n<tr>\n<td width=\"233\">Garanzia<\/td>\n<td colspan=\"4\" width=\"360\">2 anni o 200 lavaggi<\/td>\n<\/tr>\n<\/tbody>\n<\/table>\n<\/div>\n<\/div>\n<div><\/div>\n<div>\n<div class=\"auto-hide-last-sibling-br paragraph_1252f paragraph-element\">Le etichette RFID per lavanderia rappresentano uno strumento utile per le aziende che necessitano di forniture continue di biancheria pulita, divise da lavoro, attrezzature mediche o prodotti per la pulizia, consentendo ai sistemi automatizzati di gestire grandi quantit\u00e0 di singoli articoli in modo rapido e preciso.<\/div>\n<p>&nbsp;<\/p>\n<div class=\"auto-hide-last-sibling-br paragraph_1252f paragraph-element\">Ampiamente adottati da fornitori di uniformi, enti di ospitalit\u00e0, servizi di pulizia commerciale e strutture sanitarie, questi tag RFID UHF per lavanderia in tessuto semplificano la procedura di tracciamento di vari beni come vestiti, biancheria o stracci. Ci\u00f2 contribuisce alla pratica di una supervisione efficiente dell&#039;inventario e di una gestione accurata degli account, migliorando l&#039;efficienza operativa complessiva. Fornendo dati privi di errori e automatizzando il processo di tracciamento, questo sistema controlla lo smarrimento e il furto degli articoli, riducendo cos\u00ec le perdite. La natura durevole di questi tag garantisce che resistano ai processi di lavaggio industriale. \u00c8 una soluzione ottimale per gestire gli inventari in modo sistematico e organizzato.<\/div>\n<\/div>\n<div><\/div>\n<div><\/div>\n<div><\/div>\n<div>\n<div class=\"auto-hide-last-sibling-br paragraph_1252f paragraph-element\"><span style=\"font-family: inherit; font-size: 24px; font-weight: bold;\">Installazione<\/span><\/div>\n<\/div>\n<p><strong>Etichettatura dei punti<\/strong>: Da cucire nell&#039;orlo di un tessuto. Cucire l&#039;etichetta del bucato lontano dalle linee di piegatura.<br \/>\n<strong>Saldatura a caldo<\/strong>: Da termosaldare direttamente sul tessuto a +200\u00b0C (392\u00b0F), per 12~14s.<br \/>\n<strong>In sacchetto<\/strong>: Da cucire come un&#039;etichetta di cura standard. Cucire l&#039;etichetta del bucato lontano dalle linee di piegatura.<\/p>\n<p>&nbsp;<\/p>\n<div class=\"auto-hide-last-sibling-br paragraph_1252f paragraph-element\">\n<div class=\"auto-hide-last-sibling-br paragraph_1252f paragraph-element\">I tag RFID UHF adesivi riscaldanti per il bucato sono indispensabili in una miriade di settori, guidando in modo cruciale il monitoraggio efficiente delle risorse, la gestione dell&#039;inventario e aumentando l&#039;efficienza operativa complessiva. Ecco uno sguardo alla loro applicazione in vari settori:<\/div>\n<div class=\"auto-hide-last-sibling-br paragraph_1252f paragraph-element\"><\/div>\n<p style=\"font-weight: 400;\"><span style=\"font-style: inherit; font-weight: inherit;\" data-spm-anchor-id=\"a2700.details.0.i52.7e74253fSAfL7T\">Come <\/span><b><strong style=\"font-style: inherit;\">FORTE<\/strong><\/b><span style=\"font-style: inherit; font-weight: inherit;\"> sono ?<\/span><\/p>\n<p><b><strong>\u2460<\/strong><\/b>I chip RFID possono danneggiarsi a causa delle alte temperature?<span style=\"font-style: inherit; font-weight: inherit;\"> \u2013<\/span><b><strong>\u2714 I nostri tag RFID per lavanderia tessile sono progettati per essere utilizzati a 200 \u00b0C<\/strong><\/b><span style=\"font-style: inherit; font-weight: inherit;\">.<\/span><\/p>\n<p style=\"font-weight: 400;\"><b><strong>\u2461<\/strong><\/b>Quante volte possiamo lavare le etichette attaccate ai prodotti tessili delle uniformi? <b><strong>\u2013\u2714La nostra etichetta RFID per il bucato tessile pu\u00f2 essere lavata pi\u00f9 di 200 volte, con garanzia di 2 anni dalla spedizione.<\/strong><\/b><\/p>\n<p style=\"font-weight: 400;\"><b><strong>\u2462<\/strong><\/b>Dobbiamo spendere per prodotti tessili di prestigiose uniformi, continuare a lavorare in caso di rottura del chip? <b><strong>\u2013\u2714Abbiamo progettato la nostra etichetta per il bucato tessile in modo che resista a 60 bar di pressione durante il processo di pressatura dei tuoi prodotti tessili.<\/strong><\/b><\/p>\n<p style=\"font-weight: 400;\"><b><strong>\u2463<\/strong><\/b>Dove si posizionano le etichette RFID per il lavaggio dei tessuti sulle uniformi? <b><strong>\u2013 \u2714Le etichette RFID per la lavanderia tessile vengono installate in base alla disponibilit\u00e0 delle divise.<\/strong><\/b><\/p>\n<\/div>","protected":false},"excerpt":{"rendered":"<p>I tag per lavanderia UHF RFID Heating Seal sono progettati per applicazioni tessili commerciali e industriali. Questo tag \u00e8 estremamente flessibile, pu\u00f2 essere letto da un intervallo esteso e fornisce comunque i dati pi\u00f9 accurati al suo interno. I clienti possono utilizzarlo per tracciare grandi quantit\u00e0 di risorse tessili mantenendo bassi i costi, migliorando l&#039;efficienza gestionale.<\/p>","protected":false},"featured_media":137,"template":"","meta":{"_kad_post_transparent":"default","_kad_post_title":"","_kad_post_layout":"default","_kad_post_sidebar_id":"","_kad_post_content_style":"default","_kad_post_vertical_padding":"default","_kad_post_feature":"","_kad_post_feature_position":"","_kad_post_header":false,"_kad_post_footer":false,"_kad_post_classname":""},"product_brand":[],"product_cat":[19,16],"product_tag":[67,31,65],"class_list":{"0":"post-136","1":"product","2":"type-product","3":"status-publish","4":"has-post-thumbnail","6":"product_cat-textile-rfid-laundry-tag","7":"product_cat-uhf-rfid-laundry-tags","8":"product_tag-heating-seal-uhf-rfid-laundry-tags","9":"product_tag-rfid-tag-for-linen-laundry","10":"product_tag-textile-rfid-laundry-tags","12":"first","13":"instock","14":"shipping-taxable","15":"product-type-simple","16":"entry","17":"content-bg","18":"loop-entry"},"_links":{"self":[{"href":"https:\/\/rfid-laundry-tag.com\/it\/wp-json\/wp\/v2\/product\/136","targetHints":{"allow":["GET"]}}],"collection":[{"href":"https:\/\/rfid-laundry-tag.com\/it\/wp-json\/wp\/v2\/product"}],"about":[{"href":"https:\/\/rfid-laundry-tag.com\/it\/wp-json\/wp\/v2\/types\/product"}],"version-history":[{"count":1,"href":"https:\/\/rfid-laundry-tag.com\/it\/wp-json\/wp\/v2\/product\/136\/revisions"}],"predecessor-version":[{"id":1938,"href":"https:\/\/rfid-laundry-tag.com\/it\/wp-json\/wp\/v2\/product\/136\/revisions\/1938"}],"wp:featuredmedia":[{"embeddable":true,"href":"https:\/\/rfid-laundry-tag.com\/it\/wp-json\/wp\/v2\/media\/137"}],"wp:attachment":[{"href":"https:\/\/rfid-laundry-tag.com\/it\/wp-json\/wp\/v2\/media?parent=136"}],"wp:term":[{"taxonomy":"product_brand","embeddable":true,"href":"https:\/\/rfid-laundry-tag.com\/it\/wp-json\/wp\/v2\/product_brand?post=136"},{"taxonomy":"product_cat","embeddable":true,"href":"https:\/\/rfid-laundry-tag.com\/it\/wp-json\/wp\/v2\/product_cat?post=136"},{"taxonomy":"product_tag","embeddable":true,"href":"https:\/\/rfid-laundry-tag.com\/it\/wp-json\/wp\/v2\/product_tag?post=136"}],"curies":[{"name":"parola chiave","href":"https:\/\/api.w.org\/{rel}","templated":true}]}}