{"id":111,"date":"2024-06-12T04:33:57","date_gmt":"2024-06-12T04:33:57","guid":{"rendered":"https:\/\/rfid-laundry-tag.com\/?post_type=product&#038;p=111"},"modified":"2024-06-12T04:47:00","modified_gmt":"2024-06-12T04:47:00","slug":"hf-13-56-mhz-rfid-laundry-tags","status":"publish","type":"product","link":"https:\/\/rfid-laundry-tag.com\/it\/hf-13-56-mhz-rfid-laundry-tags\/","title":{"rendered":"ETICHETTE PER LAVANDERIA RFID PPS 13,56MHZ"},"content":{"rendered":"<div class=\"J_module\">\n<div class=\"ife-detail-decorate-table\">\n<table class=\"has-title all magic-6\">\n<tbody>\n<tr>\n<td colspan=\"1\" rowspan=\"1\">\n<div class=\"magic-7\" data-spm-anchor-id=\"a2700.details.0.i45.77607d98vZbcDU\"><span class=\"magic-8\" style=\"color: #363535;\">Nome dell&#039;articolo<\/span><\/div>\n<\/td>\n<td colspan=\"1\" rowspan=\"1\">\n<div class=\"magic-9\">ETICHETTE PER LAVANDERIA RFID PPS 13,56MHZ<\/div>\n<\/td>\n<\/tr>\n<tr>\n<td colspan=\"1\" rowspan=\"1\">\n<div class=\"magic-7\"><span class=\"magic-10\" data-spm-anchor-id=\"a2700.pc-decorate.0.i10.28d333330XLbTD\"><span class=\"magic-8\">Materiale<\/span><\/span><\/div>\n<\/td>\n<td colspan=\"1\" rowspan=\"1\">\n<div class=\"magic-9\"><span class=\"magic-8\">PPS<\/span><\/div>\n<\/td>\n<\/tr>\n<tr>\n<td colspan=\"1\" rowspan=\"1\">\n<div class=\"magic-7\"><span class=\"magic-8\">Colore<\/span><\/div>\n<\/td>\n<td colspan=\"1\" rowspan=\"1\">\n<div class=\"magic-9\"><span class=\"magic-8\">Nero ecc.<\/span><\/div>\n<\/td>\n<\/tr>\n<tr>\n<td colspan=\"1\" rowspan=\"1\">Quantit\u00e0 minima<\/td>\n<td colspan=\"1\" rowspan=\"1\">500 pezzi<\/td>\n<\/tr>\n<tr>\n<td colspan=\"1\" rowspan=\"1\">\n<div class=\"magic-7\"><span class=\"magic-8\">Produttore\/Chip<\/span><\/div>\n<\/td>\n<td colspan=\"1\" rowspan=\"1\">\n<div class=\"magic-9\"><span class=\"magic-8\">ISO15693: NXP I Code Slix; ISO14443A: Ntag213, Ntag215, Ntag216, Mifare Ultralight ev1 ecc.<\/span><\/div>\n<\/td>\n<\/tr>\n<tr>\n<td colspan=\"1\" rowspan=\"1\">\n<div class=\"magic-7\"><span class=\"magic-8\">Frequenza<\/span><\/div>\n<\/td>\n<td colspan=\"1\" rowspan=\"1\">\n<div class=\"magic-9\"><span class=\"magic-8\">13,56 MHz<\/span><\/div>\n<\/td>\n<\/tr>\n<tr>\n<td colspan=\"1\" rowspan=\"1\">\n<div class=\"magic-7\"><span class=\"magic-8\">Memoria<\/span><\/div>\n<\/td>\n<td colspan=\"1\" rowspan=\"1\">\n<div class=\"magic-9\"><span class=\"magic-8\">Il codice NXP I Slix \u00e8 1k Byte; la memoria degli altri chip \u00e8 144 Byte, 504 Byte, 888 Byte, 64 Byte ecc.<\/span><\/div>\n<\/td>\n<\/tr>\n<tr>\n<td colspan=\"1\" rowspan=\"1\">\n<div class=\"magic-7\"><span class=\"magic-8\">Distanza di lettura<\/span><\/div>\n<\/td>\n<td colspan=\"1\" rowspan=\"1\">\n<div class=\"magic-9\"><span class=\"magic-8\">1~5cm<\/span><\/div>\n<\/td>\n<\/tr>\n<tr>\n<td colspan=\"1\" rowspan=\"1\">\n<div class=\"magic-7\"><span class=\"magic-8\">Modalit\u00e0 di lavoro<\/span><\/div>\n<\/td>\n<td colspan=\"1\" rowspan=\"1\">\n<div class=\"magic-9\"><span class=\"magic-8\">passivo<\/span><\/div>\n<\/td>\n<\/tr>\n<tr>\n<td colspan=\"1\" rowspan=\"1\">\n<div class=\"magic-7\"><span class=\"magic-8\">Temperatura di lavoro<\/span><\/div>\n<\/td>\n<td colspan=\"1\" rowspan=\"1\">\n<div class=\"magic-9\"><span class=\"magic-8\">-25\u2103~+110\u2103<\/span><\/div>\n<\/td>\n<\/tr>\n<tr>\n<td colspan=\"1\" rowspan=\"1\">\n<div class=\"magic-7\"><span class=\"magic-8\">Temperatura di conservazione<\/span><\/div>\n<\/td>\n<td colspan=\"1\" rowspan=\"1\">\n<div class=\"magic-9\"><span class=\"magic-8\">-40\u2103~+85\u2103<\/span><\/div>\n<\/td>\n<\/tr>\n<tr>\n<td colspan=\"1\" rowspan=\"1\">\n<div class=\"magic-7\">\n<div><span class=\"magic-8\">\u00a0<\/span><\/div>\n<p><span class=\"magic-8\">Resistenza alla temperatura a breve termine<\/span><\/p>\n<\/div>\n<\/td>\n<td colspan=\"1\" rowspan=\"1\">\n<div class=\"magic-9\"><span class=\"magic-8\">lavaggio: 90\u2103, 15 minuti; pre-asciugatura convertitore: 180\u2103, 30 minuti, 200 volte; stiratura: 180\u2103, 10 secondi, 200 volte; alta<br \/>\nsterilizzazione a temperatura: 135\u2103, 20 minuti<\/span><\/div>\n<\/td>\n<\/tr>\n<tr>\n<td colspan=\"1\" rowspan=\"1\">\n<div class=\"magic-7\"><span class=\"magic-8\">Caratteristiche<\/span><\/div>\n<\/td>\n<td colspan=\"1\" rowspan=\"1\">\n<div class=\"magic-9\"><span class=\"magic-8\">impermeabile, lavabile, resistente alle alte temperature<\/span><\/div>\n<\/td>\n<\/tr>\n<tr>\n<td colspan=\"1\" rowspan=\"1\">\n<div class=\"magic-7\"><span class=\"magic-8\">Vita<\/span><\/div>\n<\/td>\n<td colspan=\"1\" rowspan=\"1\">\n<div class=\"magic-9\"><span class=\"magic-8\">lavaggi 200 volte o 3 anni<\/span><\/div>\n<\/td>\n<\/tr>\n<tr>\n<td colspan=\"1\" rowspan=\"1\">\n<div class=\"magic-7\"><span class=\"magic-8\">Applicazioni<\/span><\/div>\n<\/td>\n<td colspan=\"1\" rowspan=\"1\">\n<div class=\"magic-9\"><span class=\"magic-8\">gestione e tracciamento della lavanderia<\/span><\/div>\n<\/td>\n<\/tr>\n<\/tbody>\n<\/table>\n<\/div>\n<\/div>\n<div class=\"J_module\">\n<div class=\"detail-decorate-json-renderer-container\">\n<div class=\"magic-1\">\n<div class=\"magic-2\">\n<div class=\"auto-hide-last-sibling-br paragraph_1252f paragraph-element\">\n<div class=\"auto-hide-last-sibling-br paragraph_1252f paragraph-element\"><\/div>\n<div class=\"auto-hide-last-sibling-br paragraph_1252f paragraph-element\">\n<p><b>Domanda per tag RFID per lavanderia ISO 15693 \u2013 PPS- I Code Slix:<\/b><br \/>\n\u2013 Lavaggio industriale.<br \/>\n\u2013 Gestione delle uniformi.<br \/>\n\u2013 Gestione dell\u2019abbigliamento medico.<br \/>\n\u2013 Gestione degli indumenti DPI.<br \/>\n\u2013 Gestione delle pattuglie del personale.<br \/>\n\u2013 Gestione delle attrezzature antincendio.<br \/>\n\u2013 Gestione dell\u2019attrezzatura da sci.<\/p>\n<\/div>\n<div><\/div>\n<\/div>\n<\/div>\n<div>\n<p>IL <strong>Codice IC SLIX<\/strong> \u00e8 un chip dedicato per applicazioni di etichette intelligenti come librerie, autenticazione di prodotti in diversi settori come farmaceutico, dispositivi medici e alcolici, nonch\u00e9 gestione della produzione in diverse aree del settore. Questo IC \u00e8 la terza generazione di una famiglia di prodotti di IC per etichette intelligenti basati sugli standard ISO ISO\/IEC 15693 e ISO\/IEC 18000-3, che prolunga una storia di successo di NXP<sup>\u00ae<\/sup>\u00a0nel campo dei sistemi di identificazione di prossimit\u00e0.<\/p>\n<h3>Trasferimento dati ed energia senza contatto<\/h3>\n<p>Ogni volta che \u00e8 collegato a un tipo di antenna molto semplice e facile da produrre (come risultato della frequenza portante di 13,56 MHz) realizzata con pochi avvolgimenti stampati, avvolti, incisi o bobina punzonata, l&#039;ICODE SLIX IC pu\u00f2 essere utilizzato senza linea di vista fino a una distanza di 1,5 m (larghezza del gate). Non \u00e8 necessaria alcuna batteria. Quando l&#039;etichetta intelligente \u00e8 posizionata nel campo di un&#039;antenna interrogatrice, l&#039;interfaccia di comunicazione RF ad alta velocit\u00e0 consente la trasmissione di dati fino a 53 kbit\/s.<\/p>\n<h3>Anti-collisione<\/h3>\n<p>Una funzione anti-collisione intelligente consente a diversi tag di operare contemporaneamente sul campo. L&#039;algoritmo anti-collisione seleziona ogni tag individualmente e garantisce che l&#039;esecuzione di una transazione con un tag selezionato venga eseguita correttamente senza corruzione dei dati risultante da altri tag sul campo.<\/p>\n<h3>Caratteristiche<\/h3>\n<div id=\"featuresXsp\" class=\"features-list\">\n<div class=\"features-xsp\">\n<div class=\"collapse-mobile ste-list\">\n<h3>Interfaccia RF ICODE SLIX (ISO\/IEC 15693)<\/h3>\n<ul class=\"boxes\">\n<li>Trasmissione dati e fornitura di energia senza contatto (non necessita di batteria)<\/li>\n<li>Distanza operativa: fino a 1,5 m (a seconda della geometria dell&#039;antenna)<\/li>\n<li>Frequenza operativa: 13,56 MHz (ISM, licenza mondiale liberamente disponibile)<\/li>\n<li>Trasferimento dati veloce: fino a 53 kbit\/s<\/li>\n<li>Elevata integrit\u00e0 dei dati: CRC a 16 bit, framing<\/li>\n<li>Vero anticollisione<\/li>\n<li>Sorveglianza elettronica degli articoli (EAS) protetta da password<\/li>\n<li>Identificatore della famiglia di applicazioni (AFI) protetto da password<\/li>\n<li>Identificatore del formato di archiviazione dei dati (DSFID)<\/li>\n<li>Lettura anticollisione rapida aggiuntiva<\/li>\n<li>Scrivi la distanza uguale alla distanza di lettura<\/li>\n<\/ul>\n<\/div>\n<div class=\"collapse-mobile ste-list\">\n<h3>Memoria EEPROM<\/h3>\n<ul class=\"boxes\">\n<li>1024 bit, organizzati in 32 blocchi di 4 byte ciascuno<\/li>\n<li>Conservazione dei dati per 50 anni<\/li>\n<li>Scrivi la resistenza di 100000 cicli<\/li>\n<\/ul>\n<\/div>\n<div class=\"collapse-mobile ste-list\">\n<h3>Sicurezza<\/h3>\n<ul class=\"boxes\">\n<li>Identificatore univoco per ogni dispositivo<\/li>\n<li>Meccanismo di blocco per ogni blocco di memoria utente (protezione da scrittura)<\/li>\n<li>Meccanismo di blocco per DSFID, AFI, EAS<\/li>\n<li>Funzionalit\u00e0 EAS e AFI protette da password (32 bit)<\/li>\n<\/ul>\n<h1 id=\"hero-title\" class=\"sp-hero-title\">NTAG<sup>\u00ae<\/sup>\u00a0213\/215\/216: IC compatibile con tag NFC Forum Type 2 con 144\/504\/888 byte di memoria utente<\/h1>\n<\/div>\n<\/div>\n<\/div>\n<\/div>\n<div class=\"magic-2\">\n<div class=\"auto-hide-last-sibling-br paragraph_1252f paragraph-element\">\n<p>NTAG 213, NTAG 215 e NTAG 216 sono stati sviluppati da NXP<sup>\u00ae<\/sup>\u00a0Semiconduttori come IC tag NFC standard da utilizzare in applicazioni di mercato di massa come vendita al dettaglio, giochi ed elettronica di consumo, in combinazione con dispositivi NFC o dispositivi di accoppiamento di prossimit\u00e0 conformi a NFC. NTAG 213, NTAG 215 e NTAG 216 (da ora in poi, generalmente denominati NTAG 21x) sono progettati per essere pienamente conformi alle specifiche NFC Forum Type 2 Tag e ISO\/IEC14443 Type A.<\/p>\n<p>Le applicazioni target includono pubblicit\u00e0 intelligente su media cartacei e fuori casa, applicazioni SoLoMo, autenticazione di prodotti, etichette NFC per scaffali e tag di accompagnamento per dispositivi mobili.<\/p>\n<p>I casi d&#039;uso target includono pubblicit\u00e0 intelligente fuori casa, autenticazione del prodotto, tag di accompagnamento mobili, Bluetooth<sup>\u00ae<\/sup>\u00a0o accoppiamento Wi-Fi, etichette elettroniche per scaffali e biglietti da visita. La memoria NTAG 21x pu\u00f2 anche essere segmentata per implementare pi\u00f9 applicazioni contemporaneamente.<\/p>\n<p>Grazie all&#039;elevata capacit\u00e0 di ingresso, i tag IC NTAG 21x sono particolarmente adatti per applicazioni che richiedono ingombri ridotti, senza compromettere le prestazioni. I piccoli tag NFC possono essere incorporati pi\u00f9 facilmente, ad esempio, in etichette di prodotti o dispositivi elettronici.<\/p>\n<p>Le specifiche meccaniche ed elettriche dell&#039;NTAG 21x sono studiate appositamente per soddisfare i requisiti dei produttori di intarsi e tag.<\/p>\n<h3>Trasferimento dati ed energia senza contatto<\/h3>\n<p>La comunicazione con NTAG 21x pu\u00f2 essere stabilita solo quando il circuito integrato \u00e8 collegato a un&#039;antenna.<\/p>\n<p>Quando NTAG 21x \u00e8 posizionato nel campo RF, l&#039;interfaccia di comunicazione RF ad alta velocit\u00e0 consente la trasmissione dei dati con una velocit\u00e0 di trasmissione di 106 kbit\/s.<\/p>\n<h3>Semplice distribuzione e praticit\u00e0 per l&#039;utente<\/h3>\n<p>NTAG 21x offre funzionalit\u00e0 specifiche progettate per migliorare l&#039;integrazione e la praticit\u00e0 dell&#039;utente:<\/p>\n<ul>\n<li>La capacit\u00e0 di lettura rapida consente di eseguire la scansione del messaggio NDEF completo con un solo comando FAST_READ, riducendo cos\u00ec il sovraccarico negli ambienti di produzione ad alta produttivit\u00e0.<\/li>\n<li>Le prestazioni RF migliorate consentono una maggiore flessibilit\u00e0 nella scelta di forma, dimensione e materiali<\/li>\n<li>L&#039;opzione per uno spessore IC di 75 \u03bcm consente la produzione di tag ultrasottili, per un&#039;integrazione pi\u00f9 comoda, ad esempio, in riviste o schede di gioco<\/li>\n<\/ul>\n<h3>Sicurezza<\/h3>\n<ul>\n<li>UID di 7 byte programmato dal produttore per ciascun dispositivo<\/li>\n<li>Contenitore di capacit\u00e0 preprogrammato con bit programmabili una tantum<\/li>\n<li>Funzione di blocco di sola lettura programmabile sul campo<\/li>\n<li>Firma di originalit\u00e0 basata su ECC<\/li>\n<li>Protezione tramite password a 32 bit per impedire operazioni di memoria non autorizzate<\/li>\n<\/ul>\n<h3>Conformit\u00e0 al tipo NFC Forum Tag 2<\/h3>\n<p>Il circuito integrato NTAG 21x garantisce la piena conformit\u00e0 alle specifiche tecniche del tipo NFC Forum Tag 2 e consente configurazioni di strutture dati NDEF.<\/p>\n<h3>Anti-collisione<\/h3>\n<p>Una funzione anti-collisione intelligente consente di utilizzare pi\u00f9 di un tag nel campo contemporaneamente. L&#039;algoritmo anti-collisione seleziona ogni tag individualmente e garantisce che l&#039;esecuzione di una transazione con un tag selezionato venga eseguita correttamente senza interferenze da un altro tag nel campo.<\/p>\n<div class=\"auto-hide-last-sibling-br paragraph_1252f paragraph-element\"><\/div>\n<div class=\"auto-hide-last-sibling-br paragraph_1252f paragraph-element\"><\/div>\n<\/div>\n<\/div>\n<\/div>\n<\/div>\n<\/div>","protected":false},"excerpt":{"rendered":"<p>I TAG RFID PER LAVANDERIA PPS 13,56MHZ sono progettati attentamente per incorporare o attaccare a lenzuola, asciugamani e camici o uniformi mediche primarie che richiedono un tag RFID dal diametro robusto ma compatto. Il design epossidico PPS+ di questa etichetta garantisce che possa resistere a livelli elevati di stress e ambienti ad alta temperatura, rendendola particolarmente resistente e adatta alle industrie pi\u00f9 esigenti. Inoltre, i nostri tag possono essere forniti con chip di memoria NFC sia ISO 15693 che 14443 per soddisfare le diverse esigenze.<\/p>","protected":false},"featured_media":114,"template":"","meta":{"_kad_post_transparent":"default","_kad_post_title":"","_kad_post_layout":"default","_kad_post_sidebar_id":"","_kad_post_content_style":"default","_kad_post_vertical_padding":"default","_kad_post_feature":"","_kad_post_feature_position":"","_kad_post_header":false,"_kad_post_footer":false,"_kad_post_classname":""},"product_brand":[],"product_cat":[21,17],"product_tag":[39,57,45],"class_list":{"0":"post-111","1":"product","2":"type-product","3":"status-publish","4":"has-post-thumbnail","6":"product_cat-pps-rfid-laundry-tag","7":"product_cat-nfc-rfid-laundry-tag","8":"product_tag-nfc-laundry-tag","9":"product_tag-pps-rfid-laundry-tags","10":"product_tag-pps-washable-nfc-tags","12":"first","13":"instock","14":"shipping-taxable","15":"product-type-simple","16":"entry","17":"content-bg","18":"loop-entry"},"_links":{"self":[{"href":"https:\/\/rfid-laundry-tag.com\/it\/wp-json\/wp\/v2\/product\/111","targetHints":{"allow":["GET"]}}],"collection":[{"href":"https:\/\/rfid-laundry-tag.com\/it\/wp-json\/wp\/v2\/product"}],"about":[{"href":"https:\/\/rfid-laundry-tag.com\/it\/wp-json\/wp\/v2\/types\/product"}],"version-history":[{"count":0,"href":"https:\/\/rfid-laundry-tag.com\/it\/wp-json\/wp\/v2\/product\/111\/revisions"}],"wp:featuredmedia":[{"embeddable":true,"href":"https:\/\/rfid-laundry-tag.com\/it\/wp-json\/wp\/v2\/media\/114"}],"wp:attachment":[{"href":"https:\/\/rfid-laundry-tag.com\/it\/wp-json\/wp\/v2\/media?parent=111"}],"wp:term":[{"taxonomy":"product_brand","embeddable":true,"href":"https:\/\/rfid-laundry-tag.com\/it\/wp-json\/wp\/v2\/product_brand?post=111"},{"taxonomy":"product_cat","embeddable":true,"href":"https:\/\/rfid-laundry-tag.com\/it\/wp-json\/wp\/v2\/product_cat?post=111"},{"taxonomy":"product_tag","embeddable":true,"href":"https:\/\/rfid-laundry-tag.com\/it\/wp-json\/wp\/v2\/product_tag?post=111"}],"curies":[{"name":"parola chiave","href":"https:\/\/api.w.org\/{rel}","templated":true}]}}