{"id":82,"date":"2024-06-11T17:29:22","date_gmt":"2024-06-11T17:29:22","guid":{"rendered":"https:\/\/rfid-laundry-tag.com\/?post_type=product&#038;p=82"},"modified":"2024-08-14T16:20:33","modified_gmt":"2024-08-14T16:20:33","slug":"nfc-laundry-token-pps-i-code-slix","status":"publish","type":"product","link":"https:\/\/rfid-laundry-tag.com\/hr\/nfc-laundry-token-pps-i-code-slix\/","title":{"rendered":"NFC token za pranje rublja \u2013 PPS-I Code Slix"},"content":{"rendered":"<div class=\"J_module\">\n<div class=\"ife-detail-decorate-table\">\n<table class=\"has-title all magic-6\">\n<tbody>\n<tr>\n<td colspan=\"1\" rowspan=\"1\">\n<div class=\"magic-7\" data-spm-anchor-id=\"a2700.details.0.i45.77607d98vZbcDU\"><span class=\"magic-8\" style=\"color: #363535;\">Ime proizvoda<\/span><\/div>\n<\/td>\n<td colspan=\"1\" rowspan=\"1\">\n<div class=\"magic-9\">NFC token za pranje rublja \u2013 PPS-I Code Slix<\/div>\n<\/td>\n<\/tr>\n<tr>\n<td colspan=\"1\" rowspan=\"1\">\n<div class=\"magic-7\"><span class=\"magic-10\" data-spm-anchor-id=\"a2700.pc-decorate.0.i10.28d333330XLbTD\"><span class=\"magic-8\">Materijal<\/span><\/span><\/div>\n<\/td>\n<td colspan=\"1\" rowspan=\"1\">\n<div class=\"magic-9\"><span class=\"magic-8\">PPS<\/span><\/div>\n<\/td>\n<\/tr>\n<tr>\n<td colspan=\"1\" rowspan=\"1\">\n<div class=\"magic-7\"><span class=\"magic-8\">Boja<\/span><\/div>\n<\/td>\n<td colspan=\"1\" rowspan=\"1\">\n<div class=\"magic-9\"><span class=\"magic-8\">Crno itd<\/span><\/div>\n<\/td>\n<\/tr>\n<tr>\n<td colspan=\"1\" rowspan=\"1\">MOQ<\/td>\n<td colspan=\"1\" rowspan=\"1\">500kom<\/td>\n<\/tr>\n<tr>\n<td colspan=\"1\" rowspan=\"1\">\n<div class=\"magic-7\"><span class=\"magic-8\">Proizvo\u0111a\u010d\/\u010dip<\/span><\/div>\n<\/td>\n<td colspan=\"1\" rowspan=\"1\">\n<div class=\"magic-9\"><span class=\"magic-8\">NXP I Code Slix ; druge opcije: Ntag213, Ntag215, Ntag216, Mifare Ultralight ev1 itd<\/span><\/div>\n<\/td>\n<\/tr>\n<tr>\n<td colspan=\"1\" rowspan=\"1\">\n<div class=\"magic-7\"><span class=\"magic-8\">Frekvencija<\/span><\/div>\n<\/td>\n<td colspan=\"1\" rowspan=\"1\">\n<div class=\"magic-9\"><span class=\"magic-8\">13,56MHz<\/span><\/div>\n<\/td>\n<\/tr>\n<tr>\n<td colspan=\"1\" rowspan=\"1\">\n<div class=\"magic-7\"><span class=\"magic-8\">Memorija<\/span><\/div>\n<\/td>\n<td colspan=\"1\" rowspan=\"1\">\n<div class=\"magic-9\"><span class=\"magic-8\">1k bajt; memorija drugog \u010dipa: 144 bajta, 504 bajta, 888 bajta, 64 bajta itd.<\/span><\/div>\n<\/td>\n<\/tr>\n<tr>\n<td colspan=\"1\" rowspan=\"1\">\n<div class=\"magic-7\"><span class=\"magic-8\">Pro\u010ditajte Udaljenost<\/span><\/div>\n<\/td>\n<td colspan=\"1\" rowspan=\"1\">\n<div class=\"magic-9\"><span class=\"magic-8\">1~5 cm<\/span><\/div>\n<\/td>\n<\/tr>\n<tr>\n<td colspan=\"1\" rowspan=\"1\">\n<div class=\"magic-7\"><span class=\"magic-8\">Na\u010din rada<\/span><\/div>\n<\/td>\n<td colspan=\"1\" rowspan=\"1\">\n<div class=\"magic-9\"><span class=\"magic-8\">pasivno<\/span><\/div>\n<\/td>\n<\/tr>\n<tr>\n<td colspan=\"1\" rowspan=\"1\">\n<div class=\"magic-7\"><span class=\"magic-8\">Radna temperatura<\/span><\/div>\n<\/td>\n<td colspan=\"1\" rowspan=\"1\">\n<div class=\"magic-9\"><span class=\"magic-8\">-25\u2103~+110\u2103<\/span><\/div>\n<\/td>\n<\/tr>\n<tr>\n<td colspan=\"1\" rowspan=\"1\">\n<div class=\"magic-7\"><span class=\"magic-8\">Temperatura skladi\u0161tenja<\/span><\/div>\n<\/td>\n<td colspan=\"1\" rowspan=\"1\">\n<div class=\"magic-9\"><span class=\"magic-8\">-40\u2103~+85\u2103<\/span><\/div>\n<\/td>\n<\/tr>\n<tr>\n<td colspan=\"1\" rowspan=\"1\">\n<div class=\"magic-7\">\n<div><span class=\"magic-8\">\u00a0<\/span><\/div>\n<p><span class=\"magic-8\">Kratkotrajna temperaturna otpornost<\/span><\/p>\n<\/div>\n<\/td>\n<td colspan=\"1\" rowspan=\"1\">\n<div class=\"magic-9\"><span class=\"magic-8\">pranje: 90\u2103, 15 minuta; predsu\u0161enje pretvara\u010da: 180 \u2103, 30 minuta, 200 puta; gla\u010danje: 180 \u2103, 10 sekundi, 200 puta; visoka<br \/>\ntemperatura sterilizacije: 135 \u2103, 20 minuta<\/span><\/div>\n<\/td>\n<\/tr>\n<tr>\n<td colspan=\"1\" rowspan=\"1\">\n<div class=\"magic-7\"><span class=\"magic-8\">Zna\u010dajke<\/span><\/div>\n<\/td>\n<td colspan=\"1\" rowspan=\"1\">\n<div class=\"magic-9\"><span class=\"magic-8\">vodootporan, periv, otporan na visoke temperature<\/span><\/div>\n<\/td>\n<\/tr>\n<tr>\n<td colspan=\"1\" rowspan=\"1\">\n<div class=\"magic-7\"><span class=\"magic-8\">\u017divot<\/span><\/div>\n<\/td>\n<td colspan=\"1\" rowspan=\"1\">\n<div class=\"magic-9\"><span class=\"magic-8\">pranje 200 puta ili 3 godine<\/span><\/div>\n<\/td>\n<\/tr>\n<tr>\n<td colspan=\"1\" rowspan=\"1\">\n<div class=\"magic-7\"><span class=\"magic-8\">Prijave<\/span><\/div>\n<\/td>\n<td colspan=\"1\" rowspan=\"1\">\n<div class=\"magic-9\"><span class=\"magic-8\">upravljanje praonicama i pra\u0107enje<\/span><\/div>\n<\/td>\n<\/tr>\n<\/tbody>\n<\/table>\n<\/div>\n<\/div>\n<div class=\"J_module\">\n<div class=\"detail-decorate-json-renderer-container\">\n<div class=\"magic-1\">\n<div>\n<div><\/div>\n<\/div>\n<div class=\"magic-2\">\n<div class=\"auto-hide-last-sibling-br paragraph_1252f paragraph-element\">\n<div class=\"auto-hide-last-sibling-br paragraph_1252f paragraph-element\"><b>NFC Laundry Token \u2013 Instalacija PPS-I Code Slix:<\/b><br \/>\nJednom kada tvrtka odlu\u010di da an <b>NFC praonica rublja<\/b> sustav pra\u0107enja im mo\u017ee koristiti, sljede\u0107i korak je odlu\u010divanje o <b>NFC token za pranje rublja<\/b>.<br \/>\nPPS RFID oznaka za rublje tako\u0111er se mo\u017ee pri\u0161iti na va\u0161u odje\u0107u, u tom slu\u010daju su NFC ili UHF funkcije dostupne gdje god se nalazili.<b>Aplikacija za NFC Laundry Token \u2013 PPS-I Code Slix:<\/b><br \/>\n\u2013 Industrijsko pranje.<br \/>\n\u2013 Upravljanje uniformama.<br \/>\n\u2013 Upravljanje medicinskom odje\u0107om.<br \/>\n\u2013 Upravljanje odje\u0107om OZO.<br \/>\n\u2013 Upravljanje personalnom ophodnjom.<br \/>\n\u2013 Upravljanje vatrogasnom opremom.<br \/>\n\u2013 Upravljanje skija\u0161kom opremom.<\/p>\n<\/div>\n<div><\/div>\n<\/div>\n<\/div>\n<div>\n<p>The <strong>ICODE SLIX IC<\/strong> je namjenski \u010dip za aplikacije inteligentnih naljepnica kao \u0161to su knji\u017enice, provjera autenti\u010dnosti proizvoda u razli\u010ditim industrijama kao \u0161to su farmaceutska industrija, industrija medicinskih ure\u0111aja i alkohola, kao i upravljanje proizvodnjom u razli\u010ditim podru\u010djima industrije. Ovaj IC je tre\u0107a generacija proizvoda obitelji IC-ova s pametnim naljepnicama temeljen na ISO standardima ISO\/IEC 15693 i ISO\/IEC 18000-3, produ\u017euju\u0107i uspje\u0161nu pri\u010du NXP-a<sup>\u00ae<\/sup>\u00a0u podru\u010dju sustava za identifikaciju okoline.<\/p>\n<h3>Beskontaktni prijenos energije i podataka<\/h3>\n<p>Kad god je spojen na vrlo jednostavnu i laku za proizvodnju vrstu antene (kao rezultat nosive frekvencije od 13,56 MHz) napravljenu od nekoliko namotaja tiskanih, namotanih, ugraviranih ili izbu\u0161enih zavojnica, ICODE SLIX IC mo\u017ee raditi bez linija vidljivosti do udaljenosti od 1,5 m (\u0161irina vrata). Baterija nije potrebna. Kada se pametna naljepnica postavi u polje ispitiva\u010dke antene, RF komunikacijsko su\u010delje velike brzine omogu\u0107uje prijenos podataka do 53 kbit\/s.<\/p>\n<h3>Za\u0161tita od sudara<\/h3>\n<p>Inteligentna funkcija protiv sudara omogu\u0107uje da nekoliko oznaka istovremeno radi na terenu. Algoritam protiv sudara odabire svaku oznaku pojedina\u010dno i osigurava da se izvr\u0161enje transakcije s odabranom oznakom izvodi ispravno bez o\u0161te\u0107enja podataka koje proizlazi iz drugih oznaka u polju.<\/p>\n<h3>Zna\u010dajke<\/h3>\n<div id=\"featuresXsp\" class=\"features-list\">\n<div class=\"features-xsp\">\n<div class=\"collapse-mobile ste-list\">\n<h3>ICODE SLIX RF su\u010delje (ISO\/IEC 15693)<\/h3>\n<ul class=\"boxes\">\n<li>Beskontaktni prijenos podataka i opskrba energijom (nije potrebna baterija)<\/li>\n<li>Radna udaljenost: do 1,5 m (ovisno o geometriji antene)<\/li>\n<li>Radna frekvencija: 13,56 MHz (ISM, besplatna licenca za cijeli svijet)<\/li>\n<li>Brzi prijenos podataka: do 53 kbit\/s<\/li>\n<li>Visoki integritet podataka: 16-bitni CRC, okvir<\/li>\n<li>Prava za\u0161tita od sudara<\/li>\n<li>Elektroni\u010dki nadzor proizvoda (EAS) za\u0161ti\u0107en lozinkom<\/li>\n<li>Identifikator obitelji aplikacija (AFI) za\u0161ti\u0107en lozinkom<\/li>\n<li>IDentifikator formata pohrane podataka (DSFID)<\/li>\n<li>Dodatno brzo o\u010ditavanje protiv sudara<\/li>\n<li>Udaljenost pisanja jednaka je udaljenosti \u010ditanja<\/li>\n<\/ul>\n<\/div>\n<div class=\"collapse-mobile ste-list\">\n<h3>EEPROM<\/h3>\n<ul class=\"boxes\">\n<li>1024 bita, organiziranih u 32 bloka od po 4 bajta<\/li>\n<li>50 godina \u010duvanja podataka<\/li>\n<li>Napi\u0161ite izdr\u017eljivost od 100 000 ciklusa<\/li>\n<\/ul>\n<\/div>\n<div class=\"collapse-mobile ste-list\">\n<h3>Sigurnost<\/h3>\n<ul class=\"boxes\">\n<li>Jedinstveni identifikator za svaki ure\u0111aj<\/li>\n<li>Mehanizam zaklju\u010davanja za svaki blok korisni\u010dke memorije (za\u0161tita od pisanja)<\/li>\n<li>Mehanizam zaklju\u010davanja za DSFID, AFI, EAS<\/li>\n<li>Funkcionalnost EAS i AFI za\u0161ti\u0107ena lozinkom (32-bitna).<\/li>\n<\/ul>\n<\/div>\n<\/div>\n<\/div>\n<\/div>\n<div class=\"magic-2\">\n<div class=\"auto-hide-last-sibling-br paragraph_1252f paragraph-element\">\n<p>&nbsp;<\/p>\n<div class=\"auto-hide-last-sibling-br paragraph_1252f paragraph-element\"><\/div>\n<div class=\"auto-hide-last-sibling-br paragraph_1252f paragraph-element\"><\/div>\n<\/div>\n<\/div>\n<\/div>\n<\/div>\n<\/div>","protected":false},"excerpt":{"rendered":"<p>ICODE SLI NFC \u017eetoni za pranje rublja, opremljeni mogu\u0107nostima protiv sudara i EAS, savr\u0161eno su prilago\u0111eni za primjenu u praonicama rublja.<\/p>","protected":false},"featured_media":107,"template":"","meta":{"_kad_post_transparent":"default","_kad_post_title":"","_kad_post_layout":"default","_kad_post_sidebar_id":"","_kad_post_content_style":"default","_kad_post_vertical_padding":"default","_kad_post_feature":"","_kad_post_feature_position":"","_kad_post_header":false,"_kad_post_footer":false,"_kad_post_classname":""},"product_brand":[],"product_cat":[21,17],"product_tag":[37,55,42,45],"class_list":{"0":"post-82","1":"product","2":"type-product","3":"status-publish","4":"has-post-thumbnail","6":"product_cat-pps-rfid-laundry-tag","7":"product_cat-nfc-rfid-laundry-tag","8":"product_tag-nfc-button","9":"product_tag-nfc-laundry-token-i-code-slix","10":"product_tag-pps-nfc-laundry-tag","11":"product_tag-pps-washable-nfc-tags","13":"first","14":"instock","15":"shipping-taxable","16":"product-type-simple","17":"entry","18":"content-bg","19":"loop-entry"},"_links":{"self":[{"href":"https:\/\/rfid-laundry-tag.com\/hr\/wp-json\/wp\/v2\/product\/82","targetHints":{"allow":["GET"]}}],"collection":[{"href":"https:\/\/rfid-laundry-tag.com\/hr\/wp-json\/wp\/v2\/product"}],"about":[{"href":"https:\/\/rfid-laundry-tag.com\/hr\/wp-json\/wp\/v2\/types\/product"}],"version-history":[{"count":1,"href":"https:\/\/rfid-laundry-tag.com\/hr\/wp-json\/wp\/v2\/product\/82\/revisions"}],"predecessor-version":[{"id":1318,"href":"https:\/\/rfid-laundry-tag.com\/hr\/wp-json\/wp\/v2\/product\/82\/revisions\/1318"}],"wp:featuredmedia":[{"embeddable":true,"href":"https:\/\/rfid-laundry-tag.com\/hr\/wp-json\/wp\/v2\/media\/107"}],"wp:attachment":[{"href":"https:\/\/rfid-laundry-tag.com\/hr\/wp-json\/wp\/v2\/media?parent=82"}],"wp:term":[{"taxonomy":"product_brand","embeddable":true,"href":"https:\/\/rfid-laundry-tag.com\/hr\/wp-json\/wp\/v2\/product_brand?post=82"},{"taxonomy":"product_cat","embeddable":true,"href":"https:\/\/rfid-laundry-tag.com\/hr\/wp-json\/wp\/v2\/product_cat?post=82"},{"taxonomy":"product_tag","embeddable":true,"href":"https:\/\/rfid-laundry-tag.com\/hr\/wp-json\/wp\/v2\/product_tag?post=82"}],"curies":[{"name":"radni list","href":"https:\/\/api.w.org\/{rel}","templated":true}]}}