{"id":727,"date":"2024-07-16T17:02:27","date_gmt":"2024-07-16T17:02:27","guid":{"rendered":"https:\/\/rfid-laundry-tag.com\/?post_type=product&#038;p=727"},"modified":"2024-09-16T05:10:50","modified_gmt":"2024-09-16T05:10:50","slug":"alien-h9-9662-rfid-inlay-sticker","status":"publish","type":"product","link":"https:\/\/rfid-laundry-tag.com\/hr\/alien-h9-9662-rfid-inlay-sticker\/","title":{"rendered":"Alien H9 9662 RFID umetnuta naljepnica"},"content":{"rendered":"<h2>Alien H9 9662 RFID umetnuta naljepnica<\/h2>\n<p><strong>Frekvencija:<\/strong>\u00a0UHF 860-960MHz<br \/>\n<strong>\u010cip:<\/strong> ANALIEN Higgs-3,Alien H9<br \/>\n<strong>Protokol:<\/strong>\u00a0EPC klasa 1 Gen2, ISO18000-6C<br \/>\n<strong>Memorija:<\/strong><\/p>\n<ul>\n<li>EPC: 96 bita<\/li>\n<li>TID: 32 bita<\/li>\n<li>Korisnik: 512 bita<br \/>\n<strong>Udaljenost \u010ditanja:<\/strong>\u00a01~8 metara (ovisno o \u010dita\u010du)<\/li>\n<\/ul>\n<p><strong>Dimenzije:<\/strong> 82,50 x 25,40 mm<br \/>\n<strong>Formati:<\/strong> Suhi umetak, mokri umetak<br \/>\nVisokokvalitetna proizvodnja za pouzdan rad u slo\u017eenim okru\u017eenjima.<\/p>\n<h4 class=\"alternative\">Alien H9 Chips Highlights<\/h4>\n<ul>\n<li>Sukladno GS1 Class 1 Gen 2 i ISO\/IEC 18000-6C<\/li>\n<li>Rad \u0161irom svijeta u RFID UHF pojasevima (840-960 MHz)<\/li>\n<li>1024-bitna NVM\/RAM memorija<\/li>\n<li>Do 496-EPC bita (nominalno 96 bita)<\/li>\n<li>Do 688 korisni\u010dkih bitova<\/li>\n<li>48-bitni jedinstveni TID<\/li>\n<li>32-bitni pristup i 32-bitni Kill Pass-<br \/>\nrije\u010di<\/li>\n<li>Unaprijed programiran s jedinstvenim, nepromjenjivim<br \/>\nmogu\u0107 48-bitni serijski broj<\/li>\n<li>Korisni\u010dka memorija mo\u017ee se trajno blokirati<br \/>\nZaklju\u010dano, kao i \u010ditanje lozinke pro-<br \/>\nza\u0161ti\u0107eno u 256 bitnim blokovima<\/li>\n<li>Rad male snage za \u010ditanje i<br \/>\nprogram<\/li>\n<li>QuickWrite\u2122 \/ BlastWrite\u2122 \u2013 Velika brzina<br \/>\nprogramiranje \u010dipova i mase<\/li>\n<li>Dynamic AuthenticationTM protiv kloniranja \/<br \/>\ntehnologija protiv krivotvorina<\/li>\n<li>Izuzetan radni domet, do 13m<br \/>\ns odgovaraju\u0107om antenom.<\/li>\n<\/ul>\n<p><strong>Prijave:<\/strong><\/p>\n<ul>\n<li>Upravljanje lancem opskrbe<\/li>\n<li>Distribucijska logistika<\/li>\n<li>Provjera autenti\u010dnosti proizvoda<\/li>\n<li>Popis i pra\u0107enje imovine<\/li>\n<li>Rukovanje i pra\u0107enje prtljage<\/li>\n<\/ul>\n<p><strong>Glavne zna\u010dajke:<\/strong><\/p>\n<ul>\n<li>UHF RFID umetnuta naljepnica visokih performansi<\/li>\n<li>Dug raspon \u010ditanja i pouzdane performanse<\/li>\n<li>Prikladno za razli\u010dite primjene koje zahtijevaju robusno RFID pra\u0107enje<\/li>\n<li>Koristi industrijski standardni protokol EPC Class 1 Gen2<\/li>\n<\/ul>\n<p><strong>Bilje\u0161ka:<\/strong>\u00a0Stvarna udaljenost \u010ditanja mo\u017ee varirati ovisno o \u010dimbenicima kao \u0161to su snaga \u010dita\u010da, dizajn antene, uvjeti okoline i orijentacija oznake.<\/p>\n<h2>\u010cesto postavljana pitanja: Alien H9 9662 RFID umetnuta naljepnica<\/h2>\n<p><strong>General<\/strong><\/p>\n<ol>\n<li><strong>Koliki je raspon o\u010ditanja Alien H9 9662 RFID umetnute naljepnice?<\/strong><br \/>\nRaspon \u010ditanja Alien H9 9662 RFID umetnute naljepnice mo\u017ee varirati ovisno o \u010dimbenicima kao \u0161to su kori\u0161teni \u010dita\u010d, konfiguracija antene i uvjeti okoline.<\/li>\n<li><strong>Koja je radna frekvencija Alien H9 9662 RFID umetnute naljepnice?<\/strong><br \/>\nAlien H9 9662 RFID Inlay Sticker radi u UHF frekvencijskom rasponu od 865-868 MHz.<\/li>\n<li><strong>Je li ulo\u017eak kompatibilan s EPC Class 1 Gen2 protokolom?<\/strong><br \/>\nDa, Alien H9 9662 RFID Inlay naljepnica kompatibilna je s protokolom EPC Class 1 Gen2.<\/li>\n<li><strong>Koje su dimenzije Alien H9 9662 RFID umetnute naljepnice?<\/strong><br \/>\nBilo koja veli\u010dina mo\u017ee se prilagoditi.<\/li>\n<li><strong>Dolazi li umetak u razli\u010ditim formatima poput suhog ili mokrog ulo\u0161ka?<\/strong><br \/>\nDa, umetak je dostupan u suhom ili mokrom formatu ulo\u0161ka.<\/li>\n<li><strong>Kako se Alien H9 9662 RFID umetnuta naljepnica pona\u0161a u slo\u017eenim okru\u017eenjima?<\/strong><br \/>\nAlien H9 9662 RFID umetnuta naljepnica dizajnirana je za dobru izvedbu u slo\u017eenim okru\u017eenjima. Me\u0111utim, \u010dimbenici poput metalnih smetnji, vlage i temperature mogu utjecati na domet o\u010ditanja.<\/li>\n<\/ol>\n<p><strong>Naru\u010divanje i dostupnost<\/strong><\/p>\n<ol>\n<li><strong>Gdje mogu kupiti Alien H9 9662 RFID umetnutu naljepnicu?<\/strong><br \/>\nDa, mo\u017eemo prodati RFID ulo\u017eak, imamo vi\u0161e od 12 godina iskustva u proizvodnji.<\/li>\n<li><strong>Koje je vrijeme isporuke za narud\u017ebe?<\/strong><br \/>\nNavedite tipi\u010dno vrijeme isporuke za obradu narud\u017ebi. Kao i obi\u010dno, to je oko 10 dana<\/li>\n<li><strong>Postoje li minimalne koli\u010dine za narud\u017ebu?<\/strong><br \/>\n1000kom<\/li>\n<li><strong>Je li mogu\u0107e dobiti uzorak Alien H9 9662 RFID umetnute naljepnice?<\/strong><br \/>\nDa, besplatni uzorci<\/li>\n<\/ol>\n<p>&nbsp;<\/p>","protected":false},"excerpt":{"rendered":"<p>Alien H9 9662 RFID umetnuta naljepnica: UHF RFID ulo\u017eak visokih performansi za upravljanje opskrbnim lancem, pra\u0107enje imovine i vi\u0161e.<\/p>","protected":false},"featured_media":728,"template":"","meta":{"_kad_post_transparent":"default","_kad_post_title":"","_kad_post_layout":"default","_kad_post_sidebar_id":"","_kad_post_content_style":"default","_kad_post_vertical_padding":"default","_kad_post_feature":"","_kad_post_feature_position":"","_kad_post_header":false,"_kad_post_footer":false,"_kad_post_classname":""},"product_brand":[],"product_cat":[189,54],"product_tag":[266,267,108],"class_list":{"0":"post-727","1":"product","2":"type-product","3":"status-publish","4":"has-post-thumbnail","6":"product_cat-rfid-inlay","7":"product_cat-hot-selling-rfid-tags","8":"product_tag-9662-rfid-inlay-sticker","9":"product_tag-h9-rfid-inlay","10":"product_tag-rfid-inlay","12":"first","13":"instock","14":"shipping-taxable","15":"product-type-simple","16":"entry","17":"content-bg","18":"loop-entry"},"_links":{"self":[{"href":"https:\/\/rfid-laundry-tag.com\/hr\/wp-json\/wp\/v2\/product\/727","targetHints":{"allow":["GET"]}}],"collection":[{"href":"https:\/\/rfid-laundry-tag.com\/hr\/wp-json\/wp\/v2\/product"}],"about":[{"href":"https:\/\/rfid-laundry-tag.com\/hr\/wp-json\/wp\/v2\/types\/product"}],"version-history":[{"count":2,"href":"https:\/\/rfid-laundry-tag.com\/hr\/wp-json\/wp\/v2\/product\/727\/revisions"}],"predecessor-version":[{"id":730,"href":"https:\/\/rfid-laundry-tag.com\/hr\/wp-json\/wp\/v2\/product\/727\/revisions\/730"}],"wp:featuredmedia":[{"embeddable":true,"href":"https:\/\/rfid-laundry-tag.com\/hr\/wp-json\/wp\/v2\/media\/728"}],"wp:attachment":[{"href":"https:\/\/rfid-laundry-tag.com\/hr\/wp-json\/wp\/v2\/media?parent=727"}],"wp:term":[{"taxonomy":"product_brand","embeddable":true,"href":"https:\/\/rfid-laundry-tag.com\/hr\/wp-json\/wp\/v2\/product_brand?post=727"},{"taxonomy":"product_cat","embeddable":true,"href":"https:\/\/rfid-laundry-tag.com\/hr\/wp-json\/wp\/v2\/product_cat?post=727"},{"taxonomy":"product_tag","embeddable":true,"href":"https:\/\/rfid-laundry-tag.com\/hr\/wp-json\/wp\/v2\/product_tag?post=727"}],"curies":[{"name":"radni list","href":"https:\/\/api.w.org\/{rel}","templated":true}]}}