{"id":723,"date":"2024-07-16T16:29:22","date_gmt":"2024-07-16T16:29:22","guid":{"rendered":"https:\/\/rfid-laundry-tag.com\/?post_type=product&#038;p=723"},"modified":"2024-08-14T16:40:29","modified_gmt":"2024-08-14T16:40:29","slug":"uhf-rfid-inlay-monza-m4-chips","status":"publish","type":"product","link":"https:\/\/rfid-laundry-tag.com\/hr\/uhf-rfid-inlay-monza-m4-chips\/","title":{"rendered":"UHF RFID Inlay Monza M4 \u010dipovi"},"content":{"rendered":"<div>\n<ul>\n<li><strong>Naziv proizvoda:<\/strong>\u00a0UHF RFID Inlay Monza M4\/M5 \u010dipovi<\/li>\n<li><strong>Materijal:<\/strong>\u00a0Premazani papir, PET itd<\/li>\n<li><strong>\u010cip:<\/strong>\u00a0Monza M4\/M5<\/li>\n<li><strong>Boja:<\/strong>\u00a0Bijela<\/li>\n<li><strong>Protokol:<\/strong>\u00a0Globalni EPC Class1 Gen2 ISO\/IEC 18000-6C<\/li>\n<li><strong>Frekvencija:<\/strong>\u00a0860-960 mhz<\/li>\n<li><strong>Raspon \u010dita\u010da:<\/strong>\u00a06M~12M (ovisno o okru\u017eenju i udaljenosti za \u010ditanje i pisanje)<\/li>\n<li><strong>Metoda rada:<\/strong>\u00a0Pasivna<\/li>\n<li><strong>Radno recikliranje:<\/strong>\u00a0&gt;100 000 puta<\/li>\n<li><strong>Primjena:<\/strong>\u00a0Sljedivost protiv krivotvorina, prijenos podataka.<\/li>\n<\/ul>\n<p><strong>Opis UHF RFID Inlay Monza M4 \u010dipova:<\/strong><\/p>\n<p>Ovi UHF RFID umetci, s Monza M4\/M5 \u010dipovima, dizajnirani su za razli\u010dite primjene koje zahtijevaju pouzdan prijenos podataka i mjere protiv krivotvorenja.<\/p>\n<p><strong>Glavne zna\u010dajke:<\/strong><\/p>\n<ul>\n<li><strong>Izdr\u017eljivo:<\/strong>\u00a0Izra\u0111en od visokokvalitetnih materijala za produljeni vijek trajanja.<\/li>\n<li><strong>Pouzdan:<\/strong>\u00a0Nudi robusne performanse za precizno prikupljanje podataka.<\/li>\n<li><strong>Svestran:<\/strong>\u00a0Prikladno za razli\u010dite primjene, uklju\u010duju\u0107i pra\u0107enje inventara, upravljanje imovinom i pra\u0107enje opskrbnog lanca.<\/li>\n<li><strong>Siguran:<\/strong>\u00a0Doprinosi naporima protiv krivotvorenja i osigurava autenti\u010dnost proizvoda.<\/li>\n<\/ul>\n<h2>UHF RFID Inlay Monza M4\/M5 \u010dipovi: \u010cesto postavljana pitanja<\/h2>\n<p><strong>1. Koja je razlika izme\u0111u Monza M4 i Monza M5 \u010dipova?<\/strong><\/p>\n<p>\u010cipovi Monza M4 i M5 su UHF RFID \u010dipovi visokih performansi. Glavna razlika le\u017ei u njihovom kapacitetu memorije:<\/p>\n<ul>\n<li><strong>Monza M4:<\/strong>\u00a0Nudi 128 bita korisni\u010dke memorije.<\/li>\n<li><strong>Monza M5:<\/strong>\u00a0Nudi 512 bita korisni\u010dke memorije.<\/li>\n<\/ul>\n<p>To zna\u010di da Monza M5 mo\u017ee pohraniti znatno vi\u0161e podataka, \u0161to ga \u010dini idealnim za aplikacije koje zahtijevaju opse\u017enu pohranu podataka.<\/p>\n<p><strong>2. Koje su prednosti kori\u0161tenja UHF RFID Inlay Monza M4 \u010dipova?<\/strong><\/p>\n<p>Monza M4\/M5 \u010dipovi pru\u017eaju brojne prednosti:<\/p>\n<ul>\n<li><strong>Visoki raspon o\u010ditanja:<\/strong>\u00a0Nude izvrsne domete \u010ditanja, koji se prote\u017eu do 12 metara u optimalnim uvjetima.<\/li>\n<li><strong>Brze brzine \u010ditanja\/pisanja:<\/strong>\u00a0Ovi \u010dipovi omogu\u0107uju brzi pristup podacima, pojednostavljivanje operacija.<\/li>\n<li><strong>Pobolj\u0161ana izvedba:<\/strong>\u00a0Oni pru\u017eaju pouzdane i dosljedne performanse u izazovnim okru\u017eenjima.<\/li>\n<li><strong>Sigurnost podataka:<\/strong>\u00a0\u010cipovi sadr\u017ee sigurnosne zna\u010dajke za za\u0161titu osjetljivih podataka.<\/li>\n<\/ul>\n<p><strong>3. Koje su vrste aplikacija prikladne za Monza M4\/M5 RFID umetke?<\/strong><\/p>\n<p>Ovi umetci su prikladni za \u0161irok raspon primjena, uklju\u010duju\u0107i:<\/p>\n<ul>\n<li><strong>Upravljanje zalihama:<\/strong>\u00a0Pra\u0107enje razine zaliha i kretanja proizvoda unutar skladi\u0161ta i maloprodajnih trgovina.<\/li>\n<li><strong>Pra\u0107enje sredstava:<\/strong>\u00a0Pra\u0107enje imovine, opreme i alata u razli\u010ditim okru\u017eenjima.<\/li>\n<li><strong>Upravljanje lancem opskrbe:<\/strong>\u00a0Pobolj\u0161anje vidljivosti i transparentnosti opskrbnog lanca.<\/li>\n<li><strong>Za\u0161tita od krivotvorina:<\/strong>\u00a0Sprje\u010davanje krivotvorenja proizvoda i osiguranje autenti\u010dnosti.<\/li>\n<li><strong>Kontrola pristupa:<\/strong>\u00a0Upravljanje pristupom sigurnim podru\u010djima ili ograni\u010denim prostorima.<\/li>\n<\/ul>\n<p><strong>4. Kako mogu odabrati pravi RFID umetak za svoju specifi\u010dnu primjenu?<\/strong><\/p>\n<p>Izbor optimalnog RFID umetka ovisi o specifi\u010dnim zahtjevima va\u0161e aplikacije:<\/p>\n<ul>\n<li><strong>Potrebe za pohranom podataka:<\/strong>\u00a0Ako trebate pohraniti opse\u017ene podatke, razmislite o Monzi M5 s ve\u0107im kapacitetom memorije.<\/li>\n<li><strong>Raspon \u010ditanja:<\/strong>\u00a0Odredite potrebni raspon \u010ditanja kako biste osigurali ispravnu identifikaciju oznake.<\/li>\n<li><strong>Uvjeti okoli\u0161a:<\/strong>\u00a0Uzmite u obzir radno okru\u017eenje (temperatura, vla\u017enost itd.) kako biste odabrali robusni ulo\u017eak.<\/li>\n<li><strong>Vrsta aplikacije:<\/strong>\u00a0Specifi\u010dna primjena (npr. pra\u0107enje inventara, upravljanje imovinom) utjecat \u0107e na izbor umetka.<\/li>\n<\/ul>\n<p><strong>5. Koji su tipi\u010dni tro\u0161kovi povezani s RFID umetcima koji koriste Monza M4\/M5 \u010dipove?<\/strong><\/p>\n<p>Cijena RFID umetaka varira ovisno o \u010dimbenicima kao \u0161to su vrsta \u010dipa, dizajn umetaka, naru\u010dena koli\u010dina i dodatne zna\u010dajke. Kontaktirajte RFID proizvo\u0111a\u010de ili dobavlja\u010de za to\u010dne informacije o cijenama.<\/p>\n<p><strong>6. Jesu li umetci Monza M4\/M5 kompatibilni sa standardnim RFID \u010dita\u010dima?<\/strong><\/p>\n<p>Da, ovi umetci su dizajnirani za rad sa standardnim RFID \u010dita\u010dima koji rade na UHF frekvencijskom rasponu.<\/p>\n<p><strong>7. Gdje mogu kupiti Monza M4\/M5 RFID umetke?<\/strong><\/p>\n<p>RFID umeci s Monza M4\/M5 \u010dipovima \u0161iroko su dostupni od raznih proizvo\u0111a\u010da i dobavlja\u010da specijaliziranih za RFID tehnologiju.<\/p>\n<p><strong>8. Postoje li dostupni izvori koji bi mi pomogli da saznam vi\u0161e o RFID tehnologiji?<\/strong><\/p>\n<p>Da, mo\u017eete prona\u0107i brojne resurse na internetu i putem RFID industrijskih udru\u017eenja:<\/p>\n<ul>\n<li><strong>RFID dnevnik:<\/strong>\u00a0Vode\u0107i izvor RFID vijesti i informacija.<\/li>\n<li><strong>Udruga RFID industrije (RFIDIA):<\/strong>\u00a0Globalna organizacija koja promi\u010de kori\u0161tenje RFID tehnologije.<\/li>\n<li><strong>Web stranice proizvo\u0111a\u010da:<\/strong>\u00a0Za tehni\u010dku dokumentaciju i podr\u0161ku provjerite web stranice velikih proizvo\u0111a\u010da RFID \u010dipova.<\/li>\n<\/ul>\n<\/div>\n<div class=\"auto-hide-last-sibling-br paragraph_9dc5f paragraph-element\"><\/div>\n<div class=\"auto-hide-last-sibling-br paragraph_9dc5f paragraph-element\"><\/div>","protected":false},"excerpt":{"rendered":"<p>UHF RFID Inlay Monza M4 \u010dipovi za inventar, pra\u0107enje imovine i borbu protiv krivotvorenja. Visoki rasponi \u010ditanja, brz pristup podacima i robusna izvedba.<\/p>","protected":false},"featured_media":724,"template":"","meta":{"_kad_post_transparent":"default","_kad_post_title":"","_kad_post_layout":"default","_kad_post_sidebar_id":"","_kad_post_content_style":"default","_kad_post_vertical_padding":"default","_kad_post_feature":"","_kad_post_feature_position":"","_kad_post_header":false,"_kad_post_footer":false,"_kad_post_classname":""},"product_brand":[],"product_cat":[54,189],"product_tag":[108,190],"class_list":{"0":"post-723","1":"product","2":"type-product","3":"status-publish","4":"has-post-thumbnail","6":"product_cat-hot-selling-rfid-tags","7":"product_cat-rfid-inlay","8":"product_tag-rfid-inlay","9":"product_tag-uhf-rfid-inlay-monza-m4-m5-chips","11":"first","12":"instock","13":"shipping-taxable","14":"product-type-simple","15":"entry","16":"content-bg","17":"loop-entry"},"_links":{"self":[{"href":"https:\/\/rfid-laundry-tag.com\/hr\/wp-json\/wp\/v2\/product\/723","targetHints":{"allow":["GET"]}}],"collection":[{"href":"https:\/\/rfid-laundry-tag.com\/hr\/wp-json\/wp\/v2\/product"}],"about":[{"href":"https:\/\/rfid-laundry-tag.com\/hr\/wp-json\/wp\/v2\/types\/product"}],"version-history":[{"count":4,"href":"https:\/\/rfid-laundry-tag.com\/hr\/wp-json\/wp\/v2\/product\/723\/revisions"}],"predecessor-version":[{"id":1331,"href":"https:\/\/rfid-laundry-tag.com\/hr\/wp-json\/wp\/v2\/product\/723\/revisions\/1331"}],"wp:featuredmedia":[{"embeddable":true,"href":"https:\/\/rfid-laundry-tag.com\/hr\/wp-json\/wp\/v2\/media\/724"}],"wp:attachment":[{"href":"https:\/\/rfid-laundry-tag.com\/hr\/wp-json\/wp\/v2\/media?parent=723"}],"wp:term":[{"taxonomy":"product_brand","embeddable":true,"href":"https:\/\/rfid-laundry-tag.com\/hr\/wp-json\/wp\/v2\/product_brand?post=723"},{"taxonomy":"product_cat","embeddable":true,"href":"https:\/\/rfid-laundry-tag.com\/hr\/wp-json\/wp\/v2\/product_cat?post=723"},{"taxonomy":"product_tag","embeddable":true,"href":"https:\/\/rfid-laundry-tag.com\/hr\/wp-json\/wp\/v2\/product_tag?post=723"}],"curies":[{"name":"radni list","href":"https:\/\/api.w.org\/{rel}","templated":true}]}}