{"id":70,"date":"2024-06-11T14:43:51","date_gmt":"2024-06-11T14:43:51","guid":{"rendered":"https:\/\/rfid-laundry-tag.com\/?post_type=product&#038;p=70"},"modified":"2024-06-14T13:38:47","modified_gmt":"2024-06-14T13:38:47","slug":"uhf-rfid-laundry-tag-pps-material","status":"publish","type":"product","link":"https:\/\/rfid-laundry-tag.com\/hr\/uhf-rfid-laundry-tag-pps-material\/","title":{"rendered":"UHF RFID oznaka za rublje | PPS materijal"},"content":{"rendered":"<div class=\"J_module\">\n<div class=\"ife-detail-decorate-table\">\n<table class=\"has-title all magic-6\">\n<tbody>\n<tr>\n<td colspan=\"1\" rowspan=\"1\">\n<div class=\"magic-7\" data-spm-anchor-id=\"a2700.details.0.i45.77607d98vZbcDU\"><span class=\"magic-8\" style=\"color: #363535;\">Ime proizvoda<\/span><\/div>\n<\/td>\n<td colspan=\"1\" rowspan=\"1\">\n<div class=\"magic-9\"><span class=\"magic-8\">UHF RFID oznaka za rublje PPS<\/span><\/div>\n<\/td>\n<\/tr>\n<tr>\n<td colspan=\"1\" rowspan=\"1\">\n<div class=\"magic-7\"><span class=\"magic-10\" data-spm-anchor-id=\"a2700.pc-decorate.0.i10.28d333330XLbTD\"><span class=\"magic-8\">Materijal<\/span><\/span><\/div>\n<\/td>\n<td colspan=\"1\" rowspan=\"1\">\n<div class=\"magic-9\"><span class=\"magic-8\">PPS<\/span><\/div>\n<\/td>\n<\/tr>\n<tr>\n<td colspan=\"1\" rowspan=\"1\">\n<div class=\"magic-7\"><span class=\"magic-8\">Boja<\/span><\/div>\n<\/td>\n<td colspan=\"1\" rowspan=\"1\">\n<div class=\"magic-9\"><span class=\"magic-8\">Crno<\/span><\/div>\n<\/td>\n<\/tr>\n<tr>\n<td colspan=\"1\" rowspan=\"1\">MOQ<\/td>\n<td colspan=\"1\" rowspan=\"1\">500kom<\/td>\n<\/tr>\n<tr>\n<td colspan=\"1\" rowspan=\"1\">\n<div class=\"magic-7\"><span class=\"magic-8\">Proizvo\u0111a\u010d\/\u010dip<\/span><\/div>\n<\/td>\n<td colspan=\"1\" rowspan=\"1\">\n<div class=\"magic-9\"><span class=\"magic-8\">NXP UCODE 8, UCODE 9<\/span><\/div>\n<\/td>\n<\/tr>\n<tr>\n<td colspan=\"1\" rowspan=\"1\">\n<div class=\"magic-7\"><span class=\"magic-8\">Frekvencija<\/span><\/div>\n<\/td>\n<td colspan=\"1\" rowspan=\"1\">\n<div class=\"magic-9\"><span class=\"magic-8\">860-960MHz\/<\/span><\/div>\n<\/td>\n<\/tr>\n<tr>\n<td colspan=\"1\" rowspan=\"1\">\n<div class=\"magic-7\"><span class=\"magic-8\">Memorija<\/span><\/div>\n<\/td>\n<td colspan=\"1\" rowspan=\"1\">\n<div class=\"magic-9\"><span class=\"magic-8\">96 bita\/128 bita<\/span><\/div>\n<\/td>\n<\/tr>\n<tr>\n<td colspan=\"1\" rowspan=\"1\">\n<div class=\"magic-7\"><span class=\"magic-8\">Pro\u010ditajte Udaljenost<\/span><\/div>\n<\/td>\n<td colspan=\"1\" rowspan=\"1\">\n<div class=\"magic-9\"><span class=\"magic-8\">1-6m<\/span><\/div>\n<\/td>\n<\/tr>\n<tr>\n<td colspan=\"1\" rowspan=\"1\">\n<div class=\"magic-7\"><span class=\"magic-8\">Na\u010din rada<\/span><\/div>\n<\/td>\n<td colspan=\"1\" rowspan=\"1\">\n<div class=\"magic-9\"><span class=\"magic-8\">pasivno<\/span><\/div>\n<\/td>\n<\/tr>\n<tr>\n<td colspan=\"1\" rowspan=\"1\">\n<div class=\"magic-7\"><span class=\"magic-8\">Radna temperatura<\/span><\/div>\n<\/td>\n<td colspan=\"1\" rowspan=\"1\">\n<div class=\"magic-9\"><span class=\"magic-8\">-25\u2103~+110\u2103<\/span><\/div>\n<\/td>\n<\/tr>\n<tr>\n<td colspan=\"1\" rowspan=\"1\">\n<div class=\"magic-7\"><span class=\"magic-8\">Temperatura skladi\u0161tenja<\/span><\/div>\n<\/td>\n<td colspan=\"1\" rowspan=\"1\">\n<div class=\"magic-9\"><span class=\"magic-8\">-40\u2103~+85\u2103<\/span><\/div>\n<\/td>\n<\/tr>\n<tr>\n<td colspan=\"1\" rowspan=\"1\">\n<div class=\"magic-7\">\n<div><span class=\"magic-8\">\u00a0<\/span><\/div>\n<p><span class=\"magic-8\">Kratkotrajna temperaturna otpornost<\/span><\/p>\n<\/div>\n<\/td>\n<td colspan=\"1\" rowspan=\"1\">\n<div class=\"magic-9\"><span class=\"magic-8\">pranje: 90\u2103, 15 minuta; predsu\u0161enje pretvara\u010da: 180 \u2103, 30 minuta, 200 puta; gla\u010danje: 180 \u2103, 10 sekundi, 200 puta; visoka<br \/>\ntemperatura sterilizacije: 135 \u2103, 20 minuta<\/span><\/div>\n<\/td>\n<\/tr>\n<tr>\n<td colspan=\"1\" rowspan=\"1\">\n<div class=\"magic-7\"><span class=\"magic-8\">Zna\u010dajke<\/span><\/div>\n<\/td>\n<td colspan=\"1\" rowspan=\"1\">\n<div class=\"magic-9\"><span class=\"magic-8\">vodootporan, periv, otporan na visoke temperature<\/span><\/div>\n<\/td>\n<\/tr>\n<tr>\n<td colspan=\"1\" rowspan=\"1\">\n<div class=\"magic-7\"><span class=\"magic-8\">\u017divot<\/span><\/div>\n<\/td>\n<td colspan=\"1\" rowspan=\"1\">\n<div class=\"magic-9\"><span class=\"magic-8\">pranje 200 puta ili 3 godine<\/span><\/div>\n<\/td>\n<\/tr>\n<tr>\n<td colspan=\"1\" rowspan=\"1\">\n<div class=\"magic-7\"><span class=\"magic-8\">Prijave<\/span><\/div>\n<\/td>\n<td colspan=\"1\" rowspan=\"1\">\n<div class=\"magic-9\"><span class=\"magic-8\">upravljanje praonicama i pra\u0107enje<\/span><\/div>\n<\/td>\n<\/tr>\n<\/tbody>\n<\/table>\n<\/div>\n<\/div>\n<div class=\"J_module\">\n<div class=\"detail-decorate-json-renderer-container\">\n<div class=\"magic-1\">\n<div class=\"magic-2\">\n<div class=\"magic-3\">\n<div><\/div>\n<div class=\"magic-4\">\n<div><strong>RFID oznaka gumba<\/strong><\/div>\n<div><\/div>\n<\/div>\n<\/div>\n<div>\n<div class=\"auto-hide-last-sibling-br paragraph_1252f paragraph-element\">PPS oznake za pranje rublja otporne na visoke temperature slu\u017ee kao izvrsno rje\u0161enje za pra\u0107enje u komercijalnim okru\u017eenjima kao \u0161to su kantine i restorani gdje se stalno rukuje velikim koli\u010dinama posu\u0111a.<\/div>\n<\/div>\n<div>\n<div><\/div>\n<\/div>\n<\/div>\n<p><strong>Mogu\u0107nosti \u010dipa:<\/strong><\/p>\n<p><strong>NXP-ov UCODE 8<\/strong> i UCODE 8m IC proizvodi su UCODE obitelji. UCODE 8\/8m nudi visoke performanse i zna\u010dajke za kori\u0161tenje u najzahtjevnijim RFID aplikacijama za ozna\u010davanje.<\/p>\n<p>Osobito prikladan za aplikacije upravljanja zalihama, kao \u0161to su npr. maloprodaja i moda, sa svojim dokazanim RF performansama za bilo koji dani faktor oblika, UCODE 8\/8m omogu\u0107uje veliku udaljenost \u010ditanja i brzi inventar guste populacije RFID oznaka. Sa svojim \u0161irokopojasnim dizajnom, nudi mogu\u0107nost proizvodnje prave globalne RFID naljepnice s visokim performansama u odnosu na svjetske propise.<\/p>\n<p>Ure\u0111aj tako\u0111er nudi zna\u010dajku samopode\u0161avanja, oznaku statusa proizvoda za aplikaciju Electronic Art Surveillance (EAS), pre-serializirani 96-bitni EPC, identifikator marke i naredbu EPC Gen2v2 za \u017ealbu bez mogu\u0107nosti pra\u0107enja.<\/p>\n<div id=\"featuresXsp\" class=\"features-list toggle-opacity in\">\n<div class=\"features-xsp\">\n<div class=\"collapse-mobile ste-list\">\n<h3>Klju\u010dne zna\u010dajke<\/h3>\n<ul class=\"boxes\">\n<li>Osjetljivost o\u010ditanja -23dBm<\/li>\n<li>Osjetljivost pisanja -18dBm<\/li>\n<li>Inovativna funkcionalnost\n<ul>\n<li>Samopode\u0161avanje<\/li>\n<li>Za\u0161tita memorije<\/li>\n<li>Ne mo\u017ee se u\u0107i u trag<\/li>\n<li>Predserijalizacija za 96-bitni EPC<\/li>\n<li>Integrirana zastavica statusa proizvoda (PSF)<\/li>\n<\/ul>\n<\/li>\n<li>Kompatibilan s antenom s jednim prorezom<\/li>\n<li>Do 128-bitni EPC<\/li>\n<li>96-bitni Unique Tag Identifier (TID) tvorni\u010dki zaklju\u010dan, uklju\u010duju\u0107i 48-bitni jedinstveni serijski broj<\/li>\n<li>EPC Gen2v2<\/li>\n<\/ul>\n<\/div>\n<div class=\"collapse-mobile ste-list\">\n<h3>Memorija<\/h3>\n<ul class=\"boxes\">\n<li>128-bit\/96-bit (UCODE 8\/UCODE 8m) EPC memorije<\/li>\n<li>Podr\u017eava predserijalizaciju za 96-bitni EPC<\/li>\n<li>96-bitni Tag IDentifier (TID) tvorni\u010dki zaklju\u010dan<\/li>\n<li>48-bitni jedinstveni serijski broj tvorni\u010dki kodiran u TID<\/li>\n<li>0-bitna\/32-bitna (UCODE 8\/UCODE 8m) korisni\u010dka memorija<\/li>\n<li>32-bitna lozinka za uklanjanje za trajno onemogu\u0107avanje oznake<\/li>\n<li>32-bitna pristupna lozinka<\/li>\n<li>\u0160irok raspon radnih temperatura: -40\u00a0<sup>\u00b0<\/sup>C do +85\u00a0<sup>\u00b0<\/sup>C<\/li>\n<li>EPC Gen2v2<\/li>\n<\/ul>\n<p><strong>NXP-ov UCODE 9<\/strong><\/p>\n<p>Uz UCODE 9, zahtjevne RAIN RFID aplikacije za ozna\u010davanje dobivaju poticaj, tako da trgovci na malo i pametne logisti\u010dke tvrtke mogu ubrzati svoje usvajanje IoT-a.<\/p>\n<p>Sa svojim pove\u0107anim performansama, UCODE 9 omogu\u0107uje u\u010dinkovitije brojanje inventara. Dodatno, UCODE 9 dopu\u0161ta ponovnu upotrebu postoje\u0107ih dizajna antena s ulo\u0161kom UCODE 8, \u0161to nudi jednostavan put migracije s UCODE 8 na UCODE 9.<\/p>\n<p>Njegova ve\u0107a izvedba \u010dipa omogu\u0107uje manje dizajne umetaka \u0161to poma\u017ee u smanjenju upotrebe plastike i aluminija promi\u010du\u0107i time odr\u017eivost okoli\u0161a.<\/p>\n<div class=\"collapse-mobile ste-list\">\n<h3>Klju\u010dne zna\u010dajke<\/h3>\n<ul class=\"boxes\">\n<li>Osjetljivost o\u010ditanja: -24 dBm<\/li>\n<li>Osjetljivost pisanja: -22 dBm<\/li>\n<li>Brzina kodiranja: 32 bita u 0,96 ms<\/li>\n<li>Zamjena antene za UCODE 8<\/li>\n<li>Samopode\u0161avanje<\/li>\n<li>Za\u0161tita memorije<\/li>\n<li>Predserijalizacija 96-bitnog EPC-a<\/li>\n<\/ul>\n<\/div>\n<div class=\"collapse-mobile ste-list\">\n<h3>Memorija<\/h3>\n<ul class=\"boxes\">\n<li>96-bitna EPC memorija<\/li>\n<li>Podr\u017eava predserijalizaciju 96-bitnog EPC-a<\/li>\n<li>96-bitni Tag IDentifier (TID) tvorni\u010dki zaklju\u010dan<\/li>\n<li>48-bitni jedinstveni serijski broj tvorni\u010dki kodiran u TID<\/li>\n<li>32-bitna lozinka za uklanjanje za trajno onemogu\u0107avanje oznake<\/li>\n<li>\u0160irok raspon radnih temperatura: -40 \u00b0C do +85 \u00b0C<\/li>\n<li>Izdr\u017eljivost ciklusa pisanja od 100k<\/li>\n<li>20 godina \u010duvanja podataka<\/li>\n<\/ul>\n<\/div>\n<div class=\"collapse-mobile ste-list\">\n<h3>Podr\u017eane zna\u010dajke<\/h3>\n<ul class=\"boxes\">\n<li>Implementirane su sve obvezne naredbe EPC globalne Gen2 v2.1 specifikacije uklju\u010duju\u0107i:\n<ul>\n<li>Naredba za ubijanje<\/li>\n<\/ul>\n<\/li>\n<li>Sljede\u0107e izborne naredbe implementirane su u skladu s EPC specifikacijom\n<ul>\n<li>Blokirano pisanje (2 rije\u010di, 32-bita)<\/li>\n<\/ul>\n<\/li>\n<li>Samopode\u0161avanje za optimizaciju izvedbe automatske oznake<\/li>\n<li>Permalock<\/li>\n<\/ul>\n<\/div>\n<\/div>\n<div class=\"collapse-mobile ste-list\"><\/div>\n<\/div>\n<\/div>\n<div class=\"magic-2\">\n<div>\n<div class=\"auto-hide-last-sibling-br paragraph_1252f paragraph-element\"><\/div>\n<div class=\"auto-hide-last-sibling-br paragraph_1252f paragraph-element\"><strong>Primjena RFID oznake gumba<\/strong><\/div>\n<ol class=\"auto-hide-last-sibling-br\">\n<li>\n<div class=\"auto-hide-last-sibling-br paragraph_1252f paragraph-element\">Industrijske praonice rublja: U industrijskom sektoru, pra\u0107enje ogromnih koli\u010dina rublja postaje zadatak bez napora uz kori\u0161tenje RFID gumba za oznaku rublja.<\/div>\n<\/li>\n<li>\n<div class=\"auto-hide-last-sibling-br paragraph_1252f paragraph-element\">Bolnice i hoteli: ove ustanove \u010desto rade s velikim koli\u010dinama pranja rublja gdje su se ove oznake pokazale klju\u010dnima u pobolj\u0161anju u\u010dinkovitosti i upravljanja zalihama.<\/div>\n<\/li>\n<li>\n<div class=\"auto-hide-last-sibling-br paragraph_1252f paragraph-element\">Iznajmljivanje posteljine: tvrtke koje pru\u017eaju usluge iznajmljivanja posteljine koriste ove oznake za pojednostavljenje upravljanja zalihama i odr\u017eavanje kontrole kvalitete.<\/div>\n<\/li>\n<\/ol>\n<div class=\"auto-hide-last-sibling-br paragraph_1252f paragraph-element\"><\/div>\n<\/div>\n<\/div>\n<\/div>\n<\/div>\n<\/div>","protected":false},"excerpt":{"rendered":"<div class=\"auto-hide-last-sibling-br paragraph_1252f paragraph-element\">Op\u0107enito poznata kao RFID oznaka gumba, UHF RFID oznaka za pranje rublja je izdr\u017eljivi prilago\u0111eni ure\u0111aj namijenjen funkcijama koje zahtijevaju elasti\u010dne oznake u te\u0161kim uvjetima. UHF transponderi za pranje rublja trenutno su vode\u0107i na tr\u017ei\u0161tu, iako postoje slu\u010dajevi u kojima su potrebne RFID oznake gumba koje se sinkroniziraju s mobilnim aplikacijama. Ovi RFID transponderi za pranje rublja u obliku gumba optimalno odgovaraju ovom zahtjevu. Sa svojom prilagodljivo\u0161\u0107u i iznimnim performansama, nude goleme prednosti u pra\u0107enju i identificiranju industrijskog tekstila i rublja u raznim sektorima.<\/div>","protected":false},"featured_media":71,"template":"","meta":{"_kad_post_transparent":"default","_kad_post_title":"","_kad_post_layout":"default","_kad_post_sidebar_id":"","_kad_post_content_style":"default","_kad_post_vertical_padding":"default","_kad_post_feature":"","_kad_post_feature_position":"","_kad_post_header":false,"_kad_post_footer":false,"_kad_post_classname":""},"product_brand":[],"product_cat":[21,16],"product_tag":[41,35,33,30],"class_list":{"0":"post-70","1":"product","2":"type-product","3":"status-publish","4":"has-post-thumbnail","6":"product_cat-pps-rfid-laundry-tag","7":"product_cat-uhf-rfid-laundry-tags","8":"product_tag-pps-uhf-rfid-laundry-tag","9":"product_tag-rfid-button","10":"product_tag-rfid-laundry-tag-button","11":"product_tag-uhf-rfid-laundry-tag","13":"first","14":"instock","15":"shipping-taxable","16":"product-type-simple","17":"entry","18":"content-bg","19":"loop-entry"},"_links":{"self":[{"href":"https:\/\/rfid-laundry-tag.com\/hr\/wp-json\/wp\/v2\/product\/70","targetHints":{"allow":["GET"]}}],"collection":[{"href":"https:\/\/rfid-laundry-tag.com\/hr\/wp-json\/wp\/v2\/product"}],"about":[{"href":"https:\/\/rfid-laundry-tag.com\/hr\/wp-json\/wp\/v2\/types\/product"}],"version-history":[{"count":1,"href":"https:\/\/rfid-laundry-tag.com\/hr\/wp-json\/wp\/v2\/product\/70\/revisions"}],"predecessor-version":[{"id":150,"href":"https:\/\/rfid-laundry-tag.com\/hr\/wp-json\/wp\/v2\/product\/70\/revisions\/150"}],"wp:featuredmedia":[{"embeddable":true,"href":"https:\/\/rfid-laundry-tag.com\/hr\/wp-json\/wp\/v2\/media\/71"}],"wp:attachment":[{"href":"https:\/\/rfid-laundry-tag.com\/hr\/wp-json\/wp\/v2\/media?parent=70"}],"wp:term":[{"taxonomy":"product_brand","embeddable":true,"href":"https:\/\/rfid-laundry-tag.com\/hr\/wp-json\/wp\/v2\/product_brand?post=70"},{"taxonomy":"product_cat","embeddable":true,"href":"https:\/\/rfid-laundry-tag.com\/hr\/wp-json\/wp\/v2\/product_cat?post=70"},{"taxonomy":"product_tag","embeddable":true,"href":"https:\/\/rfid-laundry-tag.com\/hr\/wp-json\/wp\/v2\/product_tag?post=70"}],"curies":[{"name":"radni list","href":"https:\/\/api.w.org\/{rel}","templated":true}]}}