{"id":68,"date":"2024-06-11T14:07:03","date_gmt":"2024-06-11T14:07:03","guid":{"rendered":"https:\/\/rfid-laundry-tag.com\/?post_type=product&#038;p=68"},"modified":"2024-06-11T14:39:41","modified_gmt":"2024-06-11T14:39:41","slug":"rfid-button-tag","status":"publish","type":"product","link":"https:\/\/rfid-laundry-tag.com\/hr\/rfid-button-tag\/","title":{"rendered":"RFID oznaka gumba"},"content":{"rendered":"<div class=\"J_module\">\n<div class=\"ife-detail-decorate-table\">\n<table class=\"has-title all magic-6\">\n<tbody>\n<tr>\n<td colspan=\"1\" rowspan=\"1\">\n<div class=\"magic-7\" data-spm-anchor-id=\"a2700.details.0.i45.77607d98vZbcDU\"><span class=\"magic-8\" style=\"color: #363535;\">Ime proizvoda<\/span><\/div>\n<\/td>\n<td colspan=\"1\" rowspan=\"1\">\n<div class=\"magic-9\"><span class=\"magic-8\">RFID oznaka gumba<\/span><\/div>\n<\/td>\n<\/tr>\n<tr>\n<td colspan=\"1\" rowspan=\"1\">\n<div class=\"magic-7\"><span class=\"magic-10\" data-spm-anchor-id=\"a2700.pc-decorate.0.i10.28d333330XLbTD\"><span class=\"magic-8\">Materijal<\/span><\/span><\/div>\n<\/td>\n<td colspan=\"1\" rowspan=\"1\">\n<div class=\"magic-9\"><span class=\"magic-8\">PPS<\/span><\/div>\n<\/td>\n<\/tr>\n<tr>\n<td colspan=\"1\" rowspan=\"1\">\n<div class=\"magic-7\"><span class=\"magic-8\">Boja<\/span><\/div>\n<\/td>\n<td colspan=\"1\" rowspan=\"1\">\n<div class=\"magic-9\"><span class=\"magic-8\">Crno<\/span><\/div>\n<\/td>\n<\/tr>\n<tr>\n<td colspan=\"1\" rowspan=\"1\">MOQ<\/td>\n<td colspan=\"1\" rowspan=\"1\">500kom<\/td>\n<\/tr>\n<tr>\n<td colspan=\"1\" rowspan=\"1\">\n<div class=\"magic-7\"><span class=\"magic-8\">Proizvo\u0111a\u010d\/\u010dip<\/span><\/div>\n<\/td>\n<td colspan=\"1\" rowspan=\"1\">\n<div class=\"magic-9\"><span class=\"magic-8\">NXP UCODE 8, UCODE 9\/NTAG213, Mifare 1k\/EM4305, T5577 itd.<\/span><\/div>\n<\/td>\n<\/tr>\n<tr>\n<td colspan=\"1\" rowspan=\"1\">\n<div class=\"magic-7\"><span class=\"magic-8\">Frekvencija<\/span><\/div>\n<\/td>\n<td colspan=\"1\" rowspan=\"1\">\n<div class=\"magic-9\"><span class=\"magic-8\">860-960MHz\/13,56MHz\/125Khz<\/span><\/div>\n<\/td>\n<\/tr>\n<tr>\n<td colspan=\"1\" rowspan=\"1\">\n<div class=\"magic-7\"><span class=\"magic-8\">Memorija<\/span><\/div>\n<\/td>\n<td colspan=\"1\" rowspan=\"1\">\n<div class=\"magic-9\"><span class=\"magic-8\">96 bita\/128 bita\/144 bajta<\/span><\/div>\n<\/td>\n<\/tr>\n<tr>\n<td colspan=\"1\" rowspan=\"1\">\n<div class=\"magic-7\"><span class=\"magic-8\">Pro\u010ditajte Udaljenost<\/span><\/div>\n<\/td>\n<td colspan=\"1\" rowspan=\"1\">\n<div class=\"magic-9\"><span class=\"magic-8\">1-6m\/1~5cm\/1~2cm<\/span><\/div>\n<\/td>\n<\/tr>\n<tr>\n<td colspan=\"1\" rowspan=\"1\">\n<div class=\"magic-7\"><span class=\"magic-8\">Na\u010din rada<\/span><\/div>\n<\/td>\n<td colspan=\"1\" rowspan=\"1\">\n<div class=\"magic-9\"><span class=\"magic-8\">pasivno<\/span><\/div>\n<\/td>\n<\/tr>\n<tr>\n<td colspan=\"1\" rowspan=\"1\">\n<div class=\"magic-7\"><span class=\"magic-8\">Radna temperatura<\/span><\/div>\n<\/td>\n<td colspan=\"1\" rowspan=\"1\">\n<div class=\"magic-9\"><span class=\"magic-8\">-25\u2103~+110\u2103<\/span><\/div>\n<\/td>\n<\/tr>\n<tr>\n<td colspan=\"1\" rowspan=\"1\">\n<div class=\"magic-7\"><span class=\"magic-8\">Temperatura skladi\u0161tenja<\/span><\/div>\n<\/td>\n<td colspan=\"1\" rowspan=\"1\">\n<div class=\"magic-9\"><span class=\"magic-8\">-40\u2103~+85\u2103<\/span><\/div>\n<\/td>\n<\/tr>\n<tr>\n<td colspan=\"1\" rowspan=\"1\">\n<div class=\"magic-7\">\n<div><span class=\"magic-8\">\u00a0<\/span><\/div>\n<p><span class=\"magic-8\">Kratkotrajna temperaturna otpornost<\/span><\/p>\n<\/div>\n<\/td>\n<td colspan=\"1\" rowspan=\"1\">\n<div class=\"magic-9\"><span class=\"magic-8\">pranje: 90\u2103, 15 minuta; predsu\u0161enje pretvara\u010da: 180 \u2103, 30 minuta, 200 puta; gla\u010danje: 180 \u2103, 10 sekundi, 200 puta; visoka<br \/>\ntemperatura sterilizacije: 135 \u2103, 20 minuta<\/span><\/div>\n<\/td>\n<\/tr>\n<tr>\n<td colspan=\"1\" rowspan=\"1\">\n<div class=\"magic-7\"><span class=\"magic-8\">Zna\u010dajke<\/span><\/div>\n<\/td>\n<td colspan=\"1\" rowspan=\"1\">\n<div class=\"magic-9\"><span class=\"magic-8\">vodootporan, periv, otporan na visoke temperature<\/span><\/div>\n<\/td>\n<\/tr>\n<tr>\n<td colspan=\"1\" rowspan=\"1\">\n<div class=\"magic-7\"><span class=\"magic-8\">\u017divot<\/span><\/div>\n<\/td>\n<td colspan=\"1\" rowspan=\"1\">\n<div class=\"magic-9\"><span class=\"magic-8\">pranje 200 puta ili 3 godine<\/span><\/div>\n<\/td>\n<\/tr>\n<tr>\n<td colspan=\"1\" rowspan=\"1\">\n<div class=\"magic-7\"><span class=\"magic-8\">Prijave<\/span><\/div>\n<\/td>\n<td colspan=\"1\" rowspan=\"1\">\n<div class=\"magic-9\"><span class=\"magic-8\">upravljanje praonicama i pra\u0107enje<\/span><\/div>\n<\/td>\n<\/tr>\n<\/tbody>\n<\/table>\n<\/div>\n<\/div>\n<div class=\"J_module\">\n<div class=\"detail-decorate-json-renderer-container\">\n<div class=\"magic-1\">\n<div class=\"magic-2\">\n<div class=\"magic-3\">\n<div><\/div>\n<div class=\"magic-4\">\n<div><strong>RFID oznaka gumba<\/strong><\/div>\n<div><\/div>\n<\/div>\n<\/div>\n<div>\n<div class=\"auto-hide-last-sibling-br paragraph_1252f paragraph-element\">PPS oznake za pranje rublja otporne na visoke temperature slu\u017ee kao izvrsno rje\u0161enje za pra\u0107enje u komercijalnim okru\u017eenjima kao \u0161to su kantine i restorani gdje se stalno rukuje velikim koli\u010dinama posu\u0111a.<\/div>\n<\/div>\n<div>\n<div><\/div>\n<\/div>\n<\/div>\n<p><strong>Mogu\u0107nosti \u010dipa:<\/strong><\/p>\n<ul>\n<li><strong>NXP UCODE 8\/9:<\/strong>\u00a0Isplativi \u010dipovi idealni za osnovno pra\u0107enje i identifikaciju, nude\u0107i raspon o\u010ditanja do 10 metara.<\/li>\n<li><strong>NTAG213:<\/strong>\u00a0NFC-omogu\u0107eni \u010dip koji omogu\u0107uje komunikaciju s pametnim telefonima i drugim NFC ure\u0111ajima, savr\u0161en za aplikacije poput beskontaktnog pla\u0107anja ili pristupa informacijama o proizvodu.<\/li>\n<li><strong>Mifare 1k:<\/strong>\u00a0Sigurni \u010dip sa zna\u010dajkama sna\u017ene enkripcije i provjere autenti\u010dnosti, prikladan za kontrolu pristupa i sigurnu pohranu podataka.<\/li>\n<li><strong>EM4305:<\/strong>\u00a0Jeftini \u010dip za osnovne aplikacije kontrole pristupa s rasponom o\u010ditanja do 1 metra.<\/li>\n<li><strong>T5577:<\/strong>\u00a0Jo\u0161 jedan jeftin \u010dip za sustave kontrole pristupa i izdavanja karata, koji nudi raspon o\u010ditanja do 1 metra.<\/li>\n<\/ul>\n<p><strong>Proizvodne mogu\u0107nosti:<\/strong><\/p>\n<ul>\n<li><strong>Mogu\u0107nosti prilagodbe:<\/strong>\u00a0Nudimo niz mogu\u0107nosti prilagodbe, uklju\u010duju\u0107i razli\u010dite veli\u010dine gumba, boje i mogu\u0107nosti ispisa kako bi odgovarale va\u0161im specifi\u010dnim potrebama.<\/li>\n<li><strong>Proizvodnja velike koli\u010dine:<\/strong>\u00a0Imamo kapacitet ispuniti va\u0161e proizvodne zahtjeve, bilo da trebate male serije ili velike narud\u017ebe.<\/li>\n<li><strong>Stroga kontrola kvalitete:<\/strong>\u00a0Odr\u017eavamo rigorozne postupke kontrole kvalitete tijekom na\u0161eg procesa proizvodnje kako bismo osigurali dosljednu izvedbu i pouzdanost oznake.<\/li>\n<\/ul>\n<div class=\"magic-2\">\n<div>\n<div class=\"auto-hide-last-sibling-br paragraph_1252f paragraph-element\"><\/div>\n<div class=\"auto-hide-last-sibling-br paragraph_1252f paragraph-element\"><strong>Primjena RFID oznake gumba<\/strong><\/div>\n<ol class=\"auto-hide-last-sibling-br\">\n<li>\n<div class=\"auto-hide-last-sibling-br paragraph_1252f paragraph-element\">Industrijske praonice rublja: U industrijskom sektoru, pra\u0107enje ogromnih koli\u010dina rublja postaje zadatak bez napora uz kori\u0161tenje RFID gumba za oznaku rublja.<\/div>\n<\/li>\n<li>\n<div class=\"auto-hide-last-sibling-br paragraph_1252f paragraph-element\">Bolnice i hoteli: ove ustanove \u010desto rade s velikim koli\u010dinama pranja rublja gdje su se ove oznake pokazale klju\u010dnima u pobolj\u0161anju u\u010dinkovitosti i upravljanja zalihama.<\/div>\n<\/li>\n<li>\n<div class=\"auto-hide-last-sibling-br paragraph_1252f paragraph-element\">Iznajmljivanje posteljine: tvrtke koje pru\u017eaju usluge iznajmljivanja posteljine koriste ove oznake za pojednostavljenje upravljanja zalihama i odr\u017eavanje kontrole kvalitete.<\/div>\n<\/li>\n<\/ol>\n<div class=\"auto-hide-last-sibling-br paragraph_1252f paragraph-element\"><\/div>\n<\/div>\n<\/div>\n<\/div>\n<\/div>\n<\/div>","protected":false},"excerpt":{"rendered":"<div class=\"auto-hide-last-sibling-br paragraph_1252f paragraph-element\">PPS RFID Laundry Tag, tako\u0111er poznat kao RFID button tag, je \u010dvrst, prilago\u0111eni ure\u0111aj namijenjen aplikacijama koje zahtijevaju oznake otporne na te\u0161ke okolnosti. Dok su UHF transponderi za pranje rublja popularan izbor na tr\u017ei\u0161tu, odre\u0111ene situacije zahtijevaju oznake RFID gumba kompatibilne s mobilnim aplikacijama. Ovi RFID transponderi za pranje rublja u obliku gumba adekvatno ispunjavaju takve potrebe. Njihova fleksibilnost i vrhunska izvedba nude zna\u010dajne prednosti u identificiranju i pra\u0107enju industrijskog rublja i tekstila u razli\u010ditim sektorima.<\/div>","protected":false},"featured_media":69,"template":"","meta":{"_kad_post_transparent":"default","_kad_post_title":"","_kad_post_layout":"default","_kad_post_sidebar_id":"","_kad_post_content_style":"default","_kad_post_vertical_padding":"default","_kad_post_feature":"","_kad_post_feature_position":"","_kad_post_header":false,"_kad_post_footer":false,"_kad_post_classname":""},"product_brand":[],"product_cat":[21,18,17],"product_tag":[35,40,33],"class_list":{"0":"post-68","1":"product","2":"type-product","3":"status-publish","4":"has-post-thumbnail","6":"product_cat-pps-rfid-laundry-tag","7":"product_cat-125khz-rfid-laundry-tag","8":"product_cat-nfc-rfid-laundry-tag","9":"product_tag-rfid-button","10":"product_tag-rfid-button-tag","11":"product_tag-rfid-laundry-tag-button","13":"first","14":"instock","15":"shipping-taxable","16":"product-type-simple","17":"entry","18":"content-bg","19":"loop-entry"},"_links":{"self":[{"href":"https:\/\/rfid-laundry-tag.com\/hr\/wp-json\/wp\/v2\/product\/68","targetHints":{"allow":["GET"]}}],"collection":[{"href":"https:\/\/rfid-laundry-tag.com\/hr\/wp-json\/wp\/v2\/product"}],"about":[{"href":"https:\/\/rfid-laundry-tag.com\/hr\/wp-json\/wp\/v2\/types\/product"}],"version-history":[{"count":0,"href":"https:\/\/rfid-laundry-tag.com\/hr\/wp-json\/wp\/v2\/product\/68\/revisions"}],"wp:featuredmedia":[{"embeddable":true,"href":"https:\/\/rfid-laundry-tag.com\/hr\/wp-json\/wp\/v2\/media\/69"}],"wp:attachment":[{"href":"https:\/\/rfid-laundry-tag.com\/hr\/wp-json\/wp\/v2\/media?parent=68"}],"wp:term":[{"taxonomy":"product_brand","embeddable":true,"href":"https:\/\/rfid-laundry-tag.com\/hr\/wp-json\/wp\/v2\/product_brand?post=68"},{"taxonomy":"product_cat","embeddable":true,"href":"https:\/\/rfid-laundry-tag.com\/hr\/wp-json\/wp\/v2\/product_cat?post=68"},{"taxonomy":"product_tag","embeddable":true,"href":"https:\/\/rfid-laundry-tag.com\/hr\/wp-json\/wp\/v2\/product_tag?post=68"}],"curies":[{"name":"radni list","href":"https:\/\/api.w.org\/{rel}","templated":true}]}}