{"id":59,"date":"2024-06-10T15:13:24","date_gmt":"2024-06-10T15:13:24","guid":{"rendered":"https:\/\/rfid-laundry-tag.com\/?post_type=product&#038;p=59"},"modified":"2024-09-08T05:25:57","modified_gmt":"2024-09-08T05:25:57","slug":"uhf-laundry-tag-nxp-u-code-9-chip","status":"publish","type":"product","link":"https:\/\/rfid-laundry-tag.com\/hr\/uhf-laundry-tag-nxp-u-code-9-chip\/","title":{"rendered":"UHF oznaka za rublje | NXP U KOD 9 \u010cip"},"content":{"rendered":"<div class=\"auto-hide-last-sibling-br paragraph_1252f paragraph-element\">\n<div data-spm-anchor-id=\"a2700.details.0.i57.23b419c7xXORP0\">\n<div class=\"auto-hide-last-sibling-br paragraph_1252f paragraph-element\"><strong>Klju\u010dne karakteristike na\u0161ih UHF etiketa za rublje:<\/strong><\/div>\n<p>&nbsp;<\/p>\n<div class=\"auto-hide-last-sibling-br paragraph_1252f paragraph-element\">- U\u010dinkovitost: Oznake pru\u017eaju uzornu izvedbu, posti\u017eu\u0107i savr\u0161enu ravnote\u017eu izme\u0111u vrijednosti za novac i u\u010dinkovitosti.<\/div>\n<p>&nbsp;<\/p>\n<div class=\"auto-hide-last-sibling-br paragraph_1252f paragraph-element\">- Pouzdanost: Dosljednost u performansama ostaje \u010dvrsta \u010dak i nakon stotina ciklusa pranja rublja.<\/div>\n<p>&nbsp;<\/p>\n<div class=\"auto-hide-last-sibling-br paragraph_1252f paragraph-element\">-Fleksibilnost: Ove oznake su fleksibilne, tanke i mekane, \u0161to ih \u010dini jednostavnim za \u0161ivanje, vre\u0107icu ili toplinsko zatvaranje na tekstilne predmete.<\/div>\n<p>&nbsp;<\/p>\n<div class=\"auto-hide-last-sibling-br paragraph_1252f paragraph-element\">-Skalabilna proizvodnja: osiguravamo sna\u017ean proizvodni prinos do 4 milijuna oznaka mjese\u010dno, prolaze\u0107i sve kroz rigoroznu inspekciju prije kona\u010dne isporuke.<\/div>\n<p>&nbsp;<\/p>\n<div class=\"auto-hide-last-sibling-br paragraph_1252f paragraph-element\">- Trajnost: na\u0161e oznake dolaze s jamstvom koje obe\u0107ava izdr\u017eljivost kroz 200 industrijskih ciklusa pranja rublja.<\/div>\n<p>&nbsp;<\/p>\n<div class=\"auto-hide-last-sibling-br paragraph_1252f paragraph-element\">U biti, na\u0161e UHF oznake za rublje predstavljaju nenadma\u0161nu kombinaciju izdr\u017eljivosti, isplativosti i pouzdane izvedbe, \u0161to ih \u010dini idealnim izborom za sve va\u0161e potrebe za ozna\u010davanjem tekstila.<\/div>\n<div><\/div>\n<\/div>\n<\/div>\n<div>\n<table style=\"border-collapse: collapse; width: 618px; height: 1159px;\" border=\"0\" width=\"634\" cellspacing=\"0\" cellpadding=\"0\">\n<tbody>\n<tr style=\"height: 39.00pt;\">\n<td class=\"et2\" style=\"height: 39.00pt; width: 380.40pt; border-right: .5pt solid #000000;\" colspan=\"3\" width=\"634\" height=\"65\">Tehni\u010dki podaci<\/td>\n<\/tr>\n<tr style=\"height: 27.60pt;\">\n<td class=\"et5\" style=\"height: 27.60pt; width: 106.20pt;\" width=\"177\" height=\"46\">Sukladnost<\/td>\n<td class=\"et5\" style=\"width: 274.20pt;\" colspan=\"2\" width=\"457\">EPC Class1 Gen2, ISO18000-6C<\/td>\n<\/tr>\n<tr style=\"height: 41.40pt;\">\n<td class=\"et5\" style=\"height: 41.40pt; width: 106.20pt;\" width=\"177\" height=\"69\">Frekvencija<\/td>\n<td class=\"et5\" style=\"width: 274.20pt;\" colspan=\"2\" width=\"457\">860~928 MHz, FCC, ETIS ili prilago\u0111eno<\/td>\n<\/tr>\n<tr style=\"height: 41.40pt;\">\n<td class=\"et5\" style=\"height: 41.40pt; width: 106.20pt;\" width=\"177\" height=\"69\">Tip<\/td>\n<td class=\"et6\" style=\"width: 274.20pt; border-right: .5pt solid #000000;\" colspan=\"2\" width=\"457\">Vrsta \u0161ivanja, Vrsta grijanja, Vrsta vje\u0161anja<\/td>\n<\/tr>\n<tr style=\"height: 27.60pt;\">\n<td class=\"et5\" style=\"height: 27.60pt; width: 106.20pt;\" width=\"177\" height=\"46\">mikro \u010dip<\/td>\n<td class=\"et5\" style=\"width: 274.20pt;\" colspan=\"2\" width=\"457\">NXP UCODE 8, UCOCE 9<\/td>\n<\/tr>\n<tr style=\"height: 41.40pt;\">\n<td class=\"et5\" style=\"height: 55.80pt; width: 106.20pt;\" rowspan=\"2\" width=\"177\" height=\"93\">Memorija<\/td>\n<td class=\"et5\" style=\"width: 274.20pt;\" colspan=\"2\" width=\"457\">UCODE 8: EPC 96\/128 bita, korisni\u010dki 0\/32 bita, pristup<\/td>\n<\/tr>\n<tr style=\"height: 14.40pt;\">\n<td class=\"et5\" style=\"width: 274.20pt;\" colspan=\"2\" width=\"457\">UCODE 9: EPC 96 bita, korisni\u010dka 0 bita, pristupna lozinka 0 bita lozinka 32 bita<\/td>\n<\/tr>\n<tr style=\"height: 27.60pt;\">\n<td class=\"et5\" style=\"height: 27.60pt; width: 106.20pt;\" width=\"177\" height=\"46\">Veli\u010dina<\/td>\n<td class=\"et5\" style=\"width: 75.60pt;\" width=\"126\">55x12x1,6 mm<\/td>\n<td class=\"et5\" style=\"width: 198.60pt;\" width=\"331\">70x15x1,6 mm<\/td>\n<\/tr>\n<tr style=\"height: 27.60pt;\">\n<td class=\"et5\" style=\"height: 27.60pt; width: 106.20pt;\" width=\"177\" height=\"46\">Opseg \u010ditanja<\/td>\n<td class=\"et5\" style=\"width: 75.60pt;\" width=\"126\">Do 5m<\/td>\n<td class=\"et5\" style=\"width: 198.60pt;\" width=\"331\">Do 7m<\/td>\n<\/tr>\n<tr style=\"height: 27.60pt;\">\n<td class=\"et5\" style=\"height: 27.60pt; width: 106.20pt;\" width=\"177\" height=\"46\">Pohrana podataka<\/td>\n<td class=\"et5\" style=\"width: 274.20pt;\" colspan=\"2\" width=\"457\">50 godina<\/td>\n<\/tr>\n<tr style=\"height: 27.60pt;\">\n<td class=\"et5\" style=\"height: 27.60pt; width: 106.20pt;\" width=\"177\" height=\"46\">\u017divotni vijek<\/td>\n<td class=\"et5\" style=\"width: 274.20pt;\" colspan=\"2\" width=\"457\">200 ciklusa pranja ili 2 godine<\/td>\n<\/tr>\n<tr style=\"height: 41.40pt;\">\n<td class=\"et5\" style=\"height: 41.40pt; width: 106.20pt;\" width=\"177\" height=\"69\">Materijal<\/td>\n<td class=\"et5\" style=\"width: 274.20pt;\" colspan=\"2\" width=\"457\">Pamuk 65% \/ Poliester 30% Mje\u0161ovita tkanina<\/td>\n<\/tr>\n<tr style=\"height: 27.60pt;\">\n<td class=\"et5\" style=\"height: 27.60pt; width: 106.20pt;\" width=\"177\" height=\"46\">Te\u017eina proizvoda<\/td>\n<td class=\"et5\" style=\"width: 274.20pt;\" colspan=\"2\" width=\"457\">Oko 0,4-0,5g<\/td>\n<\/tr>\n<tr style=\"height: 27.60pt;\">\n<td class=\"et5\" style=\"height: 27.60pt; width: 106.20pt;\" width=\"177\" height=\"46\">Format isporuke<\/td>\n<td class=\"et5\" style=\"width: 274.20pt;\" colspan=\"2\" width=\"457\">100-300 komada zasebno<\/td>\n<\/tr>\n<tr style=\"height: 27.60pt;\">\n<td class=\"et5\" style=\"height: 27.60pt; width: 106.20pt;\" width=\"177\" height=\"46\">Paket<\/td>\n<td class=\"et5\" style=\"width: 274.20pt;\" colspan=\"2\" width=\"457\">Antistati\u010dko pakiranje \/ karton<\/td>\n<\/tr>\n<tr style=\"height: 14.40pt;\">\n<td class=\"et5\" style=\"height: 14.40pt; width: 106.20pt;\" width=\"177\" height=\"24\">Boja<\/td>\n<td class=\"et5\" style=\"width: 274.20pt;\" colspan=\"2\" width=\"457\">Bijela<\/td>\n<\/tr>\n<tr style=\"height: 14.40pt;\">\n<td class=\"et8\" style=\"height: 14.40pt; width: 380.40pt;\" colspan=\"3\" width=\"634\" height=\"24\">Elektroni\u010dka izvedba<\/td>\n<\/tr>\n<tr style=\"height: 41.40pt;\">\n<td class=\"et5\" style=\"height: 220.80pt; width: 106.20pt;\" rowspan=\"5\" width=\"177\" height=\"368\">Performanse ciklusa pranja rublja<\/td>\n<td class=\"et5\" style=\"width: 274.20pt;\" colspan=\"2\" width=\"457\">Pranje: +90\u00b0C (194\u00b0F) \/ 60 minuta<\/td>\n<\/tr>\n<tr style=\"height: 55.20pt;\">\n<td class=\"et5\" style=\"width: 274.20pt;\" colspan=\"2\" width=\"457\">Su\u0161enje: +180\u00b0C (356\u00b0F) \/ 3 minute (pre\u0161a za dehidrataciju: 35 bara)<\/td>\n<\/tr>\n<tr style=\"height: 41.40pt;\">\n<td class=\"et5\" style=\"width: 274.20pt;\" colspan=\"2\" width=\"457\">Pegla\u010d: 195\u00b0C (383\u00b0F) \/ 30 sekundi &lt; 18 bara<\/td>\n<\/tr>\n<tr style=\"height: 27.60pt;\">\n<td class=\"et5\" style=\"width: 274.20pt;\" colspan=\"2\" width=\"457\">Pre\u0161a za ekstrakciju vode: 60 bara<\/td>\n<\/tr>\n<tr style=\"height: 55.20pt;\">\n<td class=\"et5\" style=\"width: 274.20pt;\" colspan=\"2\" width=\"457\">Proces sterilizacije: +134\u00b0C (273\u00b0F) \/ 20 minuta<\/td>\n<\/tr>\n<tr style=\"height: 69.00pt;\">\n<td class=\"et5\" style=\"height: 69.00pt; width: 106.20pt;\" width=\"177\" height=\"115\">\u017divotno vrijeme<\/td>\n<td class=\"et5\" style=\"width: 274.20pt;\" colspan=\"2\" width=\"457\">200 puta industrijsko pranje rublja sa su\u0161enjem u pre\u0161i s ekstrakcijom vode<\/td>\n<\/tr>\n<tr style=\"height: 41.40pt;\">\n<td class=\"et5\" style=\"height: 41.40pt; width: 106.20pt;\" width=\"177\" height=\"69\">Otporan na kemikalije<\/td>\n<td class=\"et5\" style=\"width: 274.20pt;\" colspan=\"2\" width=\"457\">100% proof za normalna rje\u0161enja za pranje rublja.<\/td>\n<\/tr>\n<\/tbody>\n<\/table>\n<\/div>\n<h3 class=\"wp-block-heading\">Monta\u017ea<\/h3>\n<p><strong>Ozna\u010davanje \u0161avova<\/strong>: Za u\u0161ivanje u porub tkanine. Za\u0161ijte oznaku za rublje dalje od linija presavijanja.<br \/>\n<strong>Toplinsko brtvljenje<\/strong>: Toplinsko zavarivanje izravno na tekstil na +200\u00b0C (392\u00b0F), 12~14s.<br \/>\n<strong>U vre\u0107ici<\/strong>: Za\u0161iti se kao standardna naljepnica za odr\u017eavanje. Za\u0161ijte oznaku za rublje dalje od linija presavijanja.<\/p>\n<div class=\"auto-hide-last-sibling-br paragraph_1252f paragraph-element\">Perive RFID oznake za rublje sastavni su dio brojnih industrija, omogu\u0107uju\u0107i u\u010dinkovito pra\u0107enje imovine, upravljanje zalihama i pove\u0107avaju\u0107i ukupnu operativnu produktivnost. Evo nekih od njegovih primjena u razli\u010ditim sektorima:<\/div>\n<ol class=\"auto-hide-last-sibling-br\">\n<li>\n<div class=\"auto-hide-last-sibling-br paragraph_1252f paragraph-element\"><strong>zdravstvo<\/strong>: Bolnice i druge medicinske ustanove koriste RFID oznake za posteljinu za upravljanje velikim zalihama posteljine, ru\u010dnika, pilinga, uniformi i kirur\u0161kog rublja. To poma\u017ee smanjiti gubitak, upravljati ciklusima pranja rublja i osigurati da \u010dista, svje\u017ea posteljina uvijek bude dostupna prema potrebi.<\/div>\n<\/li>\n<li>\n<div class=\"auto-hide-last-sibling-br paragraph_1252f paragraph-element\"><strong>hoteli<\/strong>: Upravljanje posteljinom ogroman je zadatak u hotelskoj industriji, gdje kru\u017ee tisu\u0107e artikala, od posteljine preko ru\u010dnika do zavjesa i ogrta\u010da. RFID platnene oznake pojednostavljuju pra\u0107enje, osiguravaju pravovremeno \u010di\u0161\u0107enje i zamjenu te poma\u017eu u otkrivanju i sprje\u010davanju kra\u0111e.<\/div>\n<\/li>\n<li>\n<div class=\"auto-hide-last-sibling-br paragraph_1252f paragraph-element\"><strong>Restorani<\/strong>: U industriji uslu\u017eivanja hrane RFID oznake mogu nadzirati kori\u0161tenje i \u010di\u0161\u0107enje uniformi, stolnjaka, salveta i kuharskih prega\u010da. To mo\u017ee pobolj\u0161ati standarde \u010disto\u0107e i pomo\u0107i u odr\u017eavanju ugla\u0111enog, profesionalnog izgleda.<\/div>\n<\/li>\n<li>\n<div class=\"auto-hide-last-sibling-br paragraph_1252f paragraph-element\"><strong>Industrija modne odje\u0107e<\/strong>: RFID oznake igraju veliku ulogu u pra\u0107enju artikala u cijelom opskrbnom lancu, od proizvodnje do maloprodaje. Oni mogu pru\u017eiti vrijedne informacije poput podrijetla, povijesti putovanja, pa \u010dak i pojedinosti o tkanini i uputama za njegu.<\/div>\n<\/li>\n<li>\n<div class=\"auto-hide-last-sibling-br paragraph_1252f paragraph-element\"><strong>Radna odje\u0107a\/odje\u0107a otporna na vatru<\/strong>: Tvrtke mogu koristiti RFID oznake za pra\u0107enje i upravljanje specijalnim odjevnim predmetima. To mo\u017ee uklju\u010divati osiguravanje da se vatrootporna ili druga za\u0161titna odje\u0107a redovito pregledava, pravilno \u010disti i po potrebi mijenja.<\/div>\n<\/li>\n<li>\n<div class=\"auto-hide-last-sibling-br paragraph_1252f paragraph-element\"><strong>Obu\u0107a i maske<\/strong>: Posebno va\u017eno u industrijama kao \u0161to su zdravstvo i gra\u0111evinarstvo gdje je sigurnost klju\u010dna, pra\u0107enje upotrebe, \u010di\u0161\u0107enja i odr\u017eavanja predmeta poput maski i za\u0161titnih cipela mo\u017ee se pojednostaviti kori\u0161tenjem RFID oznaka.<\/div>\n<\/li>\n<li>\n<div class=\"auto-hide-last-sibling-br paragraph_1252f paragraph-element\"><strong>Otira\u010di i krpe<\/strong>: Za tvrtke koje pru\u017eaju usluge \u010di\u0161\u0107enja ili upravljanje velikim objektima, RFID oznake na prostirkama i krpama mogu pomo\u0107i u pra\u0107enju kori\u0161tenja i odr\u017eavanja, osiguravaju\u0107i \u010diste i u\u010dinkovite alate u svakom trenutku.<\/div>\n<\/li>\n<\/ol>","protected":false},"excerpt":{"rendered":"<p>UHF oznake za pranje rublja pokazuju iznimnu sposobnost dosljednog funkcioniranja unato\u010d izlaganju rigoroznim procesima pranja rublja, koji uklju\u010duju sterilizaciju, pranje grijanjem, \u010di\u0161\u0107enje, su\u0161enje i gla\u010danje. Izra\u0111eni su da izdr\u017ee stotine ciklusa pranja rublja i da ipak zadr\u017ee visoku razinu RFID performansi. Ova postojanost \u010dak i nakon brojnih pranja osigurava u\u010dinkovito pra\u0107enje i upravljanje zalihama tijekom \u017eivotnog vijeka posteljine, odje\u0107e i drugih tekstilnih predmeta.<\/p>","protected":false},"featured_media":61,"template":"","meta":{"_kad_post_transparent":"default","_kad_post_title":"","_kad_post_layout":"default","_kad_post_sidebar_id":"","_kad_post_content_style":"default","_kad_post_vertical_padding":"default","_kad_post_feature":"","_kad_post_feature_position":"","_kad_post_header":false,"_kad_post_footer":false,"_kad_post_classname":""},"product_brand":[],"product_cat":[19,16],"product_tag":[25,32,28],"class_list":{"0":"post-59","1":"product","2":"type-product","3":"status-publish","4":"has-post-thumbnail","6":"product_cat-textile-rfid-laundry-tag","7":"product_cat-uhf-rfid-laundry-tags","8":"product_tag-rfid-laundrytags","9":"product_tag-uhf-laundry-tag","10":"product_tag-washable-rfid-tags","12":"first","13":"instock","14":"shipping-taxable","15":"product-type-simple","16":"entry","17":"content-bg","18":"loop-entry"},"_links":{"self":[{"href":"https:\/\/rfid-laundry-tag.com\/hr\/wp-json\/wp\/v2\/product\/59","targetHints":{"allow":["GET"]}}],"collection":[{"href":"https:\/\/rfid-laundry-tag.com\/hr\/wp-json\/wp\/v2\/product"}],"about":[{"href":"https:\/\/rfid-laundry-tag.com\/hr\/wp-json\/wp\/v2\/types\/product"}],"version-history":[{"count":1,"href":"https:\/\/rfid-laundry-tag.com\/hr\/wp-json\/wp\/v2\/product\/59\/revisions"}],"predecessor-version":[{"id":1946,"href":"https:\/\/rfid-laundry-tag.com\/hr\/wp-json\/wp\/v2\/product\/59\/revisions\/1946"}],"wp:featuredmedia":[{"embeddable":true,"href":"https:\/\/rfid-laundry-tag.com\/hr\/wp-json\/wp\/v2\/media\/61"}],"wp:attachment":[{"href":"https:\/\/rfid-laundry-tag.com\/hr\/wp-json\/wp\/v2\/media?parent=59"}],"wp:term":[{"taxonomy":"product_brand","embeddable":true,"href":"https:\/\/rfid-laundry-tag.com\/hr\/wp-json\/wp\/v2\/product_brand?post=59"},{"taxonomy":"product_cat","embeddable":true,"href":"https:\/\/rfid-laundry-tag.com\/hr\/wp-json\/wp\/v2\/product_cat?post=59"},{"taxonomy":"product_tag","embeddable":true,"href":"https:\/\/rfid-laundry-tag.com\/hr\/wp-json\/wp\/v2\/product_tag?post=59"}],"curies":[{"name":"radni list","href":"https:\/\/api.w.org\/{rel}","templated":true}]}}