{"id":54,"date":"2024-06-10T14:55:28","date_gmt":"2024-06-10T14:55:28","guid":{"rendered":"https:\/\/rfid-laundry-tag.com\/?post_type=product&#038;p=54"},"modified":"2024-09-26T04:26:47","modified_gmt":"2024-09-26T04:26:47","slug":"rfid-tag-for-linen-laundry","status":"publish","type":"product","link":"https:\/\/rfid-laundry-tag.com\/hr\/rfid-tag-for-linen-laundry\/","title":{"rendered":"RFID oznaka za pranje rublja"},"content":{"rendered":"<div>\n<div class=\"auto-hide-last-sibling-br paragraph_1252f paragraph-element\">\n<h1><strong>RFID oznaka za pranje rublja<\/strong><\/h1>\n<p><strong>Fizi\u010dki:<\/strong><\/p>\n<p>Materijal: 100% poliester<\/p>\n<p>Veli\u010dina: 70 mm\u00d715 mm x1,5 mm<\/p>\n<p>\u010cip: NXP U KOD U8, U9 itd<\/p>\n<p>Na\u010din postavljanja naljepnice: vrsta \u0161ivanja, gla\u010danje<\/p>\n<p>Protokol: ISO18ooo-6C<\/p>\n<p>Peglanje: 15 sekundi, na 210 \u2103<\/p>\n<p>Ekspozicija: 2,5 bara<\/p>\n<p>Su\u0161enje: 15 minuta na 180\u00b0C<\/p>\n<p>Pranje: 15 minuta na 90\u2103<\/p>\n<p>Ciklusi pranja: 200+ ciklusa ili 3 godine<\/p>\n<p>Uvjeti skladi\u0161tenja: -20-80 \u2103, 5-95%RH<\/p>\n<p>&nbsp;<\/p>\n<\/div>\n<div class=\"auto-hide-last-sibling-br paragraph_1252f paragraph-element\">Ono \u0161to posebno razlikuje na\u0161e UHF RFID oznake za rublje od niza drugih platnenih oznaka na tr\u017ei\u0161tu je njihov ugla\u0111en, lucidan izgled. Impresivno su tanke, debljine nezamjetnih 0,55 mm, \u0161to ih \u010dini najtanjim dostupnim oznakama na tr\u017ei\u0161tu. Ukratko, na\u0161e oznake nude progresivno UHF RFID rje\u0161enje za odje\u0107u, predstavljaju\u0107i idealnu kombinaciju pristupa\u010dnosti, robusnosti i suptilnosti.<\/div>\n<\/div>\n<div><\/div>\n<div class=\"auto-hide-last-sibling-br paragraph_1252f paragraph-element\">\n<div data-spm-anchor-id=\"a2700.details.0.i57.23b419c7xXORP0\"><span data-spm-anchor-id=\"a2700.details.0.i75.23b419c7xXORP0\"><b>Zna\u010dajka:<\/b><br \/>\n1) UHF tehnologija za \u010ditanje stotina oznaka istovremeno.<br \/>\n2) Udaljenost za \u010ditanje ve\u0107a od 8 stopa.<br \/>\n3) Novi mehani\u010dki dizajn za pobolj\u0161ane performanse za ravnu posteljinu.<br \/>\n4) Prikladno za visokotla\u010dne ekstraktore do 60 bara.<br \/>\n5) Prikladno za sterilizaciju u autoklavu.<br \/>\n6) Mali, mekani, fleksibilni materijal idealan za tekstil, posteljinu, odje\u0107u i dodatke.<\/span><\/div>\n<\/div>\n<div data-spm-anchor-id=\"a2700.details.0.i57.23b419c7xXORP0\"><\/div>\n<div data-spm-anchor-id=\"a2700.details.0.i57.23b419c7xXORP0\">\n<p><img fetchpriority=\"high\" decoding=\"async\" class=\"wp-image-55\" src=\"https:\/\/rfid-laundry-tag.com\/wp-content\/uploads\/2024\/06\/4-300x275.png\" alt=\"RFID Tag for linen laundry\" width=\"605\" height=\"555\" srcset=\"https:\/\/rfid-laundry-tag.com\/wp-content\/uploads\/2024\/06\/4-300x275.png 300w, https:\/\/rfid-laundry-tag.com\/wp-content\/uploads\/2024\/06\/4-600x550.png 600w, https:\/\/rfid-laundry-tag.com\/wp-content\/uploads\/2024\/06\/4-13x12.png 13w, https:\/\/rfid-laundry-tag.com\/wp-content\/uploads\/2024\/06\/4.png 750w\" sizes=\"(max-width: 605px) 100vw, 605px\" \/><\/p>\n<\/div>\n<h3 class=\"wp-block-heading\">Monta\u017ea<\/h3>\n<p><strong>Ozna\u010davanje \u0161avova<\/strong>: Za u\u0161ivanje u porub tkanine. Za\u0161ijte oznaku za rublje dalje od linija presavijanja.<br \/>\n<strong>Toplinsko brtvljenje<\/strong>: Toplinsko zavarivanje izravno na tekstil na +200\u00b0C (392\u00b0F), 12~14s.<br \/>\n<strong>U vre\u0107ici<\/strong>: Za\u0161iti se kao standardna naljepnica za odr\u017eavanje. Za\u0161ijte oznaku za rublje dalje od linija presavijanja.<\/p>\n<h3>Prednosti kori\u0161tenja RFID oznaka u upravljanju praonicama<\/h3>\n<p>Uklju\u010divanje RFID oznaka u va\u0161e praonice dovodi do ve\u0107e u\u010dinkovitosti. Automatsko pra\u0107enje omogu\u0107uje upravljanje zalihama u stvarnom vremenu, minimiziraju\u0107i gubitak i osloba\u0111aju\u0107i vrijeme zaposlenika. ove\u00a0<strong>tekstilne RFID oznake<\/strong>\u00a0nude tvrtkama i ku\u0107anstvima mogu\u0107nost upravljanja i pra\u0107enja posteljine, odjevnih predmeta i drugih predmeta za pranje rublja s nevi\u0111enom precizno\u0161\u0107u, pobolj\u0161avaju\u0107i i kvalitetu usluge i zadovoljstvo kupaca.<\/p>\n<div class=\"auto-hide-last-sibling-br paragraph_1252f paragraph-element\">\n<div class=\"auto-hide-last-sibling-br paragraph_1252f paragraph-element\">RFID oznake za pranje lanenog rublja nezamjenjive su u bezbroj industrija, klju\u010dno poti\u010du u\u010dinkovito pra\u0107enje imovine, upravljanje inventarom i pove\u0107avaju ukupnu operativnu u\u010dinkovitost. Evo kratkog pregleda njihove primjene u razli\u010ditim sektorima:<\/div>\n<ul class=\"auto-hide-last-sibling-br\">\n<li>\n<div class=\"auto-hide-last-sibling-br paragraph_1252f paragraph-element\">Zdravstvena njega: bolnice i druge medicinske ustanove koriste RFID oznake za posteljinu za upravljanje ogromnim zalihama posteljine, ru\u010dnika, pilinga, uniformi i kirur\u0161kog rublja. To poma\u017ee u smanjenju gubitaka, upravljanju ciklusima pranja rublja i osiguravanju da \u010dista, svje\u017ea posteljina bude stalno dostupna prema zahtjevu.<\/div>\n<\/li>\n<li>\n<div class=\"auto-hide-last-sibling-br paragraph_1252f paragraph-element\">Hoteli: U hotelskoj industriji, upravljanje posteljinom je kolosalan zadatak, s tisu\u0107ama predmeta poput posteljine, ru\u010dnika, zavjesa i ogrta\u010da u opticaju. RFID lanene oznake poma\u017eu pojednostaviti ovaj zadatak, osiguravaju\u0107i pravovremeno \u010di\u0161\u0107enje i zamjenu, te poma\u017eu u otkrivanju i prevenciji kra\u0111e.<\/div>\n<\/li>\n<li>\n<div class=\"auto-hide-last-sibling-br paragraph_1252f paragraph-element\">Restorani: U industriji uslu\u017eivanja hrane, RFID oznake poma\u017eu u nadzoru kori\u0161tenja i \u010disto\u0107e uniformi, stolnjaka, salveta i kuharskih prega\u010da. To mo\u017ee eskalirati standarde \u010disto\u0107e i pomo\u0107i u odr\u017eavanju urednog, profesionalnog izgleda.<\/div>\n<\/li>\n<li>\n<div class=\"auto-hide-last-sibling-br paragraph_1252f paragraph-element\">Industrije modne odje\u0107e: U modnoj vrevi, RFID oznake igraju zna\u010dajnu ulogu u pra\u0107enju artikala u lancu opskrbe od proizvodnje do izlaganja u maloprodaji. Mogu ponuditi vrijedne informacije kao \u0161to su podrijetlo, povijest putovanja, pa \u010dak i zamr\u0161ene pojedinosti o tkanini i uputama za njegu.<\/div>\n<\/li>\n<li>\n<div class=\"auto-hide-last-sibling-br paragraph_1252f paragraph-element\">Radna odje\u0107a\/odje\u0107a otporna na vatru: RFID oznake koriste tvrtke za pra\u0107enje i upravljanje specijalnim odjevnim predmetima. To uklju\u010duje osiguravanje da se vatrootporna ili druga za\u0161titna odje\u0107a redovito provjerava, prikladno \u010disti i po potrebi mijenja.<\/div>\n<\/li>\n<li>\n<div class=\"auto-hide-last-sibling-br paragraph_1252f paragraph-element\">Obu\u0107a i maske: od velike va\u017enosti u industrijama kao \u0161to su zdravstvo i gra\u0111evinarstvo gdje sigurnost ne mo\u017ee biti ugro\u017eena, pra\u0107enje upotrebe, \u010disto\u0107e i odr\u017eavanja predmeta poput maski i za\u0161titnih cipela pojednostavljeno je upotrebom RFID oznaka.<\/div>\n<\/li>\n<li>\n<div class=\"auto-hide-last-sibling-br paragraph_1252f paragraph-element\">Otira\u010di i krpe: tvrtke koje pru\u017eaju usluge \u010di\u0161\u0107enja ili upravljaju velikim objektima mogu imati koristi od RFID oznaka na otira\u010dima i krpama. Mo\u0107i \u0107e pratiti kori\u0161tenje i odr\u017eavanje, osiguravaju\u0107i \u010diste i u\u010dinkovite alate u svakom trenutku.<\/div>\n<\/li>\n<\/ul>\n<h3>Ekolo\u0161ki prihvatljiva kupnja<\/h3>\n<p>Na\u0161e RFID oznake dizajnirane su imaju\u0107i na umu ekolo\u0161ku prihvatljivost. Minimiziranjem ru\u010dnog rukovanja i smanjenjem izgubljenih predmeta mo\u017eete pomo\u0107i u smanjenju uglji\u010dnog otiska povezanog s praonicama rublja. The\u00a0<strong>RFID oznake za rublje<\/strong>\u00a0mogu se reciklirati na kraju \u017eivotnog ciklusa, pridonose\u0107i odr\u017eivoj praksi.<\/p>\n<h3>\u0160to je UHF RFID tehnologija?<\/h3>\n<p>RFID (Radio Frequency Identification) je tehnologija koja koristi elektromagnetska polja za automatsku identifikaciju i pra\u0107enje oznaka pri\u010dvr\u0161\u0107enih na objekte. UHF RFID radi unutar raspona ultra visoke frekvencije, omogu\u0107uju\u0107i ve\u0107e udaljenosti \u010ditanja i br\u017eu identifikaciju, \u0161to ga \u010dini idealnim za primjene u praonicama rublja. UHF RFID oznake mogu se pri\u0161iti ili pri\u010dvrstiti na odje\u0107u i posteljinu, omogu\u0107uju\u0107i u\u010dinkovito pra\u0107enje tijekom procesa pranja.<\/p>\n<h3>\u010cesto postavljana pitanja (FAQ)<\/h3>\n<p><strong>P1: Jesu li RFID oznake za pranje rublja kompatibilne sa svim sustavima za pranje rublja?<\/strong><br \/>\n<strong>A1:<\/strong>\u00a0Da, na\u0161e RFID oznake dizajnirane su za besprijekoran rad sa standardnim RFID \u010dita\u010dima koji se koriste u praonicama rublja.<\/p>\n<p><strong>P2: Kako mogu reciklirati iskori\u0161tene RFID oznake?<\/strong><br \/>\n<strong>A2:<\/strong>\u00a0Nakon njihovog \u017eivotnog ciklusa, mo\u017eete nam vratiti oznake na recikliranje ili provjeriti lokalna postrojenja koja zbrinjavaju elektroni\u010dki otpad.<\/p>\n<p><strong>P3: Mogu li ozna\u010diti rublje za osobnu upotrebu?<\/strong><br \/>\n<strong>A3:<\/strong>\u00a0Apsolutno! Ove se oznake tako\u0111er mogu koristiti u ku\u0107anstvima za u\u010dinkovito pra\u0107enje obiteljskog rublja.<\/p>\n<h3>Za\u0161to odabrati nas za svoja RFID rje\u0161enja?<\/h3>\n<p>Uz godine stru\u010dnosti u RFID tehnologiji, nudimo visokokvalitetna, izdr\u017eljiva i inovativna rje\u0161enja prilago\u0111ena industriji pranja rublja. Na\u0161i su proizvodi osmi\u0161ljeni kako bi zadovoljili razli\u010dite operativne potrebe uz zadr\u017eavanje pristupa\u010dnosti i odgovornosti prema okoli\u0161u.<\/p>\n<p>Pozivamo vas da transformirate svoje operacije praonice rublja ve\u0107 danas ulaganjem u na\u0161e UHF RFID oznake za rublje za rublje. S dokazanim rezultatima u pobolj\u0161anju u\u010dinkovitosti, upravljanju tekstilom i osiguravanju odgovornosti, ove oznake nisu samo ulaganje u tehnologiju, ve\u0107 ulaganje u mir.<\/p>\n<h3>Zaklju\u010dak<\/h3>\n<p>Prihva\u0107anjem budu\u0107nosti upravljanja praonicama rublja, integracija UHF RFID tehnologije u va\u0161e operacije zna\u010dajno \u0107e pobolj\u0161ati va\u0161u u\u010dinkovitost i pouzdanost. Ne propustite priliku da unaprijedite svoje mogu\u0107nosti obrade rublja.<\/p>\n<\/div>","protected":false},"excerpt":{"rendered":"<div class=\"auto-hide-last-sibling-br paragraph_1252f paragraph-element\">Pobolj\u0161ajte u\u010dinkovitost pranja s na\u0161im izdr\u017eljivim UHF RFID oznakama, dizajniranim za posteljinu i odje\u0107u. Perivo, otporno na temperaturu i idealno za tracking!<\/div>\n<div><\/div>\n<div class=\"auto-hide-last-sibling-br paragraph_1252f paragraph-element\"><\/div>","protected":false},"featured_media":58,"template":"","meta":{"_kad_post_transparent":"default","_kad_post_title":"","_kad_post_layout":"default","_kad_post_sidebar_id":"","_kad_post_content_style":"default","_kad_post_vertical_padding":"default","_kad_post_feature":"","_kad_post_feature_position":"","_kad_post_header":false,"_kad_post_footer":false,"_kad_post_classname":""},"product_brand":[],"product_cat":[19],"product_tag":[25,285,30,28],"class_list":{"0":"post-54","1":"product","2":"type-product","3":"status-publish","4":"has-post-thumbnail","6":"product_cat-textile-rfid-laundry-tag","7":"product_tag-rfid-laundrytags","8":"product_tag-rfid-tag","9":"product_tag-uhf-rfid-laundry-tag","10":"product_tag-washable-rfid-tags","12":"first","13":"instock","14":"shipping-taxable","15":"product-type-simple","16":"entry","17":"content-bg","18":"loop-entry"},"_links":{"self":[{"href":"https:\/\/rfid-laundry-tag.com\/hr\/wp-json\/wp\/v2\/product\/54","targetHints":{"allow":["GET"]}}],"collection":[{"href":"https:\/\/rfid-laundry-tag.com\/hr\/wp-json\/wp\/v2\/product"}],"about":[{"href":"https:\/\/rfid-laundry-tag.com\/hr\/wp-json\/wp\/v2\/types\/product"}],"version-history":[{"count":3,"href":"https:\/\/rfid-laundry-tag.com\/hr\/wp-json\/wp\/v2\/product\/54\/revisions"}],"predecessor-version":[{"id":2684,"href":"https:\/\/rfid-laundry-tag.com\/hr\/wp-json\/wp\/v2\/product\/54\/revisions\/2684"}],"wp:featuredmedia":[{"embeddable":true,"href":"https:\/\/rfid-laundry-tag.com\/hr\/wp-json\/wp\/v2\/media\/58"}],"wp:attachment":[{"href":"https:\/\/rfid-laundry-tag.com\/hr\/wp-json\/wp\/v2\/media?parent=54"}],"wp:term":[{"taxonomy":"product_brand","embeddable":true,"href":"https:\/\/rfid-laundry-tag.com\/hr\/wp-json\/wp\/v2\/product_brand?post=54"},{"taxonomy":"product_cat","embeddable":true,"href":"https:\/\/rfid-laundry-tag.com\/hr\/wp-json\/wp\/v2\/product_cat?post=54"},{"taxonomy":"product_tag","embeddable":true,"href":"https:\/\/rfid-laundry-tag.com\/hr\/wp-json\/wp\/v2\/product_tag?post=54"}],"curies":[{"name":"radni list","href":"https:\/\/api.w.org\/{rel}","templated":true}]}}