{"id":43,"date":"2024-06-03T16:12:18","date_gmt":"2024-06-03T16:12:18","guid":{"rendered":"https:\/\/rfid-laundry-tag.com\/?post_type=product&#038;p=43"},"modified":"2024-09-08T05:39:52","modified_gmt":"2024-09-08T05:39:52","slug":"uhf-rfid-textile-laundry-tag","status":"publish","type":"product","link":"https:\/\/rfid-laundry-tag.com\/hr\/uhf-rfid-textile-laundry-tag\/","title":{"rendered":"UHF RFID tekstilna oznaka za pranje rublja"},"content":{"rendered":"<h2>UHF RFID tekstilna oznaka za pranje rublja<\/h2>\n<div class=\"auto-hide-last-sibling-br paragraph_1252f paragraph-element\">\n<p><b><span class=\"magic-14\" data-spm-anchor-id=\"a2700.details.0.i55.23b419c7xXORP0\">RFID tkanine za pranje rublja.<\/span><\/b><\/p>\n<p>RFID tkanine za pranje rublja obi\u010dno se koriste u industrijskim praonicama, hotelskoj posteljini i medicinskim uniformama. Ove oznake su vrlo otporne i mogu izdr\u017eati visoke temperature, \u0161to ih \u010dini sposobnim pre\u017eivjeti vi\u0161e od 200 ciklusa pranja.<\/p>\n<div data-spm-anchor-id=\"a2700.details.0.i57.23b419c7xXORP0\"><span data-spm-anchor-id=\"a2700.details.0.i75.23b419c7xXORP0\"><b>Zna\u010dajka:<\/b><br \/>\n1) UHF tehnologija za \u010ditanje stotina oznaka istovremeno.<br \/>\n2) Udaljenost za \u010ditanje ve\u0107a od 8 stopa.<br \/>\n3) Novi mehani\u010dki dizajn za pobolj\u0161ane performanse za ravnu posteljinu.<br \/>\n4) Prikladno za visokotla\u010dne ekstraktore do 60 bara.<br \/>\n5) Prikladno za sterilizaciju u autoklavu.<br \/>\n6) Mali, mekani, fleksibilni materijal idealan za tekstil, posteljinu, odje\u0107u i dodatke.<\/span><\/div>\n<\/div>\n<div data-spm-anchor-id=\"a2700.details.0.i57.23b419c7xXORP0\"><\/div>\n<div data-spm-anchor-id=\"a2700.details.0.i57.23b419c7xXORP0\">\n<div class=\"text-title\"><span data-spm-anchor-id=\"a2700.details.0.i77.23b419c7xXORP0\">Fizi\u010dki:<\/span><\/div>\n<div class=\"text-content\" data-spm-anchor-id=\"a2700.details.0.i54.23b419c7xXORP0\">\n<div>Veli\u010dina: 70 mm\u00d715 mm x1,5 mm<\/div>\n<div>\u010cip: UHF<\/div>\n<div>Na\u010din postavljanja naljepnice: \u0161ivanje, gla\u010danje<\/div>\n<div>Protokol: ISO18ooo-6C EPC C1G2<\/div>\n<div>Peglanje: 15 sekundi, na 210 \u2103<\/div>\n<div>Ekspozicija: 2,5 bara<\/div>\n<div>Su\u0161enje: 15 minuta na 180\u00b0C<\/div>\n<div><span data-spm-anchor-id=\"a2700.details.0.i78.23b419c7xXORP0\">Pranje: 15 minuta na 90\u2103<\/span><\/div>\n<div>Ciklusi pranja: 200+ ciklusa ili 3 godine<br \/>\nUvjeti skladi\u0161tenja: -20-80 \u2103, 5-95%RH<\/div>\n<\/div>\n<\/div>\n<h3 class=\"wp-block-heading\">Monta\u017ea<\/h3>\n<p><strong>Ozna\u010davanje \u0161avova<\/strong>: Za u\u0161ivanje u porub tkanine. Za\u0161ijte oznaku za rublje dalje od linija presavijanja.<br \/>\n<strong>Toplinsko brtvljenje<\/strong>: Toplinsko zavarivanje izravno na tekstil na +200\u00b0C (392\u00b0F), 12~14s.<br \/>\n<strong>U vre\u0107ici<\/strong>: Za\u0161iti se kao standardna naljepnica za odr\u017eavanje. Za\u0161ijte oznaku za rublje dalje od linija presavijanja.<\/p>\n<div class=\"auto-hide-last-sibling-br paragraph_1252f paragraph-element\">\u00a0UHF RFID oznake za tekstilno rublje sastavni su dio brojnih industrija, omogu\u0107uju\u0107i u\u010dinkovito pra\u0107enje imovine, upravljanje inventarom i pobolj\u0161avaju\u0107i ukupnu operativnu produktivnost. Evo nekih od njegovih primjena u razli\u010ditim sektorima:<\/div>\n<ol class=\"auto-hide-last-sibling-br\">\n<li>\n<div class=\"auto-hide-last-sibling-br paragraph_1252f paragraph-element\"><strong>zdravstvo<\/strong>: Bolnice i druge medicinske ustanove koriste RFID oznake za posteljinu za upravljanje velikim zalihama posteljine, ru\u010dnika, pilinga, uniformi i kirur\u0161kog rublja. To poma\u017ee smanjiti gubitak, upravljati ciklusima pranja rublja i osigurati da \u010dista, svje\u017ea posteljina uvijek bude dostupna prema potrebi.<\/div>\n<\/li>\n<li>\n<div class=\"auto-hide-last-sibling-br paragraph_1252f paragraph-element\"><strong>hoteli<\/strong>: Upravljanje posteljinom ogroman je zadatak u hotelskoj industriji, gdje kru\u017ee tisu\u0107e artikala, od posteljine preko ru\u010dnika do zavjesa i ogrta\u010da. RFID platnene oznake pojednostavljuju pra\u0107enje, osiguravaju pravovremeno \u010di\u0161\u0107enje i zamjenu te poma\u017eu u otkrivanju i sprje\u010davanju kra\u0111e.<\/div>\n<\/li>\n<li>\n<div class=\"auto-hide-last-sibling-br paragraph_1252f paragraph-element\"><strong>Restorani<\/strong>: U industriji uslu\u017eivanja hrane RFID oznake mogu nadzirati kori\u0161tenje i \u010di\u0161\u0107enje uniformi, stolnjaka, salveta i kuharskih prega\u010da. To mo\u017ee pobolj\u0161ati standarde \u010disto\u0107e i pomo\u0107i u odr\u017eavanju ugla\u0111enog, profesionalnog izgleda.<\/div>\n<\/li>\n<li>\n<div class=\"auto-hide-last-sibling-br paragraph_1252f paragraph-element\"><strong>Industrija modne odje\u0107e<\/strong>: RFID oznake igraju veliku ulogu u pra\u0107enju artikala u cijelom opskrbnom lancu, od proizvodnje do maloprodaje. Oni mogu pru\u017eiti vrijedne informacije poput podrijetla, povijesti putovanja, pa \u010dak i pojedinosti o tkanini i uputama za njegu.<\/div>\n<\/li>\n<li>\n<div class=\"auto-hide-last-sibling-br paragraph_1252f paragraph-element\"><strong>Radna odje\u0107a\/odje\u0107a otporna na vatru<\/strong>: Tvrtke mogu koristiti RFID oznake za pra\u0107enje i upravljanje specijalnim odjevnim predmetima. To mo\u017ee uklju\u010divati osiguravanje da se vatrootporna ili druga za\u0161titna odje\u0107a redovito pregledava, pravilno \u010disti i po potrebi mijenja.<\/div>\n<\/li>\n<li>\n<div class=\"auto-hide-last-sibling-br paragraph_1252f paragraph-element\"><strong>Obu\u0107a i maske<\/strong>: Posebno va\u017eno u industrijama kao \u0161to su zdravstvo i gra\u0111evinarstvo gdje je sigurnost klju\u010dna, pra\u0107enje upotrebe, \u010di\u0161\u0107enja i odr\u017eavanja predmeta poput maski i za\u0161titnih cipela mo\u017ee se pojednostaviti kori\u0161tenjem RFID oznaka.<\/div>\n<\/li>\n<li>\n<div class=\"auto-hide-last-sibling-br paragraph_1252f paragraph-element\"><strong>Otira\u010di i krpe<\/strong>: Za tvrtke koje pru\u017eaju usluge \u010di\u0161\u0107enja ili upravljanje velikim objektima, RFID oznake na prostirkama i krpama mogu pomo\u0107i u pra\u0107enju kori\u0161tenja i odr\u017eavanja, osiguravaju\u0107i \u010diste i u\u010dinkovite alate u svakom trenutku.<\/div>\n<\/li>\n<\/ol>","protected":false},"excerpt":{"rendered":"<p><b>RFID oznake za rublje <\/b>su posebno dizajnirani za kori\u0161tenje u hotelima, bolnicama, kemijskim \u010distionicama i upravljanju dekama u zrakoplovima. Ove oznake dostupne su u tri glavna materijala: PPS, silikon i tkanina.<\/p>","protected":false},"featured_media":44,"template":"","meta":{"_kad_post_transparent":"default","_kad_post_title":"","_kad_post_layout":"default","_kad_post_sidebar_id":"","_kad_post_content_style":"default","_kad_post_vertical_padding":"default","_kad_post_feature":"","_kad_post_feature_position":"","_kad_post_header":false,"_kad_post_footer":false,"_kad_post_classname":""},"product_brand":[],"product_cat":[19,16],"product_tag":[25,23,27,26],"class_list":{"0":"post-43","1":"product","2":"type-product","3":"status-publish","4":"has-post-thumbnail","6":"product_cat-textile-rfid-laundry-tag","7":"product_cat-uhf-rfid-laundry-tags","8":"product_tag-rfid-laundrytags","9":"product_tag-rfid-linen-tags","10":"product_tag-uhf-rfid-textile-laundry-tag","11":"product_tag-washable-uhf-rfid-laundry-tag","13":"first","14":"instock","15":"shipping-taxable","16":"product-type-simple","17":"entry","18":"content-bg","19":"loop-entry"},"_links":{"self":[{"href":"https:\/\/rfid-laundry-tag.com\/hr\/wp-json\/wp\/v2\/product\/43","targetHints":{"allow":["GET"]}}],"collection":[{"href":"https:\/\/rfid-laundry-tag.com\/hr\/wp-json\/wp\/v2\/product"}],"about":[{"href":"https:\/\/rfid-laundry-tag.com\/hr\/wp-json\/wp\/v2\/types\/product"}],"version-history":[{"count":2,"href":"https:\/\/rfid-laundry-tag.com\/hr\/wp-json\/wp\/v2\/product\/43\/revisions"}],"predecessor-version":[{"id":1305,"href":"https:\/\/rfid-laundry-tag.com\/hr\/wp-json\/wp\/v2\/product\/43\/revisions\/1305"}],"wp:featuredmedia":[{"embeddable":true,"href":"https:\/\/rfid-laundry-tag.com\/hr\/wp-json\/wp\/v2\/media\/44"}],"wp:attachment":[{"href":"https:\/\/rfid-laundry-tag.com\/hr\/wp-json\/wp\/v2\/media?parent=43"}],"wp:term":[{"taxonomy":"product_brand","embeddable":true,"href":"https:\/\/rfid-laundry-tag.com\/hr\/wp-json\/wp\/v2\/product_brand?post=43"},{"taxonomy":"product_cat","embeddable":true,"href":"https:\/\/rfid-laundry-tag.com\/hr\/wp-json\/wp\/v2\/product_cat?post=43"},{"taxonomy":"product_tag","embeddable":true,"href":"https:\/\/rfid-laundry-tag.com\/hr\/wp-json\/wp\/v2\/product_tag?post=43"}],"curies":[{"name":"radni list","href":"https:\/\/api.w.org\/{rel}","templated":true}]}}