{"id":37,"date":"2024-06-03T15:44:26","date_gmt":"2024-06-03T15:44:26","guid":{"rendered":"https:\/\/rfid-laundry-tag.com\/?post_type=product&#038;p=37"},"modified":"2024-09-27T17:21:11","modified_gmt":"2024-09-27T17:21:11","slug":"laundry-rfid-linen-tags","status":"publish","type":"product","link":"https:\/\/rfid-laundry-tag.com\/hr\/laundry-rfid-linen-tags\/","title":{"rendered":"Rublje RFID oznake za posteljinu"},"content":{"rendered":"<h2>Rublje RFID oznake za posteljinu<\/h2>\n<p>RFID oznaka za pranje rublja izra\u0111ena od tekstilnog materijala dimenzija 70*15 mm i opremljena NXP U CODE 9 \u010dipom je pojednostavljeni alat dizajniran za u\u010dinkovito pra\u0107enje i upravljanje tekstilom kao \u0161to su posteljina, uniforme, ru\u010dnici i drugo.<\/p>\n<div class=\"auto-hide-last-sibling-br paragraph_1252f paragraph-element\">Glavne zna\u010dajke:<\/div>\n<ol class=\"auto-hide-last-sibling-br\">\n<li>\n<div class=\"auto-hide-last-sibling-br paragraph_1252f paragraph-element\"><strong>Materijal i veli\u010dina<\/strong>: Ova RFID oznaka izra\u0111ena je od materijala pogodnog za tekstil i dimenzija je 70 mm sa 15 mm, veli\u010dine koja je idealna za diskretno ozna\u010davanje razli\u010ditih vrsta tkanina bez utjecaja na njihovu estetsku ili taktilnu kvalitetu.<\/div>\n<\/li>\n<li>\n<div class=\"auto-hide-last-sibling-br paragraph_1252f paragraph-element\"><strong>RFID \u010dip<\/strong>: Ugra\u0111eni NXP U CODE 9 \u010dip osigurava visoke performanse i pouzdanu funkcionalnost. Ovaj mikro\u010dip olak\u0161ava prijenos podataka na velike udaljenosti i posjeduje opse\u017ean memorijski kapacitet za pohranjivanje informacija o predmetu.<\/div>\n<\/li>\n<li>\n<div class=\"auto-hide-last-sibling-br paragraph_1252f paragraph-element\"><strong>Izdr\u017eljivost<\/strong>: Unato\u010d mekanoj i fleksibilnoj tekstilnoj konstrukciji, ova RFID oznaka za pranje rublja dizajnirana je da izdr\u017ei energi\u010dne procese pranja, gla\u010danja i gla\u010danja. Mo\u017ee izdr\u017eati vodu, toplinu i pritisak, odr\u017eavaju\u0107i svoj integritet i funkciju unato\u010d ponavljaju\u0107im industrijskim ciklusima pranja rublja.<\/div>\n<\/li>\n<li>\n<div class=\"auto-hide-last-sibling-br paragraph_1252f paragraph-element\"><strong>U\u010dinkovitost<\/strong>: Tehnologija \u010dipa NXP U CODE 9 omogu\u0107uje brzo, precizno skeniranje oznake \u010dak i u scenarijima skupnog \u010ditanja. To rezultira brzom obradom, smanjenjem vremena rada i pobolj\u0161anjem produktivnosti u upravljanju tekstilom.<\/div>\n<\/li>\n<li>\n<div class=\"auto-hide-last-sibling-br paragraph_1252f paragraph-element\"><strong>Primjena<\/strong>: Prvenstveno, ove RFID oznake su u\u0161ivene ili toplinski zavarene u tekstil prije nego \u0161to se stave u upotrebu. Nakon pri\u010dvr\u0161\u0107ivanja, automatizirano upravljanje zalihama, kontrola procesa i sprje\u010davanje gubitka mogu se olak\u0161ati s lako\u0107om zahvaljuju\u0107i mogu\u0107nosti be\u017ei\u010dnog pra\u0107enja koju ove oznake pru\u017eaju.<\/div>\n<\/li>\n<\/ol>\n<div class=\"auto-hide-last-sibling-br paragraph_1252f paragraph-element\">Za\u0161to sljedivost igra klju\u010dnu ulogu u tekstilnoj industriji. Evo sa\u017eetka klju\u010dnih to\u010daka za isticanje:<\/div>\n<div><\/div>\n<ol class=\"auto-hide-last-sibling-br\">\n<li>\n<div class=\"auto-hide-last-sibling-br paragraph_1252f paragraph-element\">Kontrola kvalitete: Dopu\u0161taju\u0107i proizvo\u0111a\u010dima da nadgledaju kvalitetu svojih tekstila na svakoj razini proizvodnje, sljedivost omogu\u0107uje ranu identifikaciju i ispravljanje problema s kvalitetom.<\/div>\n<\/li>\n<li>\n<div class=\"auto-hide-last-sibling-br paragraph_1252f paragraph-element\">Sigurnost proizvoda: Sljedivost osigurava sigurnost tekstila dopu\u0161taju\u0107i proizvo\u0111a\u010dima da brzo prona\u0111u i povuku proizvode s polica u slu\u010daju \u0161tetnih kemikalija ili nedostataka.<\/div>\n<\/li>\n<li>\n<div class=\"auto-hide-last-sibling-br paragraph_1252f paragraph-element\">Uskla\u0111enost s propisima: pridr\u017eavanje strogih propisa koji se ti\u010du tekstila mo\u017ee se osigurati sljedivosti, \u0161to poma\u017ee proizvo\u0111a\u010dima u izbjegavanju pravnih sukoba i kaljanja njihovog ugleda.<\/div>\n<\/li>\n<li>\n<div class=\"auto-hide-last-sibling-br paragraph_1252f paragraph-element\">Transparentnost lanca opskrbe: Potro\u0161a\u010di danas zahtijevaju transparentnost o podrijetlu svojih proizvoda, proizvodnom procesu i jesu li eti\u010dki i odr\u017eivi postupci podr\u017eani. Sljedivost zadovoljava upravo ovu potra\u017enju.<\/div>\n<\/li>\n<li>\n<div class=\"auto-hide-last-sibling-br paragraph_1252f paragraph-element\">Odr\u017eivost i ekolo\u0161ka prihvatljivost: Tekstilna industrija suo\u010dava se sa zna\u010dajnim pritiskom da postane odr\u017eivija i ograni\u010di \u0161tetu okoli\u0161u. Sljedivost poma\u017ee proizvo\u0111a\u010dima u pra\u0107enju podrijetla materijala i procjeni utjecaja njihovih proizvodnih procesa na okoli\u0161. To mo\u017ee pomo\u0107i u smanjenju otpada i uvo\u0111enju ekolo\u0161ki prihvatljivijih praksi.<\/div>\n<\/li>\n<li>\n<div class=\"auto-hide-last-sibling-br paragraph_1252f paragraph-element\">Spre\u010davanje krivotvorina: Sljedivost je klju\u010dna u potvr\u0111ivanju autenti\u010dnosti proizvoda, \u010dime se sprje\u010dava krivotvorina i \u010duva ugled robne marke.<\/div>\n<\/li>\n<li>\n<div class=\"auto-hide-last-sibling-br paragraph_1252f paragraph-element\">U\u010dinkovito upravljanje povla\u010denjem proizvoda: Sljedivost omogu\u0107uje proizvo\u0111a\u010dima da brzo identificiraju pogo\u0111ene proizvode i potro\u0161a\u010de u slu\u010daju povla\u010denja proizvoda zbog problema vezanih uz sigurnost ili kvalitetu. To ograni\u010dava opseg i u\u010dinak povla\u010denja proizvoda.<\/div>\n<\/li>\n<li>\n<div class=\"auto-hide-last-sibling-br paragraph_1252f paragraph-element\">Smanjenje tro\u0161kova: Sustavi sljedivosti poma\u017eu identificirati neu\u010dinkovitosti u proizvodnom procesu \u0161to dovodi do smanjenja tro\u0161kova. Proizvo\u0111a\u010dima omogu\u0107uje pra\u0107enje materijala i procesa, optimiziranje operacija i smanjenje otpada.<\/div>\n<\/li>\n<li>\n<div class=\"auto-hide-last-sibling-br paragraph_1252f paragraph-element\">Reputacija marke: Sljedivost i transparentnost poti\u010du povjerenje potro\u0161a\u010da \u0161to mo\u017ee zna\u010dajno pobolj\u0161ati imid\u017e marke.<\/div>\n<\/li>\n<li>\n<div class=\"auto-hide-last-sibling-br paragraph_1252f paragraph-element\">Upravljanje rizikom: Sljedivost olak\u0161ava anticipativno upravljanje rizicima povezanim s prekidima u opskrbnom lancu, problemima s kvalitetom ili povla\u010denjem proizvoda, smanjuju\u0107i potencijalnu financijsku \u0161tetu i \u0161tetu po ugledu u slu\u010daju krize.<\/div>\n<\/li>\n<\/ol>\n<div class=\"auto-hide-last-sibling-br paragraph_1252f paragraph-element\">O\u010dito je da sljedivost u tekstilnoj industriji ima ogromne prednosti. Ne samo da pobolj\u0161ava operativnu u\u010dinkovitost, ve\u0107 i ispunjava o\u010dekivanja potro\u0161a\u010da u pogledu sigurnosti, kvalitete i eti\u010dkog odabira izvora.<\/div>","protected":false},"excerpt":{"rendered":"<p>Izdr\u017eljive RFID platnene oznake: fleksibilne, robusne, s velikim dometom o\u010ditavanja. Jamstvo za 200 pranja, pogodno za \u0161ivanje, toplinsko zavarivanje ili vje\u0161anje. Idealno za pranje rublja.<\/p>","protected":false},"featured_media":39,"template":"","meta":{"_kad_post_transparent":"default","_kad_post_title":"","_kad_post_layout":"default","_kad_post_sidebar_id":"","_kad_post_content_style":"default","_kad_post_vertical_padding":"default","_kad_post_feature":"","_kad_post_feature_position":"","_kad_post_header":false,"_kad_post_footer":false,"_kad_post_classname":""},"product_brand":[],"product_cat":[19,16],"product_tag":[22,24,25,23],"class_list":{"0":"post-37","1":"product","2":"type-product","3":"status-publish","4":"has-post-thumbnail","6":"product_cat-textile-rfid-laundry-tag","7":"product_cat-uhf-rfid-laundry-tags","8":"product_tag-laundry-rfid-linen-tags","9":"product_tag-laundry-rfid-tags","10":"product_tag-rfid-laundrytags","11":"product_tag-rfid-linen-tags","13":"first","14":"instock","15":"shipping-taxable","16":"product-type-simple","17":"entry","18":"content-bg","19":"loop-entry"},"_links":{"self":[{"href":"https:\/\/rfid-laundry-tag.com\/hr\/wp-json\/wp\/v2\/product\/37","targetHints":{"allow":["GET"]}}],"collection":[{"href":"https:\/\/rfid-laundry-tag.com\/hr\/wp-json\/wp\/v2\/product"}],"about":[{"href":"https:\/\/rfid-laundry-tag.com\/hr\/wp-json\/wp\/v2\/types\/product"}],"version-history":[{"count":3,"href":"https:\/\/rfid-laundry-tag.com\/hr\/wp-json\/wp\/v2\/product\/37\/revisions"}],"predecessor-version":[{"id":2713,"href":"https:\/\/rfid-laundry-tag.com\/hr\/wp-json\/wp\/v2\/product\/37\/revisions\/2713"}],"wp:featuredmedia":[{"embeddable":true,"href":"https:\/\/rfid-laundry-tag.com\/hr\/wp-json\/wp\/v2\/media\/39"}],"wp:attachment":[{"href":"https:\/\/rfid-laundry-tag.com\/hr\/wp-json\/wp\/v2\/media?parent=37"}],"wp:term":[{"taxonomy":"product_brand","embeddable":true,"href":"https:\/\/rfid-laundry-tag.com\/hr\/wp-json\/wp\/v2\/product_brand?post=37"},{"taxonomy":"product_cat","embeddable":true,"href":"https:\/\/rfid-laundry-tag.com\/hr\/wp-json\/wp\/v2\/product_cat?post=37"},{"taxonomy":"product_tag","embeddable":true,"href":"https:\/\/rfid-laundry-tag.com\/hr\/wp-json\/wp\/v2\/product_tag?post=37"}],"curies":[{"name":"radni list","href":"https:\/\/api.w.org\/{rel}","templated":true}]}}