{"id":356,"date":"2024-06-28T11:08:54","date_gmt":"2024-06-28T11:08:54","guid":{"rendered":"https:\/\/rfid-laundry-tag.com\/?post_type=product&#038;p=356"},"modified":"2024-08-14T15:55:26","modified_gmt":"2024-08-14T15:55:26","slug":"rfid-windshield-sticker-for-vehicle-tracking","status":"publish","type":"product","link":"https:\/\/rfid-laundry-tag.com\/hr\/rfid-windshield-sticker-for-vehicle-tracking\/","title":{"rendered":"RFID naljepnica za vjetrobransko staklo za pra\u0107enje vozila"},"content":{"rendered":"<h2>RFID naljepnica za vjetrobransko staklo za pra\u0107enje vozila<\/h2>\n<div class=\"J_module\">\n<div class=\"ife-detail-decorate-table\">\n<table class=\"all magic-10\">\n<tbody>\n<tr>\n<td colspan=\"1\" rowspan=\"1\">\n<div class=\"magic-11\">\u010cip<\/div>\n<\/td>\n<td colspan=\"1\" rowspan=\"1\">\n<div class=\"magic-12\">Alien H9, H10, U9 itd<\/div>\n<\/td>\n<\/tr>\n<tr>\n<td colspan=\"1\" rowspan=\"1\">\n<div class=\"magic-11\">Frekvencija<\/div>\n<\/td>\n<td colspan=\"1\" rowspan=\"1\">\n<div class=\"magic-12\">860\uff5e960MHz<\/div>\n<\/td>\n<\/tr>\n<tr>\n<td colspan=\"1\" rowspan=\"1\">\n<div class=\"magic-11\">Materijal<\/div>\n<\/td>\n<td colspan=\"1\" rowspan=\"1\">\n<div class=\"magic-12\">Premazani papir\/PET\/Sinteti\u010dki papir\/Termo papir\/prilagodba<\/div>\n<\/td>\n<\/tr>\n<tr>\n<td colspan=\"1\" rowspan=\"1\">\n<div class=\"magic-11\">Na\u010din rada<\/div>\n<\/td>\n<td colspan=\"1\" rowspan=\"1\">\n<div class=\"magic-12\">Pasivna<\/div>\n<\/td>\n<\/tr>\n<tr>\n<td colspan=\"1\" rowspan=\"1\">\n<div class=\"magic-11\">IC \u017eivot<\/div>\n<\/td>\n<td colspan=\"1\" rowspan=\"1\">\n<div class=\"magic-12\">100 000 programskih ciklusa, 10 godina \u010duvanja podataka<\/div>\n<\/td>\n<\/tr>\n<tr>\n<td colspan=\"1\" rowspan=\"1\">\n<div class=\"magic-11\">Radna temperatura\/vla\u017enost<\/div>\n<\/td>\n<td colspan=\"1\" rowspan=\"1\">\n<div class=\"magic-12\">-25~50\u2103\/20%~80% RH<\/div>\n<\/td>\n<\/tr>\n<tr>\n<td colspan=\"1\" rowspan=\"1\">\n<div class=\"magic-11\">Temperatura\/vla\u017enost skladi\u0161tenja<\/div>\n<\/td>\n<td colspan=\"1\" rowspan=\"1\">\n<div class=\"magic-12\">+23\u00b0C\u00b15\u00b0C\/ 50%\u00b110% RH (bez kondenzacije).<\/div>\n<\/td>\n<\/tr>\n<tr>\n<td colspan=\"1\" rowspan=\"1\">\n<div class=\"magic-11\">Antena<\/div>\n<\/td>\n<td colspan=\"1\" rowspan=\"1\">\n<div class=\"magic-12\">Graviranje aluminija, 94,8*8,1 mm<\/div>\n<\/td>\n<\/tr>\n<tr>\n<td colspan=\"1\" rowspan=\"1\">\n<div class=\"magic-11\">Mokri ulo\u017eak\/veli\u010dina naljepnice<\/div>\n<\/td>\n<td colspan=\"1\" rowspan=\"1\">\n<div class=\"magic-12\">98*15mm ili prilagodba<\/div>\n<\/td>\n<\/tr>\n<tr>\n<td colspan=\"1\" rowspan=\"1\">\n<div class=\"magic-11\">Ispis<\/div>\n<\/td>\n<td colspan=\"1\" rowspan=\"1\">\n<div class=\"magic-12\">Ispis u punoj boji, logotip, crti\u010dni kod, QR kod itd<\/div>\n<\/td>\n<\/tr>\n<tr>\n<td colspan=\"1\" rowspan=\"1\">\n<div class=\"magic-11\">Uzorak<\/div>\n<\/td>\n<td colspan=\"1\" rowspan=\"1\">\n<div class=\"magic-12\">Uzorak je besplatan za va\u0161 test kvalitete<\/div>\n<\/td>\n<\/tr>\n<tr>\n<td colspan=\"1\" rowspan=\"1\">\n<div class=\"magic-11\">Protokol<\/div>\n<\/td>\n<td colspan=\"1\" rowspan=\"1\">\n<div class=\"magic-12\">ISO\/IEC 18000-6C EPC Class1 Gen2<\/div>\n<\/td>\n<\/tr>\n<tr>\n<td colspan=\"1\" rowspan=\"1\">\n<div class=\"magic-11\">Pakiranje<\/div>\n<\/td>\n<td colspan=\"1\" rowspan=\"1\">\n<div class=\"magic-12\">1000-5000 kom\/rola, 4 role\/karton<\/div>\n<\/td>\n<\/tr>\n<tr>\n<td colspan=\"1\" rowspan=\"1\">\n<div class=\"magic-11\">Mjesto porijekla<\/div>\n<\/td>\n<td colspan=\"1\" rowspan=\"1\">\n<div class=\"magic-12\">Chengdu, Kina<\/div>\n<\/td>\n<\/tr>\n<tr>\n<td colspan=\"1\" rowspan=\"4\">\n<div class=\"magic-11\">Primjena\/Rje\u0161enje<\/div>\n<\/td>\n<td colspan=\"1\" rowspan=\"1\">\n<div class=\"magic-12\">Sigurna kontrola pristupa\/bezgotovinsko pla\u0107anje \u010clanstvo i programi vjernosti<\/div>\n<\/td>\n<\/tr>\n<tr>\n<td colspan=\"1\" rowspan=\"1\">\n<div class=\"magic-12\" data-spm-anchor-id=\"a2700.details.0.i80.59c943e8HVzkHD\">Pristup doga\u0111ajima i brendiranje\/Dru\u0161tveni mediji\/Maloprodaja<\/div>\n<\/td>\n<\/tr>\n<tr>\n<td colspan=\"1\" rowspan=\"1\">\n<div class=\"magic-12\">Okoli\u0161\/Igre i igra\u010dke Lokacija\/Elektronika\/Sajmovi<\/div>\n<\/td>\n<\/tr>\n<tr>\n<td colspan=\"1\" rowspan=\"1\">\n<div class=\"magic-12\">Doga\u0111aji\/Zahtjevi za poziv\/Vizitke<\/div>\n<\/td>\n<\/tr>\n<\/tbody>\n<\/table>\n<p>&nbsp;<\/p>\n<\/div>\n<\/div>\n<div class=\"J_module\">\n<div class=\"auto-hide-last-sibling-br paragraph_9dc5f paragraph-element\">\n<p><strong>Primjene RFID naljepnica za vjetrobransko staklo uklju\u010duju:<\/strong><\/p>\n<ol>\n<li><strong>Kontrola pristupa vozilu<\/strong>: RFID naljepnice za vjetrobransko staklo mogu se koristiti za automatizirani ulazak i izlazak na parkirali\u0161tima, zatvorenim zajednicama, naplatnim ku\u0107icama i drugim podru\u010djima s kontroliranim pristupom.<\/li>\n<li><strong>Pra\u0107enje vozila<\/strong>: RFID naljepnice za vjetrobransko staklo mogu se koristiti za pra\u0107enje i upravljanje vozilima unutar objekta, kao \u0161to su agencije za iznajmljivanje automobila ili parkirne gara\u017ee.<\/li>\n<li><strong>Elektroni\u010dka naplata cestarine<\/strong>: RFID naljepnice za vjetrobransko staklo mogu se koristiti za elektroni\u010dke sustave naplate cestarine, omogu\u0107uju\u0107i vozilima brz i u\u010dinkovit prolazak kroz naplatne ku\u0107ice bez potrebe za zaustavljanjem i pla\u0107anjem gotovinom.<\/li>\n<li><strong>Upravljanje voznim parkom<\/strong>: RFID naljepnice za vjetrobransko staklo mogu se koristiti za pra\u0107enje i upravljanje voznim parkom, omogu\u0107uju\u0107i tvrtkama da prate i optimiziraju svoje operacije.<\/li>\n<li><strong>Upravljanje parkingom<\/strong>: RFID naljepnice za vjetrobransko staklo mogu se koristiti za pra\u0107enje i upravljanje parkirnim mjestima na parkirali\u0161tima ili objektima, pru\u017eaju\u0107i informacije u stvarnom vremenu o dostupnim parkirnim mjestima.<\/li>\n<li><strong>Identifikacija vozila<\/strong>: RFID naljepnice za vjetrobransko staklo mogu se koristiti za identifikaciju vozila na doga\u0111ajima, utrkama ili drugim situacijama u kojima je potrebna brza i to\u010dna identifikacija.<\/li>\n<\/ol>\n<p>Op\u0107enito, RFID naljepnice za vjetrobransko staklo nude prikladan i u\u010dinkovit na\u010din za pra\u0107enje i upravljanje vozilima u razli\u010ditim primjenama, pru\u017eaju\u0107i pobolj\u0161anu sigurnost, prakti\u010dnost i automatizaciju u procesima povezanim s vozilima.<\/p>\n<\/div>\n<div><\/div>\n<div class=\"auto-hide-last-sibling-br paragraph_9dc5f paragraph-element\"><\/div>\n<div><\/div>\n<\/div>\n<div><\/div>\n<div><strong>Za\u0161to odabrati NAS?<\/strong><\/div>\n<div><\/div>\n<div>Mi smo vode\u0107i pru\u017eatelj RFID tehnologije s vi\u0161e od 11 godina iskustva, donosimo naprednu u\u010dinkovitost, pouzdanost i to\u010dnost globalnim opskrbnim lancima kupaca s vode\u0107im proizvodima, rje\u0161enjima i tehnologijama u industriji. Kao proizvo\u0111a\u010d na globalnoj razini, kupcima nudimo platformu temeljnih tehnologija, uklju\u010duju\u0107i kontrolu pristupa, ozna\u010davanje \u017eivotinja, komunikaciju kratkog polja (NFC), razne RFID \u010dita\u010de i rje\u0161enja. Na\u0161a rje\u0161enja imaju visoko konfigurabilne okvire aplikacija i elegantna korisni\u010dka su\u010delja s naprednom analitikom, omogu\u0107uju\u0107i end-to-end poslovnu inteligenciju i vidljivost podataka u vi\u0161e industrija.<\/div>","protected":false},"excerpt":{"rendered":"<p>RFID naljepnice za vjetrobransko staklo su RFID oznake koje su dizajnirane za pri\u010dvr\u0161\u0107ivanje na vjetrobransko staklo vozila za razne svrhe pra\u0107enja i identifikacije.<\/p>","protected":false},"featured_media":357,"template":"","meta":{"_kad_post_transparent":"default","_kad_post_title":"","_kad_post_layout":"default","_kad_post_sidebar_id":"","_kad_post_content_style":"default","_kad_post_vertical_padding":"default","_kad_post_feature":"","_kad_post_feature_position":"","_kad_post_header":false,"_kad_post_footer":false,"_kad_post_classname":""},"product_brand":[],"product_cat":[54],"product_tag":[157,98],"class_list":{"0":"post-356","1":"product","2":"type-product","3":"status-publish","4":"has-post-thumbnail","6":"product_cat-hot-selling-rfid-tags","7":"product_tag-rfid-windshield-sticker-for-vehicle-tracking","8":"product_tag-uhf-rfid-label","10":"first","11":"instock","12":"shipping-taxable","13":"product-type-simple","14":"entry","15":"content-bg","16":"loop-entry"},"_links":{"self":[{"href":"https:\/\/rfid-laundry-tag.com\/hr\/wp-json\/wp\/v2\/product\/356","targetHints":{"allow":["GET"]}}],"collection":[{"href":"https:\/\/rfid-laundry-tag.com\/hr\/wp-json\/wp\/v2\/product"}],"about":[{"href":"https:\/\/rfid-laundry-tag.com\/hr\/wp-json\/wp\/v2\/types\/product"}],"version-history":[{"count":1,"href":"https:\/\/rfid-laundry-tag.com\/hr\/wp-json\/wp\/v2\/product\/356\/revisions"}],"predecessor-version":[{"id":1306,"href":"https:\/\/rfid-laundry-tag.com\/hr\/wp-json\/wp\/v2\/product\/356\/revisions\/1306"}],"wp:featuredmedia":[{"embeddable":true,"href":"https:\/\/rfid-laundry-tag.com\/hr\/wp-json\/wp\/v2\/media\/357"}],"wp:attachment":[{"href":"https:\/\/rfid-laundry-tag.com\/hr\/wp-json\/wp\/v2\/media?parent=356"}],"wp:term":[{"taxonomy":"product_brand","embeddable":true,"href":"https:\/\/rfid-laundry-tag.com\/hr\/wp-json\/wp\/v2\/product_brand?post=356"},{"taxonomy":"product_cat","embeddable":true,"href":"https:\/\/rfid-laundry-tag.com\/hr\/wp-json\/wp\/v2\/product_cat?post=356"},{"taxonomy":"product_tag","embeddable":true,"href":"https:\/\/rfid-laundry-tag.com\/hr\/wp-json\/wp\/v2\/product_tag?post=356"}],"curies":[{"name":"radni list","href":"https:\/\/api.w.org\/{rel}","templated":true}]}}