{"id":352,"date":"2024-06-28T10:26:38","date_gmt":"2024-06-28T10:26:38","guid":{"rendered":"https:\/\/rfid-laundry-tag.com\/?post_type=product&#038;p=352"},"modified":"2024-06-28T10:52:24","modified_gmt":"2024-06-28T10:52:24","slug":"custom-paper-nfc-sticker-ntag213","status":"publish","type":"product","link":"https:\/\/rfid-laundry-tag.com\/hr\/custom-paper-nfc-sticker-ntag213\/","title":{"rendered":"Prilago\u0111ena papirna NFC naljepnica Ntag213"},"content":{"rendered":"<div>\n<div><strong>NFC naljepnice s NXP NTAG213<\/strong> \u010dipovi su popularni za razli\u010dite primjene kao \u0161to su marketing, kontrola pristupa i autentifikacija proizvoda. Prilagodljive opcije za zavr\u0161nu obradu, oblik, veli\u010dinu i ispis \u010dine ih svestranim za razli\u010dite potrebe.<\/div>\n<\/div>\n<div>\u010cip i antena su okrenuti prema gore ispod povr\u0161inskog sloja bijelog papira ili vodootporne plastike za dodatnu izdr\u017eljivost i otpornost na kratku izlo\u017eenost vodi. NFC naljepnica ima izbor ljepljivog sloja na stra\u017enjoj strani za monta\u017eu na ravne nemetalne povr\u0161ine.<\/div>\n<div>\n<div><\/div>\n<div><\/div>\n<div class=\"auto-hide-last-sibling-br paragraph_9dc5f paragraph-element\">NTAG213 \u010dip nudi niz prednosti, kao \u0161to su:<\/div>\n<ul class=\"auto-hide-last-sibling-br\">\n<li>Beskontaktni prijenos energije i podataka<\/li>\n<li>Mogu\u0107nost brzog \u010ditanja<\/li>\n<li>Pobolj\u0161ane RF performanse<\/li>\n<li>Sigurnosne zna\u010dajke, uklju\u010duju\u0107i za\u0161titu lozinkom i funkcije protiv sudara<\/li>\n<li>Potpuna uskla\u0111enost sa specifikacijama NFC Forum Tag Type 2<\/li>\n<\/ul>\n<\/div>\n<div>\n<table class=\"all magic-9\">\n<tbody>\n<tr>\n<td colspan=\"1\" rowspan=\"1\">\n<div class=\"magic-10\">Materijal<\/div>\n<\/td>\n<td colspan=\"1\" rowspan=\"1\">\n<div class=\"magic-11\" data-spm-anchor-id=\"a2700.details.0.i85.504d267eS1Hb6u\">PET, PVC, premazani papir, itd.<\/div>\n<\/td>\n<\/tr>\n<tr>\n<td colspan=\"1\" rowspan=\"1\">\n<div class=\"magic-10\">\u010cip<\/div>\n<\/td>\n<td colspan=\"1\" rowspan=\"1\">\n<div class=\"magic-11\">Ntag213\/Ntag215\/Ntag216 itd<\/div>\n<\/td>\n<\/tr>\n<tr>\n<td colspan=\"1\" rowspan=\"1\">\n<div class=\"magic-10\">Frekvencija<\/div>\n<\/td>\n<td colspan=\"1\" rowspan=\"1\">\n<div class=\"magic-11\">13,56 MHz<\/div>\n<\/td>\n<\/tr>\n<tr>\n<td colspan=\"1\" rowspan=\"1\">\n<div class=\"magic-10\">Protokol<\/div>\n<\/td>\n<td colspan=\"1\" rowspan=\"1\">\n<div class=\"magic-11\">ISO 14443A<\/div>\n<\/td>\n<\/tr>\n<tr>\n<td colspan=\"1\" rowspan=\"1\">\n<div class=\"magic-10\">Veli\u010dina<\/div>\n<\/td>\n<td colspan=\"1\" rowspan=\"1\">\n<div class=\"magic-11\">Promjer 25, 30, 35 mm ili prilago\u0111ena veli\u010dina<\/div>\n<\/td>\n<\/tr>\n<tr>\n<td colspan=\"1\" rowspan=\"1\">\n<div class=\"magic-10\">Zna\u010dajka<\/div>\n<\/td>\n<td colspan=\"1\" rowspan=\"1\">\n<div class=\"magic-11\">Vodootporan, izdr\u017eljiv, ispis prilago\u0111en<\/div>\n<\/td>\n<\/tr>\n<tr>\n<td colspan=\"1\" rowspan=\"1\">\n<div class=\"magic-10\">Uzorak<\/div>\n<\/td>\n<td colspan=\"1\" rowspan=\"1\">\n<div class=\"magic-11\">besplatno dostupno<\/div>\n<\/td>\n<\/tr>\n<tr>\n<td colspan=\"1\" rowspan=\"1\">\n<div class=\"magic-10\">O\u010ditajte udaljenost<\/div>\n<\/td>\n<td colspan=\"1\" rowspan=\"1\">\n<div class=\"magic-11\" data-spm-anchor-id=\"a2700.details.0.i84.504d267eS1Hb6u\">0-10 cm<\/div>\n<\/td>\n<\/tr>\n<\/tbody>\n<\/table>\n<\/div>\n<div><\/div>\n<div>\n<p>neka \u010desto postavljana pitanja o prilago\u0111enim papirnatim NFC naljepnicama pomo\u0107u tehnologije Ntag213:<\/p>\n<ol>\n<li>\u0160to je NFC naljepnica?\n<ul>\n<li>NFC naljepnica mala je ljepljiva oznaka koja sadr\u017ei NFC (Near Field Communication) \u010dip, kao \u0161to je NXP NTAG213, ugra\u0111en u sebe. Ove naljepnice mogu skenirati ure\u0111aji s omogu\u0107enom NFC-om kako bi pokrenuli razne radnje ili prenijeli informacije.<\/li>\n<\/ul>\n<\/li>\n<li>Kako se mogu koristiti prilago\u0111ene papirnate NFC naljepnice?\n<ul>\n<li>Prilago\u0111ene papirnate NFC naljepnice mogu se koristiti u razne svrhe, uklju\u010duju\u0107i upravljanje pra\u0107enjem, kontrolu pristupa u objektima kao \u0161to su tvornice, skladi\u0161ta, hoteli, bolnice i zabavni parkovi, maloprodajne aplikacije, ogla\u0161avanje, provjeru autenti\u010dnosti proizvoda i e-ulaznice.<\/li>\n<\/ul>\n<\/li>\n<li>Koje su opcije prilagodbe dostupne za papirnate NFC naljepnice?\n<ul>\n<li>Prilago\u0111ene papirnate NFC naljepnice mogu se tiskati s izborom sjajnog ili mat zavr\u0161etka, u razli\u010ditim oblicima i veli\u010dinama. Mogu uklju\u010divati logotipe, slova, brojeve i crti\u010dne kodove u CMYK i crnoj boji. Osim toga, ljepljivi sloj na stra\u017enjoj strani omogu\u0107uje jednostavno postavljanje na ravne nemetalne povr\u0161ine.<\/li>\n<\/ul>\n<\/li>\n<li>Jesu li papirnate NFC naljepnice izdr\u017eljive?\n<ul>\n<li>Papirnate NFC naljepnice s Ntag213 \u010dipovima dizajnirane su sa za\u0161titnim slojem koji prekriva NFC \u010dip i antenu, pru\u017eaju\u0107i dodatnu izdr\u017eljivost i otpornost na kratku izlo\u017eenost vodi. Dostupne su i vodootporne plasti\u010dne opcije za ve\u0107u izdr\u017eljivost.<\/li>\n<\/ul>\n<\/li>\n<li>Koja je prednost kori\u0161tenja NFC tehnologije u naljepnicama?\n<ul>\n<li>Kori\u0161tenje NFC tehnologije u naljepnicama omogu\u0107uje prakti\u010dnu i beskontaktnu interakciju s ure\u0111ajima koji podr\u017eavaju NFC. To omogu\u0107uje brzo i jednostavno dijeljenje informacija, provjeru autenti\u010dnosti ili pokretanje radnji bez potrebe za fizi\u010dkim kontaktom izme\u0111u ure\u0111aja.<\/li>\n<\/ul>\n<\/li>\n<\/ol>\n<\/div>\n<div class=\"text-content\">\n<div data-spm-anchor-id=\"a2700.details.0.i46.6f4d7d7dnursE7\"><\/div>\n<\/div>\n<div>\n<div class=\"text-content\">\n<div><\/div>\n<div data-spm-anchor-id=\"a2700.details.0.i48.6f4d7d7dnursE7\"><\/div>\n<\/div>\n<\/div>","protected":false},"excerpt":{"rendered":"<p><strong>Prilago\u0111ena papirna NFC naljepnica Ntag213<\/strong> je posebna vrsta IC-a uskla\u0111ena s oznakom NFC Forum Type 2, koja sadr\u017ei 144 bajta korisni\u010dke memorije. Dizajniran je imaju\u0107i na umu svestranost, prikladan za razli\u010dite primjene u industrijama poput maloprodaje, igara i potro\u0161a\u010dke elektronike, me\u0111u ostalima.<\/p>","protected":false},"featured_media":353,"template":"","meta":{"_kad_post_transparent":"default","_kad_post_title":"","_kad_post_layout":"default","_kad_post_sidebar_id":"","_kad_post_content_style":"default","_kad_post_vertical_padding":"default","_kad_post_feature":"","_kad_post_feature_position":"","_kad_post_header":false,"_kad_post_footer":false,"_kad_post_classname":""},"product_brand":[],"product_cat":[54],"product_tag":[153,154],"class_list":{"0":"post-352","1":"product","2":"type-product","3":"status-publish","4":"has-post-thumbnail","6":"product_cat-hot-selling-rfid-tags","7":"product_tag-custom-paper-nfc-sticker-ntag213","8":"product_tag-nfc-sticker-ntag213","10":"first","11":"instock","12":"shipping-taxable","13":"product-type-simple","14":"entry","15":"content-bg","16":"loop-entry"},"_links":{"self":[{"href":"https:\/\/rfid-laundry-tag.com\/hr\/wp-json\/wp\/v2\/product\/352","targetHints":{"allow":["GET"]}}],"collection":[{"href":"https:\/\/rfid-laundry-tag.com\/hr\/wp-json\/wp\/v2\/product"}],"about":[{"href":"https:\/\/rfid-laundry-tag.com\/hr\/wp-json\/wp\/v2\/types\/product"}],"version-history":[{"count":0,"href":"https:\/\/rfid-laundry-tag.com\/hr\/wp-json\/wp\/v2\/product\/352\/revisions"}],"wp:featuredmedia":[{"embeddable":true,"href":"https:\/\/rfid-laundry-tag.com\/hr\/wp-json\/wp\/v2\/media\/353"}],"wp:attachment":[{"href":"https:\/\/rfid-laundry-tag.com\/hr\/wp-json\/wp\/v2\/media?parent=352"}],"wp:term":[{"taxonomy":"product_brand","embeddable":true,"href":"https:\/\/rfid-laundry-tag.com\/hr\/wp-json\/wp\/v2\/product_brand?post=352"},{"taxonomy":"product_cat","embeddable":true,"href":"https:\/\/rfid-laundry-tag.com\/hr\/wp-json\/wp\/v2\/product_cat?post=352"},{"taxonomy":"product_tag","embeddable":true,"href":"https:\/\/rfid-laundry-tag.com\/hr\/wp-json\/wp\/v2\/product_tag?post=352"}],"curies":[{"name":"radni list","href":"https:\/\/api.w.org\/{rel}","templated":true}]}}