{"id":348,"date":"2024-06-28T10:07:21","date_gmt":"2024-06-28T10:07:21","guid":{"rendered":"https:\/\/rfid-laundry-tag.com\/?post_type=product&#038;p=348"},"modified":"2024-06-28T10:11:54","modified_gmt":"2024-06-28T10:11:54","slug":"anti-metal-nfc-label-ntag213","status":"publish","type":"product","link":"https:\/\/rfid-laundry-tag.com\/hr\/anti-metal-nfc-label-ntag213\/","title":{"rendered":"Antimetalna NFC oznaka Ntag213"},"content":{"rendered":"<h2>Antimetalna NFC oznaka Ntag213<\/h2>\n<p>NTAG213, NTAG215 i NTAG216 razvio je NXP Semiconductors kao standardne NFC oznake IC-ove koji se koriste u aplikacijama masovnog tr\u017ei\u0161ta kao \u0161to su maloprodaja, igre i potro\u0161a\u010dka elektronika, u kombinaciji s NFC ure\u0111ajima ili NFC kompatibilnim ure\u0111ajima za blizinsko spajanje. NTAG213, NTAG215 i NTAG216 (od sada, op\u0107enito zvani NTAG21x) dizajnirani su za potpunu uskla\u0111enost s NFC Forum Type 2 Tag i ISO\/IEC14443 Type A specifikacijama.<\/p>\n<table class=\"hight-light-first-column all magic-11\">\n<tbody>\n<tr>\n<td colspan=\"1\" rowspan=\"1\">\n<div class=\"magic-12\" data-spm-anchor-id=\"a2700.details.0.i57.12287cd6Tl6d8d\">Veli\u010dina<\/div>\n<\/td>\n<td colspan=\"4\" rowspan=\"1\">\n<div class=\"magic-13\">Promjer 25 mm, promjer 30 mm itd<\/div>\n<\/td>\n<\/tr>\n<tr>\n<td colspan=\"1\" rowspan=\"1\">\n<div class=\"magic-12\">Boja<\/div>\n<\/td>\n<td colspan=\"4\" rowspan=\"1\">\n<div class=\"magic-16\">Crna, bijela, \u017euta, crvena ili prilago\u0111ena<\/div>\n<\/td>\n<\/tr>\n<tr>\n<td colspan=\"1\" rowspan=\"1\">\n<div class=\"magic-12\">\u010cip<\/div>\n<\/td>\n<td colspan=\"4\" rowspan=\"1\">\n<div class=\"magic-13\">NTAG213,NTAG215,NTAG216<\/div>\n<\/td>\n<\/tr>\n<tr>\n<td colspan=\"1\" rowspan=\"1\">\n<div class=\"magic-12\">Frekvencija<\/div>\n<\/td>\n<td colspan=\"4\" rowspan=\"1\">\n<div class=\"magic-13\">13,56 mhz<\/div>\n<\/td>\n<\/tr>\n<tr>\n<td colspan=\"1\" rowspan=\"1\">\n<div class=\"magic-12\">Protokol<\/div>\n<\/td>\n<td colspan=\"4\" rowspan=\"1\">\n<div class=\"magic-13\">ISO14443A, NFC forum tipa 2<\/div>\n<\/td>\n<\/tr>\n<tr>\n<td colspan=\"1\" rowspan=\"1\">\n<div class=\"magic-12\">Materijal<\/div>\n<\/td>\n<td colspan=\"4\" rowspan=\"1\">\n<div class=\"magic-13\">ABS<\/div>\n<\/td>\n<\/tr>\n<tr>\n<td colspan=\"1\" rowspan=\"1\">\n<div class=\"magic-12\">Radna temperatura<\/div>\n<\/td>\n<td colspan=\"4\" rowspan=\"1\">\n<div class=\"magic-13\">-20 do 85 stupnjeva C<\/div>\n<\/td>\n<\/tr>\n<tr>\n<td colspan=\"1\" rowspan=\"1\">\n<div class=\"magic-12\">Primjena<\/div>\n<\/td>\n<td colspan=\"4\" rowspan=\"1\">\n<div class=\"magic-16\">Lanac praonica rublja, jaka kemikalija, ure\u0111aj za pla\u0107anje, uporaba na otvorenom, kemikalije, industrija, logistika, patrolna stra\u017ea, \u010dlanstvo, transportni kontejner, palete itd.<\/div>\n<\/td>\n<\/tr>\n<tr>\n<td colspan=\"1\" rowspan=\"1\">\n<div class=\"magic-12\">Ocjena vodootpornosti<\/div>\n<\/td>\n<td colspan=\"4\" rowspan=\"1\">\n<div class=\"magic-16\">IP67<\/div>\n<\/td>\n<\/tr>\n<tr>\n<td colspan=\"1\" rowspan=\"1\">\n<div class=\"magic-12\">Raspon \u010ditanja<\/div>\n<\/td>\n<td colspan=\"4\" rowspan=\"1\">\n<div class=\"magic-16\">5-10cm, ovisi o \u010dita\u010du<\/div>\n<\/td>\n<\/tr>\n<tr>\n<td colspan=\"1\" rowspan=\"1\">\n<div class=\"magic-12\">Craft<\/div>\n<\/td>\n<td colspan=\"4\" rowspan=\"1\">\n<div class=\"magic-16\">Laserski ugravirani serijski broj, barkod i tako dalje<\/div>\n<\/td>\n<\/tr>\n<tr>\n<td colspan=\"1\" rowspan=\"1\">\n<div class=\"magic-12\">Monta\u017ea<\/div>\n<\/td>\n<td colspan=\"4\" rowspan=\"1\">\n<div class=\"magic-16\">Ljepilom ili vijcima, ili zakovicama<\/div>\n<\/td>\n<\/tr>\n<\/tbody>\n<\/table>\n<p>&nbsp;<\/p>\n<div class=\"auto-hide-last-sibling-br paragraph_9dc5f paragraph-element\">Antimetalna NFC oznaka Ntag213 ima \u0161irok raspon primjena u raznim poljima zbog svoje fleksibilnosti i mogu\u0107nosti djelovanja na metalnim povr\u0161inama. Evo kako se koriste u razli\u010ditim sektorima:<\/div>\n<ul class=\"auto-hide-last-sibling-br\">\n<li>\n<div class=\"auto-hide-last-sibling-br paragraph_9dc5f paragraph-element\"><strong>Upravljanje logistikom<\/strong>: Ove naljepnice mogu se koristiti za u\u010dinkovito pra\u0107enje i lociranje robe u stvarnom vremenu tijekom transporta. Oni pobolj\u0161avaju u\u010dinkovitost opskrbnog lanca i pojednostavljuju upravljanje logistikom nude\u0107i kontinuiranu vidljivost po\u0161iljaka.<\/div>\n<\/li>\n<li>\n<div class=\"auto-hide-last-sibling-br paragraph_9dc5f paragraph-element\"><strong>Upravljanje imovinom<\/strong>: Igraju klju\u010dnu ulogu u pra\u0107enju i upravljanju imovinom tvrtke, kao \u0161to su strojevi, alati i uredska oprema. Omogu\u0107uju brzu i to\u010dnu identifikaciju i provjeru imovine, smanjuju\u0107i rizik od gubitka, kra\u0111e ili izgubljenog mjesta.<\/div>\n<\/li>\n<li>\n<div class=\"auto-hide-last-sibling-br paragraph_9dc5f paragraph-element\"><strong>Upravljanje lancem opskrbe<\/strong>: NFC naljepnice koriste se za pra\u0107enje proizvoda u svakoj fazi opskrbnog lanca, osiguravaju\u0107i transparentnost i u\u010dinkovito sprje\u010davaju\u0107i ulazak krivotvorene robe na tr\u017ei\u0161te.<\/div>\n<\/li>\n<li>\n<div class=\"auto-hide-last-sibling-br paragraph_9dc5f paragraph-element\"><strong>Upravljanje vozilom<\/strong>: Koriste se u upravljanju voznim parkom, naljepnice nude jednostavan na\u010din pra\u0107enja i nadzora kretanja vozila, osiguravaju\u0107i u\u010dinkovitu optimizaciju rute.<\/div>\n<\/li>\n<li>\n<div class=\"auto-hide-last-sibling-br paragraph_9dc5f paragraph-element\"><strong>Upravljanje skladi\u0161tem<\/strong>: Pojednostavljaju operacije omogu\u0107uju\u0107i pra\u0107enje zaliha u stvarnom vremenu, \u010dine\u0107i proces upravljanja skladi\u0161tem vrlo u\u010dinkovitim.<\/div>\n<\/li>\n<li>\n<div class=\"auto-hide-last-sibling-br paragraph_9dc5f paragraph-element\"><strong>Provjera proizvoda<\/strong>: NFC naljepnice mogu se koristiti za provjeru autenti\u010dnosti proizvoda, pru\u017eaju\u0107i jednostavan na\u010din utvr\u0111ivanja je li proizvod originalan ili krivotvoren.<\/div>\n<\/li>\n<li>\n<div class=\"auto-hide-last-sibling-br paragraph_9dc5f paragraph-element\"><strong>Pra\u0107enje imovine<\/strong>: Pojednostavljuju proces pra\u0107enja imovine u stvarnom vremenu, \u0161to je posebno korisno za predmete visoke vrijednosti ili va\u017enu opremu koja se \u010desto premje\u0161ta.<\/div>\n<\/li>\n<li>\n<div class=\"auto-hide-last-sibling-br paragraph_9dc5f paragraph-element\"><strong>Upravljanje zalihama<\/strong>: Naljepnice poma\u017eu u upravljanju zalihama u skladi\u0161tima ili maloprodajnim trgovinama smanjuju\u0107i ru\u010dne provjere i osiguravaju\u0107i to\u010dno brojanje.<\/div>\n<\/li>\n<li>\n<div class=\"auto-hide-last-sibling-br paragraph_9dc5f paragraph-element\"><strong>Pla\u0107anje<\/strong>: NFC naljepnice koriste se u bezgotovinskim transakcijama, omogu\u0107uju\u0107i brza i sigurna pla\u0107anja samo jednim dodirom, kao u sustavima pla\u0107anja na narukvici.<\/div>\n<\/li>\n<li>\n<div class=\"auto-hide-last-sibling-br paragraph_9dc5f paragraph-element\"><strong>Dru\u0161tveni mediji<\/strong>: NFC naljepnice mogu se programirati za pokretanje ra\u010duna dru\u0161tvenih medija ili hashtagova, pru\u017eaju\u0107i besprijekorno iskustvo dru\u0161tvenih medija jednim dodirom.<\/div>\n<\/li>\n<li>\n<div class=\"auto-hide-last-sibling-br paragraph_9dc5f paragraph-element\"><strong>Narukvice<\/strong>: Koristi se na doga\u0111ajima gdje je potreban jednostavan pristup i sigurna pla\u0107anja, kao \u0161to su glazbeni festivali, sajmovi i sportski doga\u0111aji.<\/div>\n<\/li>\n<\/ul>\n<div class=\"auto-hide-last-sibling-br paragraph_9dc5f paragraph-element\">Gore spomenuto samo je kratak pregled svestranosti Anti Metal NFC oznake Ntag213. Mogu\u0107nosti su beskrajne, a svaka aplikacija osmi\u0161ljena je da donese dodatnu u\u010dinkovitost, sigurnost i prakti\u010dnost.<\/div>","protected":false},"excerpt":{"rendered":"<div class=\"auto-hide-last-sibling-br paragraph_9dc5f paragraph-element\">Tradicionalne NFC oznake imaju ograni\u010denja i \u010desto ne funkcioniraju prema o\u010dekivanjima kada se nanose izravno na metalne povr\u0161ine. Ovaj problem uglavnom nastaje zbog smetnji koje metal stvara, sprje\u010davaju\u0107i prijenos signala. Me\u0111utim, s napretkom tehnologije, uvedena je posebna Anti Metal NFC oznaka Ntag213 kako bi se prevladao ovaj izazov, osiguravaju\u0107i njihovu izvrsnu izvedbu \u010dak i kada su pri\u010dvr\u0161\u0107eni na metalne povr\u0161ine ili bilo koje druge vodljive materijale.<\/div>\n<div class=\"auto-hide-last-sibling-br paragraph_9dc5f paragraph-element\">Ove Anti Metal NFC oznake Ntag213 imaju prepoznatljiv izolacijski sloj, koji u\u010dinkovito sprje\u010dava smetnje uzrokovane metalnim okru\u017eenjima.<\/div>","protected":false},"featured_media":349,"template":"","meta":{"_kad_post_transparent":"default","_kad_post_title":"","_kad_post_layout":"default","_kad_post_sidebar_id":"","_kad_post_content_style":"default","_kad_post_vertical_padding":"default","_kad_post_feature":"","_kad_post_feature_position":"","_kad_post_header":false,"_kad_post_footer":false,"_kad_post_classname":""},"product_brand":[],"product_cat":[54],"product_tag":[151,145,144],"class_list":{"0":"post-348","1":"product","2":"type-product","3":"status-publish","4":"has-post-thumbnail","6":"product_cat-hot-selling-rfid-tags","7":"product_tag-anti-metal-nfc-label-ntag213","8":"product_tag-anti-metal-nfc-tag","9":"product_tag-anti-metal-rfid-nfc-sticker","11":"first","12":"instock","13":"shipping-taxable","14":"product-type-simple","15":"entry","16":"content-bg","17":"loop-entry"},"_links":{"self":[{"href":"https:\/\/rfid-laundry-tag.com\/hr\/wp-json\/wp\/v2\/product\/348","targetHints":{"allow":["GET"]}}],"collection":[{"href":"https:\/\/rfid-laundry-tag.com\/hr\/wp-json\/wp\/v2\/product"}],"about":[{"href":"https:\/\/rfid-laundry-tag.com\/hr\/wp-json\/wp\/v2\/types\/product"}],"version-history":[{"count":0,"href":"https:\/\/rfid-laundry-tag.com\/hr\/wp-json\/wp\/v2\/product\/348\/revisions"}],"wp:featuredmedia":[{"embeddable":true,"href":"https:\/\/rfid-laundry-tag.com\/hr\/wp-json\/wp\/v2\/media\/349"}],"wp:attachment":[{"href":"https:\/\/rfid-laundry-tag.com\/hr\/wp-json\/wp\/v2\/media?parent=348"}],"wp:term":[{"taxonomy":"product_brand","embeddable":true,"href":"https:\/\/rfid-laundry-tag.com\/hr\/wp-json\/wp\/v2\/product_brand?post=348"},{"taxonomy":"product_cat","embeddable":true,"href":"https:\/\/rfid-laundry-tag.com\/hr\/wp-json\/wp\/v2\/product_cat?post=348"},{"taxonomy":"product_tag","embeddable":true,"href":"https:\/\/rfid-laundry-tag.com\/hr\/wp-json\/wp\/v2\/product_tag?post=348"}],"curies":[{"name":"radni list","href":"https:\/\/api.w.org\/{rel}","templated":true}]}}