{"id":346,"date":"2024-06-28T09:57:16","date_gmt":"2024-06-28T09:57:16","guid":{"rendered":"https:\/\/rfid-laundry-tag.com\/?post_type=product&#038;p=346"},"modified":"2024-08-14T16:42:15","modified_gmt":"2024-08-14T16:42:15","slug":"iso14443a-on-duty-rfid-token","status":"publish","type":"product","link":"https:\/\/rfid-laundry-tag.com\/hr\/iso14443a-on-duty-rfid-token\/","title":{"rendered":"ISO14443A On Duty RFID token Mifare 1k \u010dip"},"content":{"rendered":"<h2>ISO14443A RFID token na du\u017enosti<\/h2>\n<h4>Robusna oznaka od 13,56 MHz za pra\u0107enje imovine<\/h4>\n<p>Ova crna disk plo\u010da od ABS-a pouzdan je izbor za pra\u0107enje imovine, a nudi robustan dizajn za zahtjevna okru\u017eenja.<\/p>\n<p><strong>Prilagodba:<\/strong><\/p>\n<ul>\n<li>Nudimo prilago\u0111eni sitotisak s va\u0161im podacima. Kontaktirajte nas za cijene i dostupnost.<\/li>\n<\/ul>\n<p><strong>Zna\u010dajke On Duty RFID Token Mifare 1k \u010dipa:<\/strong><\/p>\n<ul>\n<li><strong>Promjer:<\/strong> 25 mm, 30 mm, 35 mm<\/li>\n<li><strong>Debljina:<\/strong> 2,3 mm, 2,5 mm, 3 mm, 4,5 mm itd. (+\/- 0,1 mm)<\/li>\n<li><strong>Rupa:<\/strong>\u00a03,3 mm (+\/- 0,1 mm)<\/li>\n<li><strong>Materijal:<\/strong>\u00a0ABS, ultrazvu\u010dno zavaren<\/li>\n<li><strong>Te\u017eina:<\/strong>\u00a02,0 g<\/li>\n<li><strong>Radna temperatura:<\/strong>\u00a0-25\u00b0C do +70\u00b0C<\/li>\n<li><strong>Osjetljivost:<\/strong>\u00a027mikroT. RMS na RT za na\u010din \u010ditanja na 125kHz<\/li>\n<\/ul>\n<p><strong>Mifare 1k S50 Classic \/ ISO14443A Karakteristike:<\/strong><\/p>\n<ul>\n<li><strong>Radna frekvencija:<\/strong>\u00a013,56 MHz<\/li>\n<li><strong>Memorija:<\/strong>\u00a01 KB EEPROM \u010ditanje\/pisanje, organizirano kao 16 sektora od 4 bloka (16 bajtova svaki)<\/li>\n<li><strong>Tipi\u010dno vrijeme transakcije:<\/strong>\u00a0&lt;100 ms<\/li>\n<li><strong>Fiksni serijski broj:<\/strong>\u00a0Jedinstveni, 4-bajtni<\/li>\n<li><strong>Napi\u0161i izdr\u017eljivost:<\/strong>\u00a0Minimalno 100.000 ciklusa<\/li>\n<\/ul>","protected":false},"excerpt":{"rendered":"<p>Ovaj izdr\u017eljivi crni ISO14443A On Duty RFID Token Mifare 1k \u010dip dio je niza pasivnih, beskontaktnih transpondera izgra\u0111enih za pouzdano pra\u0107enje imovine. U skladu je sa standardom Mifare 1k S50 Classic \/ ISO14443A i uklju\u010duje jedinstveni 4-bajtni identifikacijski broj.<\/p>","protected":false},"featured_media":347,"template":"","meta":{"_kad_post_transparent":"default","_kad_post_title":"","_kad_post_layout":"default","_kad_post_sidebar_id":"","_kad_post_content_style":"default","_kad_post_vertical_padding":"default","_kad_post_feature":"","_kad_post_feature_position":"","_kad_post_header":false,"_kad_post_footer":false,"_kad_post_classname":""},"product_brand":[],"product_cat":[54],"product_tag":[150,126],"class_list":{"0":"post-346","1":"product","2":"type-product","3":"status-publish","4":"has-post-thumbnail","6":"product_cat-hot-selling-rfid-tags","7":"product_tag-iso14443a-on-duty-rfid-token-mifare-1k-chip","8":"product_tag-rfid-patrol-disc-tag","10":"first","11":"instock","12":"shipping-taxable","13":"product-type-simple","14":"entry","15":"content-bg","16":"loop-entry"},"_links":{"self":[{"href":"https:\/\/rfid-laundry-tag.com\/hr\/wp-json\/wp\/v2\/product\/346","targetHints":{"allow":["GET"]}}],"collection":[{"href":"https:\/\/rfid-laundry-tag.com\/hr\/wp-json\/wp\/v2\/product"}],"about":[{"href":"https:\/\/rfid-laundry-tag.com\/hr\/wp-json\/wp\/v2\/types\/product"}],"version-history":[{"count":1,"href":"https:\/\/rfid-laundry-tag.com\/hr\/wp-json\/wp\/v2\/product\/346\/revisions"}],"predecessor-version":[{"id":1332,"href":"https:\/\/rfid-laundry-tag.com\/hr\/wp-json\/wp\/v2\/product\/346\/revisions\/1332"}],"wp:featuredmedia":[{"embeddable":true,"href":"https:\/\/rfid-laundry-tag.com\/hr\/wp-json\/wp\/v2\/media\/347"}],"wp:attachment":[{"href":"https:\/\/rfid-laundry-tag.com\/hr\/wp-json\/wp\/v2\/media?parent=346"}],"wp:term":[{"taxonomy":"product_brand","embeddable":true,"href":"https:\/\/rfid-laundry-tag.com\/hr\/wp-json\/wp\/v2\/product_brand?post=346"},{"taxonomy":"product_cat","embeddable":true,"href":"https:\/\/rfid-laundry-tag.com\/hr\/wp-json\/wp\/v2\/product_cat?post=346"},{"taxonomy":"product_tag","embeddable":true,"href":"https:\/\/rfid-laundry-tag.com\/hr\/wp-json\/wp\/v2\/product_tag?post=346"}],"curies":[{"name":"radni list","href":"https:\/\/api.w.org\/{rel}","templated":true}]}}