{"id":338,"date":"2024-06-28T08:41:45","date_gmt":"2024-06-28T08:41:45","guid":{"rendered":"https:\/\/rfid-laundry-tag.com\/?post_type=product&#038;p=338"},"modified":"2024-07-16T16:20:17","modified_gmt":"2024-07-16T16:20:17","slug":"nxp-mifare-1k-rfid-nfc-inlay-sticker","status":"publish","type":"product","link":"https:\/\/rfid-laundry-tag.com\/hr\/nxp-mifare-1k-rfid-nfc-inlay-sticker\/","title":{"rendered":"Naljepnica NXP Mifare 1k RFID NFC"},"content":{"rendered":"<table class=\"has-title all magic-13\">\n<tbody>\n<tr>\n<td colspan=\"1\" rowspan=\"1\">\n<div class=\"magic-14\" data-spm-anchor-id=\"a2700.details.0.i37.2ec61361oDo4aX\">Naziv proizvoda<\/div>\n<\/td>\n<td colspan=\"1\" rowspan=\"1\">\n<div class=\"magic-15\">Naljepnica NXP Mifare 1k RFID NFC<\/div>\n<\/td>\n<\/tr>\n<tr>\n<td colspan=\"1\" rowspan=\"1\">\n<div class=\"magic-14\">\u010cip<\/div>\n<\/td>\n<td colspan=\"1\" rowspan=\"1\">\n<div class=\"magic-15\">MIFARE Classic\u00ae 1K<\/div>\n<\/td>\n<\/tr>\n<tr>\n<td colspan=\"1\" rowspan=\"1\">\n<div class=\"magic-14\">Frekvencija<\/div>\n<\/td>\n<td colspan=\"1\" rowspan=\"1\">\n<div class=\"magic-15\">13,56 MHz<\/div>\n<\/td>\n<\/tr>\n<tr>\n<td colspan=\"1\" rowspan=\"1\">\n<div class=\"magic-14\">Udaljenost \u010ditanja<\/div>\n<\/td>\n<td colspan=\"1\" rowspan=\"1\">\n<div class=\"magic-15\">1-5 CM<\/div>\n<\/td>\n<\/tr>\n<tr>\n<td colspan=\"1\" rowspan=\"1\">\n<div class=\"magic-14\">Materijal<\/div>\n<\/td>\n<td colspan=\"1\" rowspan=\"1\">\n<div class=\"magic-15\">Premazani papir<\/div>\n<\/td>\n<\/tr>\n<tr>\n<td colspan=\"1\" rowspan=\"1\">\n<div class=\"magic-14\">Podloga<\/div>\n<\/td>\n<td colspan=\"1\" rowspan=\"1\">\n<div class=\"magic-15\">LJUBIMAC<\/div>\n<\/td>\n<\/tr>\n<tr>\n<td colspan=\"1\" rowspan=\"1\">\n<div class=\"magic-14\">Promjer 50 mm Vel<\/div>\n<\/td>\n<td colspan=\"1\" rowspan=\"1\">\n<div class=\"magic-15\">Promjer 25 mm ili prilagodba<\/div>\n<\/td>\n<\/tr>\n<tr>\n<td colspan=\"1\" rowspan=\"1\">\n<div class=\"magic-14\">Na\u010din rada<\/div>\n<\/td>\n<td colspan=\"1\" rowspan=\"1\">\n<div class=\"magic-15\">Pasivna<\/div>\n<\/td>\n<\/tr>\n<tr>\n<td colspan=\"1\" rowspan=\"1\">\n<div class=\"magic-14\">Pi\u0161ite cikluse<\/div>\n<\/td>\n<td colspan=\"1\" rowspan=\"1\">\n<div class=\"magic-15\">100000<\/div>\n<\/td>\n<\/tr>\n<tr>\n<td colspan=\"1\" rowspan=\"1\">\n<div class=\"magic-14\">Radna temperatura\/vla\u017enost<\/div>\n<\/td>\n<td colspan=\"1\" rowspan=\"1\">\n<div class=\"magic-15\">-40~70\u2103\/20%~90% RH<\/div>\n<\/td>\n<\/tr>\n<tr>\n<td colspan=\"1\" rowspan=\"1\">\n<div class=\"magic-14\">Temperatura\/vla\u017enost skladi\u0161tenja<\/div>\n<\/td>\n<td colspan=\"1\" rowspan=\"1\">\n<div class=\"magic-15\">-20~50\u2103 \/ 20%~90% RH (bez kondenzacije).<\/div>\n<\/td>\n<\/tr>\n<tr>\n<td colspan=\"1\" rowspan=\"1\">\n<div class=\"magic-14\">Dostupnost uzoraka<\/div>\n<\/td>\n<td colspan=\"1\" rowspan=\"1\">\n<div class=\"magic-15\">Besplatni uzorci dostupni su na zahtjev<\/div>\n<\/td>\n<\/tr>\n<tr>\n<td colspan=\"1\" rowspan=\"1\">\n<div class=\"magic-14\">Pakiranje<\/div>\n<\/td>\n<td colspan=\"1\" rowspan=\"1\">\n<div class=\"magic-15\">1000-5000 kom\/rola, 4 role\/karton<\/div>\n<\/td>\n<\/tr>\n<tr>\n<td colspan=\"1\" rowspan=\"1\">\n<div class=\"magic-14\">\n<p>Primjena<\/p>\n<div><\/div>\n<\/div>\n<\/td>\n<td colspan=\"1\" rowspan=\"1\">\n<div class=\"magic-15\" data-spm-anchor-id=\"a2700.details.0.i47.2ec61361oDo4aX\">Sigurna kontrola pristupa\/bezgotovinsko pla\u0107anje \u010clanstvo i programi vjernosti Pristup doga\u0111ajima i brendiranje\/Dru\u0161tveni mediji\/Maloprodaja<br \/>\nOkoli\u0161\/Igre i igra\u010dke Lokacija\/Elektronika\/Sajmovi\/Doga\u0111aji\/Zahtjev za poziv\/Posjetnice<\/div>\n<\/td>\n<\/tr>\n<\/tbody>\n<\/table>\n<p>&nbsp;<\/p>\n<p><strong>NXP<sup>\u00ae<\/sup>\u00a0je razvio MIFARE<sup>\u00ae<\/sup>\u00a0MF1ICS50 koji se koristi u beskontaktnoj pametnoj kartici prema ISO\/IEC 14443 Type-A.<\/strong><\/p>\n<p>MIFARE MF1ICS50 IC koristi se u aplikacijama poput izdavanja karata za javni prijevoz gdje su veliki gradovi usvojili MIFARE kao svoje rje\u0161enje za e-karte.<\/p>\n<p>Inteligentna funkcija protiv sudara omogu\u0107uje rad s vi\u0161e od jedne kartice u polju istovremeno. Algoritam protiv kolizije odabire svaku karticu pojedina\u010dno i osigurava da se izvr\u0161enje transakcije s odabranom karticom izvede ispravno bez o\u0161te\u0107enja podataka koje proizlaze iz drugih kartica u polju.<\/p>\n<p>MF1ICS50 dizajniran je za jednostavnu integraciju i prakti\u010dnost za korisnika. \u0160to bi moglo omogu\u0107iti obradu kompletnih transakcija izdavanja ulaznica za manje od 100 ms. Stoga korisnik kartice MF1ICS50 nije prisiljen stati kod \u010dita\u010da \u0161to dovodi do velike propusnosti na vratima i smanjenog vremena ukrcaja u autobus. MIFARE kartica koja se temelji na proizvodu tako\u0111er mo\u017ee ostati u nov\u010daniku tijekom transakcije, \u010dak i ako u njoj ima kovanica.<\/p>\n<p>Neka uobi\u010dajena \u010desto postavljana pitanja vezana uz NXP Mifare 1k RFID NFC naljepnice s umetcima:<\/p>\n<ol>\n<li>\u0160to je NXP Mifare 1k RFID NFC umetnuta naljepnica?<\/li>\n<\/ol>\n<ul>\n<li>Umetnuta naljepnica obi\u010dno se sastoji od malog RFID\/NFC \u010dipa i antene ugra\u0111ene u tanki ljepljivi sloj. NXP Mifare 1k odnosi se na specifi\u010dnu vrstu \u010dipa koji se koristi u umetku.<\/li>\n<\/ul>\n<ol start=\"2\">\n<li>Koje su zna\u010dajke NXP Mifare 1k RFID NFC umetnutih naljepnica?<\/li>\n<\/ol>\n<ul>\n<li>NXP Mifare 1k \u010dip obi\u010dno se koristi u aplikacijama kao \u0161to su kontrola pristupa, prijevoz i programi vjernosti. Nudi 1 kilobajt memorije i podr\u017eava vi\u0161estruke metode provjere autenti\u010dnosti za sigurnu pohranu podataka.<\/li>\n<\/ul>\n<ol start=\"3\">\n<li>Kako se NXP Mifare 1k RFID NFC naljepnice mogu programirati?<\/li>\n<\/ol>\n<ul>\n<li>Ove umetnute naljepnice mogu se programirati pomo\u0107u ure\u0111aja s omogu\u0107enom NFC-om kao \u0161to su pametni telefoni ili namjenski RFID\/NFC \u010dita\u010di. To omogu\u0107uje prilagodbu podataka pohranjenih na \u010dipu, kao \u0161to su jedinstveni identifikatori ili sigurnosni klju\u010devi.<\/li>\n<\/ul>\n<ol start=\"4\">\n<li>Koji su tipi\u010dni slu\u010dajevi upotrebe za NXP Mifare 1k RFID NFC umetnute naljepnice?<\/li>\n<\/ol>\n<ul>\n<li>Ove umetnute naljepnice obi\u010dno se koriste za sustave beskontaktnog pla\u0107anja, kartice za kontrolu pristupa, rje\u0161enja za prodaju karata i pra\u0107enje inventara. Oni su svestrani i mogu se integrirati u razli\u010dite aplikacije koje zahtijevaju RFID\/NFC tehnologiju.<\/li>\n<\/ul>\n<ol start=\"5\">\n<li>Jesu li NXP Mifare 1k RFID NFC naljepnice sigurni?<\/li>\n<\/ol>\n<ul>\n<li>NXP Mifare 1k \u010dip nudi ugra\u0111ene sigurnosne zna\u010dajke kao \u0161to su enkripcija i protokoli provjere autenti\u010dnosti za sprje\u010davanje neovla\u0161tenog pristupa podacima pohranjenim na \u010dipu. Me\u0111utim, pravilna provedba sigurnosnih mjera va\u017ena je kako bi se osigurala cjelokupna sigurnost sustava.<\/li>\n<\/ul>","protected":false},"excerpt":{"rendered":"<p>NFC umetak s MIFARE Classic EV1 1K (MF1S503yX) NFC \u010dipom. Ovi umetci su dizajnirani da budu tanki i jeftini, s \u010dipom i antenom postavljenim licem prema dolje na ljepilo. Ulo\u017eak ima 4-bajtni NUID, a antena se obi\u010dno mo\u017ee otkriti prelaskom prsta preko povr\u0161ine.<\/p>","protected":false},"featured_media":339,"template":"","meta":{"_kad_post_transparent":"default","_kad_post_title":"","_kad_post_layout":"default","_kad_post_sidebar_id":"","_kad_post_content_style":"default","_kad_post_vertical_padding":"default","_kad_post_feature":"","_kad_post_feature_position":"","_kad_post_header":false,"_kad_post_footer":false,"_kad_post_classname":""},"product_brand":[],"product_cat":[54,189],"product_tag":[112,147],"class_list":{"0":"post-338","1":"product","2":"type-product","3":"status-publish","4":"has-post-thumbnail","6":"product_cat-hot-selling-rfid-tags","7":"product_cat-rfid-inlay","8":"product_tag-13-56mhz-rfid-inlay","9":"product_tag-nxp-mifare-1k-rfid-nfc-inlay-sticker","11":"first","12":"instock","13":"shipping-taxable","14":"product-type-simple","15":"entry","16":"content-bg","17":"loop-entry"},"_links":{"self":[{"href":"https:\/\/rfid-laundry-tag.com\/hr\/wp-json\/wp\/v2\/product\/338","targetHints":{"allow":["GET"]}}],"collection":[{"href":"https:\/\/rfid-laundry-tag.com\/hr\/wp-json\/wp\/v2\/product"}],"about":[{"href":"https:\/\/rfid-laundry-tag.com\/hr\/wp-json\/wp\/v2\/types\/product"}],"version-history":[{"count":1,"href":"https:\/\/rfid-laundry-tag.com\/hr\/wp-json\/wp\/v2\/product\/338\/revisions"}],"predecessor-version":[{"id":717,"href":"https:\/\/rfid-laundry-tag.com\/hr\/wp-json\/wp\/v2\/product\/338\/revisions\/717"}],"wp:featuredmedia":[{"embeddable":true,"href":"https:\/\/rfid-laundry-tag.com\/hr\/wp-json\/wp\/v2\/media\/339"}],"wp:attachment":[{"href":"https:\/\/rfid-laundry-tag.com\/hr\/wp-json\/wp\/v2\/media?parent=338"}],"wp:term":[{"taxonomy":"product_brand","embeddable":true,"href":"https:\/\/rfid-laundry-tag.com\/hr\/wp-json\/wp\/v2\/product_brand?post=338"},{"taxonomy":"product_cat","embeddable":true,"href":"https:\/\/rfid-laundry-tag.com\/hr\/wp-json\/wp\/v2\/product_cat?post=338"},{"taxonomy":"product_tag","embeddable":true,"href":"https:\/\/rfid-laundry-tag.com\/hr\/wp-json\/wp\/v2\/product_tag?post=338"}],"curies":[{"name":"radni list","href":"https:\/\/api.w.org\/{rel}","templated":true}]}}