{"id":334,"date":"2024-06-28T08:07:22","date_gmt":"2024-06-28T08:07:22","guid":{"rendered":"https:\/\/rfid-laundry-tag.com\/?post_type=product&#038;p=334"},"modified":"2024-06-28T08:17:53","modified_gmt":"2024-06-28T08:17:53","slug":"rfid-ntag213-nfc-coin-tag","status":"publish","type":"product","link":"https:\/\/rfid-laundry-tag.com\/hr\/rfid-ntag213-nfc-coin-tag\/","title":{"rendered":"RFID Ntag213 NFC oznaka za nov\u010di\u0107e"},"content":{"rendered":"<p><strong>RFID Ntag213 NFC oznaka za nov\u010di\u0107e<\/strong><\/p>\n<p style=\"text-align: left;\">Klju\u010dne informacije: Otporan na plo\u010dice i izdr\u017eljiv.<\/p>\n<p style=\"text-align: left;\">Prilagodba veli\u010dine i logotipa je prihvatljiva.<\/p>\n<p style=\"text-align: left;\">Ispis: bijela boja ili prilago\u0111eni logo<\/p>\n<p style=\"text-align: left;\">Veli\u010dina: Promjer 25 mm, 30 mm<\/p>\n<p style=\"text-align: left;\">Min. koli\u010dina: 1000 kom<\/p>\n<p style=\"text-align: left;\">\u010cipovi: Ntag213, Ntag215, Ntag216 itd.<\/p>\n<p style=\"text-align: left;\">Dodatne zna\u010dajke: logotip, ispis serijskog broja, QR kod, crti\u010dni kodovi, varijabilni podaci i serijalizacija itd.<\/p>\n<table border=\"1\" cellspacing=\"0\" cellpadding=\"0\">\n<tbody>\n<tr>\n<td colspan=\"2\">\n<p align=\"left\">Tehni\u010dki podaci<\/p>\n<\/td>\n<\/tr>\n<tr>\n<td>\n<p align=\"left\">Vrsta naljepnice\/\u010dipa<\/p>\n<\/td>\n<td>\n<p align=\"left\">NXP Ntag213<\/p>\n<\/td>\n<\/tr>\n<tr>\n<td>\n<p align=\"left\">Radna frekvencija<\/p>\n<\/td>\n<td>\n<p align=\"left\">13,56 MHz<\/p>\n<\/td>\n<\/tr>\n<tr>\n<td>\n<p align=\"left\">Ispitani raspon \u010ditanja<\/p>\n<\/td>\n<td>\n<p align=\"left\">0 \u2013 100 mm ovisno o snazi koju daje \u010dita\u010d<\/p>\n<\/td>\n<\/tr>\n<tr>\n<td>\n<p align=\"left\">Multi-detekcija<\/p>\n<\/td>\n<td>\n<p align=\"left\">Da<\/p>\n<\/td>\n<\/tr>\n<tr>\n<td>\n<p align=\"left\">Veli\u010dina<\/p>\n<\/td>\n<td>Promjer 25 mm<\/td>\n<\/tr>\n<tr>\n<td>\n<p align=\"left\">Materijal<\/p>\n<\/td>\n<td>\n<p align=\"left\">PVC \/ PET \/ Antena itd<\/p>\n<\/td>\n<\/tr>\n<tr>\n<td>\n<p align=\"left\">Protokol:<\/p>\n<\/td>\n<td>\n<p align=\"left\">ISO14443A<\/p>\n<\/td>\n<\/tr>\n<tr>\n<td>\n<p align=\"left\">Specifikacija okoli\u0161a<\/p>\n<\/td>\n<td>\n<p align=\"left\">Rok trajanja 5 godina<\/p>\n<p align=\"left\">Preporu\u010deno: -25C do +50C<\/p>\n<p align=\"left\">Uvjeti skladi\u0161tenja: 20% do 90%RH<\/p>\n<p align=\"left\">Radna temperatura: -40C do +65C<\/p>\n<\/td>\n<\/tr>\n<tr>\n<td>\n<p align=\"left\">Vrijeme \u010ditanja\/pisanja:<\/p>\n<\/td>\n<td>\n<p align=\"left\">100 000 puta<\/p>\n<\/td>\n<\/tr>\n<tr>\n<td>\n<p align=\"left\">Primjena:<\/p>\n<\/td>\n<td>\n<p align=\"left\" data-spm-anchor-id=\"a2700.wholesale.0.i54.a0d8206fLph15n\">Javni prijevoz, Upravljanje pristupom, E-karte, Upravljanje logistikom i opskrbom, Proizvodnja i monta\u017ea, Oznaka vjetrobranskog stakla, Pra\u0107enje dokumenata, Upravljanje praonicama rublja, Upravljanje knji\u017enicom, Identitet \u017eivotinja i tako dalje<\/p>\n<\/td>\n<\/tr>\n<\/tbody>\n<\/table>\n<p>&nbsp;<\/p>\n<p>Ova RFID NFC oznaka za nov\u010di\u0107e s ljepilom \u010dini se robusnim i pouzdanim proizvodom, posebno sa zna\u010dajkama koje ste spomenuli. Ugradnja antimetalnih materijala, 3M ljepila i ultrazvu\u010dnog zavarivanja pobolj\u0161ava njegovu izvedbu na metalnim povr\u0161inama i osigurava vodootpornost i sposobnost za\u0161tite od bacanja. Kori\u0161tenje zavojnice od \u010diste bakrene \u017eice za stabilnost frekvencije izvrstan je izbor jer omogu\u0107uje dosljednu udaljenost \u010ditanja kartice \u010dak i u izazovnim okru\u017eenjima. Sve u svemu, ova bi tehnologija trebala pru\u017eiti pouzdane i dosljedne performanse, \u0161to je \u010dini prikladnom za te\u0161ke uvjete.<\/p>\n<p>RFID Ntag213 NFC kovanica popularan je izbor za razne aplikacije, uklju\u010duju\u0107i pra\u0107enje imovine, kontrolu pristupa i beskontaktna pla\u0107anja. Kombinira prednosti RFID tehnologije s mogu\u0107nostima Near Field Communication (NFC), omogu\u0107uju\u0107i besprijekornu komunikaciju s kompatibilnim ure\u0111ajima na maloj udaljenosti.<\/p>\n<p>\u010cip Ntag213 ugra\u0111en u privjesak za nov\u010di\u0107e nudi zna\u010dajke kao \u0161to su funkcija protiv sudara, brzi prijenos podataka i kompatibilnost sa \u0161irokim rasponom ure\u0111aja koji podr\u017eavaju NFC. Mala veli\u010dina plo\u010dice za kovanice, obi\u010dno izra\u0111ene od PVC-a ili prozirnog PVC materijala, olak\u0161ava instalaciju na sredstva i pru\u017ea izdr\u017eljivost za unutarnju i vanjsku upotrebu. Osim toga, njegova vodootporna konstrukcija osigurava pouzdan rad u razli\u010ditim uvjetima okoline.<\/p>\n<p>Op\u0107enito, RFID Ntag213 NFC oznaka za kovanice svestrano je i pouzdano rje\u0161enje za implementaciju RFID i NFC tehnologije u pra\u0107enju imovine i drugim aplikacijama koje zahtijevaju sigurnu i u\u010dinkovitu razmjenu podataka.<\/p>","protected":false},"excerpt":{"rendered":"<p>Ntag213 NFC oznaka za nov\u010di\u0107e solidan je izbor za pra\u0107enje imovine zbog svoje male veli\u010dine, jednostavnosti postavljanja i izdr\u017eljivosti. S PVC materijalom ili PET materijalom, memorija \u010dipa je 144 bajta.<\/p>","protected":false},"featured_media":335,"template":"","meta":{"_kad_post_transparent":"default","_kad_post_title":"","_kad_post_layout":"default","_kad_post_sidebar_id":"","_kad_post_content_style":"default","_kad_post_vertical_padding":"default","_kad_post_feature":"","_kad_post_feature_position":"","_kad_post_header":false,"_kad_post_footer":false,"_kad_post_classname":""},"product_brand":[],"product_cat":[54],"product_tag":[145,144],"class_list":{"0":"post-334","1":"product","2":"type-product","3":"status-publish","4":"has-post-thumbnail","6":"product_cat-hot-selling-rfid-tags","7":"product_tag-anti-metal-nfc-tag","8":"product_tag-anti-metal-rfid-nfc-sticker","10":"first","11":"instock","12":"shipping-taxable","13":"product-type-simple","14":"entry","15":"content-bg","16":"loop-entry"},"_links":{"self":[{"href":"https:\/\/rfid-laundry-tag.com\/hr\/wp-json\/wp\/v2\/product\/334","targetHints":{"allow":["GET"]}}],"collection":[{"href":"https:\/\/rfid-laundry-tag.com\/hr\/wp-json\/wp\/v2\/product"}],"about":[{"href":"https:\/\/rfid-laundry-tag.com\/hr\/wp-json\/wp\/v2\/types\/product"}],"version-history":[{"count":0,"href":"https:\/\/rfid-laundry-tag.com\/hr\/wp-json\/wp\/v2\/product\/334\/revisions"}],"wp:featuredmedia":[{"embeddable":true,"href":"https:\/\/rfid-laundry-tag.com\/hr\/wp-json\/wp\/v2\/media\/335"}],"wp:attachment":[{"href":"https:\/\/rfid-laundry-tag.com\/hr\/wp-json\/wp\/v2\/media?parent=334"}],"wp:term":[{"taxonomy":"product_brand","embeddable":true,"href":"https:\/\/rfid-laundry-tag.com\/hr\/wp-json\/wp\/v2\/product_brand?post=334"},{"taxonomy":"product_cat","embeddable":true,"href":"https:\/\/rfid-laundry-tag.com\/hr\/wp-json\/wp\/v2\/product_cat?post=334"},{"taxonomy":"product_tag","embeddable":true,"href":"https:\/\/rfid-laundry-tag.com\/hr\/wp-json\/wp\/v2\/product_tag?post=334"}],"curies":[{"name":"radni list","href":"https:\/\/api.w.org\/{rel}","templated":true}]}}