{"id":3242,"date":"2026-01-13T13:41:34","date_gmt":"2026-01-13T13:41:34","guid":{"rendered":"https:\/\/rfid-laundry-tag.com\/?post_type=product&#038;p=3242"},"modified":"2026-03-12T10:03:35","modified_gmt":"2026-03-12T10:03:35","slug":"mifare-s50-rfid-inlay","status":"publish","type":"product","link":"https:\/\/rfid-laundry-tag.com\/hr\/mifare-s50-rfid-inlay\/","title":{"rendered":"MIFARE S50 RFID ulo\u017eak"},"content":{"rendered":"<h2>MIFARE S50 RFID ulo\u017eak<\/h2>\n<p><span class=\"ng-star-inserted\">The <a href=\"https:\/\/rfid-laundry-tag.com\/hr\/rfid-inlay\/\">MIFARE S50\u00a0<\/a><\/span><strong class=\"ng-star-inserted\"><span class=\"ng-star-inserted\">RFID umetak<\/span><\/strong><span class=\"ng-star-inserted\">\u00a0je vrhunsko rje\u0161enje osmi\u0161ljeno za pojednostavljenje va\u0161eg poslovanja, pobolj\u0161anje sigurnosti i pobolj\u0161anje korisni\u010dkog iskustva u mno\u0161tvu aplikacija. Ova mo\u0107na, ali diskretna tehnologija omogu\u0107uje vam jednostavno upravljanje pristupom, obradu pla\u0107anja, pra\u0107enje imovine i inovativnu interakciju s kupcima. Ovaj proizvod vrijedi kupiti jer nudi neusporedivu pouzdanost, kompatibilnost i jednostavnost integracije, \u0161to ga \u010dini idealnim izborom za tvrtke koje \u017eele iskoristiti snagu RFID-a. Bez obzira \u017eelite li implementirati sigurnu kontrolu pristupa, stvoriti besprijekoran sustav bezgotovinskog pla\u0107anja ili revolucionirati upravljanje zalihama, <a href=\"https:\/\/rfid-laundry-tag.com\/hr\/rfid-inlay\/\">MIFARE S50\u00a0<\/a><\/span><strong class=\"ng-star-inserted\"><span class=\"ng-star-inserted\">RFID umetak<\/span><\/strong><span class=\"ng-star-inserted\">\u00a0pru\u017ea performanse i svestranost potrebne za uspjeh. Jednostavno re\u010deno, ovaj proizvod je neophodan.<\/span><\/p>\n<table class=\"has-title all magic-13\">\n<tbody>\n<tr>\n<td colspan=\"1\" rowspan=\"1\">\n<div class=\"magic-14\" data-spm-anchor-id=\"a2700.details.0.i37.2ec61361oDo4aX\">Naziv proizvoda<\/div>\n<\/td>\n<td colspan=\"1\" rowspan=\"1\">\n<div class=\"magic-15\">MIFARE S50 RFID ulo\u017eak<\/div>\n<\/td>\n<\/tr>\n<tr>\n<td colspan=\"1\" rowspan=\"1\">\n<div class=\"magic-14\">\u010cip<\/div>\n<\/td>\n<td colspan=\"1\" rowspan=\"1\">\n<div class=\"magic-15\">MIFARE Classic\u00ae 1K<\/div>\n<\/td>\n<\/tr>\n<tr>\n<td colspan=\"1\" rowspan=\"1\">\n<div class=\"magic-14\">Frekvencija<\/div>\n<\/td>\n<td colspan=\"1\" rowspan=\"1\">\n<div class=\"magic-15\">13,56 MHz<\/div>\n<\/td>\n<\/tr>\n<tr>\n<td colspan=\"1\" rowspan=\"1\">\n<div class=\"magic-14\">Udaljenost \u010ditanja<\/div>\n<\/td>\n<td colspan=\"1\" rowspan=\"1\">\n<div class=\"magic-15\">1-5 CM<\/div>\n<\/td>\n<\/tr>\n<tr>\n<td colspan=\"1\" rowspan=\"1\">\n<div class=\"magic-14\">Materijal<\/div>\n<\/td>\n<td colspan=\"1\" rowspan=\"1\">\n<div class=\"magic-15\">Premazani papir<\/div>\n<\/td>\n<\/tr>\n<tr>\n<td colspan=\"1\" rowspan=\"1\">\n<div class=\"magic-14\">Podloga<\/div>\n<\/td>\n<td colspan=\"1\" rowspan=\"1\">\n<div class=\"magic-15\">LJUBIMAC<\/div>\n<\/td>\n<\/tr>\n<tr>\n<td colspan=\"1\" rowspan=\"1\">\n<div class=\"magic-14\">Promjer 50 mm Vel<\/div>\n<\/td>\n<td colspan=\"1\" rowspan=\"1\">\n<div class=\"magic-15\">Promjer 25 mm ili prilagodba<\/div>\n<\/td>\n<\/tr>\n<tr>\n<td colspan=\"1\" rowspan=\"1\">\n<div class=\"magic-14\">Na\u010din rada<\/div>\n<\/td>\n<td colspan=\"1\" rowspan=\"1\">\n<div class=\"magic-15\">Pasivna<\/div>\n<\/td>\n<\/tr>\n<tr>\n<td colspan=\"1\" rowspan=\"1\">\n<div class=\"magic-14\">Pi\u0161ite cikluse<\/div>\n<\/td>\n<td colspan=\"1\" rowspan=\"1\">\n<div class=\"magic-15\">100000<\/div>\n<\/td>\n<\/tr>\n<tr>\n<td colspan=\"1\" rowspan=\"1\">\n<div class=\"magic-14\">Radna temperatura\/vla\u017enost<\/div>\n<\/td>\n<td colspan=\"1\" rowspan=\"1\">\n<div class=\"magic-15\">-40~70\u2103\/20%~90% RH<\/div>\n<\/td>\n<\/tr>\n<tr>\n<td colspan=\"1\" rowspan=\"1\">\n<div class=\"magic-14\">Temperatura\/vla\u017enost skladi\u0161tenja<\/div>\n<\/td>\n<td colspan=\"1\" rowspan=\"1\">\n<div class=\"magic-15\">-20~50\u2103 \/ 20%~90% RH (bez kondenzacije).<\/div>\n<\/td>\n<\/tr>\n<tr>\n<td colspan=\"1\" rowspan=\"1\">\n<div class=\"magic-14\">Dostupnost uzoraka<\/div>\n<\/td>\n<td colspan=\"1\" rowspan=\"1\">\n<div class=\"magic-15\">Besplatni uzorci dostupni su na zahtjev<\/div>\n<\/td>\n<\/tr>\n<tr>\n<td colspan=\"1\" rowspan=\"1\">\n<div class=\"magic-14\">Pakiranje<\/div>\n<\/td>\n<td colspan=\"1\" rowspan=\"1\">\n<div class=\"magic-15\">1000-5000 kom\/rola, 4 role\/karton<\/div>\n<\/td>\n<\/tr>\n<tr>\n<td colspan=\"1\" rowspan=\"1\">\n<div class=\"magic-14\">\n<p>Primjena<\/p>\n<div><\/div>\n<\/div>\n<\/td>\n<td colspan=\"1\" rowspan=\"1\">\n<div class=\"magic-15\" data-spm-anchor-id=\"a2700.details.0.i47.2ec61361oDo4aX\">Sigurna kontrola pristupa\/bezgotovinsko pla\u0107anje \u010clanstvo i programi vjernosti Pristup doga\u0111ajima i brendiranje\/Dru\u0161tveni mediji\/Maloprodaja<br \/>\nOkoli\u0161\/Igre i igra\u010dke Lokacija\/Elektronika\/Sajmovi\/Doga\u0111aji\/Zahtjev za poziv\/Posjetnice<\/div>\n<\/td>\n<\/tr>\n<\/tbody>\n<\/table>\n<p>&nbsp;<\/p>\n<p>MIFARE S50<a href=\"https:\/\/rfid-laundry-tag.com\/hr\/rfid-inlay\/\"> RFID umetak\u00a0<\/a>je svestrano rje\u0161enje dizajnirano da zadovolji rastu\u0107e zahtjeve modernih aplikacija. Rade\u0107i na frekvenciji od 13,56 MHz, ovaj ulo\u017eak s omogu\u0107enom NFC-om zadr\u017eava sve bitne zna\u010dajke MIFARE Classic tehnologije dok pru\u017ea funkcionalnost jednostavnu za kori\u0161tenje. Sa svojom kompaktnom veli\u010dinom od 25 mm promjera i 0,5 mm debljine, dostupan je u prakti\u010dnom praznom formatu naljepnice za kovanice, \u0161to ga \u010dini jednostavnim za pri\u010dvr\u0161\u0107ivanje i kori\u0161tenje u raznim primjenama. Bilo da tra\u017eite RFID rje\u0161enja za sustave pla\u0107anja, kontrolu pristupa ili identifikaciju, MIFARE Classic 1K Inlay nudi pouzdanost i performanse bez premca.<\/p>\n<h3>Za\u0161to odabrati MIFARE S50 RFID ulo\u017eak?<\/h3>\n<ul>\n<li><strong>Jednostavna integracija<\/strong>: Idealan za razli\u010dite primjene, od sustava pla\u0107anja do prodaje ulaznica za doga\u0111aje, ovaj se ulo\u017eak neprimjetno integrira u postoje\u0107e platforme.<\/li>\n<li><strong>Isplativo rje\u0161enje<\/strong>: Uz niske cijene, visoku kvalitetu i izdr\u017eljiv dizajn, predstavlja ekonomi\u010dnu opciju bez kompromisa u pogledu performansi.<\/li>\n<li><strong>Prilago\u0111en korisniku<\/strong>: Format prazne naljepnice omogu\u0107uje jednostavno ozna\u010davanje i prilago\u0111ene aplikacije, pobolj\u0161avaju\u0107i korisni\u010dko iskustvo.<\/li>\n<\/ul>\n<h3>Obja\u0161njenje NFC tehnologije<\/h3>\n<p>NFC (Near Field Communication) tehnologija \u010dini okosnicu <strong>MIFARE Classic 1K Inlay<\/strong>. Kori\u0161tenjem ove tehnologije, ulo\u017eak omogu\u0107uje beskontaktnu razmjenu podataka izme\u0111u ure\u0111aja. Ova zna\u010dajka nije ograni\u010dena samo na interakcije kartica i \u010dita\u010da, ve\u0107 omogu\u0107uje i mobilna pla\u0107anja i sigurnu kontrolu pristupa.<\/p>\n<h3>Klju\u010dne prednosti MIFARE Classic 1K<\/h3>\n<ul>\n<li><strong>Pobolj\u0161ana sigurnost<\/strong>: S jedinstvenim 4-bajtnim UID-om, MIFARE Classic 1K Inlay poma\u017ee u sprje\u010davanju dupliciranja podataka, dodaju\u0107i dodatni sloj sigurnosti va\u0161im aplikacijama.<\/li>\n<li><strong>Svestranost<\/strong>: Prikladno za razli\u010dite beskontaktne primjene, od maloprodaje do transporta, pove\u0107avaju\u0107i anga\u017eman korisnika.<\/li>\n<li><strong>Kompatibilnost<\/strong>: Potpuno kompatibilan s ACR122U \u010dita\u010dem\/pisa\u010dem, zajedno s drugim MIFARE Classic ure\u0111ajima, \u0161to ga \u010dini univerzalnim alatom u va\u0161em NFC arsenalu.<\/li>\n<\/ul>\n<h3>Upute za kori\u0161tenje<\/h3>\n<p>Za kori\u0161tenje MIFARE S50 RFID ulo\u0161ka, jednostavno ga pri\u010dvrstite na \u017eeljenu povr\u0161inu pomo\u0107u prilo\u017eene ljepljive podloge. Za optimalno prianjanje provjerite je li povr\u0161ina \u010dista i suha. Nakon pri\u010dvr\u0161\u0107ivanja, ulo\u017eak se mo\u017ee \u010ditati i na njega se mo\u017ee pisati pomo\u0107u NFC ure\u0111aja ili kompatibilnog \u010dita\u010da, kao \u0161to je ACR122U.<\/p>\n<h3>Utjecaj na okoli\u0161<\/h3>\n<p>MIFARE S50 RFID ulo\u017eak proizveden je uzimaju\u0107i u obzir okoli\u0161. Kori\u0161tenje izdr\u017eljivih i reciklabilnih materijala osigurava da, uz doprinos va\u0161im osobnim ili poslovnim potrebama, tako\u0111er primjenjujete ekolo\u0161ki prihvatljive prakse.<\/p>\n<h2 class=\"ng-star-inserted\"><strong class=\"ng-star-inserted\"><span class=\"ng-star-inserted\">RFID oznaka i intarzija: neograni\u010dene mogu\u0107nosti primjene<\/span><\/strong><\/h2>\n<p class=\"ng-star-inserted\"><span class=\"ng-star-inserted\">MIFARE S50 RFID ulo\u017eak<\/span><span class=\"ng-star-inserted\">\u00a0je svestrano rje\u0161enje koje se mo\u017ee koristiti u \u0161irokom rasponu primjena, uklju\u010duju\u0107i:<\/span><\/p>\n<ul class=\"ng-star-inserted\">\n<li class=\"ng-star-inserted\">\n<p class=\"ng-star-inserted\"><strong class=\"ng-star-inserted\"><span class=\"ng-star-inserted\">Sigurna kontrola pristupa:<\/span><\/strong><span class=\"ng-star-inserted\">\u00a0Omogu\u0107ite pristup ovla\u0161tenom osoblju i sprije\u010dite neovla\u0161teni ulazak. Savr\u0161eno za urede, doga\u0111aje i ograni\u010dena podru\u010dja.<\/span><\/p>\n<\/li>\n<li class=\"ng-star-inserted\">\n<p class=\"ng-star-inserted\"><strong class=\"ng-star-inserted\"><span class=\"ng-star-inserted\">Bezgotovinsko pla\u0107anje:<\/span><\/strong><span class=\"ng-star-inserted\">\u00a0Omogu\u0107ite besprijekorna i sigurna pla\u0107anja u okru\u017eenjima zatvorene petlje poput tematskih parkova, odmarali\u0161ta i korporativnih kampusa.<\/span><\/p>\n<\/li>\n<li class=\"ng-star-inserted\">\n<p class=\"ng-star-inserted\"><strong class=\"ng-star-inserted\"><span class=\"ng-star-inserted\">Programi \u010dlanstva i vjernosti:<\/span><\/strong><span class=\"ng-star-inserted\">\u00a0Pratite aktivnost \u010dlanova, nagra\u0111ujte vjerne kupce i personalizirajte iskustva.<\/span><\/p>\n<\/li>\n<li class=\"ng-star-inserted\">\n<p class=\"ng-star-inserted\"><strong class=\"ng-star-inserted\"><span class=\"ng-star-inserted\">Pristup doga\u0111ajima i brendiranje:<\/span><\/strong><span class=\"ng-star-inserted\">\u00a0Pojednostavite unos, prikupite vrijedne podatke i pobolj\u0161ajte anga\u017eman sudionika.<\/span><\/p>\n<\/li>\n<li class=\"ng-star-inserted\">\n<p class=\"ng-star-inserted\"><strong class=\"ng-star-inserted\"><span class=\"ng-star-inserted\">Dru\u0161tvene mre\u017ee:<\/span><\/strong><span class=\"ng-star-inserted\">\u00a0Stvorite interaktivna iskustva ugradnjom intarzija u promotivne materijale, omogu\u0107uju\u0107i korisnicima da se pove\u017eu s va\u0161im brendom na mre\u017ei.<\/span><\/p>\n<\/li>\n<li class=\"ng-star-inserted\">\n<p class=\"ng-star-inserted\"><strong class=\"ng-star-inserted\"><span class=\"ng-star-inserted\">Maloprodajno okru\u017eenje:<\/span><\/strong><span class=\"ng-star-inserted\">\u00a0Upravljajte zalihama, sprije\u010dite kra\u0111u i steknite vrijedne uvide u pona\u0161anje kupaca.<\/span><\/p>\n<\/li>\n<li class=\"ng-star-inserted\">\n<p class=\"ng-star-inserted\"><strong class=\"ng-star-inserted\"><span class=\"ng-star-inserted\">Igre i igra\u010dke:<\/span><\/strong><span class=\"ng-star-inserted\">\u00a0Dodajte novu dimenziju interaktivnosti i anga\u017emana igra\u010dkama i igrama.<\/span><\/p>\n<\/li>\n<li class=\"ng-star-inserted\">\n<p class=\"ng-star-inserted\"><strong class=\"ng-star-inserted\"><span class=\"ng-star-inserted\">Mjesto:<\/span><\/strong><span class=\"ng-star-inserted\">\u00a0Pratite imovinu, nadzirajte kretanje i pobolj\u0161ajte logisti\u010dku u\u010dinkovitost.<\/span><\/p>\n<\/li>\n<li class=\"ng-star-inserted\">\n<p class=\"ng-star-inserted\"><strong class=\"ng-star-inserted\"><span class=\"ng-star-inserted\">Elektronika:<\/span><\/strong><span class=\"ng-star-inserted\">\u00a0Ugradite intarzije u elektroni\u010dke ure\u0111aje za provjeru autenti\u010dnosti, pra\u0107enje i mjere protiv krivotvorenja.<\/span><\/p>\n<\/li>\n<li class=\"ng-star-inserted\">\n<p class=\"ng-star-inserted\"><strong class=\"ng-star-inserted\"><span class=\"ng-star-inserted\">Sajmovi\/Doga\u0111aji:<\/span><\/strong><span class=\"ng-star-inserted\">\u00a0Olak\u0161ajte generiranje potencijalnih klijenata, pratite interese sudionika i pru\u017eite interaktivna iskustva.<\/span><\/p>\n<\/li>\n<li class=\"ng-star-inserted\">\n<p class=\"ng-star-inserted\"><strong class=\"ng-star-inserted\"><span class=\"ng-star-inserted\">Zahtjev za poziv:<\/span><\/strong><span class=\"ng-star-inserted\">\u00a0Omogu\u0107ite korisnicima da zatra\u017ee informacije ili pomo\u0107 jednostavnim dodirom.<\/span><\/p>\n<\/li>\n<li class=\"ng-star-inserted\">\n<p class=\"ng-star-inserted\"><strong class=\"ng-star-inserted\"><span class=\"ng-star-inserted\">Posjetnice:<\/span><\/strong><span class=\"ng-star-inserted\">\u00a0Pretvorite tradicionalne posjetnice u interaktivne alate za umre\u017eavanje i dijeljenje informacija.<\/span><\/p>\n<\/li>\n<\/ul>\n<h2>FAQ<\/h2>\n<ul>\n<li><strong>Koji je domet MIFARE S50 RFID umetka?<\/strong><br \/>\nU\u010dinkoviti domet obi\u010dno je oko 10 cm kada se koriste tipi\u010dni NFC ure\u0111aji za \u010ditanje.<\/li>\n<li><strong>Mogu li prilagoditi MIFARE S50 RFID ulo\u017eak?<\/strong><br \/>\nDa, umetci se mogu ispisati ili kodirati s prilago\u0111enim podacima, \u0161to ih \u010dini prikladnima za razli\u010dite primjene.<\/li>\n<li><strong>Je li MIFARE S50 RFID ulo\u017eak vodootporan?<\/strong><br \/>\nIako su umeci dizajnirani da izdr\u017ee umjerene uvjete okoline, preporu\u010da se izbjegavati produljeno izlaganje vodi kako bi se odr\u017eala optimalna funkcionalnost.<\/li>\n<\/ul>","protected":false},"excerpt":{"rendered":"<p>MIFARE S50 RFID Inlay, svestrano NFC rje\u0161enje s 1K memorije za sigurne, beskontaktne primjene u raznim okru\u017eenjima.<\/p>","protected":false},"featured_media":3243,"template":"","meta":{"_kad_post_transparent":"default","_kad_post_title":"","_kad_post_layout":"default","_kad_post_sidebar_id":"","_kad_post_content_style":"default","_kad_post_vertical_padding":"default","_kad_post_feature":"","_kad_post_feature_position":"","_kad_post_header":false,"_kad_post_footer":false,"_kad_post_classname":""},"product_brand":[],"product_cat":[189],"product_tag":[398,111,194,393,108,399],"class_list":{"0":"post-3242","1":"product","2":"type-product","3":"status-publish","4":"has-post-thumbnail","6":"product_cat-rfid-inlay","7":"product_tag-mifare-s50-rfid-inlay","8":"product_tag-nfc-inlay","9":"product_tag-nfc-rfid-inlay","10":"product_tag-nfc-wet-inlay-sticker-tag-clear","11":"product_tag-rfid-inlay","12":"product_tag-rfid-inlay-factory","14":"first","15":"instock","16":"shipping-taxable","17":"product-type-simple","18":"entry","19":"content-bg","20":"loop-entry"},"_links":{"self":[{"href":"https:\/\/rfid-laundry-tag.com\/hr\/wp-json\/wp\/v2\/product\/3242","targetHints":{"allow":["GET"]}}],"collection":[{"href":"https:\/\/rfid-laundry-tag.com\/hr\/wp-json\/wp\/v2\/product"}],"about":[{"href":"https:\/\/rfid-laundry-tag.com\/hr\/wp-json\/wp\/v2\/types\/product"}],"version-history":[{"count":1,"href":"https:\/\/rfid-laundry-tag.com\/hr\/wp-json\/wp\/v2\/product\/3242\/revisions"}],"predecessor-version":[{"id":3247,"href":"https:\/\/rfid-laundry-tag.com\/hr\/wp-json\/wp\/v2\/product\/3242\/revisions\/3247"}],"wp:featuredmedia":[{"embeddable":true,"href":"https:\/\/rfid-laundry-tag.com\/hr\/wp-json\/wp\/v2\/media\/3243"}],"wp:attachment":[{"href":"https:\/\/rfid-laundry-tag.com\/hr\/wp-json\/wp\/v2\/media?parent=3242"}],"wp:term":[{"taxonomy":"product_brand","embeddable":true,"href":"https:\/\/rfid-laundry-tag.com\/hr\/wp-json\/wp\/v2\/product_brand?post=3242"},{"taxonomy":"product_cat","embeddable":true,"href":"https:\/\/rfid-laundry-tag.com\/hr\/wp-json\/wp\/v2\/product_cat?post=3242"},{"taxonomy":"product_tag","embeddable":true,"href":"https:\/\/rfid-laundry-tag.com\/hr\/wp-json\/wp\/v2\/product_tag?post=3242"}],"curies":[{"name":"radni list","href":"https:\/\/api.w.org\/{rel}","templated":true}]}}