{"id":319,"date":"2024-06-28T06:17:02","date_gmt":"2024-06-28T06:17:02","guid":{"rendered":"https:\/\/rfid-laundry-tag.com\/?post_type=product&#038;p=319"},"modified":"2024-09-23T10:21:27","modified_gmt":"2024-09-23T10:21:27","slug":"iso15693-i-code-slix-rfid-inlay","status":"publish","type":"product","link":"https:\/\/rfid-laundry-tag.com\/hr\/iso15693-i-code-slix-rfid-inlay\/","title":{"rendered":"ISO15693 ICODE SLIX RFID ulo\u017eak"},"content":{"rendered":"<table class=\"hight-light-first-column all magic-1\">\n<tbody>\n<tr>\n<td colspan=\"1\" rowspan=\"1\">\n<div class=\"magic-2\">\n<div class=\"magic-3\" data-spm-anchor-id=\"a2700.pc-decorate.0.i24.7f543333WPG8F0\"><span class=\"magic-4\" data-spm-anchor-id=\"a2700.pc-decorate.0.i23.7f543333WPG8F0\"><span class=\"magic-5\" style=\"color: #000000; font-family: Roboto;\"><b class=\"magic-4\" data-spm-anchor-id=\"a2700.pc-decorate.0.i114.7f543333WPG8F0\">Artikal<\/b><\/span><\/span><\/div>\n<\/div>\n<\/td>\n<td colspan=\"4\" rowspan=\"1\">\n<div class=\"magic-6\"><strong>ISO15693 ICODE SLIX RFID ulo\u017eak<\/strong><\/div>\n<\/td>\n<\/tr>\n<tr>\n<td colspan=\"1\" rowspan=\"1\">\n<div class=\"magic-2\">\n<div class=\"magic-3\" data-spm-anchor-id=\"a2700.pc-decorate.0.i22.7f543333WPG8F0\"><span class=\"magic-4\" data-spm-anchor-id=\"a2700.pc-decorate.0.i10.7f543333WPG8F0\"><b class=\"magic-4\"><span class=\"magic-5\" style=\"color: #000000; font-family: Roboto;\">Materijal<\/span><\/b><\/span><\/div>\n<\/div>\n<\/td>\n<td colspan=\"4\" rowspan=\"1\">\n<div class=\"magic-9\"><span class=\"magic-5\" style=\"color: #000000;\">Papir \/ PP folija \/ PET \/ Inlay<\/span><\/div>\n<\/td>\n<\/tr>\n<tr>\n<td colspan=\"1\" rowspan=\"1\">\n<div class=\"magic-2\">\n<div class=\"magic-3\" data-spm-anchor-id=\"a2700.pc-decorate.0.i34.7f543333WPG8F0\"><b class=\"magic-13\" data-spm-anchor-id=\"a2700.pc-decorate.0.i111.7f543333WPG8F0\"><span class=\"magic-5\" style=\"color: #000000; font-family: Roboto;\">Frekvencija<\/span><\/b><\/div>\n<\/div>\n<\/td>\n<td colspan=\"4\" rowspan=\"1\">\n<div class=\"magic-6\"><span class=\"magic-5\" style=\"color: #000000; font-family: Roboto;\" data-spm-anchor-id=\"a2700.details.0.i25.244e512bmtbZH7\">13,56 MHz<\/span><\/div>\n<\/td>\n<\/tr>\n<tr>\n<td colspan=\"1\" rowspan=\"1\">\n<div class=\"magic-2\">\n<div class=\"magic-3\" data-spm-anchor-id=\"a2700.pc-decorate.0.i33.7f543333WPG8F0\"><b class=\"magic-4\"><span class=\"magic-5\" style=\"color: #000000; font-family: Roboto;\">Veli\u010dina<\/span><\/b><\/div>\n<\/div>\n<\/td>\n<td colspan=\"4\" rowspan=\"1\">\n<div class=\"magic-9\"><span class=\"magic-5\" style=\"color: #000000;\">50*50\/45*45\/30*15\/40*25\/ Dia 25\/30 ili prilago\u0111ena veli\u010dina<\/span><\/div>\n<\/td>\n<\/tr>\n<tr>\n<td colspan=\"1\" rowspan=\"1\">\n<div class=\"magic-2\">\n<div class=\"magic-3\"><b class=\"magic-14\">Prijave<\/b><\/div>\n<\/div>\n<\/td>\n<td colspan=\"4\" rowspan=\"1\">\n<div class=\"magic-6\" data-spm-anchor-id=\"a2700.details.0.i24.244e512bmtbZH7\"><span class=\"magic-5\" style=\"color: #000000; font-family: Roboto;\">\u0160iroko se koristi u upravljanju imovinom, odje\u0107om, inventarom, knji\u017enicom, nakitom, logistikom itd.<\/span><\/div>\n<\/td>\n<\/tr>\n<\/tbody>\n<\/table>\n<p>&nbsp;<\/p>\n<p>ICODE SLIX IC je namjenski \u010dip za aplikacije inteligentnih naljepnica kao \u0161to su knji\u017enice, provjera autenti\u010dnosti proizvoda u razli\u010ditim industrijama kao \u0161to su farmaceutska industrija, medicinski ure\u0111aji i alkohol, kao i upravljanje proizvodnjom u razli\u010ditim podru\u010djima industrije. Ovo IC je tre\u0107a generacija proizvoda obitelji IC-ova s pametnim naljepnicama temeljena na ISO standardima ISO\/IEC 15693 i ISO\/IEC 18000-3, produ\u017eavaju\u0107i uspje\u0161nu pri\u010du NXP-a<sup>\u00ae<\/sup>\u00a0u podru\u010dju sustava za identifikaciju okoline.<\/p>\n<h3>Beskontaktni prijenos energije i podataka<\/h3>\n<p>Kad god je spojen na vrlo jednostavnu i laku za proizvodnju vrstu antene (kao rezultat nosive frekvencije od 13,56 MHz) napravljenu od nekoliko namotaja tiskanih, namotanih, ugraviranih ili izbu\u0161enih zavojnica, ICODE SLIX IC mo\u017ee raditi bez linija vidljivosti do udaljenosti od 1,5 m (\u0161irina vrata). Baterija nije potrebna. Kada se pametna naljepnica postavi u polje ispitiva\u010dke antene, RF komunikacijsko su\u010delje velike brzine omogu\u0107uje prijenos podataka do 53 kbit\/s.<\/p>\n<h3>Za\u0161tita od sudara<\/h3>\n<p>Inteligentna funkcija protiv sudara omogu\u0107uje da nekoliko oznaka istovremeno radi na terenu. Algoritam protiv sudara odabire svaku oznaku pojedina\u010dno i osigurava da se izvr\u0161enje transakcije s odabranom oznakom izvodi ispravno bez o\u0161te\u0107enja podataka koje proizlazi iz drugih oznaka u polju.<\/p>\n<h3>Zna\u010dajke ISO15693 ICODE SLIX RFID inlay \u010dipa<\/h3>\n<div id=\"featuresXsp\" class=\"features-list\">\n<div class=\"features-xsp\">\n<div class=\"collapse-mobile ste-list\">\n<h3>ICODE SLIX RF su\u010delje (ISO\/IEC 15693)<\/h3>\n<ul class=\"boxes\">\n<li>Beskontaktni prijenos podataka i opskrba energijom (nije potrebna baterija)<\/li>\n<li>Radna udaljenost: do 1,5 m (ovisno o geometriji antene)<\/li>\n<li>Radna frekvencija: 13,56 MHz (ISM, besplatna licenca za cijeli svijet)<\/li>\n<li>Brzi prijenos podataka: do 53 kbit\/s<\/li>\n<li>Visoki integritet podataka: 16-bitni CRC, okvir<\/li>\n<li>Prava za\u0161tita od sudara<\/li>\n<li>Elektroni\u010dki nadzor proizvoda (EAS) za\u0161ti\u0107en lozinkom<\/li>\n<li>Identifikator obitelji aplikacija (AFI) za\u0161ti\u0107en lozinkom<\/li>\n<li>IDentifikator formata pohrane podataka (DSFID)<\/li>\n<li>Dodatno brzo o\u010ditavanje protiv sudara<\/li>\n<li>Udaljenost pisanja jednaka je udaljenosti \u010ditanja<\/li>\n<\/ul>\n<\/div>\n<div class=\"collapse-mobile ste-list\">\n<h3>EEPROM<\/h3>\n<ul class=\"boxes\">\n<li>1024 bita, organiziranih u 32 bloka od po 4 bajta<\/li>\n<li>50 godina \u010duvanja podataka<\/li>\n<li>Napi\u0161ite izdr\u017eljivost od 100 000 ciklusa<\/li>\n<\/ul>\n<\/div>\n<div class=\"collapse-mobile ste-list\">\n<h3>Sigurnost<\/h3>\n<ul class=\"boxes\">\n<li>Jedinstveni identifikator za svaki ure\u0111aj<\/li>\n<li>Mehanizam zaklju\u010davanja za svaki blok korisni\u010dke memorije (za\u0161tita od pisanja)<\/li>\n<li>Mehanizam zaklju\u010davanja za DSFID, AFI, EAS<\/li>\n<li>Funkcionalnost EAS i AFI za\u0161ti\u0107ena lozinkom (32-bitna).<\/li>\n<\/ul>\n<\/div>\n<\/div>\n<\/div>\n<div class=\"auto-hide-last-sibling-br paragraph_9dc5f paragraph-element\"><strong>ISO15693 ICODE SLIX RFID umetak:<\/strong>\u00a0RFID ulo\u017eak sastoji se od antene i mikro\u010dipa, gdje \u010dip pohranjuje podatke, a antena je odgovorna za prijenos tih podataka do RFID \u010dita\u010da.<\/div>\n<p>&nbsp;<\/p>\n<div class=\"auto-hide-last-sibling-br paragraph_9dc5f paragraph-element\"><strong>Mokri umeci:<\/strong>\u00a0To su RFID umeci koji se postavljaju na vrh ljepljivog sloja i prozirnog PET (polietilen tereftalat) sloja. PET sloj se koristi za za\u0161titu od fizi\u010dkih o\u0161te\u0107enja. S ljepljivom stranom okrenutom od naljepnice ili materijala, mogu se udobno koristiti za izradu RFID naljepnica, otuda njihova \u0161iroka primjena u izradi naljepnica za razli\u010dite sektore.<\/div>\n<div><\/div>\n<div>\n<div class=\"auto-hide-last-sibling-br paragraph_9dc5f paragraph-element\">\u00a0ISO15693 ICODE SLIX NFC oznaka, izra\u0111ena od raznih materijala poput papira, PP folije, PET-a ili inleja, i u razli\u010ditim veli\u010dinama, \u0161iroko se koristi. \u010cesto \u0107ete ih prona\u0107i u industrijama kao \u0161to su:<\/div>\n<p>&nbsp;<\/p>\n<ul class=\"auto-hide-last-sibling-br\">\n<li><strong>Upravljanje imovinom:<\/strong>\u00a0Oznake se koriste za pra\u0107enje fizi\u010dke imovine u razli\u010ditim postavkama, kao \u0161to je oprema za nadzor u zdravstvu ili IT-u.<\/li>\n<li><strong>Upravljanje odje\u0107om:<\/strong>\u00a0U modnoj maloprodaji ove oznake olak\u0161avaju pra\u0107enje zaliha, mjere protiv kra\u0111e i pobolj\u0161avaju korisni\u010dko iskustvo u trgovini.<\/li>\n<li><strong>Upravljanje zalihama:<\/strong>\u00a0U skladi\u0161tima i maloprodaji, RFID oznake se koriste za u\u010dinkovito upravljanje zalihama, smanjenje ru\u010dnog rada i minimiziranje pogre\u0161aka.<\/li>\n<li><strong>Uprava knji\u017enice:<\/strong>\u00a0Koriste se za automatizaciju procesa posu\u0111ivanja i povrata, pobolj\u0161anje upravljanja zalihama i nude sigurnost od kra\u0111e.<\/li>\n<li><strong>Upravljanje nakitom:<\/strong>\u00a0Lagane i to\u010dne, ove oznake nude sigurnu i u\u010dinkovitu kontrolu inventara u industriji nakita.<\/li>\n<li><strong>Logistika:<\/strong> RFID oznake koriste se za pra\u0107enje robe u tranzitu, pobolj\u0161avaju to\u010dnost otpreme i pove\u0107avaju vidljivost u opskrbnom lancu.<\/li>\n<\/ul>\n<div class=\"auto-hide-last-sibling-br paragraph_9dc5f paragraph-element\">Veli\u010dina i oblik oznake mogu se prilagoditi prema specifi\u010dnoj primjeni, pove\u0107avaju\u0107i njihovu fleksibilnost i prilagodljivost u razli\u010ditim slu\u010dajevima uporabe.<\/div>\n<\/div>\n<div><\/div>\n<div>\n<h2 class=\"AnswerParser_AnswerParserH2__SIHnF\">Zapo\u010dnite s NXP ICODE SLIX RFID ve\u0107 danas<\/h2>\n<p><span class=\"AnswerParser_TextContainer__z_Iiv\" data-testid=\"youchat-text\">Jeste li spremni za revoluciju u upravljanju imovinom i procesima provjere autenti\u010dnosti? U\u010dinite prvi korak prema u\u010dinkovitijoj budu\u0107nosti:<\/span><\/p>\n<ol class=\"AnswerParser_AnswerParserOrderedList__kl_2Y\">\n<li class=\"AnswerParser_ListItem__XqLOV\" translate=\"yes\"><strong>Zatra\u017eite besplatni uzorak<\/strong>: Iskusite kvalitetu i performanse iz prve ruke<\/li>\n<li class=\"AnswerParser_ListItem__XqLOV\" translate=\"yes\"><strong>Posavjetujte se s na\u0161im stru\u010dnjacima<\/strong>: Dobijte personalizirane savjete o implementaciji RFID-a u va\u0161em poslovanju<\/li>\n<li class=\"AnswerParser_ListItem__XqLOV\" translate=\"yes\"><strong>Prilago\u0111ena ponuda<\/strong>: Primite prilago\u0111eni plan cijena temeljen na va\u0161im specifi\u010dnim potrebama i zahtjevima koli\u010dine<\/li>\n<\/ol>\n<p><span class=\"AnswerParser_TextContainer__z_Iiv\" data-testid=\"youchat-text\">Ne dopustite da zastarjele metode pra\u0107enja ko\u010de va\u0161e poslovanje. Prihvatite snagu NXP ICODE SLIX RFID tehnologije i ostanite ispred konkurencije. Ispunite na\u0161 obrazac za upit jo\u0161 danas kako biste zapo\u010deli svoje putovanje prema pametnijem i u\u010dinkovitijem poslovanju.<\/span><\/div>","protected":false},"excerpt":{"rendered":"<p>Revolucionirajte upravljanje imovinom s NXP ICODE SLIX 13,56MHz RFID umetkom, pobolj\u0161avaju\u0107i u\u010dinkovitost inventara i autentifikaciju proizvoda u svim industrijama.<\/p>","protected":false},"featured_media":320,"template":"","meta":{"_kad_post_transparent":"default","_kad_post_title":"","_kad_post_layout":"default","_kad_post_sidebar_id":"","_kad_post_content_style":"default","_kad_post_vertical_padding":"default","_kad_post_feature":"","_kad_post_feature_position":"","_kad_post_header":false,"_kad_post_footer":false,"_kad_post_classname":""},"product_brand":[],"product_cat":[54,189],"product_tag":[306,111,108],"class_list":{"0":"post-319","1":"product","2":"type-product","3":"status-publish","4":"has-post-thumbnail","6":"product_cat-hot-selling-rfid-tags","7":"product_cat-rfid-inlay","8":"product_tag-icode-slix-rfid-inlay","9":"product_tag-nfc-inlay","10":"product_tag-rfid-inlay","12":"first","13":"instock","14":"shipping-taxable","15":"product-type-simple","16":"entry","17":"content-bg","18":"loop-entry"},"_links":{"self":[{"href":"https:\/\/rfid-laundry-tag.com\/hr\/wp-json\/wp\/v2\/product\/319","targetHints":{"allow":["GET"]}}],"collection":[{"href":"https:\/\/rfid-laundry-tag.com\/hr\/wp-json\/wp\/v2\/product"}],"about":[{"href":"https:\/\/rfid-laundry-tag.com\/hr\/wp-json\/wp\/v2\/types\/product"}],"version-history":[{"count":3,"href":"https:\/\/rfid-laundry-tag.com\/hr\/wp-json\/wp\/v2\/product\/319\/revisions"}],"predecessor-version":[{"id":2656,"href":"https:\/\/rfid-laundry-tag.com\/hr\/wp-json\/wp\/v2\/product\/319\/revisions\/2656"}],"wp:featuredmedia":[{"embeddable":true,"href":"https:\/\/rfid-laundry-tag.com\/hr\/wp-json\/wp\/v2\/media\/320"}],"wp:attachment":[{"href":"https:\/\/rfid-laundry-tag.com\/hr\/wp-json\/wp\/v2\/media?parent=319"}],"wp:term":[{"taxonomy":"product_brand","embeddable":true,"href":"https:\/\/rfid-laundry-tag.com\/hr\/wp-json\/wp\/v2\/product_brand?post=319"},{"taxonomy":"product_cat","embeddable":true,"href":"https:\/\/rfid-laundry-tag.com\/hr\/wp-json\/wp\/v2\/product_cat?post=319"},{"taxonomy":"product_tag","embeddable":true,"href":"https:\/\/rfid-laundry-tag.com\/hr\/wp-json\/wp\/v2\/product_tag?post=319"}],"curies":[{"name":"radni list","href":"https:\/\/api.w.org\/{rel}","templated":true}]}}