{"id":3186,"date":"2026-01-09T13:37:43","date_gmt":"2026-01-09T13:37:43","guid":{"rendered":"https:\/\/rfid-laundry-tag.com\/?post_type=product&#038;p=3186"},"modified":"2026-01-09T13:37:44","modified_gmt":"2026-01-09T13:37:44","slug":"fabric-woven-rfid-wash-care-tag","status":"publish","type":"product","link":"https:\/\/rfid-laundry-tag.com\/hr\/fabric-woven-rfid-wash-care-tag\/","title":{"rendered":"Tkana RFID etiketa za pranje i njegu"},"content":{"rendered":"<div>\n<div>\n<table>\n<tbody>\n<tr>\n<td colspan=\"1\" rowspan=\"1\">\n<div data-spm-anchor-id=\"a2700.details.0.i95.236a58c1ycsfva\">Naziv proizvodnje:<\/div>\n<\/td>\n<td colspan=\"1\" rowspan=\"1\">\n<div><strong>Tkana RFID etiketa za pranje i njegu<\/strong><\/div>\n<\/td>\n<\/tr>\n<tr>\n<td colspan=\"1\" rowspan=\"1\">\n<div>Materijal:<\/div>\n<\/td>\n<td colspan=\"1\" rowspan=\"1\">\n<div>Poliester\/Tkani\/Sastav\/Saten\/Pamuk\/Netkani\/PET itd.<\/div>\n<\/td>\n<\/tr>\n<tr>\n<td colspan=\"1\" rowspan=\"1\">\n<div>Veli\u010dina:<\/div>\n<\/td>\n<td colspan=\"1\" rowspan=\"1\">\n<div>80*38mm\/60*30mm\/61*26mm\/60*22MM\/ itd. ili prilago\u0111eno<\/div>\n<\/td>\n<\/tr>\n<tr>\n<td colspan=\"1\" rowspan=\"1\">\n<div>Tip:<\/div>\n<\/td>\n<td colspan=\"1\" rowspan=\"1\">\n<div>Pasivno, RFID<\/div>\n<\/td>\n<\/tr>\n<tr>\n<td colspan=\"1\" rowspan=\"1\">\n<div>RF protokol:<\/div>\n<\/td>\n<td colspan=\"1\" rowspan=\"1\">\n<div>ISO 18000-6C; EPC klasa 1, generacija 2<\/div>\n<\/td>\n<\/tr>\n<tr>\n<td colspan=\"1\" rowspan=\"1\">\n<div>Frekvencija:<\/div>\n<\/td>\n<td colspan=\"1\" rowspan=\"1\">\n<div>860~960MHz<\/div>\n<\/td>\n<\/tr>\n<tr>\n<td colspan=\"1\" rowspan=\"1\">\n<div>\u010cip<\/div>\n<\/td>\n<td colspan=\"1\" rowspan=\"1\">\n<div>U8,U9,Alien Higgs, Monza 4D, Monza 4QT, Monza R6, Monza R6-P, Impinj M730, Impinj M750 itd.<\/div>\n<\/td>\n<\/tr>\n<tr>\n<td colspan=\"1\" rowspan=\"1\">\n<div>Udaljenost \u010ditanja:<\/div>\n<\/td>\n<td colspan=\"1\" rowspan=\"1\">\n<div>UHF: 1~10m (ovisi o \u010dita\u010du i anteni)<\/div>\n<\/td>\n<\/tr>\n<tr>\n<td colspan=\"1\" rowspan=\"1\">\n<div>Fiksni na\u010din:<\/div>\n<\/td>\n<td colspan=\"1\" rowspan=\"1\">\n<div>\u0160ivanje \/ gla\u010danje<\/div>\n<\/td>\n<\/tr>\n<tr>\n<td colspan=\"1\" rowspan=\"1\">\n<div>Ispis:<\/div>\n<\/td>\n<td colspan=\"1\" rowspan=\"1\">\n<div>Ispis, kodiranje, serijski broj, dizajn itd.<\/div>\n<\/td>\n<\/tr>\n<tr>\n<td colspan=\"1\" rowspan=\"1\">\n<div>IC vijek trajanja:<\/div>\n<\/td>\n<td colspan=\"1\" rowspan=\"1\">\n<div data-spm-anchor-id=\"a2700.details.0.i94.236a58c1ycsfva\">100 000 programskih ciklusa<br \/>\n10 godina \u010duvanja podataka<\/div>\n<\/td>\n<\/tr>\n<tr>\n<td colspan=\"1\" rowspan=\"1\">\n<div>Dostupnost uzorka:<\/div>\n<\/td>\n<td colspan=\"1\" rowspan=\"1\">\n<div>Besplatni uzorci dostupni su na zahtjev<\/div>\n<\/td>\n<\/tr>\n<tr>\n<td colspan=\"1\" rowspan=\"1\">\n<div>Prijave:<\/div>\n<\/td>\n<td colspan=\"1\" rowspan=\"1\">\n<div>\u00b7 Upravljanje zalihama<br \/>\n\u00b7 Lanac opskrbe<br \/>\n\u00b7 Maloprodaja<\/div>\n<\/td>\n<\/tr>\n<tr>\n<td colspan=\"1\" rowspan=\"1\">\n<div>Koristiti<\/div>\n<\/td>\n<td colspan=\"1\" rowspan=\"1\">\n<div>Odjevni predmeti, odje\u0107a, torbe, obu\u0107a itd.<\/div>\n<\/td>\n<\/tr>\n<\/tbody>\n<\/table>\n<\/div>\n<\/div>\n<div>\n<div>\n<div>\n<div>\n<div>\n<div><\/div>\n<\/div>\n<div>\n<div>\n<h2>Najlonska tkanina je mekana i otporna na habanje<\/h2>\n<div><a href=\"https:\/\/rfid-laundry-tag.com\/hr\/\">Tkana RFID etiketa za pranje i njegu<\/a>\u00a0Najlonska tkanina ima dobru \u010dvrsto\u0107u, glatku tkaninu i izvrsne efekte tiska, mo\u017ee se prati bez lakog tro\u0161enja.<\/div>\n<div>Trenutno se \u0161iroko koristi u odje\u0107i, obu\u0107i, torbama, ku\u0107nom tekstilu i upravljanju hotelskim posteljinom.<\/div>\n<\/div>\n<\/div>\n<\/div>\n<div><\/div>\n<div>Tkana RFID oznaka za pranje ima ugra\u0111eni UHF \u010dip i mogu\u0107nost \u010ditanja na velike udaljenosti<br \/>\nOpremljen UHF \u010dipom, mo\u017ee se prepisati<br \/>\ndo 100.000 puta, podaci se mogu sa\u010duvati 10 godina, a nudi stabilne i pouzdane performanse.<\/div>\n<\/div>\n<div><\/div>\n<div>Tkana RFID oznaka za pranje rublja podr\u017eavala je prilagodbu besplatnog dizajna<br \/>\nPrilagodljivo s kodiranjem, logotipom, 1D\/2D barkodovima prema zahtjevu,<\/div>\n<div>a tako\u0111er dostupno u prilago\u0111enim veli\u010dinama, modelima \u010dipova, bojama itd.<\/div>\n<div>\n<div><\/div>\n<div>\n<div>\n<div>\n<div>\n<div>\n<h2>Jednostavna instalacija i kori\u0161tenje<\/h2>\n<p>Na\u0161e tkaninske RFID etikete za pranje i njegu dizajnirane su za besprijekornu integraciju u va\u0161u odje\u0107u:<\/p>\n<ol>\n<li translate=\"yes\">Mogu\u0107nost u\u0161ivanja: Tradicionalna metoda pri\u010dvr\u0161\u0107ivanja za trajnost.<\/li>\n<li translate=\"yes\">Nano\u0161enje peglom: Brza i jednostavna ugradnja pomo\u0107u tehnologije prijenosa topline.<\/li>\n<\/ol>\n<p>Obje metode osiguravaju da RFID oznaka ostane sigurno pri\u010dvr\u0161\u0107ena tijekom cijelog \u017eivotnog ciklusa odje\u0107e.<\/p>\n<h3>Evo nekoliko primjera kako su vrhunski brendovi odje\u0107e uspje\u0161no implementirali RFID oznaku za pranje i njegu od tkanine:<\/h3>\n<ol>\n<li>\n<div>Prada: Ovaj poznati talijanski luksuzni brend usvojio je RFID oznake za pranje i njegu 2001. godine, omogu\u0107uju\u0107i detaljno bilje\u017eenje informacija poput stila, veli\u010dine, boje i cijene. Zanimljivo je da kada potro\u0161a\u010di koji nose Pradinu odje\u0107u prolaze kroz njihove trgovine, odgovaraju\u0107e odjevne kombinacije prikazuju se na modelima u trgovini, opona\u0161aju\u0107i modnu pistu visoke mode u Milanu. Ova inovativna upotreba RFID tehnologije pove\u0107ava zadovoljstvo Pradinih potro\u0161a\u010da nakon kupnje.<\/div>\n<\/li>\n<li>\n<div>H&amp;M: Ovaj me\u0111unarodni brend po\u010deo je koristiti RFID tehnologiju 2014. godine. U planiranih 1800 trgovina, RFID tehnologija omogu\u0107uje automatsko pra\u0107enje kategorija proizvoda, koli\u010dina i potro\u0161nje.<\/div>\n<\/li>\n<li>\n<div>ZARA: U prvoj polovici 2016. godine, mati\u010dna tvrtka ZARA-e, Inditex, izjavila je da je primjena RFID tehnologije pobolj\u0161ala upravljanje zalihama i opskrbom za oko 701 TP3T njezinih robnih marki. Ova implementacija rezultirala je pove\u0107anjem prodaje od 11,11 TP3T i pove\u0107anjem dobiti od 7,51 TP3T, \u0161to je iznosilo 1,26 milijardi eura.<\/div>\n<\/li>\n<li>\n<div>Uniqlo: Godine 2017. Uniqlo je najavio svoj plan za postavljanje RFID UHF oznaka u 3000 trgovina diljem svijeta, \u010dime je postao prvi japanski trgovac koji koristi elektroni\u010dke oznake diljem svijeta.<\/div>\n<\/li>\n<\/ol>\n<div>Ovo su samo neki uvidi u to kako vode\u0107i brendovi odje\u0107e koriste RFID oznake. Od 2019. godine, gotovo svaki svjetski brend primijenio je RFID oznake na svoju odje\u0107u, \u0161to je rezultiralo s vi\u0161e od 20 milijardi ozna\u010denih odjevnih predmeta \u2013 broj koji i dalje znatno raste. Ostali zna\u010dajni brendovi koji su usvojili ovu tehnologiju uklju\u010duju NIKE i Walmart.<\/div>\n<\/div>\n<\/div>\n<\/div>\n<\/div>\n<\/div>\n<\/div>\n<\/div>\n<\/div>","protected":false},"excerpt":{"rendered":"<div class=\"elementor-element elementor-element-4f79c63 e-flex e-con-boxed e-con e-parent e-lazyloaded\" data-id=\"4f79c63\" data-element_type=\"container\" data-settings=\"{&quot;_ha_eqh_enable&quot;:false}\">\n<div class=\"e-con-inner\">\n<div class=\"elementor-element elementor-element-be3873c elementor-widget elementor-widget-woocommerce-product-short-description\" data-id=\"be3873c\" data-element_type=\"widget\" data-widget_type=\"woocommerce-product-short-description.default\">\n<div class=\"elementor-widget-container\">\n<div class=\"woocommerce-product-details__short-description\">\n<p>Izdr\u017eljiv <strong>najlonska tkana RFID oznaka za pranje i njegu<\/strong> s UHF \u010dipom, mogu\u0107nost ponovnog pisanja 100 000 puta, dugotrajan, prilagodljiv dizajn, idealan za tekstil i odje\u0107u.<\/p>\n<\/div>\n<\/div>\n<\/div>\n<\/div>\n<\/div>\n<div class=\"elementor-element elementor-element-3ad806e e-flex e-con-boxed e-con e-parent e-lazyloaded\" data-id=\"3ad806e\" data-element_type=\"container\" data-settings=\"{&quot;_ha_eqh_enable&quot;:false}\">\n<div class=\"e-con-inner\">\n<div class=\"elementor-element elementor-element-362020f elementor-widget elementor-widget-woocommerce-product-data-tabs\" data-id=\"362020f\" data-element_type=\"widget\" data-widget_type=\"woocommerce-product-data-tabs.default\">\n<div class=\"elementor-widget-container\">\n<div class=\"woocommerce-tabs wc-tabs-wrapper\"><\/div>\n<\/div>\n<\/div>\n<\/div>\n<\/div>","protected":false},"featured_media":3187,"template":"","meta":{"_kad_post_transparent":"default","_kad_post_title":"","_kad_post_layout":"default","_kad_post_sidebar_id":"","_kad_post_content_style":"default","_kad_post_vertical_padding":"default","_kad_post_feature":"","_kad_post_feature_position":"","_kad_post_header":false,"_kad_post_footer":false,"_kad_post_classname":""},"product_brand":[],"product_cat":[81],"product_tag":[386,285,387],"class_list":{"0":"post-3186","1":"product","2":"type-product","3":"status-publish","4":"has-post-thumbnail","6":"product_cat-rfid-wash-care-clothing-label","7":"product_tag-fabric-woven-rfid-wash-care-tag","8":"product_tag-rfid-tag","9":"product_tag-rfid-wash-care-tag","11":"first","12":"instock","13":"shipping-taxable","14":"product-type-simple","15":"entry","16":"content-bg","17":"loop-entry"},"_links":{"self":[{"href":"https:\/\/rfid-laundry-tag.com\/hr\/wp-json\/wp\/v2\/product\/3186","targetHints":{"allow":["GET"]}}],"collection":[{"href":"https:\/\/rfid-laundry-tag.com\/hr\/wp-json\/wp\/v2\/product"}],"about":[{"href":"https:\/\/rfid-laundry-tag.com\/hr\/wp-json\/wp\/v2\/types\/product"}],"version-history":[{"count":1,"href":"https:\/\/rfid-laundry-tag.com\/hr\/wp-json\/wp\/v2\/product\/3186\/revisions"}],"predecessor-version":[{"id":3190,"href":"https:\/\/rfid-laundry-tag.com\/hr\/wp-json\/wp\/v2\/product\/3186\/revisions\/3190"}],"wp:featuredmedia":[{"embeddable":true,"href":"https:\/\/rfid-laundry-tag.com\/hr\/wp-json\/wp\/v2\/media\/3187"}],"wp:attachment":[{"href":"https:\/\/rfid-laundry-tag.com\/hr\/wp-json\/wp\/v2\/media?parent=3186"}],"wp:term":[{"taxonomy":"product_brand","embeddable":true,"href":"https:\/\/rfid-laundry-tag.com\/hr\/wp-json\/wp\/v2\/product_brand?post=3186"},{"taxonomy":"product_cat","embeddable":true,"href":"https:\/\/rfid-laundry-tag.com\/hr\/wp-json\/wp\/v2\/product_cat?post=3186"},{"taxonomy":"product_tag","embeddable":true,"href":"https:\/\/rfid-laundry-tag.com\/hr\/wp-json\/wp\/v2\/product_tag?post=3186"}],"curies":[{"name":"radni list","href":"https:\/\/api.w.org\/{rel}","templated":true}]}}