{"id":3180,"date":"2026-01-09T13:29:20","date_gmt":"2026-01-09T13:29:20","guid":{"rendered":"https:\/\/rfid-laundry-tag.com\/?post_type=product&#038;p=3180"},"modified":"2026-01-09T13:29:20","modified_gmt":"2026-01-09T13:29:20","slug":"rfid-garment-tag-for-apparel-and-fashion","status":"publish","type":"product","link":"https:\/\/rfid-laundry-tag.com\/hr\/rfid-garment-tag-for-apparel-and-fashion\/","title":{"rendered":"RFID oznaka za odje\u0107u i modu"},"content":{"rendered":"<h2 class=\"ng-star-inserted\"><strong class=\"ng-star-inserted\"><span class=\"ng-star-inserted\">RFID oznaka za odje\u0107u i modu<\/span><\/strong><\/h2>\n<h2 class=\"ng-star-inserted\"><strong class=\"ng-star-inserted\"><span class=\"ng-star-inserted\">Uspon RFID-a u odje\u0107i i modi<\/span><\/strong><\/h2>\n<p class=\"ng-star-inserted\"><span class=\"ng-star-inserted\">The\u00a0<\/span><strong class=\"ng-star-inserted\"><span class=\"ng-star-inserted\">odje\u0107a<\/span><\/strong><span class=\"ng-star-inserted\">\u00a0i modna industrija brzo prihva\u0107a\u00a0<\/span><strong class=\"ng-star-inserted\"><span class=\"ng-star-inserted\">RFID<\/span><\/strong><span class=\"ng-star-inserted\">\u00a0(<\/span><strong class=\"ng-star-inserted\"><span class=\"ng-star-inserted\">radiofrekvencija<\/span><\/strong><span class=\"ng-star-inserted\">\u00a0identifikacija)\u00a0<\/span><strong class=\"ng-star-inserted\"><span class=\"ng-star-inserted\">tehnologija<\/span><\/strong><span class=\"ng-star-inserted\">\u00a0kako bi se optimiziralo poslovanje i pobolj\u0161alo korisni\u010dko iskustvo.\u00a0<\/span><strong class=\"ng-star-inserted\"><span class=\"ng-star-inserted\">RFID<\/span><\/strong><span class=\"ng-star-inserted\">\u00a0<\/span><strong class=\"ng-star-inserted\"><span class=\"ng-star-inserted\">odjevni predmet<\/span><\/strong><span class=\"ng-star-inserted\">\u00a0<\/span><strong class=\"ng-star-inserted\"><span class=\"ng-star-inserted\">oznake<\/span><\/strong><span class=\"ng-star-inserted\">\u00a0nude mo\u0107an na\u010din pra\u0107enja artikala tijekom cijelog njihovog \u017eivotnog ciklusa, od proizvodnje do prodajnog mjesta i dalje.\u00a0<\/span><strong class=\"ng-star-inserted\"><span class=\"ng-star-inserted\">RFID<\/span><\/strong><span class=\"ng-star-inserted\">\u00a0omogu\u0107uje\u00a0<\/span><strong class=\"ng-star-inserted\"><span class=\"ng-star-inserted\">novi<\/span><\/strong><span class=\"ng-star-inserted\">\u00a0era u\u010dinkovitosti, vidljivosti i dono\u0161enja odluka temeljenih na podacima.<\/span><\/p>\n<p class=\"ng-star-inserted\"><span class=\"ng-star-inserted\">Za razliku od tradicionalnih\u00a0<\/span><strong class=\"ng-star-inserted\"><span class=\"ng-star-inserted\">barkod<\/span><\/strong><span class=\"ng-star-inserted\">s,\u00a0<\/span><strong class=\"ng-star-inserted\"><span class=\"ng-star-inserted\">RFID<\/span><\/strong><span class=\"ng-star-inserted\">\u00a0<\/span><strong class=\"ng-star-inserted\"><span class=\"ng-star-inserted\">ozna\u010diti<\/span><\/strong><span class=\"ng-star-inserted\">Ne zahtijevaju skeniranje u liniji vidljivosti. To omogu\u0107uje br\u017ee i u\u010dinkovitije prikupljanje podataka, \u010dak i u zahtjevnim okru\u017eenjima poput prepunih skladi\u0161ta ili prometnih maloprodajnih trgovina. Mogu\u0107nost \u010ditanja vi\u0161e\u00a0<\/span><strong class=\"ng-star-inserted\"><span class=\"ng-star-inserted\">oznake<\/span><\/strong><span class=\"ng-star-inserted\">\u00a0istovremeno je klju\u010dna prednost\u00a0<\/span><strong class=\"ng-star-inserted\"><span class=\"ng-star-inserted\">RFID<\/span><\/strong><span class=\"ng-star-inserted\">, zna\u010dajno ubrzavaju\u0107i procese poput popisa zaliha i\u00a0<\/span><strong class=\"ng-star-inserted\"><span class=\"ng-star-inserted\">blagajna<\/span><\/strong><span class=\"ng-star-inserted\">. Mo\u017ee identificirati objekte koji se brzo kre\u0107u putem vi\u0161e elektroni\u010dkih ure\u0111aja.\u00a0<\/span><strong class=\"ng-star-inserted\"><span class=\"ng-star-inserted\">oznake<\/span><\/strong><span class=\"ng-star-inserted\">\u00a0istovremeno\u00a0<\/span><strong class=\"ng-star-inserted\"><span class=\"ng-star-inserted\">vrijeme<\/span><\/strong><span class=\"ng-star-inserted\">\u00a0kroz\u00a0<\/span><strong class=\"ng-star-inserted\"><span class=\"ng-star-inserted\">RFID<\/span><\/strong><span class=\"ng-star-inserted\">\u00a0<\/span><strong class=\"ng-star-inserted\"><span class=\"ng-star-inserted\">tehnologija<\/span><\/strong><span class=\"ng-star-inserted\">.<\/span><\/p>\n<h2 class=\"ng-star-inserted\"><strong class=\"ng-star-inserted\"><span class=\"ng-star-inserted\">RFID vise\u0107e oznake: Revolucioniranje maloprodaje<\/span><\/strong><\/h2>\n<p class=\"ng-star-inserted\"><strong class=\"ng-star-inserted\"><span class=\"ng-star-inserted\">RFID vise\u0107e oznake<\/span><\/strong><span class=\"ng-star-inserted\">\u00a0transformiraju maloprodajni krajolik pru\u017eaju\u0107i neusporedivu vidljivost zaliha i pobolj\u0161avaju\u0107i sigurnost.\u00a0<\/span><strong class=\"ng-star-inserted\"><span class=\"ng-star-inserted\">oznake<\/span><\/strong><span class=\"ng-star-inserted\">, obi\u010dno pri\u010dvr\u0161\u0107eni na odje\u0107u, kape, torbe i cipele, sadr\u017ee mikro\u010dip koji pohranjuje podatke o proizvodu i jedinstveni identifikator. Ugradnjom\u00a0<\/span><strong class=\"ng-star-inserted\"><span class=\"ng-star-inserted\">RFID<\/span><\/strong><span class=\"ng-star-inserted\">\u00a0<\/span><strong class=\"ng-star-inserted\"><span class=\"ng-star-inserted\">tehnologija<\/span><\/strong><span class=\"ng-star-inserted\">\u00a0u\u00a0<\/span><strong class=\"ng-star-inserted\"><span class=\"ng-star-inserted\">objesiti<\/span><\/strong><span class=\"ng-star-inserted\">\u00a0<\/span><strong class=\"ng-star-inserted\"><span class=\"ng-star-inserted\">ozna\u010diti<\/span><\/strong><span class=\"ng-star-inserted\">s, ovaj se problem mo\u017ee u\u010dinkovito rije\u0161iti.<\/span><\/p>\n<p class=\"ng-star-inserted\"><strong class=\"ng-star-inserted\"><span class=\"ng-star-inserted\">RFID vise\u0107e oznake<\/span><\/strong><span class=\"ng-star-inserted\">\u00a0nude brojne pogodnosti, uklju\u010duju\u0107i:<\/span><\/p>\n<ul class=\"ng-star-inserted\">\n<li class=\"ng-star-inserted\">\n<p class=\"ng-star-inserted\"><strong class=\"ng-star-inserted\"><span class=\"ng-star-inserted\">Pobolj\u0161ana to\u010dnost inventara:<\/span><\/strong><span class=\"ng-star-inserted\">\u00a0<\/span><strong class=\"ng-star-inserted\"><span class=\"ng-star-inserted\">U stvarnom vremenu<\/span><\/strong><span class=\"ng-star-inserted\">\u00a0pra\u0107enje stanja zaliha, smanjenje nesta\u0161ica i vi\u0161ka zaliha.<\/span><\/p>\n<\/li>\n<li class=\"ng-star-inserted\">\n<p class=\"ng-star-inserted\"><strong class=\"ng-star-inserted\"><span class=\"ng-star-inserted\">Prevencija gubitka:<\/span><\/strong><span class=\"ng-star-inserted\">\u00a0<\/span><strong class=\"ng-star-inserted\"><span class=\"ng-star-inserted\">RFID<\/span><\/strong><span class=\"ng-star-inserted\">\u00a0<\/span><strong class=\"ng-star-inserted\"><span class=\"ng-star-inserted\">ozna\u010diti<\/span><\/strong><span class=\"ng-star-inserted\">Mogu se koristiti kao dio elektroni\u010dkog sustava za nadzor predmeta (EAS) za sprje\u010davanje kra\u0111e. Tako\u0111er mogu pomo\u0107i u sprje\u010davanju krivotvorenja.\u00a0<\/span><strong class=\"ng-star-inserted\"><span class=\"ng-star-inserted\">odjevni predmet<\/span><\/strong><span class=\"ng-star-inserted\">s.<\/span><\/p>\n<\/li>\n<li class=\"ng-star-inserted\">\n<p class=\"ng-star-inserted\"><strong class=\"ng-star-inserted\"><span class=\"ng-star-inserted\">Autentifikacija robne marke:<\/span><\/strong><span class=\"ng-star-inserted\">\u00a0<\/span><strong class=\"ng-star-inserted\"><span class=\"ng-star-inserted\">RFID<\/span><\/strong><span class=\"ng-star-inserted\">\u00a0poma\u017ee u provjeri autenti\u010dnosti proizvoda, \u0161tite\u0107i va\u0161 brend i va\u0161e kupce.<\/span><\/p>\n<\/li>\n<li class=\"ng-star-inserted\">\n<p class=\"ng-star-inserted\"><strong class=\"ng-star-inserted\"><span class=\"ng-star-inserted\">Pobolj\u0161ano korisni\u010dko iskustvo:<\/span><\/strong><span class=\"ng-star-inserted\">\u00a0Br\u017ee\u00a0<\/span><strong class=\"ng-star-inserted\"><span class=\"ng-star-inserted\">blagajna<\/span><\/strong><span class=\"ng-star-inserted\">\u00a0procese i personalizirane preporuke putem pametnih polica i kabina za presvla\u010denje.<\/span><\/p>\n<\/li>\n<\/ul>\n<p class=\"ng-star-inserted\">\n<h2 class=\"ng-star-inserted\"><strong class=\"ng-star-inserted\"><span class=\"ng-star-inserted\">Tehni\u010dki\u00a0<\/span><\/strong><\/h2>\n<div class=\"table-container ng-star-inserted\">\n<table>\n<tbody>\n<tr class=\"table-header ng-star-inserted\">\n<td class=\"ng-star-inserted\"><span class=\"ng-star-inserted\">Zna\u010dajka<\/span><\/td>\n<td class=\"ng-star-inserted\"><span class=\"ng-star-inserted\">Specifikacija<\/span><\/td>\n<\/tr>\n<tr class=\"ng-star-inserted\">\n<td class=\"ng-star-inserted\"><strong class=\"ng-star-inserted\"><span class=\"ng-star-inserted\">Frekvencija<\/span><\/strong><\/td>\n<td class=\"ng-star-inserted\"><strong class=\"ng-star-inserted\"><span class=\"ng-star-inserted\">UHF RFID<\/span><\/strong><span class=\"ng-star-inserted\">\u00a0(860-960 MHz),\u00a0<\/span><strong class=\"ng-star-inserted\"><span class=\"ng-star-inserted\">RAIN RFID<\/span><\/strong><\/td>\n<\/tr>\n<tr class=\"ng-star-inserted\">\n<td class=\"ng-star-inserted\"><strong class=\"ng-star-inserted\"><span class=\"ng-star-inserted\">Protokol<\/span><\/strong><\/td>\n<td class=\"ng-star-inserted\"><strong class=\"ng-star-inserted\"><span class=\"ng-star-inserted\">ISO 18000-6C<\/span><\/strong><span class=\"ng-star-inserted\">\u00a0(<\/span><strong class=\"ng-star-inserted\"><span class=\"ng-star-inserted\">EPC Klasa 1 Gen2<\/span><\/strong><span class=\"ng-star-inserted\">)<\/span><\/td>\n<\/tr>\n<tr class=\"ng-star-inserted\">\n<td class=\"ng-star-inserted\"><strong class=\"ng-star-inserted\"><span class=\"ng-star-inserted\">Vrsta \u010dipa<\/span><\/strong><\/td>\n<td class=\"ng-star-inserted\"><span class=\"ng-star-inserted\">Impinj Monza, NXP UCODE, Alien Higgs<\/span><\/td>\n<\/tr>\n<tr class=\"ng-star-inserted\">\n<td class=\"ng-star-inserted\"><strong class=\"ng-star-inserted\"><span class=\"ng-star-inserted\">Memorija<\/span><\/strong><\/td>\n<td class=\"ng-star-inserted\"><strong class=\"ng-star-inserted\"><span class=\"ng-star-inserted\">EPC<\/span><\/strong><span class=\"ng-star-inserted\">\u00a096-bitni,\u00a0<\/span><strong class=\"ng-star-inserted\"><span class=\"ng-star-inserted\">pohrana podataka<\/span><\/strong><span class=\"ng-star-inserted\">\u00a0Korisni\u010dka memorija 512-bitna (razlikuje se ovisno o \u010dipu)<\/span><\/td>\n<\/tr>\n<tr class=\"ng-star-inserted\">\n<td class=\"ng-star-inserted\"><strong class=\"ng-star-inserted\"><span class=\"ng-star-inserted\">Raspon \u010ditanja<\/span><\/strong><\/td>\n<td class=\"ng-star-inserted\"><span class=\"ng-star-inserted\">Do 10 metara (razlikuje se ovisno o \u010dita\u010du i okru\u017eenju)<\/span><\/td>\n<\/tr>\n<tr class=\"ng-star-inserted\">\n<td class=\"ng-star-inserted\"><strong class=\"ng-star-inserted\"><span class=\"ng-star-inserted\">Zadr\u017eavanje podataka<\/span><\/strong><\/td>\n<td class=\"ng-star-inserted\"><span class=\"ng-star-inserted\">10 godina<\/span><\/td>\n<\/tr>\n<tr class=\"ng-star-inserted\">\n<td class=\"ng-star-inserted\"><strong class=\"ng-star-inserted\"><span class=\"ng-star-inserted\">Napi\u0161i Izdr\u017eljivost<\/span><\/strong><\/td>\n<td class=\"ng-star-inserted\"><span class=\"ng-star-inserted\">100 000 ciklusa<\/span><\/td>\n<\/tr>\n<tr class=\"ng-star-inserted\">\n<td class=\"ng-star-inserted\"><strong class=\"ng-star-inserted\"><span class=\"ng-star-inserted\">Radna temp<\/span><\/strong><\/td>\n<td class=\"ng-star-inserted\"><span class=\"ng-star-inserted\">-40\u00b0C do +85\u00b0C (razlikuje se ovisno o\u00a0<\/span><strong class=\"ng-star-inserted\"><span class=\"ng-star-inserted\">ozna\u010diti<\/span><\/strong><span class=\"ng-star-inserted\">\u00a0tip)<\/span><\/td>\n<\/tr>\n<tr class=\"ng-star-inserted\">\n<td class=\"ng-star-inserted\"><strong class=\"ng-star-inserted\"><span class=\"ng-star-inserted\">Materijal<\/span><\/strong><\/td>\n<td class=\"ng-star-inserted\"><span class=\"ng-star-inserted\">Papir, saten, najlon itd.<\/span><\/td>\n<\/tr>\n<tr class=\"ng-star-inserted\">\n<td class=\"ng-star-inserted\"><strong class=\"ng-star-inserted\"><span class=\"ng-star-inserted\">Prilog<\/span><\/strong><\/td>\n<td class=\"ng-star-inserted\"><strong class=\"ng-star-inserted\"><span class=\"ng-star-inserted\">Ljepilo<\/span><\/strong><span class=\"ng-star-inserted\">, Toplinsko brtvljenje, U\u0161ivanje,\u00a0<\/span><strong class=\"ng-star-inserted\"><span class=\"ng-star-inserted\">Objesite oznaku<\/span><\/strong><\/td>\n<\/tr>\n<tr class=\"ng-star-inserted\">\n<td class=\"ng-star-inserted\"><strong class=\"ng-star-inserted\"><span class=\"ng-star-inserted\">Prilagodba<\/span><\/strong><\/td>\n<td class=\"ng-star-inserted\"><span class=\"ng-star-inserted\">Ispis, kodiranje,\u00a0<\/span><strong class=\"ng-star-inserted\"><span class=\"ng-star-inserted\">Barkod<\/span><\/strong><span class=\"ng-star-inserted\">, Logotip<\/span><\/td>\n<\/tr>\n<tr class=\"ng-star-inserted\">\n<td class=\"ng-star-inserted\"><strong class=\"ng-star-inserted\"><span class=\"ng-star-inserted\">Faktor oblika<\/span><\/strong><\/td>\n<td class=\"ng-star-inserted\"><strong class=\"ng-star-inserted\"><span class=\"ng-star-inserted\">Objesite oznaku<\/span><\/strong><span class=\"ng-star-inserted\">,\u00a0<\/span><strong class=\"ng-star-inserted\"><span class=\"ng-star-inserted\">Naljepnica<\/span><\/strong><span class=\"ng-star-inserted\">,\u00a0<\/span><strong class=\"ng-star-inserted\"><span class=\"ng-star-inserted\">Tkana etiketa<\/span><\/strong><span class=\"ng-star-inserted\">,\u00a0<\/span><strong class=\"ng-star-inserted\"><span class=\"ng-star-inserted\">Intarzija<\/span><\/strong><\/td>\n<\/tr>\n<tr class=\"ng-star-inserted\">\n<td class=\"ng-star-inserted\"><strong class=\"ng-star-inserted\"><span class=\"ng-star-inserted\">Okoli\u0161<\/span><\/strong><\/td>\n<td class=\"ng-star-inserted\"><span class=\"ng-star-inserted\">100% ekolo\u0161ki prihvatljiva antena na bazi papira\u00a0<\/span><strong class=\"ng-star-inserted\"><span class=\"ng-star-inserted\">opcija<\/span><\/strong><span class=\"ng-star-inserted\">\u00a0dostupno<\/span><\/td>\n<\/tr>\n<\/tbody>\n<\/table>\n<p>&nbsp;<\/p>\n<\/div>\n<p class=\"ng-star-inserted\"><strong class=\"ng-star-inserted\"><span class=\"ng-star-inserted\">RFID oznaka za odje\u0107u<\/span><\/strong><span class=\"ng-star-inserted\">\u00a0je najistaknutija primjena gdje\u00a0<\/span><strong class=\"ng-star-inserted\"><span class=\"ng-star-inserted\">RFID<\/span><\/strong><span class=\"ng-star-inserted\">\u00a0<\/span><strong class=\"ng-star-inserted\"><span class=\"ng-star-inserted\">tehnologija<\/span><\/strong><span class=\"ng-star-inserted\">\u00a0utje\u010de na industriju odje\u0107e. Kroz\u00a0<\/span><strong class=\"ng-star-inserted\"><span class=\"ng-star-inserted\">radiofrekvencija<\/span><\/strong><span class=\"ng-star-inserted\">\u00a0signali, the\u00a0<\/span><strong class=\"ng-star-inserted\"><span class=\"ng-star-inserted\">RFID<\/span><\/strong><span class=\"ng-star-inserted\">\u00a0<\/span><strong class=\"ng-star-inserted\"><span class=\"ng-star-inserted\">odjevni predmet<\/span><\/strong><span class=\"ng-star-inserted\">\u00a0<\/span><strong class=\"ng-star-inserted\"><span class=\"ng-star-inserted\">ozna\u010diti<\/span><\/strong><span class=\"ng-star-inserted\">\u00a0mo\u017ee automatski identificirati ciljne objekte i dobiti relevantne podatke te identificirati rad bez ru\u010dne intervencije. Mo\u017ee raditi u svim vrstama lo\u0161ih okru\u017eenja. Ovi\u00a0<\/span><strong class=\"ng-star-inserted\"><span class=\"ng-star-inserted\">oznake su dizajnirane<\/span><\/strong><span class=\"ng-star-inserted\">\u00a0zadovoljiti razli\u010dite potrebe.<\/span><\/p>\n<h2 class=\"ng-star-inserted\"><strong class=\"ng-star-inserted\"><span class=\"ng-star-inserted\">Prilagodba i integracija<\/span><\/strong><\/h2>\n<p class=\"ng-star-inserted\"><strong class=\"ng-star-inserted\"><span class=\"ng-star-inserted\">RFID<\/span><\/strong><span class=\"ng-star-inserted\">\u00a0<\/span><strong class=\"ng-star-inserted\"><span class=\"ng-star-inserted\">odjevni predmet<\/span><\/strong><span class=\"ng-star-inserted\">\u00a0<\/span><strong class=\"ng-star-inserted\"><span class=\"ng-star-inserted\">oznake<\/span><\/strong><span class=\"ng-star-inserted\">\u00a0mo\u017ee se prilagoditi specifi\u010dnim potrebama va\u0161eg brenda i poslovanja.\u00a0<\/span><strong class=\"ng-star-inserted\"><span class=\"ng-star-inserted\">Objesite oznaku<\/span><\/strong><span class=\"ng-star-inserted\">Mogu se prilagoditi va\u0161im logotipom, bojama marke i informacijama o proizvodu. Etikete za njegu s\u00a0<\/span><strong class=\"ng-star-inserted\"><span class=\"ng-star-inserted\">RFID<\/span><\/strong><span class=\"ng-star-inserted\">\u00a0<\/span><strong class=\"ng-star-inserted\"><span class=\"ng-star-inserted\">intarzija<\/span><\/strong><span class=\"ng-star-inserted\">mogu se dizajnirati tako da se besprijekorno integriraju s va\u0161im postoje\u0107im\u00a0<\/span><strong class=\"ng-star-inserted\"><span class=\"ng-star-inserted\">odjevni predmet<\/span><\/strong><span class=\"ng-star-inserted\">\u00a0proizvodnih procesa.<\/span><\/p>\n<h2 class=\"ng-star-inserted\"><strong class=\"ng-star-inserted\"><span class=\"ng-star-inserted\">Kontaktirajte nas za implementaciju va\u0161e RFID strategije<\/span><\/strong><\/h2>\n<p class=\"ng-star-inserted\"><span class=\"ng-star-inserted\">Spremni iskoristiti mo\u0107\u00a0<\/span><strong class=\"ng-star-inserted\"><span class=\"ng-star-inserted\">RFID<\/span><\/strong><span class=\"ng-star-inserted\">\u00a0<\/span><strong class=\"ng-star-inserted\"><span class=\"ng-star-inserted\">tehnologija<\/span><\/strong><span class=\"ng-star-inserted\">\u00a0transformirati tvoje\u00a0<\/span><strong class=\"ng-star-inserted\"><span class=\"ng-star-inserted\">odje\u0107a<\/span><\/strong><span class=\"ng-star-inserted\">\u00a0posao?\u00a0<\/span><strong class=\"ng-star-inserted\"><span class=\"ng-star-inserted\">Kontaktirajte nas<\/span><\/strong><span class=\"ng-star-inserted\">\u00a0danas kako bismo razgovarali o va\u0161im specifi\u010dnim potrebama i saznali vi\u0161e o na\u0161em sveobuhvatnom\u00a0<\/span><strong class=\"ng-star-inserted\"><span class=\"ng-star-inserted\">RFID<\/span><\/strong><span class=\"ng-star-inserted\">\u00a0rje\u0161enja, uklju\u010duju\u0107i\u00a0<\/span><strong class=\"ng-star-inserted\"><span class=\"ng-star-inserted\">RFID<\/span><\/strong><span class=\"ng-star-inserted\">\u00a0<\/span><strong class=\"ng-star-inserted\"><span class=\"ng-star-inserted\">odjevni predmet<\/span><\/strong><span class=\"ng-star-inserted\">\u00a0<\/span><strong class=\"ng-star-inserted\"><span class=\"ng-star-inserted\">oznake<\/span><\/strong><span class=\"ng-star-inserted\">,\u00a0<\/span><strong class=\"ng-star-inserted\"><span class=\"ng-star-inserted\">RFID<\/span><\/strong><span class=\"ng-star-inserted\">\u00a0\u010dita\u010de i softver.<\/span><\/p>","protected":false},"excerpt":{"rendered":"<p><span class=\"ng-star-inserted\">Nudimo\u00a0<\/span><strong class=\"ng-star-inserted\"><span class=\"ng-star-inserted\">besplatni uzorci<\/span><\/strong><span class=\"ng-star-inserted\"> od\u00a0 <\/span><strong class=\"ng-star-inserted\"><span class=\"ng-star-inserted\">RFID odje\u0107a<\/span><\/strong><span class=\"ng-star-inserted\">\u00a0<\/span><strong class=\"ng-star-inserted\"><span class=\"ng-star-inserted\">oznake<\/span><\/strong><span class=\"ng-star-inserted\">\u00a0kako biste mogli procijeniti njihove performanse u vlastitom okru\u017eenju. Na\u0161a proizvodna tvornica opremljena je\u00a0<\/span><strong class=\"ng-star-inserted\"><span class=\"ng-star-inserted\">najnoviji<\/span><\/strong><span class=\"ng-star-inserted\">\u00a0<\/span><strong class=\"ng-star-inserted\"><span class=\"ng-star-inserted\">tehnologija<\/span><\/strong><span class=\"ng-star-inserted\">\u00a0osigurati\u00a0<\/span><strong class=\"ng-star-inserted\"><span class=\"ng-star-inserted\">visokokvalitetan<\/span><\/strong><span class=\"ng-star-inserted\">\u00a0<\/span><strong class=\"ng-star-inserted\"><span class=\"ng-star-inserted\">ozna\u010diti<\/span><\/strong><span class=\"ng-star-inserted\">po konkurentnim cijenama.<\/span><\/p>","protected":false},"featured_media":3181,"template":"","meta":{"_kad_post_transparent":"default","_kad_post_title":"","_kad_post_layout":"default","_kad_post_sidebar_id":"","_kad_post_content_style":"default","_kad_post_vertical_padding":"default","_kad_post_feature":"","_kad_post_feature_position":"","_kad_post_header":false,"_kad_post_footer":false,"_kad_post_classname":""},"product_brand":[],"product_cat":[53],"product_tag":[385,383,384],"class_list":{"0":"post-3180","1":"product","2":"type-product","3":"status-publish","4":"has-post-thumbnail","6":"product_cat-rfid-clothes-tag","7":"product_tag-rfid-garment-paper-tag","8":"product_tag-rfid-garment-tag","9":"product_tag-rfid-hang-tag","11":"first","12":"instock","13":"shipping-taxable","14":"product-type-simple","15":"entry","16":"content-bg","17":"loop-entry"},"_links":{"self":[{"href":"https:\/\/rfid-laundry-tag.com\/hr\/wp-json\/wp\/v2\/product\/3180","targetHints":{"allow":["GET"]}}],"collection":[{"href":"https:\/\/rfid-laundry-tag.com\/hr\/wp-json\/wp\/v2\/product"}],"about":[{"href":"https:\/\/rfid-laundry-tag.com\/hr\/wp-json\/wp\/v2\/types\/product"}],"version-history":[{"count":1,"href":"https:\/\/rfid-laundry-tag.com\/hr\/wp-json\/wp\/v2\/product\/3180\/revisions"}],"predecessor-version":[{"id":3185,"href":"https:\/\/rfid-laundry-tag.com\/hr\/wp-json\/wp\/v2\/product\/3180\/revisions\/3185"}],"wp:featuredmedia":[{"embeddable":true,"href":"https:\/\/rfid-laundry-tag.com\/hr\/wp-json\/wp\/v2\/media\/3181"}],"wp:attachment":[{"href":"https:\/\/rfid-laundry-tag.com\/hr\/wp-json\/wp\/v2\/media?parent=3180"}],"wp:term":[{"taxonomy":"product_brand","embeddable":true,"href":"https:\/\/rfid-laundry-tag.com\/hr\/wp-json\/wp\/v2\/product_brand?post=3180"},{"taxonomy":"product_cat","embeddable":true,"href":"https:\/\/rfid-laundry-tag.com\/hr\/wp-json\/wp\/v2\/product_cat?post=3180"},{"taxonomy":"product_tag","embeddable":true,"href":"https:\/\/rfid-laundry-tag.com\/hr\/wp-json\/wp\/v2\/product_tag?post=3180"}],"curies":[{"name":"radni list","href":"https:\/\/api.w.org\/{rel}","templated":true}]}}